{"id":14773,"date":"2025-07-07T17:50:47","date_gmt":"2025-07-07T20:50:47","guid":{"rendered":"https:\/\/www.teleclub.com.py\/?post_type=product&#038;p=14773"},"modified":"2025-07-07T17:50:47","modified_gmt":"2025-07-07T20:50:47","slug":"celular-moto-g84-xt2347-2-8-256gb-ds-5g","status":"publish","type":"product","link":"https:\/\/www.teleclub.com.py\/index.php\/product\/celular-moto-g84-xt2347-2-8-256gb-ds-5g\/","title":{"rendered":"CELULAR MOTO G84 XT2347-2 8\/256GB DS 5G"},"content":{"rendered":"<p data-start=\"141\" data-end=\"217\"><span class=\"relative -mx-px my-[-0.2rem] rounded px-px py-[0.2rem] transition-colors duration-100 ease-in-out\">El <strong data-start=\"3\" data-end=\"18\">Moto\u202fG84 5G<\/strong> es un smartphone de gama media lanzado en 2023 que sobresale por su pantalla POLED vibrante, rendimiento s\u00f3lido y gran autonom\u00eda. Con una pantalla de <strong data-start=\"169\" data-end=\"197\">6.5\u2033 FHD+ POLED a 120\u202fHz<\/strong>, ofrece una experiencia visual fluida y colores intensos gracias a su brillo m\u00e1ximo de hasta <strong data-start=\"291\" data-end=\"304\" data-is-last-node=\"\">1300\u202fnits.<\/strong><\/span><\/p>\n<p data-start=\"219\" data-end=\"372\"><span class=\"relative -mx-px my-[-0.2rem] rounded px-px py-[0.2rem] transition-colors duration-100 ease-in-out\">Impulsado por el procesador <strong data-start=\"28\" data-end=\"58\">Qualcomm Snapdragon\u202f695 5G<\/strong> junto a <strong data-start=\"67\" data-end=\"82\">8\u202fGB de RAM<\/strong> y <strong data-start=\"85\" data-end=\"121\">256\u202fGB de almacenamiento UFS 2.2<\/strong>, el tel\u00e9fono garantiza una fluidez notable incluso en gaming ligero<\/span>. <span class=\"relative -mx-px my-[-0.2rem] rounded px-px py-[0.2rem] transition-colors duration-100 ease-in-out\">Su bater\u00eda de <strong data-start=\"14\" data-end=\"26\">5000\u202fmAh<\/strong>, con carga r\u00e1pida de <strong data-start=\"48\" data-end=\"56\">30\u202fW<\/strong>, ofrece hasta <strong data-start=\"71\" data-end=\"99\">48 horas de uso moderado<\/strong>, soportando 12\u202fh de navegaci\u00f3n web continua y m\u00e1s de 12\u202fh de v\u00eddeo streaming<\/span> .<\/p>\n<p data-start=\"374\" data-end=\"531\"><span class=\"relative -mx-px my-[-0.2rem] rounded px-px py-[0.2rem] transition-colors duration-100 ease-in-out\">En fotograf\u00eda, monta una c\u00e1mara principal de <strong data-start=\"45\" data-end=\"62\">50\u202fMP con OIS<\/strong>, acompa\u00f1ada por un sensor <strong data-start=\"89\" data-end=\"119\">ultra\u2011gran angular de 8\u202fMP<\/strong> y un frontal de <strong data-start=\"136\" data-end=\"145\">16\u202fMP<\/strong>, adecuada para fotos diarias aunque sin alcanzar la excelencia<\/span>. <span class=\"relative -mx-px my-[-0.2rem] rounded px-px py-[0.2rem] transition-colors duration-100 ease-in-out\">Su chasis de <strong data-start=\"13\" data-end=\"40\">pl\u00e1stico o cuero vegano<\/strong>, pesa apenas <strong data-start=\"54\" data-end=\"63\">167\u202fg<\/strong>, mide <strong data-start=\"70\" data-end=\"90\">7.6\u202fmm de grosor<\/strong>, y tiene certificaci\u00f3n <strong data-start=\"114\" data-end=\"122\">IP54<\/strong> contra polvo y salpicaduras<\/span>.<\/p>\n<p data-start=\"533\" data-end=\"613\"><span class=\"relative -mx-px my-[-0.2rem] rounded px-px py-[0.2rem] transition-colors duration-100 ease-in-out\">Corre Android 13 con una capa My UX ligera, soporte para gestos y se espera una actualizaci\u00f3n a Android 14, adem\u00e1s de tres a\u00f1os de parches de seguridad.<\/span><\/p>\n","protected":false},"excerpt":{"rendered":"<ul>\n<li data-start=\"951\" data-end=\"1034\">\n<p data-start=\"953\" data-end=\"1034\"><span class=\"relative -mx-px my-[-0.2rem] rounded px-px py-[0.2rem] transition-colors duration-100 ease-in-out\"><strong data-start=\"0\" data-end=\"12\" data-is-only-node=\"\">Pantalla<\/strong>: 6.5\u2033 POLED FHD+ (1080\u00d72400, ~405\u202fppi), 120\u202fHz, 1300 nits pico, 1\u202fb color<\/span><\/p>\n<\/li>\n<li data-start=\"1035\" data-end=\"1118\">\n<p data-start=\"1037\" data-end=\"1118\"><span class=\"relative -mx-px my-[-0.2rem] rounded px-px py-[0.2rem] transition-colors duration-100 ease-in-out\"><strong data-start=\"0\" data-end=\"14\" data-is-only-node=\"\">Procesador<\/strong>: Qualcomm Snapdragon\u202f695 5G (6\u202fnm)<\/span><\/p>\n<\/li>\n<li data-start=\"1119\" data-end=\"1202\">\n<p data-start=\"1121\" data-end=\"1202\"><span class=\"relative -mx-px my-[-0.2rem] rounded px-px py-[0.2rem] transition-colors duration-100 ease-in-out\"><strong data-start=\"0\" data-end=\"7\" data-is-only-node=\"\">RAM<\/strong>: 8\u202fGB LPDDR4X (tambi\u00e9n disponible versi\u00f3n 12\u202fGB)<\/span><\/p>\n<\/li>\n<li data-start=\"1203\" data-end=\"1286\">\n<p data-start=\"1205\" data-end=\"1286\"><span class=\"relative -mx-px my-[-0.2rem] rounded px-px py-[0.2rem] transition-colors duration-100 ease-in-out\"><strong data-start=\"0\" data-end=\"18\" data-is-only-node=\"\">Almacenamiento<\/strong>: 256\u202fGB UFS\u00a02.2, ampliable con microSD (usa bandeja h\u00edbrida)<\/span><\/p>\n<\/li>\n<li data-start=\"1203\" data-end=\"1286\">\n<p data-start=\"1205\" data-end=\"1286\"><span class=\"relative -mx-px my-[-0.2rem] rounded px-px py-[0.2rem] transition-colors duration-100 ease-in-out\"><strong data-start=\"0\" data-end=\"20\" data-is-only-node=\"\">C\u00e1maras traseras<\/strong>: 50\u202fMP (f\/1.9, PDAF, OIS) + 8\u202fMP ultra\u2011gran angular (f\/2.2)<\/span><\/p>\n<\/li>\n<li data-start=\"1371\" data-end=\"1454\">\n<p data-start=\"1373\" data-end=\"1454\"><span class=\"relative -mx-px my-[-0.2rem] rounded px-px py-[0.2rem] transition-colors duration-100 ease-in-out\"><strong data-start=\"0\" data-end=\"18\" data-is-only-node=\"\">C\u00e1mara frontal<\/strong>: 16\u202fMP (f\/2.5)<\/span><\/p>\n<\/li>\n<li data-start=\"1455\" data-end=\"1538\">\n<p data-start=\"1457\" data-end=\"1538\"><span class=\"relative -mx-px my-[-0.2rem] rounded px-px py-[0.2rem] transition-colors duration-100 ease-in-out\"><strong data-start=\"0\" data-end=\"9\" data-is-only-node=\"\">Video<\/strong>: Full HD @30\/60\u202ffps<\/span><\/p>\n<\/li>\n<li data-start=\"1539\" data-end=\"1622\">\n<p data-start=\"1541\" data-end=\"1622\"><span class=\"relative -mx-px my-[-0.2rem] rounded px-px py-[0.2rem] transition-colors duration-100 ease-in-out\"><strong data-start=\"0\" data-end=\"11\" data-is-only-node=\"\">Bater\u00eda<\/strong>: 5000\u202fmAh, carga r\u00e1pida 30\u202fW incluida<\/span><\/p>\n<\/li>\n<li data-start=\"1623\" data-end=\"1706\">\n<p data-start=\"1625\" data-end=\"1706\"><span class=\"relative -mx-px my-[-0.2rem] rounded px-px py-[0.2rem] transition-colors duration-100 ease-in-out\"><strong data-start=\"0\" data-end=\"10\" data-is-only-node=\"\">Sonido<\/strong>: Altavoces est\u00e9reo + jack 3.5\u202fmm<\/span><\/p>\n<\/li>\n<li data-start=\"1707\" data-end=\"1790\">\n<p data-start=\"1709\" data-end=\"1790\"><span class=\"relative -mx-px my-[-0.2rem] rounded px-px py-[0.2rem] transition-colors duration-100 ease-in-out\"><strong data-start=\"0\" data-end=\"16\" data-is-only-node=\"\">Conectividad<\/strong>: 5G sub\u20116, LTE, Wi\u2011Fi 802.11 a\/b\/g\/n\/ac, Bluetooth\u00a05.1, NFC, GPS\/GLONASS\/Galileo<\/span><\/p>\n<\/li>\n<li data-start=\"1791\" data-end=\"1874\">\n<p data-start=\"1793\" data-end=\"1874\"><span class=\"relative -mx-px my-[-0.2rem] rounded px-px py-[0.2rem] transition-colors duration-100 ease-in-out\"><strong data-start=\"0\" data-end=\"13\" data-is-only-node=\"\">Seguridad<\/strong>: Lector de huellas lateral + Face Unlock<\/span><\/p>\n<\/li>\n<li data-start=\"1875\" data-end=\"1958\">\n<p data-start=\"1877\" data-end=\"1958\"><span class=\"relative -mx-px my-[-0.2rem] rounded px-px py-[0.2rem] transition-colors duration-100 ease-in-out\"><strong data-start=\"0\" data-end=\"24\" data-is-only-node=\"\">Dise\u00f1o y resistencia<\/strong>: 160\u00d774.4\u00d77.6\u202fmm \u00b7 167\u202fg; chasis en pl\u00e1stico o eco\u2011cuero; certificaci\u00f3n IP54<\/span><\/p>\n<\/li>\n<li data-start=\"1959\" data-end=\"2042\">\n<p data-start=\"1961\" data-end=\"2042\"><span class=\"relative -mx-px my-[-0.2rem] rounded px-px py-[0.2rem] transition-colors duration-100 ease-in-out\"><strong data-start=\"0\" data-end=\"12\" data-is-only-node=\"\">Software<\/strong>: Android\u00a013, con garant\u00eda de actualizaci\u00f3n a Android\u202f14 y 3 a\u00f1os de parches de seguridad<\/span><\/p>\n<\/li>\n<li data-start=\"2043\" data-end=\"2126\">\n<p data-start=\"2045\" data-end=\"2126\"><span class=\"relative -mx-px my-[-0.2rem] rounded px-px py-[0.2rem] transition-colors duration-100 ease-in-out\"><strong data-start=\"0\" data-end=\"10\" data-is-only-node=\"\">Extras<\/strong>: Gestos Moto UX, radio FM, Gorilla Glass no especificado<\/span><\/p>\n<\/li>\n<\/ul>\n","protected":false},"featured_media":14775,"template":"","meta":{"om_disable_all_campaigns":false},"product_cat":[267,260],"product_tag":[],"class_list":{"0":"post-14773","1":"product","2":"type-product","3":"status-publish","4":"has-post-thumbnail","6":"product_cat-celulares","7":"product_cat-celulares-tablets","9":"first","10":"instock","11":"shipping-taxable","12":"purchasable","13":"product-type-simple"},"yoast_head":"<!-- This site is optimized with the Yoast SEO plugin v23.6 - https:\/\/yoast.com\/wordpress\/plugins\/seo\/ -->\n<title>CELULAR MOTO G84 XT2347-2 8\/256GB DS 5G - Teleclub<\/title>\n<meta name=\"description\" content=\"Moto\u202fG84 XT2347\u20112 Dual SIM 5G: pantalla POLED 6.5\u2033 120\u202fHz, Snapdragon\u202f695, c\u00e1mara 50\u202fMP OIS, bater\u00eda 5000\u202fmAh con carga r\u00e1pida y resistencia IP54.\" \/>\n<meta name=\"robots\" content=\"index, follow, max-snippet:-1, max-image-preview:large, max-video-preview:-1\" \/>\n<link rel=\"canonical\" href=\"https:\/\/www.teleclub.com.py\/index.php\/product\/celular-moto-g84-xt2347-2-8-256gb-ds-5g\/\" \/>\n<meta property=\"og:locale\" content=\"es_ES\" \/>\n<meta property=\"og:type\" content=\"article\" \/>\n<meta property=\"og:title\" content=\"CELULAR MOTO G84 XT2347-2 8\/256GB DS 5G - Teleclub\" \/>\n<meta property=\"og:description\" content=\"Moto\u202fG84 XT2347\u20112 Dual SIM 5G: pantalla POLED 6.5\u2033 120\u202fHz, Snapdragon\u202f695, c\u00e1mara 50\u202fMP OIS, bater\u00eda 5000\u202fmAh con carga r\u00e1pida y resistencia IP54.\" \/>\n<meta property=\"og:url\" content=\"https:\/\/www.teleclub.com.py\/index.php\/product\/celular-moto-g84-xt2347-2-8-256gb-ds-5g\/\" \/>\n<meta property=\"og:site_name\" content=\"Teleclub\" \/>\n<meta property=\"article:publisher\" content=\"https:\/\/www.facebook.com\/teleclubpy\" \/>\n<meta property=\"og:image\" content=\"https:\/\/www.teleclub.com.py\/wp-content\/uploads\/2025\/07\/1749649881_1749649881.webp\" \/>\n\t<meta property=\"og:image:width\" content=\"600\" \/>\n\t<meta property=\"og:image:height\" content=\"600\" \/>\n\t<meta property=\"og:image:type\" content=\"image\/webp\" \/>\n<meta name=\"twitter:card\" content=\"summary_large_image\" \/>\n<meta name=\"twitter:label1\" content=\"Tiempo de lectura\" \/>\n\t<meta name=\"twitter:data1\" content=\"2 minutos\" \/>\n<script type=\"application\/ld+json\" class=\"yoast-schema-graph\">{\"@context\":\"https:\/\/schema.org\",\"@graph\":[{\"@type\":\"WebPage\",\"@id\":\"https:\/\/www.teleclub.com.py\/index.php\/product\/celular-moto-g84-xt2347-2-8-256gb-ds-5g\/\",\"url\":\"https:\/\/www.teleclub.com.py\/index.php\/product\/celular-moto-g84-xt2347-2-8-256gb-ds-5g\/\",\"name\":\"CELULAR MOTO G84 XT2347-2 8\/256GB DS 5G - Teleclub\",\"isPartOf\":{\"@id\":\"https:\/\/www.teleclub.com.py\/#website\"},\"primaryImageOfPage\":{\"@id\":\"https:\/\/www.teleclub.com.py\/index.php\/product\/celular-moto-g84-xt2347-2-8-256gb-ds-5g\/#primaryimage\"},\"image\":{\"@id\":\"https:\/\/www.teleclub.com.py\/index.php\/product\/celular-moto-g84-xt2347-2-8-256gb-ds-5g\/#primaryimage\"},\"thumbnailUrl\":\"https:\/\/www.teleclub.com.py\/wp-content\/uploads\/2025\/07\/1749649881_1749649881.webp\",\"datePublished\":\"2025-07-07T20:50:47+00:00\",\"dateModified\":\"2025-07-07T20:50:47+00:00\",\"description\":\"Moto\u202fG84 XT2347\u20112 Dual SIM 5G: pantalla POLED 6.5\u2033 120\u202fHz, Snapdragon\u202f695, c\u00e1mara 50\u202fMP OIS, bater\u00eda 5000\u202fmAh con carga r\u00e1pida y resistencia IP54.\",\"breadcrumb\":{\"@id\":\"https:\/\/www.teleclub.com.py\/index.php\/product\/celular-moto-g84-xt2347-2-8-256gb-ds-5g\/#breadcrumb\"},\"inLanguage\":\"es\",\"potentialAction\":[{\"@type\":\"ReadAction\",\"target\":[\"https:\/\/www.teleclub.com.py\/index.php\/product\/celular-moto-g84-xt2347-2-8-256gb-ds-5g\/\"]}]},{\"@type\":\"ImageObject\",\"inLanguage\":\"es\",\"@id\":\"https:\/\/www.teleclub.com.py\/index.php\/product\/celular-moto-g84-xt2347-2-8-256gb-ds-5g\/#primaryimage\",\"url\":\"https:\/\/www.teleclub.com.py\/wp-content\/uploads\/2025\/07\/1749649881_1749649881.webp\",\"contentUrl\":\"https:\/\/www.teleclub.com.py\/wp-content\/uploads\/2025\/07\/1749649881_1749649881.webp\",\"width\":600,\"height\":600},{\"@type\":\"BreadcrumbList\",\"@id\":\"https:\/\/www.teleclub.com.py\/index.php\/product\/celular-moto-g84-xt2347-2-8-256gb-ds-5g\/#breadcrumb\",\"itemListElement\":[{\"@type\":\"ListItem\",\"position\":1,\"name\":\"Portada\",\"item\":\"https:\/\/www.teleclub.com.py\/\"},{\"@type\":\"ListItem\",\"position\":2,\"name\":\"Shop\",\"item\":\"https:\/\/www.teleclub.com.py\/index.php\/shop-2\/\"},{\"@type\":\"ListItem\",\"position\":3,\"name\":\"CELULAR MOTO G84 XT2347-2 8\/256GB DS 5G\"}]},{\"@type\":\"WebSite\",\"@id\":\"https:\/\/www.teleclub.com.py\/#website\",\"url\":\"https:\/\/www.teleclub.com.py\/\",\"name\":\"Teleclub\",\"description\":\"Tu tienda online\",\"publisher\":{\"@id\":\"https:\/\/www.teleclub.com.py\/#organization\"},\"potentialAction\":[{\"@type\":\"SearchAction\",\"target\":{\"@type\":\"EntryPoint\",\"urlTemplate\":\"https:\/\/www.teleclub.com.py\/?s={search_term_string}\"},\"query-input\":{\"@type\":\"PropertyValueSpecification\",\"valueRequired\":true,\"valueName\":\"search_term_string\"}}],\"inLanguage\":\"es\"},{\"@type\":\"Organization\",\"@id\":\"https:\/\/www.teleclub.com.py\/#organization\",\"name\":\"Teleclub\",\"url\":\"https:\/\/www.teleclub.com.py\/\",\"logo\":{\"@type\":\"ImageObject\",\"inLanguage\":\"es\",\"@id\":\"https:\/\/www.teleclub.com.py\/#\/schema\/logo\/image\/\",\"url\":\"https:\/\/www.teleclub.com.py\/wp-content\/uploads\/2024\/09\/1611317346760_TeleClub_logo_FondoBlanco-2.jpg\",\"contentUrl\":\"https:\/\/www.teleclub.com.py\/wp-content\/uploads\/2024\/09\/1611317346760_TeleClub_logo_FondoBlanco-2.jpg\",\"width\":1600,\"height\":1600,\"caption\":\"Teleclub\"},\"image\":{\"@id\":\"https:\/\/www.teleclub.com.py\/#\/schema\/logo\/image\/\"},\"sameAs\":[\"https:\/\/www.facebook.com\/teleclubpy\",\"https:\/\/www.instagram.com\/teleclubpy\"]}]}<\/script>\n<!-- \/ Yoast SEO plugin. -->","yoast_head_json":{"title":"CELULAR MOTO G84 XT2347-2 8\/256GB DS 5G - Teleclub","description":"Moto\u202fG84 XT2347\u20112 Dual SIM 5G: pantalla POLED 6.5\u2033 120\u202fHz, Snapdragon\u202f695, c\u00e1mara 50\u202fMP OIS, bater\u00eda 5000\u202fmAh con carga r\u00e1pida y resistencia IP54.","robots":{"index":"index","follow":"follow","max-snippet":"max-snippet:-1","max-image-preview":"max-image-preview:large","max-video-preview":"max-video-preview:-1"},"canonical":"https:\/\/www.teleclub.com.py\/index.php\/product\/celular-moto-g84-xt2347-2-8-256gb-ds-5g\/","og_locale":"es_ES","og_type":"article","og_title":"CELULAR MOTO G84 XT2347-2 8\/256GB DS 5G - Teleclub","og_description":"Moto\u202fG84 XT2347\u20112 Dual SIM 5G: pantalla POLED 6.5\u2033 120\u202fHz, Snapdragon\u202f695, c\u00e1mara 50\u202fMP OIS, bater\u00eda 5000\u202fmAh con carga r\u00e1pida y resistencia IP54.","og_url":"https:\/\/www.teleclub.com.py\/index.php\/product\/celular-moto-g84-xt2347-2-8-256gb-ds-5g\/","og_site_name":"Teleclub","article_publisher":"https:\/\/www.facebook.com\/teleclubpy","og_image":[{"width":600,"height":600,"url":"https:\/\/www.teleclub.com.py\/wp-content\/uploads\/2025\/07\/1749649881_1749649881.webp","type":"image\/webp"}],"twitter_card":"summary_large_image","twitter_misc":{"Tiempo de lectura":"2 minutos"},"schema":{"@context":"https:\/\/schema.org","@graph":[{"@type":"WebPage","@id":"https:\/\/www.teleclub.com.py\/index.php\/product\/celular-moto-g84-xt2347-2-8-256gb-ds-5g\/","url":"https:\/\/www.teleclub.com.py\/index.php\/product\/celular-moto-g84-xt2347-2-8-256gb-ds-5g\/","name":"CELULAR MOTO G84 XT2347-2 8\/256GB DS 5G - Teleclub","isPartOf":{"@id":"https:\/\/www.teleclub.com.py\/#website"},"primaryImageOfPage":{"@id":"https:\/\/www.teleclub.com.py\/index.php\/product\/celular-moto-g84-xt2347-2-8-256gb-ds-5g\/#primaryimage"},"image":{"@id":"https:\/\/www.teleclub.com.py\/index.php\/product\/celular-moto-g84-xt2347-2-8-256gb-ds-5g\/#primaryimage"},"thumbnailUrl":"https:\/\/www.teleclub.com.py\/wp-content\/uploads\/2025\/07\/1749649881_1749649881.webp","datePublished":"2025-07-07T20:50:47+00:00","dateModified":"2025-07-07T20:50:47+00:00","description":"Moto\u202fG84 XT2347\u20112 Dual SIM 5G: pantalla POLED 6.5\u2033 120\u202fHz, Snapdragon\u202f695, c\u00e1mara 50\u202fMP OIS, bater\u00eda 5000\u202fmAh con carga r\u00e1pida y resistencia IP54.","breadcrumb":{"@id":"https:\/\/www.teleclub.com.py\/index.php\/product\/celular-moto-g84-xt2347-2-8-256gb-ds-5g\/#breadcrumb"},"inLanguage":"es","potentialAction":[{"@type":"ReadAction","target":["https:\/\/www.teleclub.com.py\/index.php\/product\/celular-moto-g84-xt2347-2-8-256gb-ds-5g\/"]}]},{"@type":"ImageObject","inLanguage":"es","@id":"https:\/\/www.teleclub.com.py\/index.php\/product\/celular-moto-g84-xt2347-2-8-256gb-ds-5g\/#primaryimage","url":"https:\/\/www.teleclub.com.py\/wp-content\/uploads\/2025\/07\/1749649881_1749649881.webp","contentUrl":"https:\/\/www.teleclub.com.py\/wp-content\/uploads\/2025\/07\/1749649881_1749649881.webp","width":600,"height":600},{"@type":"BreadcrumbList","@id":"https:\/\/www.teleclub.com.py\/index.php\/product\/celular-moto-g84-xt2347-2-8-256gb-ds-5g\/#breadcrumb","itemListElement":[{"@type":"ListItem","position":1,"name":"Portada","item":"https:\/\/www.teleclub.com.py\/"},{"@type":"ListItem","position":2,"name":"Shop","item":"https:\/\/www.teleclub.com.py\/index.php\/shop-2\/"},{"@type":"ListItem","position":3,"name":"CELULAR MOTO G84 XT2347-2 8\/256GB DS 5G"}]},{"@type":"WebSite","@id":"https:\/\/www.teleclub.com.py\/#website","url":"https:\/\/www.teleclub.com.py\/","name":"Teleclub","description":"Tu tienda online","publisher":{"@id":"https:\/\/www.teleclub.com.py\/#organization"},"potentialAction":[{"@type":"SearchAction","target":{"@type":"EntryPoint","urlTemplate":"https:\/\/www.teleclub.com.py\/?s={search_term_string}"},"query-input":{"@type":"PropertyValueSpecification","valueRequired":true,"valueName":"search_term_string"}}],"inLanguage":"es"},{"@type":"Organization","@id":"https:\/\/www.teleclub.com.py\/#organization","name":"Teleclub","url":"https:\/\/www.teleclub.com.py\/","logo":{"@type":"ImageObject","inLanguage":"es","@id":"https:\/\/www.teleclub.com.py\/#\/schema\/logo\/image\/","url":"https:\/\/www.teleclub.com.py\/wp-content\/uploads\/2024\/09\/1611317346760_TeleClub_logo_FondoBlanco-2.jpg","contentUrl":"https:\/\/www.teleclub.com.py\/wp-content\/uploads\/2024\/09\/1611317346760_TeleClub_logo_FondoBlanco-2.jpg","width":1600,"height":1600,"caption":"Teleclub"},"image":{"@id":"https:\/\/www.teleclub.com.py\/#\/schema\/logo\/image\/"},"sameAs":["https:\/\/www.facebook.com\/teleclubpy","https:\/\/www.instagram.com\/teleclubpy"]}]}},"_links":{"self":[{"href":"https:\/\/www.teleclub.com.py\/index.php\/wp-json\/wp\/v2\/product\/14773","targetHints":{"allow":["GET"]}}],"collection":[{"href":"https:\/\/www.teleclub.com.py\/index.php\/wp-json\/wp\/v2\/product"}],"about":[{"href":"https:\/\/www.teleclub.com.py\/index.php\/wp-json\/wp\/v2\/types\/product"}],"wp:featuredmedia":[{"embeddable":true,"href":"https:\/\/www.teleclub.com.py\/index.php\/wp-json\/wp\/v2\/media\/14775"}],"wp:attachment":[{"href":"https:\/\/www.teleclub.com.py\/index.php\/wp-json\/wp\/v2\/media?parent=14773"}],"wp:term":[{"taxonomy":"product_cat","embeddable":true,"href":"https:\/\/www.teleclub.com.py\/index.php\/wp-json\/wp\/v2\/product_cat?post=14773"},{"taxonomy":"product_tag","embeddable":true,"href":"https:\/\/www.teleclub.com.py\/index.php\/wp-json\/wp\/v2\/product_tag?post=14773"}],"curies":[{"name":"wp","href":"https:\/\/api.w.org\/{rel}","templated":true}]}}