{"id":14649,"date":"2025-07-05T12:04:50","date_gmt":"2025-07-05T15:04:50","guid":{"rendered":"https:\/\/www.teleclub.com.py\/?post_type=product&#038;p=14649"},"modified":"2025-09-03T11:40:27","modified_gmt":"2025-09-03T14:40:27","slug":"notebook-acer-cb514-4ht-359x-i3-n305-8-512-tc-14","status":"publish","type":"product","link":"https:\/\/www.teleclub.com.py\/index.php\/product\/notebook-acer-cb514-4ht-359x-i3-n305-8-512-tc-14\/","title":{"rendered":"NOTEBOOK ACER CB514-4HT-359X I3 N305\/8\/512\/TC\/14&#8243;"},"content":{"rendered":"<p data-start=\"111\" data-end=\"187\"><span class=\"relative -mx-px my-[-0.2rem] rounded px-px py-[0.2rem] transition-colors duration-100 ease-in-out\">El <strong data-start=\"3\" data-end=\"41\">Acer Chromebook Plus 514 CB514\u20114HT<\/strong> es una excelente opci\u00f3n para estudiantes, profesionales y usuarios que buscan una experiencia Chrome OS fluida, \u00e1gil y segura. Equipado con el procesador <strong data-start=\"196\" data-end=\"228\">Intel Core\u202fi3\u2011N305 octa\u2011core<\/strong> a 1.8\u202fGHz (hasta 3.8\u202fGHz en turbo), es potente para navegar, trabajar en la nube y realizar videollamadas sin problemas.<\/span><\/p>\n<p data-start=\"189\" data-end=\"265\"><span class=\"relative -mx-px my-[-0.2rem] rounded px-px py-[0.2rem] transition-colors duration-100 ease-in-out\">Su pantalla t\u00e1ctil IPS de <strong data-start=\"26\" data-end=\"46\">14\u2033 Full\u202fHD mate<\/strong> garantiza colores precisos, amplio \u00e1ngulo de visi\u00f3n y respuesta t\u00e1ctil intuitiva. La cubierta anti\u2011brillo la hace ideal para su uso en distintos entornos.<\/span><\/p>\n<p data-start=\"267\" data-end=\"420\"><span class=\"relative -mx-px my-[-0.2rem] rounded px-px py-[0.2rem] transition-colors duration-100 ease-in-out\">Ofrece <strong data-start=\"7\" data-end=\"29\">8\u202fGB de RAM LPDDR5<\/strong> y <strong data-start=\"32\" data-end=\"57\">512\u202fGB SSD PCIe Gen\u202f4<\/strong>, lo que permite arrancar al instante, alternar m\u00faltiples pesta\u00f1as y almacenar proyectos sin congesti\u00f3n<\/span>. <span class=\"relative -mx-px my-[-0.2rem] rounded px-px py-[0.2rem] transition-colors duration-100 ease-in-out\">Adem\u00e1s, su bater\u00eda dura hasta <strong data-start=\"30\" data-end=\"44\">8\u201311\u202fhoras<\/strong>, seg\u00fan Notebookcheck y otros evaluadores.<\/span><\/p>\n<p data-start=\"422\" data-end=\"502\"><span class=\"relative -mx-px my-[-0.2rem] rounded px-px py-[0.2rem] transition-colors duration-100 ease-in-out\">La conectividad es completa: <strong data-start=\"29\" data-end=\"41\">Wi\u2011Fi\u202f6E<\/strong>, Bluetooth\u202f5.1, dos puertos USB\u2011C (con DisplayPort y carga), dos USB\u2011A, lector micro\u2011SD, c\u00e1mara 1080p con obturador de privacidad y lector de huellas opcional. Tambi\u00e9n cuenta con certificaci\u00f3n de durabilidad militar.<\/span><\/p>\n","protected":false},"excerpt":{"rendered":"<ul>\n<li data-start=\"633\" data-end=\"716\">\n<p data-start=\"635\" data-end=\"716\"><span class=\"relative -mx-px my-[-0.2rem] rounded px-px py-[0.2rem] transition-colors duration-100 ease-in-out\"><strong data-start=\"0\" data-end=\"14\" data-is-only-node=\"\">Procesador<\/strong>: Intel Core\u202fi3\u2011N305 octa\u2011core 1.8\u202fGHz (hasta 3.8\u202fGHz)<\/span><\/p>\n<\/li>\n<li data-start=\"717\" data-end=\"800\">\n<p data-start=\"719\" data-end=\"800\"><span class=\"relative -mx-px my-[-0.2rem] rounded px-px py-[0.2rem] transition-colors duration-100 ease-in-out\"><strong data-start=\"0\" data-end=\"11\" data-is-only-node=\"\">Memoria<\/strong>: 8\u202fGB LPDDR5 (soldada)<\/span><\/p>\n<\/li>\n<li data-start=\"801\" data-end=\"884\">\n<p data-start=\"803\" data-end=\"884\"><span class=\"relative -mx-px my-[-0.2rem] rounded px-px py-[0.2rem] transition-colors duration-100 ease-in-out\"><strong data-start=\"0\" data-end=\"18\" data-is-only-node=\"\">Almacenamiento<\/strong>: 512\u202fGB SSD PCIe Gen\u202f4<\/span><\/p>\n<\/li>\n<li data-start=\"885\" data-end=\"968\">\n<p data-start=\"887\" data-end=\"968\"><span class=\"relative -mx-px my-[-0.2rem] rounded px-px py-[0.2rem] transition-colors duration-100 ease-in-out\"><strong data-start=\"0\" data-end=\"12\" data-is-only-node=\"\">Pantalla<\/strong>: 14\u2033 IPS Full\u202fHD 1920\u00d71080, t\u00e1ctil, mate ComfyView, 60\u202fHz<\/span><\/p>\n<\/li>\n<li data-start=\"969\" data-end=\"1052\">\n<p data-start=\"971\" data-end=\"1052\"><span class=\"relative -mx-px my-[-0.2rem] rounded px-px py-[0.2rem] transition-colors duration-100 ease-in-out\"><strong data-start=\"0\" data-end=\"12\" data-is-only-node=\"\">Gr\u00e1ficos<\/strong>: Intel UHD Graphics integrada<\/span><\/p>\n<\/li>\n<li data-start=\"1053\" data-end=\"1136\">\n<p data-start=\"1055\" data-end=\"1136\"><span class=\"relative -mx-px my-[-0.2rem] rounded px-px py-[0.2rem] transition-colors duration-100 ease-in-out\"><strong data-start=\"0\" data-end=\"16\" data-is-only-node=\"\">Conectividad<\/strong>: Wi\u2011Fi\u202f6E, Bluetooth\u202f5.1; 2\u00d7 USB\u2011C (DP\/PD), 2\u00d7 USB\u2011A, micro\u2011SD, jack combo, Kensington<\/span><\/p>\n<\/li>\n<li data-start=\"1137\" data-end=\"1220\">\n<p data-start=\"1139\" data-end=\"1220\"><span class=\"relative -mx-px my-[-0.2rem] rounded px-px py-[0.2rem] transition-colors duration-100 ease-in-out\"><strong data-start=\"0\" data-end=\"16\" data-is-only-node=\"\">Audio\/Webcam<\/strong>: C\u00e1mara 1080p con shutter, micr\u00f3fonos duales, altavoces est\u00e9reo<\/span><\/p>\n<\/li>\n<li data-start=\"1221\" data-end=\"1304\">\n<p data-start=\"1223\" data-end=\"1304\"><span class=\"relative -mx-px my-[-0.2rem] rounded px-px py-[0.2rem] transition-colors duration-100 ease-in-out\"><strong data-start=\"0\" data-end=\"11\" data-is-only-node=\"\">Bater\u00eda<\/strong>: Hasta 11\u202fh de uso general, 8\u201310\u202fh en gu\u00edas reales<\/span><\/p>\n<\/li>\n<li data-start=\"1305\" data-end=\"1388\">\n<p data-start=\"1307\" data-end=\"1388\"><span class=\"relative -mx-px my-[-0.2rem] rounded px-px py-[0.2rem] transition-colors duration-100 ease-in-out\"><strong data-start=\"0\" data-end=\"10\" data-is-only-node=\"\">Dise\u00f1o<\/strong>: Peso ~1.4\u202fkg, grosor ~20\u202fmm, chasis MIL\u2011STD\u2011810H<\/span><\/p>\n<\/li>\n<li data-start=\"1389\" data-end=\"1470\">\n<p data-start=\"1391\" data-end=\"1470\"><span class=\"relative -mx-px my-[-0.2rem] rounded px-px py-[0.2rem] transition-colors duration-100 ease-in-out\"><strong data-start=\"0\" data-end=\"21\" data-is-only-node=\"\">Sistema operativo<\/strong>: Chrome OS con soporte a largo plazo (actualizaciones hasta 2033)<\/span><\/p>\n<\/li>\n<\/ul>\n","protected":false},"featured_media":14650,"template":"","meta":{"om_disable_all_campaigns":false},"product_cat":[254,349,350],"product_tag":[],"class_list":{"0":"post-14649","1":"product","2":"type-product","3":"status-publish","4":"has-post-thumbnail","6":"product_cat-electronica","7":"product_cat-informatica","8":"product_cat-notebooks-informatica-electronica","10":"first","11":"outofstock","12":"shipping-taxable","13":"purchasable","14":"product-type-simple"},"yoast_head":"<!-- This site is optimized with the Yoast SEO plugin v23.6 - https:\/\/yoast.com\/wordpress\/plugins\/seo\/ -->\n<title>NOTEBOOK ACER CB514-4HT-359X I3 N305\/8\/512\/TC\/14&quot; - Teleclub<\/title>\n<meta name=\"description\" content=\"Chromebook Acer Plus 514: 14\u2033 Full\u202fHD t\u00e1ctil, i3\u2011N305 octa\u2011core, 8\u202fGB LPDDR5, 512\u202fGB SSD, Wi\u2011Fi\u202f6E, c\u00e1mara 1080p y hasta 11\u202fh de autonom\u00eda.\" \/>\n<meta name=\"robots\" content=\"index, follow, max-snippet:-1, max-image-preview:large, max-video-preview:-1\" \/>\n<link rel=\"canonical\" href=\"https:\/\/www.teleclub.com.py\/index.php\/product\/notebook-acer-cb514-4ht-359x-i3-n305-8-512-tc-14\/\" \/>\n<meta property=\"og:locale\" content=\"es_ES\" \/>\n<meta property=\"og:type\" content=\"article\" \/>\n<meta property=\"og:title\" content=\"NOTEBOOK ACER CB514-4HT-359X I3 N305\/8\/512\/TC\/14&quot; - Teleclub\" \/>\n<meta property=\"og:description\" content=\"Chromebook Acer Plus 514: 14\u2033 Full\u202fHD t\u00e1ctil, i3\u2011N305 octa\u2011core, 8\u202fGB LPDDR5, 512\u202fGB SSD, Wi\u2011Fi\u202f6E, c\u00e1mara 1080p y hasta 11\u202fh de autonom\u00eda.\" \/>\n<meta property=\"og:url\" content=\"https:\/\/www.teleclub.com.py\/index.php\/product\/notebook-acer-cb514-4ht-359x-i3-n305-8-512-tc-14\/\" \/>\n<meta property=\"og:site_name\" content=\"Teleclub\" \/>\n<meta property=\"article:publisher\" content=\"https:\/\/www.facebook.com\/teleclubpy\" \/>\n<meta property=\"article:modified_time\" content=\"2025-09-03T14:40:27+00:00\" \/>\n<meta property=\"og:image\" content=\"https:\/\/www.teleclub.com.py\/wp-content\/uploads\/2025\/07\/notebook_acer_chromebook_plus_cb514_4ht_359x_14_intel_core_i3_18ghz_memoria_8gb_ssd_512gb_14_chrome_os_187778_e6f61afa-18a1-47a8-ae8d-b0836a97ad32.webp\" \/>\n\t<meta property=\"og:image:width\" content=\"550\" \/>\n\t<meta property=\"og:image:height\" content=\"550\" \/>\n\t<meta property=\"og:image:type\" content=\"image\/webp\" \/>\n<meta name=\"twitter:card\" content=\"summary_large_image\" \/>\n<meta name=\"twitter:label1\" content=\"Tiempo de lectura\" \/>\n\t<meta name=\"twitter:data1\" content=\"1 minuto\" \/>\n<script type=\"application\/ld+json\" class=\"yoast-schema-graph\">{\"@context\":\"https:\/\/schema.org\",\"@graph\":[{\"@type\":\"WebPage\",\"@id\":\"https:\/\/www.teleclub.com.py\/index.php\/product\/notebook-acer-cb514-4ht-359x-i3-n305-8-512-tc-14\/\",\"url\":\"https:\/\/www.teleclub.com.py\/index.php\/product\/notebook-acer-cb514-4ht-359x-i3-n305-8-512-tc-14\/\",\"name\":\"NOTEBOOK ACER CB514-4HT-359X I3 N305\/8\/512\/TC\/14\\\" - Teleclub\",\"isPartOf\":{\"@id\":\"https:\/\/www.teleclub.com.py\/#website\"},\"primaryImageOfPage\":{\"@id\":\"https:\/\/www.teleclub.com.py\/index.php\/product\/notebook-acer-cb514-4ht-359x-i3-n305-8-512-tc-14\/#primaryimage\"},\"image\":{\"@id\":\"https:\/\/www.teleclub.com.py\/index.php\/product\/notebook-acer-cb514-4ht-359x-i3-n305-8-512-tc-14\/#primaryimage\"},\"thumbnailUrl\":\"https:\/\/www.teleclub.com.py\/wp-content\/uploads\/2025\/07\/notebook_acer_chromebook_plus_cb514_4ht_359x_14_intel_core_i3_18ghz_memoria_8gb_ssd_512gb_14_chrome_os_187778_e6f61afa-18a1-47a8-ae8d-b0836a97ad32.webp\",\"datePublished\":\"2025-07-05T15:04:50+00:00\",\"dateModified\":\"2025-09-03T14:40:27+00:00\",\"description\":\"Chromebook Acer Plus 514: 14\u2033 Full\u202fHD t\u00e1ctil, i3\u2011N305 octa\u2011core, 8\u202fGB LPDDR5, 512\u202fGB SSD, Wi\u2011Fi\u202f6E, c\u00e1mara 1080p y hasta 11\u202fh de autonom\u00eda.\",\"breadcrumb\":{\"@id\":\"https:\/\/www.teleclub.com.py\/index.php\/product\/notebook-acer-cb514-4ht-359x-i3-n305-8-512-tc-14\/#breadcrumb\"},\"inLanguage\":\"es\",\"potentialAction\":[{\"@type\":\"ReadAction\",\"target\":[\"https:\/\/www.teleclub.com.py\/index.php\/product\/notebook-acer-cb514-4ht-359x-i3-n305-8-512-tc-14\/\"]}]},{\"@type\":\"ImageObject\",\"inLanguage\":\"es\",\"@id\":\"https:\/\/www.teleclub.com.py\/index.php\/product\/notebook-acer-cb514-4ht-359x-i3-n305-8-512-tc-14\/#primaryimage\",\"url\":\"https:\/\/www.teleclub.com.py\/wp-content\/uploads\/2025\/07\/notebook_acer_chromebook_plus_cb514_4ht_359x_14_intel_core_i3_18ghz_memoria_8gb_ssd_512gb_14_chrome_os_187778_e6f61afa-18a1-47a8-ae8d-b0836a97ad32.webp\",\"contentUrl\":\"https:\/\/www.teleclub.com.py\/wp-content\/uploads\/2025\/07\/notebook_acer_chromebook_plus_cb514_4ht_359x_14_intel_core_i3_18ghz_memoria_8gb_ssd_512gb_14_chrome_os_187778_e6f61afa-18a1-47a8-ae8d-b0836a97ad32.webp\",\"width\":550,\"height\":550},{\"@type\":\"BreadcrumbList\",\"@id\":\"https:\/\/www.teleclub.com.py\/index.php\/product\/notebook-acer-cb514-4ht-359x-i3-n305-8-512-tc-14\/#breadcrumb\",\"itemListElement\":[{\"@type\":\"ListItem\",\"position\":1,\"name\":\"Portada\",\"item\":\"https:\/\/www.teleclub.com.py\/\"},{\"@type\":\"ListItem\",\"position\":2,\"name\":\"Shop\",\"item\":\"https:\/\/www.teleclub.com.py\/index.php\/shop-2\/\"},{\"@type\":\"ListItem\",\"position\":3,\"name\":\"NOTEBOOK ACER CB514-4HT-359X I3 N305\/8\/512\/TC\/14&#8243;\"}]},{\"@type\":\"WebSite\",\"@id\":\"https:\/\/www.teleclub.com.py\/#website\",\"url\":\"https:\/\/www.teleclub.com.py\/\",\"name\":\"Teleclub\",\"description\":\"Tu tienda online\",\"publisher\":{\"@id\":\"https:\/\/www.teleclub.com.py\/#organization\"},\"potentialAction\":[{\"@type\":\"SearchAction\",\"target\":{\"@type\":\"EntryPoint\",\"urlTemplate\":\"https:\/\/www.teleclub.com.py\/?s={search_term_string}\"},\"query-input\":{\"@type\":\"PropertyValueSpecification\",\"valueRequired\":true,\"valueName\":\"search_term_string\"}}],\"inLanguage\":\"es\"},{\"@type\":\"Organization\",\"@id\":\"https:\/\/www.teleclub.com.py\/#organization\",\"name\":\"Teleclub\",\"url\":\"https:\/\/www.teleclub.com.py\/\",\"logo\":{\"@type\":\"ImageObject\",\"inLanguage\":\"es\",\"@id\":\"https:\/\/www.teleclub.com.py\/#\/schema\/logo\/image\/\",\"url\":\"https:\/\/www.teleclub.com.py\/wp-content\/uploads\/2024\/09\/1611317346760_TeleClub_logo_FondoBlanco-2.jpg\",\"contentUrl\":\"https:\/\/www.teleclub.com.py\/wp-content\/uploads\/2024\/09\/1611317346760_TeleClub_logo_FondoBlanco-2.jpg\",\"width\":1600,\"height\":1600,\"caption\":\"Teleclub\"},\"image\":{\"@id\":\"https:\/\/www.teleclub.com.py\/#\/schema\/logo\/image\/\"},\"sameAs\":[\"https:\/\/www.facebook.com\/teleclubpy\",\"https:\/\/www.instagram.com\/teleclubpy\"]}]}<\/script>\n<!-- \/ Yoast SEO plugin. -->","yoast_head_json":{"title":"NOTEBOOK ACER CB514-4HT-359X I3 N305\/8\/512\/TC\/14\" - Teleclub","description":"Chromebook Acer Plus 514: 14\u2033 Full\u202fHD t\u00e1ctil, i3\u2011N305 octa\u2011core, 8\u202fGB LPDDR5, 512\u202fGB SSD, Wi\u2011Fi\u202f6E, c\u00e1mara 1080p y hasta 11\u202fh de autonom\u00eda.","robots":{"index":"index","follow":"follow","max-snippet":"max-snippet:-1","max-image-preview":"max-image-preview:large","max-video-preview":"max-video-preview:-1"},"canonical":"https:\/\/www.teleclub.com.py\/index.php\/product\/notebook-acer-cb514-4ht-359x-i3-n305-8-512-tc-14\/","og_locale":"es_ES","og_type":"article","og_title":"NOTEBOOK ACER CB514-4HT-359X I3 N305\/8\/512\/TC\/14\" - Teleclub","og_description":"Chromebook Acer Plus 514: 14\u2033 Full\u202fHD t\u00e1ctil, i3\u2011N305 octa\u2011core, 8\u202fGB LPDDR5, 512\u202fGB SSD, Wi\u2011Fi\u202f6E, c\u00e1mara 1080p y hasta 11\u202fh de autonom\u00eda.","og_url":"https:\/\/www.teleclub.com.py\/index.php\/product\/notebook-acer-cb514-4ht-359x-i3-n305-8-512-tc-14\/","og_site_name":"Teleclub","article_publisher":"https:\/\/www.facebook.com\/teleclubpy","article_modified_time":"2025-09-03T14:40:27+00:00","og_image":[{"width":550,"height":550,"url":"https:\/\/www.teleclub.com.py\/wp-content\/uploads\/2025\/07\/notebook_acer_chromebook_plus_cb514_4ht_359x_14_intel_core_i3_18ghz_memoria_8gb_ssd_512gb_14_chrome_os_187778_e6f61afa-18a1-47a8-ae8d-b0836a97ad32.webp","type":"image\/webp"}],"twitter_card":"summary_large_image","twitter_misc":{"Tiempo de lectura":"1 minuto"},"schema":{"@context":"https:\/\/schema.org","@graph":[{"@type":"WebPage","@id":"https:\/\/www.teleclub.com.py\/index.php\/product\/notebook-acer-cb514-4ht-359x-i3-n305-8-512-tc-14\/","url":"https:\/\/www.teleclub.com.py\/index.php\/product\/notebook-acer-cb514-4ht-359x-i3-n305-8-512-tc-14\/","name":"NOTEBOOK ACER CB514-4HT-359X I3 N305\/8\/512\/TC\/14\" - Teleclub","isPartOf":{"@id":"https:\/\/www.teleclub.com.py\/#website"},"primaryImageOfPage":{"@id":"https:\/\/www.teleclub.com.py\/index.php\/product\/notebook-acer-cb514-4ht-359x-i3-n305-8-512-tc-14\/#primaryimage"},"image":{"@id":"https:\/\/www.teleclub.com.py\/index.php\/product\/notebook-acer-cb514-4ht-359x-i3-n305-8-512-tc-14\/#primaryimage"},"thumbnailUrl":"https:\/\/www.teleclub.com.py\/wp-content\/uploads\/2025\/07\/notebook_acer_chromebook_plus_cb514_4ht_359x_14_intel_core_i3_18ghz_memoria_8gb_ssd_512gb_14_chrome_os_187778_e6f61afa-18a1-47a8-ae8d-b0836a97ad32.webp","datePublished":"2025-07-05T15:04:50+00:00","dateModified":"2025-09-03T14:40:27+00:00","description":"Chromebook Acer Plus 514: 14\u2033 Full\u202fHD t\u00e1ctil, i3\u2011N305 octa\u2011core, 8\u202fGB LPDDR5, 512\u202fGB SSD, Wi\u2011Fi\u202f6E, c\u00e1mara 1080p y hasta 11\u202fh de autonom\u00eda.","breadcrumb":{"@id":"https:\/\/www.teleclub.com.py\/index.php\/product\/notebook-acer-cb514-4ht-359x-i3-n305-8-512-tc-14\/#breadcrumb"},"inLanguage":"es","potentialAction":[{"@type":"ReadAction","target":["https:\/\/www.teleclub.com.py\/index.php\/product\/notebook-acer-cb514-4ht-359x-i3-n305-8-512-tc-14\/"]}]},{"@type":"ImageObject","inLanguage":"es","@id":"https:\/\/www.teleclub.com.py\/index.php\/product\/notebook-acer-cb514-4ht-359x-i3-n305-8-512-tc-14\/#primaryimage","url":"https:\/\/www.teleclub.com.py\/wp-content\/uploads\/2025\/07\/notebook_acer_chromebook_plus_cb514_4ht_359x_14_intel_core_i3_18ghz_memoria_8gb_ssd_512gb_14_chrome_os_187778_e6f61afa-18a1-47a8-ae8d-b0836a97ad32.webp","contentUrl":"https:\/\/www.teleclub.com.py\/wp-content\/uploads\/2025\/07\/notebook_acer_chromebook_plus_cb514_4ht_359x_14_intel_core_i3_18ghz_memoria_8gb_ssd_512gb_14_chrome_os_187778_e6f61afa-18a1-47a8-ae8d-b0836a97ad32.webp","width":550,"height":550},{"@type":"BreadcrumbList","@id":"https:\/\/www.teleclub.com.py\/index.php\/product\/notebook-acer-cb514-4ht-359x-i3-n305-8-512-tc-14\/#breadcrumb","itemListElement":[{"@type":"ListItem","position":1,"name":"Portada","item":"https:\/\/www.teleclub.com.py\/"},{"@type":"ListItem","position":2,"name":"Shop","item":"https:\/\/www.teleclub.com.py\/index.php\/shop-2\/"},{"@type":"ListItem","position":3,"name":"NOTEBOOK ACER CB514-4HT-359X I3 N305\/8\/512\/TC\/14&#8243;"}]},{"@type":"WebSite","@id":"https:\/\/www.teleclub.com.py\/#website","url":"https:\/\/www.teleclub.com.py\/","name":"Teleclub","description":"Tu tienda online","publisher":{"@id":"https:\/\/www.teleclub.com.py\/#organization"},"potentialAction":[{"@type":"SearchAction","target":{"@type":"EntryPoint","urlTemplate":"https:\/\/www.teleclub.com.py\/?s={search_term_string}"},"query-input":{"@type":"PropertyValueSpecification","valueRequired":true,"valueName":"search_term_string"}}],"inLanguage":"es"},{"@type":"Organization","@id":"https:\/\/www.teleclub.com.py\/#organization","name":"Teleclub","url":"https:\/\/www.teleclub.com.py\/","logo":{"@type":"ImageObject","inLanguage":"es","@id":"https:\/\/www.teleclub.com.py\/#\/schema\/logo\/image\/","url":"https:\/\/www.teleclub.com.py\/wp-content\/uploads\/2024\/09\/1611317346760_TeleClub_logo_FondoBlanco-2.jpg","contentUrl":"https:\/\/www.teleclub.com.py\/wp-content\/uploads\/2024\/09\/1611317346760_TeleClub_logo_FondoBlanco-2.jpg","width":1600,"height":1600,"caption":"Teleclub"},"image":{"@id":"https:\/\/www.teleclub.com.py\/#\/schema\/logo\/image\/"},"sameAs":["https:\/\/www.facebook.com\/teleclubpy","https:\/\/www.instagram.com\/teleclubpy"]}]}},"_links":{"self":[{"href":"https:\/\/www.teleclub.com.py\/index.php\/wp-json\/wp\/v2\/product\/14649","targetHints":{"allow":["GET"]}}],"collection":[{"href":"https:\/\/www.teleclub.com.py\/index.php\/wp-json\/wp\/v2\/product"}],"about":[{"href":"https:\/\/www.teleclub.com.py\/index.php\/wp-json\/wp\/v2\/types\/product"}],"wp:featuredmedia":[{"embeddable":true,"href":"https:\/\/www.teleclub.com.py\/index.php\/wp-json\/wp\/v2\/media\/14650"}],"wp:attachment":[{"href":"https:\/\/www.teleclub.com.py\/index.php\/wp-json\/wp\/v2\/media?parent=14649"}],"wp:term":[{"taxonomy":"product_cat","embeddable":true,"href":"https:\/\/www.teleclub.com.py\/index.php\/wp-json\/wp\/v2\/product_cat?post=14649"},{"taxonomy":"product_tag","embeddable":true,"href":"https:\/\/www.teleclub.com.py\/index.php\/wp-json\/wp\/v2\/product_tag?post=14649"}],"curies":[{"name":"wp","href":"https:\/\/api.w.org\/{rel}","templated":true}]}}