{"id":14610,"date":"2025-06-30T12:00:31","date_gmt":"2025-06-30T15:00:31","guid":{"rendered":"https:\/\/www.teleclub.com.py\/?post_type=product&#038;p=14610"},"modified":"2025-06-30T12:00:31","modified_gmt":"2025-06-30T15:00:31","slug":"apple-ipad-11-256gb-wifi-md4h4-10-9-azul-a16","status":"publish","type":"product","link":"https:\/\/www.teleclub.com.py\/index.php\/product\/apple-ipad-11-256gb-wifi-md4h4-10-9-azul-a16\/","title":{"rendered":"APPLE IPAD 11 256GB WIFI MD4H4 10.9&#8243; AZUL A16"},"content":{"rendered":"<p data-start=\"69\" data-end=\"145\"><span class=\"relative -mx-px my-[-0.2rem] rounded px-px py-[0.2rem] transition-colors duration-100 ease-in-out\">Descubr\u00ed el <strong data-start=\"12\" data-end=\"64\">nuevo iPad de 11 pulgadas (11.\u00aa generaci\u00f3n, A16)<\/strong> con 256\u202fGB de almacenamiento y conexi\u00f3n Wi\u2011Fi en su vibrante color azul. Gracias a su pantalla <strong data-start=\"160\" data-end=\"187\">Liquid Retina de 10,86\u2033<\/strong> con tecnolog\u00eda True Tone y 500\u202fnits de brillo, disfrutar\u00e1s de v\u00eddeos, juegos y creaci\u00f3n digital con im\u00e1genes claras y fieles.<\/span><\/p>\n<p data-start=\"147\" data-end=\"300\"><span class=\"relative -mx-px my-[-0.2rem] rounded px-px py-[0.2rem] transition-colors duration-100 ease-in-out\">Potenciado por el chip <strong data-start=\"23\" data-end=\"36\">Apple A16<\/strong> (CPU de 5 n\u00facleos, GPU de 4 n\u00facleos y Neural Engine de 16 n\u00facleos) y con <strong data-start=\"110\" data-end=\"125\">6\u202fGB de RAM<\/strong>, este iPad ofrece rendimiento superior para multitarea, edici\u00f3n de video 4K y apps intensivas<\/span>. <span class=\"relative -mx-px my-[-0.2rem] rounded px-px py-[0.2rem] transition-colors duration-100 ease-in-out\">Con <strong data-start=\"4\" data-end=\"35\">hasta 10\u202fhoras de autonom\u00eda<\/strong>, acompa\u00f1a tu d\u00eda sin importar donde est\u00e9s<\/span> .<\/p>\n<p data-start=\"302\" data-end=\"378\"><span class=\"relative -mx-px my-[-0.2rem] rounded px-px py-[0.2rem] transition-colors duration-100 ease-in-out\">El conjunto incluye c\u00e1maras avanzadas: una frontal <strong data-start=\"51\" data-end=\"88\">12\u202fMP Ultra\u2011Wide con Center\u202fStage<\/strong> para videollamadas que te mantiene siempre en el centro, y una trasera <strong data-start=\"160\" data-end=\"174\">12\u202fMP Wide<\/strong> con grabaci\u00f3n en 4K y Smart\u202fHDR\u202f4 para fotograf\u00edas profesionales<\/span><\/p>\n","protected":false},"excerpt":{"rendered":"<ul>\n<li data-start=\"627\" data-end=\"710\">\n<p data-start=\"629\" data-end=\"710\"><span class=\"relative -mx-px my-[-0.2rem] rounded px-px py-[0.2rem] transition-colors duration-100 ease-in-out\"><strong data-start=\"0\" data-end=\"12\" data-is-only-node=\"\">Pantalla<\/strong>: 11\u2033 Liquid Retina (10,86\u2033 reales), 2360\u202f\u00d7\u202f1640\u202fpx, 500\u202fnits, True Tone<\/span><\/p>\n<\/li>\n<li data-start=\"711\" data-end=\"794\">\n<p data-start=\"713\" data-end=\"794\"><span class=\"relative -mx-px my-[-0.2rem] rounded px-px py-[0.2rem] transition-colors duration-100 ease-in-out\"><strong data-start=\"0\" data-end=\"14\" data-is-only-node=\"\">Procesador<\/strong>: Chip A16, CPU 5\u202fn\u00facleos + GPU 4\u202fn\u00facleos + Neural Engine 16\u202fn\u00facleos<\/span><\/p>\n<\/li>\n<li data-start=\"711\" data-end=\"794\">\n<p data-start=\"713\" data-end=\"794\"><span class=\"relative -mx-px my-[-0.2rem] rounded px-px py-[0.2rem] transition-colors duration-100 ease-in-out\"><strong data-start=\"0\" data-end=\"15\" data-is-only-node=\"\">Memoria RAM<\/strong>: 6\u202fGB LPDDR5<\/span><\/p>\n<\/li>\n<li data-start=\"879\" data-end=\"922\">\n<p data-start=\"881\" data-end=\"922\"><span class=\"relative -mx-px my-[-0.2rem] rounded px-px py-[0.2rem] transition-colors duration-100 ease-in-out\"><strong data-start=\"0\" data-end=\"18\" data-is-only-node=\"\">Almacenamiento<\/strong>: 256\u202fGB integrado<\/span><\/p>\n<\/li>\n<li data-start=\"923\" data-end=\"1006\">\n<p data-start=\"925\" data-end=\"1006\"><span class=\"relative -mx-px my-[-0.2rem] rounded px-px py-[0.2rem] transition-colors duration-100 ease-in-out\"><strong data-start=\"0\" data-end=\"18\" data-is-only-node=\"\">C\u00e1mara frontal<\/strong>: 12\u202fMP Ultra Wide con Center Stage, v\u00eddeo 1080p<\/span><\/p>\n<\/li>\n<li data-start=\"1007\" data-end=\"1090\">\n<p data-start=\"1009\" data-end=\"1090\"><span class=\"relative -mx-px my-[-0.2rem] rounded px-px py-[0.2rem] transition-colors duration-100 ease-in-out\"><strong data-start=\"0\" data-end=\"18\" data-is-only-node=\"\">C\u00e1mara trasera<\/strong>: 12\u202fMP Wide, apertura \u0192\/1.8, grabaci\u00f3n 4K, Smart HDR\u202f4<\/span><\/p>\n<\/li>\n<li data-start=\"1091\" data-end=\"1174\">\n<p data-start=\"1093\" data-end=\"1174\"><span class=\"relative -mx-px my-[-0.2rem] rounded px-px py-[0.2rem] transition-colors duration-100 ease-in-out\"><strong data-start=\"0\" data-end=\"16\" data-is-only-node=\"\">Conectividad<\/strong>: USB\u2011C 2.0, Wi\u2011Fi\u202f6 (802.11ax), Bluetooth\u202f5.3<\/span><\/p>\n<\/li>\n<li data-start=\"1175\" data-end=\"1218\">\n<p data-start=\"1177\" data-end=\"1218\"><span class=\"relative -mx-px my-[-0.2rem] rounded px-px py-[0.2rem] transition-colors duration-100 ease-in-out\"><strong data-start=\"0\" data-end=\"9\" data-is-only-node=\"\">Audio<\/strong>: Altavoces est\u00e9reo integrados<\/span><\/p>\n<\/li>\n<li data-start=\"1219\" data-end=\"1262\">\n<p data-start=\"1221\" data-end=\"1262\"><span class=\"relative -mx-px my-[-0.2rem] rounded px-px py-[0.2rem] transition-colors duration-100 ease-in-out\"><strong data-start=\"0\" data-end=\"13\" data-is-only-node=\"\">Seguridad<\/strong>: Touch\u202fID en bot\u00f3n de encendido<\/span><\/p>\n<\/li>\n<li data-start=\"1263\" data-end=\"1346\">\n<p data-start=\"1265\" data-end=\"1346\"><span class=\"relative -mx-px my-[-0.2rem] rounded px-px py-[0.2rem] transition-colors duration-100 ease-in-out\"><strong data-start=\"0\" data-end=\"11\" data-is-only-node=\"\">Bater\u00eda<\/strong>: Hasta 10\u202fh de uso mixto<\/span><\/p>\n<\/li>\n<li data-start=\"1347\" data-end=\"1430\">\n<p data-start=\"1349\" data-end=\"1430\"><span class=\"relative -mx-px my-[-0.2rem] rounded px-px py-[0.2rem] transition-colors duration-100 ease-in-out\"><strong data-start=\"0\" data-end=\"10\" data-is-only-node=\"\">Dise\u00f1o<\/strong>: 248,6\u202f\u00d7\u202f179,5\u202f\u00d7\u202f7\u202fmm, peso aprox. 477\u202fg<\/span><\/p>\n<\/li>\n<li data-start=\"1431\" data-end=\"1514\">\n<p data-start=\"1433\" data-end=\"1514\"><span class=\"relative -mx-px my-[-0.2rem] rounded px-px py-[0.2rem] transition-colors duration-100 ease-in-out\"><strong data-start=\"0\" data-end=\"26\" data-is-only-node=\"\">Accesorios compatibles<\/strong>: Apple Pencil USB-C \/ 1\u00aa gen (con adaptador), Magic Keyboard Folio<\/span><\/p>\n<\/li>\n<li data-start=\"1515\" data-end=\"1558\">\n<p data-start=\"1517\" data-end=\"1558\"><span class=\"relative -mx-px my-[-0.2rem] rounded px-px py-[0.2rem] transition-colors duration-100 ease-in-out\"><strong data-start=\"0\" data-end=\"21\" data-is-only-node=\"\">Sistema operativo<\/strong>: iPadOS\u202f18, actualizaci\u00f3n garantizada<\/span><\/p>\n<\/li>\n<\/ul>\n","protected":false},"featured_media":14609,"template":"","meta":{"om_disable_all_campaigns":false},"product_cat":[406,410],"product_tag":[],"class_list":{"0":"post-14610","1":"product","2":"type-product","3":"status-publish","4":"has-post-thumbnail","6":"product_cat-apple-2","7":"product_cat-ipads","9":"first","10":"instock","11":"shipping-taxable","12":"purchasable","13":"product-type-simple"},"yoast_head":"<!-- This site is optimized with the Yoast SEO plugin v23.6 - https:\/\/yoast.com\/wordpress\/plugins\/seo\/ -->\n<title>APPLE IPAD 11 256GB WIFI MD4H4 10.9&quot; AZUL A16 - Teleclub<\/title>\n<meta name=\"description\" content=\"iPad 11.\u00aa gen A16 256\u202fGB Wi\u2011Fi azul: pantalla Liquid Retina 11\u2033, chip A16, 6\u202fGB RAM, Touch\u202fID, c\u00e1maras 12\u202fMP y USB\u2011C. Potente y vers\u00e1til.\" \/>\n<meta name=\"robots\" content=\"index, follow, max-snippet:-1, max-image-preview:large, max-video-preview:-1\" \/>\n<link rel=\"canonical\" href=\"https:\/\/www.teleclub.com.py\/index.php\/product\/apple-ipad-11-256gb-wifi-md4h4-10-9-azul-a16\/\" \/>\n<meta property=\"og:locale\" content=\"es_ES\" \/>\n<meta property=\"og:type\" content=\"article\" \/>\n<meta property=\"og:title\" content=\"APPLE IPAD 11 256GB WIFI MD4H4 10.9&quot; AZUL A16 - Teleclub\" \/>\n<meta property=\"og:description\" content=\"iPad 11.\u00aa gen A16 256\u202fGB Wi\u2011Fi azul: pantalla Liquid Retina 11\u2033, chip A16, 6\u202fGB RAM, Touch\u202fID, c\u00e1maras 12\u202fMP y USB\u2011C. Potente y vers\u00e1til.\" \/>\n<meta property=\"og:url\" content=\"https:\/\/www.teleclub.com.py\/index.php\/product\/apple-ipad-11-256gb-wifi-md4h4-10-9-azul-a16\/\" \/>\n<meta property=\"og:site_name\" content=\"Teleclub\" \/>\n<meta property=\"article:publisher\" content=\"https:\/\/www.facebook.com\/teleclubpy\" \/>\n<meta property=\"og:image\" content=\"https:\/\/www.teleclub.com.py\/wp-content\/uploads\/2025\/04\/apple-computacion-apple-ipad-air-11-6o-gen-wifi-128gb-a2902-blue-muwd3lla-1-1-1725650214.jpg\" \/>\n\t<meta property=\"og:image:width\" content=\"1000\" \/>\n\t<meta property=\"og:image:height\" content=\"1000\" \/>\n\t<meta property=\"og:image:type\" content=\"image\/jpeg\" \/>\n<meta name=\"twitter:card\" content=\"summary_large_image\" \/>\n<meta name=\"twitter:label1\" content=\"Tiempo de lectura\" \/>\n\t<meta name=\"twitter:data1\" content=\"1 minuto\" \/>\n<script type=\"application\/ld+json\" class=\"yoast-schema-graph\">{\"@context\":\"https:\/\/schema.org\",\"@graph\":[{\"@type\":\"WebPage\",\"@id\":\"https:\/\/www.teleclub.com.py\/index.php\/product\/apple-ipad-11-256gb-wifi-md4h4-10-9-azul-a16\/\",\"url\":\"https:\/\/www.teleclub.com.py\/index.php\/product\/apple-ipad-11-256gb-wifi-md4h4-10-9-azul-a16\/\",\"name\":\"APPLE IPAD 11 256GB WIFI MD4H4 10.9\\\" AZUL A16 - Teleclub\",\"isPartOf\":{\"@id\":\"https:\/\/www.teleclub.com.py\/#website\"},\"primaryImageOfPage\":{\"@id\":\"https:\/\/www.teleclub.com.py\/index.php\/product\/apple-ipad-11-256gb-wifi-md4h4-10-9-azul-a16\/#primaryimage\"},\"image\":{\"@id\":\"https:\/\/www.teleclub.com.py\/index.php\/product\/apple-ipad-11-256gb-wifi-md4h4-10-9-azul-a16\/#primaryimage\"},\"thumbnailUrl\":\"https:\/\/www.teleclub.com.py\/wp-content\/uploads\/2025\/04\/apple-computacion-apple-ipad-air-11-6o-gen-wifi-128gb-a2902-blue-muwd3lla-1-1-1725650214.jpg\",\"datePublished\":\"2025-06-30T15:00:31+00:00\",\"dateModified\":\"2025-06-30T15:00:31+00:00\",\"description\":\"iPad 11.\u00aa gen A16 256\u202fGB Wi\u2011Fi azul: pantalla Liquid Retina 11\u2033, chip A16, 6\u202fGB RAM, Touch\u202fID, c\u00e1maras 12\u202fMP y USB\u2011C. Potente y vers\u00e1til.\",\"breadcrumb\":{\"@id\":\"https:\/\/www.teleclub.com.py\/index.php\/product\/apple-ipad-11-256gb-wifi-md4h4-10-9-azul-a16\/#breadcrumb\"},\"inLanguage\":\"es\",\"potentialAction\":[{\"@type\":\"ReadAction\",\"target\":[\"https:\/\/www.teleclub.com.py\/index.php\/product\/apple-ipad-11-256gb-wifi-md4h4-10-9-azul-a16\/\"]}]},{\"@type\":\"ImageObject\",\"inLanguage\":\"es\",\"@id\":\"https:\/\/www.teleclub.com.py\/index.php\/product\/apple-ipad-11-256gb-wifi-md4h4-10-9-azul-a16\/#primaryimage\",\"url\":\"https:\/\/www.teleclub.com.py\/wp-content\/uploads\/2025\/04\/apple-computacion-apple-ipad-air-11-6o-gen-wifi-128gb-a2902-blue-muwd3lla-1-1-1725650214.jpg\",\"contentUrl\":\"https:\/\/www.teleclub.com.py\/wp-content\/uploads\/2025\/04\/apple-computacion-apple-ipad-air-11-6o-gen-wifi-128gb-a2902-blue-muwd3lla-1-1-1725650214.jpg\",\"width\":1000,\"height\":1000},{\"@type\":\"BreadcrumbList\",\"@id\":\"https:\/\/www.teleclub.com.py\/index.php\/product\/apple-ipad-11-256gb-wifi-md4h4-10-9-azul-a16\/#breadcrumb\",\"itemListElement\":[{\"@type\":\"ListItem\",\"position\":1,\"name\":\"Portada\",\"item\":\"https:\/\/www.teleclub.com.py\/\"},{\"@type\":\"ListItem\",\"position\":2,\"name\":\"Shop\",\"item\":\"https:\/\/www.teleclub.com.py\/index.php\/shop-2\/\"},{\"@type\":\"ListItem\",\"position\":3,\"name\":\"APPLE IPAD 11 256GB WIFI MD4H4 10.9&#8243; AZUL A16\"}]},{\"@type\":\"WebSite\",\"@id\":\"https:\/\/www.teleclub.com.py\/#website\",\"url\":\"https:\/\/www.teleclub.com.py\/\",\"name\":\"Teleclub\",\"description\":\"Tu tienda online\",\"publisher\":{\"@id\":\"https:\/\/www.teleclub.com.py\/#organization\"},\"potentialAction\":[{\"@type\":\"SearchAction\",\"target\":{\"@type\":\"EntryPoint\",\"urlTemplate\":\"https:\/\/www.teleclub.com.py\/?s={search_term_string}\"},\"query-input\":{\"@type\":\"PropertyValueSpecification\",\"valueRequired\":true,\"valueName\":\"search_term_string\"}}],\"inLanguage\":\"es\"},{\"@type\":\"Organization\",\"@id\":\"https:\/\/www.teleclub.com.py\/#organization\",\"name\":\"Teleclub\",\"url\":\"https:\/\/www.teleclub.com.py\/\",\"logo\":{\"@type\":\"ImageObject\",\"inLanguage\":\"es\",\"@id\":\"https:\/\/www.teleclub.com.py\/#\/schema\/logo\/image\/\",\"url\":\"https:\/\/www.teleclub.com.py\/wp-content\/uploads\/2024\/09\/1611317346760_TeleClub_logo_FondoBlanco-2.jpg\",\"contentUrl\":\"https:\/\/www.teleclub.com.py\/wp-content\/uploads\/2024\/09\/1611317346760_TeleClub_logo_FondoBlanco-2.jpg\",\"width\":1600,\"height\":1600,\"caption\":\"Teleclub\"},\"image\":{\"@id\":\"https:\/\/www.teleclub.com.py\/#\/schema\/logo\/image\/\"},\"sameAs\":[\"https:\/\/www.facebook.com\/teleclubpy\",\"https:\/\/www.instagram.com\/teleclubpy\"]}]}<\/script>\n<!-- \/ Yoast SEO plugin. -->","yoast_head_json":{"title":"APPLE IPAD 11 256GB WIFI MD4H4 10.9\" AZUL A16 - Teleclub","description":"iPad 11.\u00aa gen A16 256\u202fGB Wi\u2011Fi azul: pantalla Liquid Retina 11\u2033, chip A16, 6\u202fGB RAM, Touch\u202fID, c\u00e1maras 12\u202fMP y USB\u2011C. Potente y vers\u00e1til.","robots":{"index":"index","follow":"follow","max-snippet":"max-snippet:-1","max-image-preview":"max-image-preview:large","max-video-preview":"max-video-preview:-1"},"canonical":"https:\/\/www.teleclub.com.py\/index.php\/product\/apple-ipad-11-256gb-wifi-md4h4-10-9-azul-a16\/","og_locale":"es_ES","og_type":"article","og_title":"APPLE IPAD 11 256GB WIFI MD4H4 10.9\" AZUL A16 - Teleclub","og_description":"iPad 11.\u00aa gen A16 256\u202fGB Wi\u2011Fi azul: pantalla Liquid Retina 11\u2033, chip A16, 6\u202fGB RAM, Touch\u202fID, c\u00e1maras 12\u202fMP y USB\u2011C. Potente y vers\u00e1til.","og_url":"https:\/\/www.teleclub.com.py\/index.php\/product\/apple-ipad-11-256gb-wifi-md4h4-10-9-azul-a16\/","og_site_name":"Teleclub","article_publisher":"https:\/\/www.facebook.com\/teleclubpy","og_image":[{"width":1000,"height":1000,"url":"https:\/\/www.teleclub.com.py\/wp-content\/uploads\/2025\/04\/apple-computacion-apple-ipad-air-11-6o-gen-wifi-128gb-a2902-blue-muwd3lla-1-1-1725650214.jpg","type":"image\/jpeg"}],"twitter_card":"summary_large_image","twitter_misc":{"Tiempo de lectura":"1 minuto"},"schema":{"@context":"https:\/\/schema.org","@graph":[{"@type":"WebPage","@id":"https:\/\/www.teleclub.com.py\/index.php\/product\/apple-ipad-11-256gb-wifi-md4h4-10-9-azul-a16\/","url":"https:\/\/www.teleclub.com.py\/index.php\/product\/apple-ipad-11-256gb-wifi-md4h4-10-9-azul-a16\/","name":"APPLE IPAD 11 256GB WIFI MD4H4 10.9\" AZUL A16 - Teleclub","isPartOf":{"@id":"https:\/\/www.teleclub.com.py\/#website"},"primaryImageOfPage":{"@id":"https:\/\/www.teleclub.com.py\/index.php\/product\/apple-ipad-11-256gb-wifi-md4h4-10-9-azul-a16\/#primaryimage"},"image":{"@id":"https:\/\/www.teleclub.com.py\/index.php\/product\/apple-ipad-11-256gb-wifi-md4h4-10-9-azul-a16\/#primaryimage"},"thumbnailUrl":"https:\/\/www.teleclub.com.py\/wp-content\/uploads\/2025\/04\/apple-computacion-apple-ipad-air-11-6o-gen-wifi-128gb-a2902-blue-muwd3lla-1-1-1725650214.jpg","datePublished":"2025-06-30T15:00:31+00:00","dateModified":"2025-06-30T15:00:31+00:00","description":"iPad 11.\u00aa gen A16 256\u202fGB Wi\u2011Fi azul: pantalla Liquid Retina 11\u2033, chip A16, 6\u202fGB RAM, Touch\u202fID, c\u00e1maras 12\u202fMP y USB\u2011C. Potente y vers\u00e1til.","breadcrumb":{"@id":"https:\/\/www.teleclub.com.py\/index.php\/product\/apple-ipad-11-256gb-wifi-md4h4-10-9-azul-a16\/#breadcrumb"},"inLanguage":"es","potentialAction":[{"@type":"ReadAction","target":["https:\/\/www.teleclub.com.py\/index.php\/product\/apple-ipad-11-256gb-wifi-md4h4-10-9-azul-a16\/"]}]},{"@type":"ImageObject","inLanguage":"es","@id":"https:\/\/www.teleclub.com.py\/index.php\/product\/apple-ipad-11-256gb-wifi-md4h4-10-9-azul-a16\/#primaryimage","url":"https:\/\/www.teleclub.com.py\/wp-content\/uploads\/2025\/04\/apple-computacion-apple-ipad-air-11-6o-gen-wifi-128gb-a2902-blue-muwd3lla-1-1-1725650214.jpg","contentUrl":"https:\/\/www.teleclub.com.py\/wp-content\/uploads\/2025\/04\/apple-computacion-apple-ipad-air-11-6o-gen-wifi-128gb-a2902-blue-muwd3lla-1-1-1725650214.jpg","width":1000,"height":1000},{"@type":"BreadcrumbList","@id":"https:\/\/www.teleclub.com.py\/index.php\/product\/apple-ipad-11-256gb-wifi-md4h4-10-9-azul-a16\/#breadcrumb","itemListElement":[{"@type":"ListItem","position":1,"name":"Portada","item":"https:\/\/www.teleclub.com.py\/"},{"@type":"ListItem","position":2,"name":"Shop","item":"https:\/\/www.teleclub.com.py\/index.php\/shop-2\/"},{"@type":"ListItem","position":3,"name":"APPLE IPAD 11 256GB WIFI MD4H4 10.9&#8243; AZUL A16"}]},{"@type":"WebSite","@id":"https:\/\/www.teleclub.com.py\/#website","url":"https:\/\/www.teleclub.com.py\/","name":"Teleclub","description":"Tu tienda online","publisher":{"@id":"https:\/\/www.teleclub.com.py\/#organization"},"potentialAction":[{"@type":"SearchAction","target":{"@type":"EntryPoint","urlTemplate":"https:\/\/www.teleclub.com.py\/?s={search_term_string}"},"query-input":{"@type":"PropertyValueSpecification","valueRequired":true,"valueName":"search_term_string"}}],"inLanguage":"es"},{"@type":"Organization","@id":"https:\/\/www.teleclub.com.py\/#organization","name":"Teleclub","url":"https:\/\/www.teleclub.com.py\/","logo":{"@type":"ImageObject","inLanguage":"es","@id":"https:\/\/www.teleclub.com.py\/#\/schema\/logo\/image\/","url":"https:\/\/www.teleclub.com.py\/wp-content\/uploads\/2024\/09\/1611317346760_TeleClub_logo_FondoBlanco-2.jpg","contentUrl":"https:\/\/www.teleclub.com.py\/wp-content\/uploads\/2024\/09\/1611317346760_TeleClub_logo_FondoBlanco-2.jpg","width":1600,"height":1600,"caption":"Teleclub"},"image":{"@id":"https:\/\/www.teleclub.com.py\/#\/schema\/logo\/image\/"},"sameAs":["https:\/\/www.facebook.com\/teleclubpy","https:\/\/www.instagram.com\/teleclubpy"]}]}},"_links":{"self":[{"href":"https:\/\/www.teleclub.com.py\/index.php\/wp-json\/wp\/v2\/product\/14610","targetHints":{"allow":["GET"]}}],"collection":[{"href":"https:\/\/www.teleclub.com.py\/index.php\/wp-json\/wp\/v2\/product"}],"about":[{"href":"https:\/\/www.teleclub.com.py\/index.php\/wp-json\/wp\/v2\/types\/product"}],"wp:featuredmedia":[{"embeddable":true,"href":"https:\/\/www.teleclub.com.py\/index.php\/wp-json\/wp\/v2\/media\/14609"}],"wp:attachment":[{"href":"https:\/\/www.teleclub.com.py\/index.php\/wp-json\/wp\/v2\/media?parent=14610"}],"wp:term":[{"taxonomy":"product_cat","embeddable":true,"href":"https:\/\/www.teleclub.com.py\/index.php\/wp-json\/wp\/v2\/product_cat?post=14610"},{"taxonomy":"product_tag","embeddable":true,"href":"https:\/\/www.teleclub.com.py\/index.php\/wp-json\/wp\/v2\/product_tag?post=14610"}],"curies":[{"name":"wp","href":"https:\/\/api.w.org\/{rel}","templated":true}]}}