{"id":14501,"date":"2025-06-23T18:39:22","date_gmt":"2025-06-23T21:39:22","guid":{"rendered":"https:\/\/www.teleclub.com.py\/?post_type=product&#038;p=14501"},"modified":"2025-06-23T18:39:22","modified_gmt":"2025-06-23T21:39:22","slug":"hervidora-comfort-zone-ktk1760-1-8l-2200w","status":"publish","type":"product","link":"https:\/\/www.teleclub.com.py\/index.php\/product\/hervidora-comfort-zone-ktk1760-1-8l-2200w\/","title":{"rendered":"HERVIDORA COMFORT ZONE KTK1760 1.8L 2200W"},"content":{"rendered":"<p><span class=\"relative -mx-px my-[-0.2rem] rounded px-px py-[0.2rem] transition-colors duration-100 ease-in-out\">La <strong data-start=\"3\" data-end=\"37\">Hervidora Comfort Zone KTK1760<\/strong> es el complemento perfecto para tu desayuno o infusiones r\u00e1pidas. Su capacidad de <strong data-start=\"120\" data-end=\"134\">1,8\u202flitros<\/strong> permite preparar varias tazas de inmediato. Equipada con una <strong data-start=\"196\" data-end=\"218\">potencia de 2200\u202fW<\/strong>, calienta el agua de forma veloz y eficiente. Su dise\u00f1o elegante y minimalista se integra con cualquier cocina. Funcionalidades como la <strong data-start=\"355\" data-end=\"381\">base giratoria de 360\u00b0<\/strong>, <strong data-start=\"383\" data-end=\"405\">apagado autom\u00e1tico<\/strong> y <strong data-start=\"408\" data-end=\"430\">resistencia oculta<\/strong> hacen que su uso sea c\u00f3modo y seguro. Adem\u00e1s, cuenta con un <strong data-start=\"491\" data-end=\"519\">filtro de agua removible<\/strong> que mejora la calidad de cada preparaci\u00f3n, y una estructura que facilita la limpieza diaria.<\/span><\/p>\n","protected":false},"excerpt":{"rendered":"<ul>\n<li data-start=\"275\" data-end=\"354\">\n<p data-start=\"277\" data-end=\"354\"><span class=\"relative -mx-px my-[-0.2rem] rounded px-px py-[0.2rem] transition-colors duration-100 ease-in-out\"><strong data-start=\"0\" data-end=\"13\" data-is-only-node=\"\">Capacidad<\/strong>: 1,8\u202fL \u2014 adecuada para preparar varias tazas de bebidas calientes<\/span><\/p>\n<\/li>\n<li data-start=\"355\" data-end=\"434\">\n<p data-start=\"357\" data-end=\"434\"><span class=\"relative -mx-px my-[-0.2rem] rounded px-px py-[0.2rem] transition-colors duration-100 ease-in-out\"><strong data-start=\"0\" data-end=\"12\" data-is-only-node=\"\">Potencia<\/strong>: 2200\u202fW para hervir agua r\u00e1pidamente<\/span><\/p>\n<\/li>\n<li data-start=\"435\" data-end=\"514\">\n<p data-start=\"437\" data-end=\"514\"><span class=\"relative -mx-px my-[-0.2rem] rounded px-px py-[0.2rem] transition-colors duration-100 ease-in-out\"><strong data-start=\"0\" data-end=\"18\" data-is-only-node=\"\">Base giratoria<\/strong>: 360\u00b0 para un uso c\u00f3modo desde cualquier \u00e1ngulo<\/span><\/p>\n<\/li>\n<li data-start=\"515\" data-end=\"598\">\n<p data-start=\"517\" data-end=\"598\"><span class=\"relative -mx-px my-[-0.2rem] rounded px-px py-[0.2rem] transition-colors duration-100 ease-in-out\"><strong data-start=\"0\" data-end=\"22\" data-is-only-node=\"\">Apagado autom\u00e1tico<\/strong>: asegura la seguridad al finalizar el hervor<\/span><\/p>\n<\/li>\n<li data-start=\"599\" data-end=\"682\">\n<p data-start=\"601\" data-end=\"682\"><span class=\"relative -mx-px my-[-0.2rem] rounded px-px py-[0.2rem] transition-colors duration-100 ease-in-out\"><strong data-start=\"0\" data-end=\"22\" data-is-only-node=\"\">Resistencia oculta<\/strong>: facilita la limpieza y evita acumulaci\u00f3n de sarro<\/span><\/p>\n<\/li>\n<li data-start=\"683\" data-end=\"766\">\n<p data-start=\"685\" data-end=\"766\"><span class=\"relative -mx-px my-[-0.2rem] rounded px-px py-[0.2rem] transition-colors duration-100 ease-in-out\"><strong data-start=\"0\" data-end=\"20\" data-is-only-node=\"\">Filtro removible<\/strong>: mejora la pureza del agua y es f\u00e1cil de limpiar<\/span><\/p>\n<\/li>\n<li data-start=\"767\" data-end=\"850\">\n<p data-start=\"769\" data-end=\"850\"><span class=\"relative -mx-px my-[-0.2rem] rounded px-px py-[0.2rem] transition-colors duration-100 ease-in-out\"><strong data-start=\"0\" data-end=\"10\" data-is-only-node=\"\">Dise\u00f1o<\/strong>: est\u00e9tica moderna ideal para cocinas contempor\u00e1neas<\/span><\/p>\n<\/li>\n<\/ul>\n","protected":false},"featured_media":14503,"template":"","meta":{"om_disable_all_campaigns":false},"product_cat":[374,388],"product_tag":[],"class_list":{"0":"post-14501","1":"product","2":"type-product","3":"status-publish","4":"has-post-thumbnail","6":"product_cat-electrodomesticos-2","7":"product_cat-hervidoras-electrodomesticos-2","9":"first","10":"instock","11":"shipping-taxable","12":"purchasable","13":"product-type-simple"},"yoast_head":"<!-- This site is optimized with the Yoast SEO plugin v23.6 - https:\/\/yoast.com\/wordpress\/plugins\/seo\/ -->\n<title>HERVIDORA COMFORT ZONE KTK1760 1.8L 2200W - Teleclub<\/title>\n<meta name=\"description\" content=\"Hervidora Comfort Zone KTK1760 de 1,8\u202fL y 2200\u202fW, con base 360\u00b0, apagado autom\u00e1tico, resistencia oculta y filtro extra\u00edble. R\u00e1pida y segura.\" \/>\n<meta name=\"robots\" content=\"index, follow, max-snippet:-1, max-image-preview:large, max-video-preview:-1\" \/>\n<link rel=\"canonical\" href=\"https:\/\/www.teleclub.com.py\/index.php\/product\/hervidora-comfort-zone-ktk1760-1-8l-2200w\/\" \/>\n<meta property=\"og:locale\" content=\"es_ES\" \/>\n<meta property=\"og:type\" content=\"article\" \/>\n<meta property=\"og:title\" content=\"HERVIDORA COMFORT ZONE KTK1760 1.8L 2200W - Teleclub\" \/>\n<meta property=\"og:description\" content=\"Hervidora Comfort Zone KTK1760 de 1,8\u202fL y 2200\u202fW, con base 360\u00b0, apagado autom\u00e1tico, resistencia oculta y filtro extra\u00edble. R\u00e1pida y segura.\" \/>\n<meta property=\"og:url\" content=\"https:\/\/www.teleclub.com.py\/index.php\/product\/hervidora-comfort-zone-ktk1760-1-8l-2200w\/\" \/>\n<meta property=\"og:site_name\" content=\"Teleclub\" \/>\n<meta property=\"article:publisher\" content=\"https:\/\/www.facebook.com\/teleclubpy\" \/>\n<meta property=\"og:image\" content=\"https:\/\/www.teleclub.com.py\/wp-content\/uploads\/2025\/06\/HERVIDORA-COMFORT-ZONE-KTK1760-1.8L-2200W.jpg\" \/>\n\t<meta property=\"og:image:width\" content=\"600\" \/>\n\t<meta property=\"og:image:height\" content=\"600\" \/>\n\t<meta property=\"og:image:type\" content=\"image\/jpeg\" \/>\n<meta name=\"twitter:card\" content=\"summary_large_image\" \/>\n<meta name=\"twitter:label1\" content=\"Tiempo de lectura\" \/>\n\t<meta name=\"twitter:data1\" content=\"1 minuto\" \/>\n<script type=\"application\/ld+json\" class=\"yoast-schema-graph\">{\"@context\":\"https:\/\/schema.org\",\"@graph\":[{\"@type\":\"WebPage\",\"@id\":\"https:\/\/www.teleclub.com.py\/index.php\/product\/hervidora-comfort-zone-ktk1760-1-8l-2200w\/\",\"url\":\"https:\/\/www.teleclub.com.py\/index.php\/product\/hervidora-comfort-zone-ktk1760-1-8l-2200w\/\",\"name\":\"HERVIDORA COMFORT ZONE KTK1760 1.8L 2200W - Teleclub\",\"isPartOf\":{\"@id\":\"https:\/\/www.teleclub.com.py\/#website\"},\"primaryImageOfPage\":{\"@id\":\"https:\/\/www.teleclub.com.py\/index.php\/product\/hervidora-comfort-zone-ktk1760-1-8l-2200w\/#primaryimage\"},\"image\":{\"@id\":\"https:\/\/www.teleclub.com.py\/index.php\/product\/hervidora-comfort-zone-ktk1760-1-8l-2200w\/#primaryimage\"},\"thumbnailUrl\":\"https:\/\/www.teleclub.com.py\/wp-content\/uploads\/2025\/06\/HERVIDORA-COMFORT-ZONE-KTK1760-1.8L-2200W.jpg\",\"datePublished\":\"2025-06-23T21:39:22+00:00\",\"dateModified\":\"2025-06-23T21:39:22+00:00\",\"description\":\"Hervidora Comfort Zone KTK1760 de 1,8\u202fL y 2200\u202fW, con base 360\u00b0, apagado autom\u00e1tico, resistencia oculta y filtro extra\u00edble. R\u00e1pida y segura.\",\"breadcrumb\":{\"@id\":\"https:\/\/www.teleclub.com.py\/index.php\/product\/hervidora-comfort-zone-ktk1760-1-8l-2200w\/#breadcrumb\"},\"inLanguage\":\"es\",\"potentialAction\":[{\"@type\":\"ReadAction\",\"target\":[\"https:\/\/www.teleclub.com.py\/index.php\/product\/hervidora-comfort-zone-ktk1760-1-8l-2200w\/\"]}]},{\"@type\":\"ImageObject\",\"inLanguage\":\"es\",\"@id\":\"https:\/\/www.teleclub.com.py\/index.php\/product\/hervidora-comfort-zone-ktk1760-1-8l-2200w\/#primaryimage\",\"url\":\"https:\/\/www.teleclub.com.py\/wp-content\/uploads\/2025\/06\/HERVIDORA-COMFORT-ZONE-KTK1760-1.8L-2200W.jpg\",\"contentUrl\":\"https:\/\/www.teleclub.com.py\/wp-content\/uploads\/2025\/06\/HERVIDORA-COMFORT-ZONE-KTK1760-1.8L-2200W.jpg\",\"width\":600,\"height\":600},{\"@type\":\"BreadcrumbList\",\"@id\":\"https:\/\/www.teleclub.com.py\/index.php\/product\/hervidora-comfort-zone-ktk1760-1-8l-2200w\/#breadcrumb\",\"itemListElement\":[{\"@type\":\"ListItem\",\"position\":1,\"name\":\"Portada\",\"item\":\"https:\/\/www.teleclub.com.py\/\"},{\"@type\":\"ListItem\",\"position\":2,\"name\":\"Shop\",\"item\":\"https:\/\/www.teleclub.com.py\/index.php\/shop-2\/\"},{\"@type\":\"ListItem\",\"position\":3,\"name\":\"HERVIDORA COMFORT ZONE KTK1760 1.8L 2200W\"}]},{\"@type\":\"WebSite\",\"@id\":\"https:\/\/www.teleclub.com.py\/#website\",\"url\":\"https:\/\/www.teleclub.com.py\/\",\"name\":\"Teleclub\",\"description\":\"Tu tienda online\",\"publisher\":{\"@id\":\"https:\/\/www.teleclub.com.py\/#organization\"},\"potentialAction\":[{\"@type\":\"SearchAction\",\"target\":{\"@type\":\"EntryPoint\",\"urlTemplate\":\"https:\/\/www.teleclub.com.py\/?s={search_term_string}\"},\"query-input\":{\"@type\":\"PropertyValueSpecification\",\"valueRequired\":true,\"valueName\":\"search_term_string\"}}],\"inLanguage\":\"es\"},{\"@type\":\"Organization\",\"@id\":\"https:\/\/www.teleclub.com.py\/#organization\",\"name\":\"Teleclub\",\"url\":\"https:\/\/www.teleclub.com.py\/\",\"logo\":{\"@type\":\"ImageObject\",\"inLanguage\":\"es\",\"@id\":\"https:\/\/www.teleclub.com.py\/#\/schema\/logo\/image\/\",\"url\":\"https:\/\/www.teleclub.com.py\/wp-content\/uploads\/2024\/09\/1611317346760_TeleClub_logo_FondoBlanco-2.jpg\",\"contentUrl\":\"https:\/\/www.teleclub.com.py\/wp-content\/uploads\/2024\/09\/1611317346760_TeleClub_logo_FondoBlanco-2.jpg\",\"width\":1600,\"height\":1600,\"caption\":\"Teleclub\"},\"image\":{\"@id\":\"https:\/\/www.teleclub.com.py\/#\/schema\/logo\/image\/\"},\"sameAs\":[\"https:\/\/www.facebook.com\/teleclubpy\",\"https:\/\/www.instagram.com\/teleclubpy\"]}]}<\/script>\n<!-- \/ Yoast SEO plugin. -->","yoast_head_json":{"title":"HERVIDORA COMFORT ZONE KTK1760 1.8L 2200W - Teleclub","description":"Hervidora Comfort Zone KTK1760 de 1,8\u202fL y 2200\u202fW, con base 360\u00b0, apagado autom\u00e1tico, resistencia oculta y filtro extra\u00edble. R\u00e1pida y segura.","robots":{"index":"index","follow":"follow","max-snippet":"max-snippet:-1","max-image-preview":"max-image-preview:large","max-video-preview":"max-video-preview:-1"},"canonical":"https:\/\/www.teleclub.com.py\/index.php\/product\/hervidora-comfort-zone-ktk1760-1-8l-2200w\/","og_locale":"es_ES","og_type":"article","og_title":"HERVIDORA COMFORT ZONE KTK1760 1.8L 2200W - Teleclub","og_description":"Hervidora Comfort Zone KTK1760 de 1,8\u202fL y 2200\u202fW, con base 360\u00b0, apagado autom\u00e1tico, resistencia oculta y filtro extra\u00edble. R\u00e1pida y segura.","og_url":"https:\/\/www.teleclub.com.py\/index.php\/product\/hervidora-comfort-zone-ktk1760-1-8l-2200w\/","og_site_name":"Teleclub","article_publisher":"https:\/\/www.facebook.com\/teleclubpy","og_image":[{"width":600,"height":600,"url":"https:\/\/www.teleclub.com.py\/wp-content\/uploads\/2025\/06\/HERVIDORA-COMFORT-ZONE-KTK1760-1.8L-2200W.jpg","type":"image\/jpeg"}],"twitter_card":"summary_large_image","twitter_misc":{"Tiempo de lectura":"1 minuto"},"schema":{"@context":"https:\/\/schema.org","@graph":[{"@type":"WebPage","@id":"https:\/\/www.teleclub.com.py\/index.php\/product\/hervidora-comfort-zone-ktk1760-1-8l-2200w\/","url":"https:\/\/www.teleclub.com.py\/index.php\/product\/hervidora-comfort-zone-ktk1760-1-8l-2200w\/","name":"HERVIDORA COMFORT ZONE KTK1760 1.8L 2200W - Teleclub","isPartOf":{"@id":"https:\/\/www.teleclub.com.py\/#website"},"primaryImageOfPage":{"@id":"https:\/\/www.teleclub.com.py\/index.php\/product\/hervidora-comfort-zone-ktk1760-1-8l-2200w\/#primaryimage"},"image":{"@id":"https:\/\/www.teleclub.com.py\/index.php\/product\/hervidora-comfort-zone-ktk1760-1-8l-2200w\/#primaryimage"},"thumbnailUrl":"https:\/\/www.teleclub.com.py\/wp-content\/uploads\/2025\/06\/HERVIDORA-COMFORT-ZONE-KTK1760-1.8L-2200W.jpg","datePublished":"2025-06-23T21:39:22+00:00","dateModified":"2025-06-23T21:39:22+00:00","description":"Hervidora Comfort Zone KTK1760 de 1,8\u202fL y 2200\u202fW, con base 360\u00b0, apagado autom\u00e1tico, resistencia oculta y filtro extra\u00edble. R\u00e1pida y segura.","breadcrumb":{"@id":"https:\/\/www.teleclub.com.py\/index.php\/product\/hervidora-comfort-zone-ktk1760-1-8l-2200w\/#breadcrumb"},"inLanguage":"es","potentialAction":[{"@type":"ReadAction","target":["https:\/\/www.teleclub.com.py\/index.php\/product\/hervidora-comfort-zone-ktk1760-1-8l-2200w\/"]}]},{"@type":"ImageObject","inLanguage":"es","@id":"https:\/\/www.teleclub.com.py\/index.php\/product\/hervidora-comfort-zone-ktk1760-1-8l-2200w\/#primaryimage","url":"https:\/\/www.teleclub.com.py\/wp-content\/uploads\/2025\/06\/HERVIDORA-COMFORT-ZONE-KTK1760-1.8L-2200W.jpg","contentUrl":"https:\/\/www.teleclub.com.py\/wp-content\/uploads\/2025\/06\/HERVIDORA-COMFORT-ZONE-KTK1760-1.8L-2200W.jpg","width":600,"height":600},{"@type":"BreadcrumbList","@id":"https:\/\/www.teleclub.com.py\/index.php\/product\/hervidora-comfort-zone-ktk1760-1-8l-2200w\/#breadcrumb","itemListElement":[{"@type":"ListItem","position":1,"name":"Portada","item":"https:\/\/www.teleclub.com.py\/"},{"@type":"ListItem","position":2,"name":"Shop","item":"https:\/\/www.teleclub.com.py\/index.php\/shop-2\/"},{"@type":"ListItem","position":3,"name":"HERVIDORA COMFORT ZONE KTK1760 1.8L 2200W"}]},{"@type":"WebSite","@id":"https:\/\/www.teleclub.com.py\/#website","url":"https:\/\/www.teleclub.com.py\/","name":"Teleclub","description":"Tu tienda online","publisher":{"@id":"https:\/\/www.teleclub.com.py\/#organization"},"potentialAction":[{"@type":"SearchAction","target":{"@type":"EntryPoint","urlTemplate":"https:\/\/www.teleclub.com.py\/?s={search_term_string}"},"query-input":{"@type":"PropertyValueSpecification","valueRequired":true,"valueName":"search_term_string"}}],"inLanguage":"es"},{"@type":"Organization","@id":"https:\/\/www.teleclub.com.py\/#organization","name":"Teleclub","url":"https:\/\/www.teleclub.com.py\/","logo":{"@type":"ImageObject","inLanguage":"es","@id":"https:\/\/www.teleclub.com.py\/#\/schema\/logo\/image\/","url":"https:\/\/www.teleclub.com.py\/wp-content\/uploads\/2024\/09\/1611317346760_TeleClub_logo_FondoBlanco-2.jpg","contentUrl":"https:\/\/www.teleclub.com.py\/wp-content\/uploads\/2024\/09\/1611317346760_TeleClub_logo_FondoBlanco-2.jpg","width":1600,"height":1600,"caption":"Teleclub"},"image":{"@id":"https:\/\/www.teleclub.com.py\/#\/schema\/logo\/image\/"},"sameAs":["https:\/\/www.facebook.com\/teleclubpy","https:\/\/www.instagram.com\/teleclubpy"]}]}},"_links":{"self":[{"href":"https:\/\/www.teleclub.com.py\/index.php\/wp-json\/wp\/v2\/product\/14501","targetHints":{"allow":["GET"]}}],"collection":[{"href":"https:\/\/www.teleclub.com.py\/index.php\/wp-json\/wp\/v2\/product"}],"about":[{"href":"https:\/\/www.teleclub.com.py\/index.php\/wp-json\/wp\/v2\/types\/product"}],"wp:featuredmedia":[{"embeddable":true,"href":"https:\/\/www.teleclub.com.py\/index.php\/wp-json\/wp\/v2\/media\/14503"}],"wp:attachment":[{"href":"https:\/\/www.teleclub.com.py\/index.php\/wp-json\/wp\/v2\/media?parent=14501"}],"wp:term":[{"taxonomy":"product_cat","embeddable":true,"href":"https:\/\/www.teleclub.com.py\/index.php\/wp-json\/wp\/v2\/product_cat?post=14501"},{"taxonomy":"product_tag","embeddable":true,"href":"https:\/\/www.teleclub.com.py\/index.php\/wp-json\/wp\/v2\/product_tag?post=14501"}],"curies":[{"name":"wp","href":"https:\/\/api.w.org\/{rel}","templated":true}]}}