{"id":14412,"date":"2025-06-23T18:42:20","date_gmt":"2025-06-23T21:42:20","guid":{"rendered":"https:\/\/www.teleclub.com.py\/?post_type=product&#038;p=14412"},"modified":"2025-06-23T18:42:21","modified_gmt":"2025-06-23T21:42:21","slug":"aire-split-tcl-on-off-serie-elite-18-000-btu","status":"publish","type":"product","link":"https:\/\/www.teleclub.com.py\/index.php\/product\/aire-split-tcl-on-off-serie-elite-18-000-btu\/","title":{"rendered":"AIRE SPLIT TCL ON &#8211; OFF SERIE ELITE 18.000 BTU"},"content":{"rendered":"<p data-start=\"70\" data-end=\"223\"><span class=\"relative -mx-px my-[-0.2rem] rounded px-px py-[0.2rem] transition-colors duration-100 ease-in-out\">El <strong data-start=\"3\" data-end=\"70\">Aire Acondicionado Split TCL Serie Elite de 18\u202f000\u202fBTU (On\u2011Off)<\/strong> ofrece climatizaci\u00f3n potente y confiable para \u00e1reas medianas a grandes (~65\u201390\u202fm\u00b2)<\/span> . <span class=\"relative -mx-px my-[-0.2rem] rounded px-px py-[0.2rem] transition-colors duration-100 ease-in-out\">Dise\u00f1ado en color blanco con panel frontal de vidrio templado y aletas doradas anticorrosivas, combina elegancia con alta funcionalidad<\/span><\/p>\n<p data-start=\"225\" data-end=\"378\"><span class=\"relative -mx-px my-[-0.2rem] rounded px-px py-[0.2rem] transition-colors duration-100 ease-in-out\">Proporciona <strong data-start=\"12\" data-end=\"26\">fr\u00edo\/calor<\/strong>, modo <strong data-start=\"33\" data-end=\"42\">Turbo<\/strong> para climatizaci\u00f3n r\u00e1pida, <strong data-start=\"70\" data-end=\"79\">Sleep<\/strong> para un descanso tranquilo, y modo <strong data-start=\"115\" data-end=\"122\">Eco<\/strong> que optimiza el consumo energ\u00e9tico<\/span>. <span class=\"relative -mx-px my-[-0.2rem] rounded px-px py-[0.2rem] transition-colors duration-100 ease-in-out\">Viene con <strong data-start=\"10\" data-end=\"60\">filtros de iones de plata HD y carb\u00f3n activado<\/strong>, que purifican el aire eliminando bacterias, g\u00e9rmenes y olores<\/span>.<\/p>\n<p data-start=\"380\" data-end=\"539\"><span class=\"relative -mx-px my-[-0.2rem] rounded px-px py-[0.2rem] transition-colors duration-100 ease-in-out\">Incluye sensor <strong data-start=\"15\" data-end=\"25\">I\u2011FEEL<\/strong>, control remoto con display LED, temporizador, y <strong data-start=\"75\" data-end=\"102\">doble salida de desag\u00fce<\/strong> para facilitar distintas configuraciones de instalaci\u00f3n<\/span>. <span class=\"relative -mx-px my-[-0.2rem] rounded px-px py-[0.2rem] transition-colors duration-100 ease-in-out\">Usa refrigerante <strong data-start=\"17\" data-end=\"27\">R\u2011410A<\/strong>, ecol\u00f3gico y eficiente, con la posibilidad de ahorro energ\u00e9tico de hasta 60\u202f% al activar modo Eco<\/span><\/p>\n","protected":false},"excerpt":{"rendered":"<ul>\n<li data-start=\"646\" data-end=\"729\">\n<p data-start=\"648\" data-end=\"729\"><span class=\"relative -mx-px my-[-0.2rem] rounded px-px py-[0.2rem] transition-colors duration-100 ease-in-out\"><strong data-start=\"0\" data-end=\"13\" data-is-only-node=\"\">Capacidad<\/strong>: 18\u202f000\u202fBTU, ideal para ambientes de hasta 90\u202fm\u00b2<\/span><\/p>\n<\/li>\n<li data-start=\"730\" data-end=\"813\">\n<p data-start=\"732\" data-end=\"813\"><span class=\"relative -mx-px my-[-0.2rem] rounded px-px py-[0.2rem] transition-colors duration-100 ease-in-out\"><strong data-start=\"0\" data-end=\"27\" data-is-only-node=\"\">Modos de funcionamiento<\/strong>: Fr\u00edo, Calor, Autom\u00e1tico, Turbo, Sleep y Eco<\/span><\/p>\n<\/li>\n<li data-start=\"814\" data-end=\"897\">\n<p data-start=\"816\" data-end=\"897\"><span class=\"relative -mx-px my-[-0.2rem] rounded px-px py-[0.2rem] transition-colors duration-100 ease-in-out\"><strong data-start=\"0\" data-end=\"24\" data-is-only-node=\"\">Purificaci\u00f3n de aire<\/strong>: filtro de iones de plata HD + carb\u00f3n activado<\/span><\/p>\n<\/li>\n<li data-start=\"898\" data-end=\"981\">\n<p data-start=\"900\" data-end=\"981\"><span class=\"relative -mx-px my-[-0.2rem] rounded px-px py-[0.2rem] transition-colors duration-100 ease-in-out\"><strong data-start=\"0\" data-end=\"17\" data-is-only-node=\"\">Sensor I\u2011FEEL<\/strong>: ajusta la temperatura seg\u00fan la sensaci\u00f3n t\u00e9rmica detectada<\/span><\/p>\n<\/li>\n<li data-start=\"982\" data-end=\"1065\">\n<p data-start=\"984\" data-end=\"1065\"><span class=\"relative -mx-px my-[-0.2rem] rounded px-px py-[0.2rem] transition-colors duration-100 ease-in-out\"><strong data-start=\"0\" data-end=\"49\" data-is-only-node=\"\">Control remoto con display LED y temporizador<\/strong>: programaci\u00f3n sencilla y visualizaci\u00f3n clara<\/span><\/p>\n<\/li>\n<li data-start=\"1066\" data-end=\"1149\">\n<p data-start=\"1068\" data-end=\"1149\"><span class=\"relative -mx-px my-[-0.2rem] rounded px-px py-[0.2rem] transition-colors duration-100 ease-in-out\"><strong data-start=\"0\" data-end=\"27\" data-is-only-node=\"\">Doble salida de desag\u00fce<\/strong>: facilita instalaci\u00f3n en distintos espacios<\/span><\/p>\n<\/li>\n<li data-start=\"1150\" data-end=\"1233\">\n<p data-start=\"1152\" data-end=\"1233\"><span class=\"relative -mx-px my-[-0.2rem] rounded px-px py-[0.2rem] transition-colors duration-100 ease-in-out\"><strong data-start=\"0\" data-end=\"23\" data-is-only-node=\"\">Refrigerante R\u2011410A<\/strong>: ecol\u00f3gico y m\u00e1s eficiente<\/span><\/p>\n<\/li>\n<li data-start=\"1234\" data-end=\"1317\">\n<p data-start=\"1236\" data-end=\"1317\"><span class=\"relative -mx-px my-[-0.2rem] rounded px-px py-[0.2rem] transition-colors duration-100 ease-in-out\"><strong data-start=\"0\" data-end=\"56\" data-is-only-node=\"\">Panel frontal de vidrio templado + aletas Golden Fin<\/strong>: dise\u00f1o elegante y resistencia anticorrosi\u00f3n<\/span><\/p>\n<\/li>\n<li data-start=\"1318\" data-end=\"1401\">\n<p data-start=\"1320\" data-end=\"1401\"><span class=\"relative -mx-px my-[-0.2rem] rounded px-px py-[0.2rem] transition-colors duration-100 ease-in-out\"><strong data-start=\"0\" data-end=\"18\" data-is-only-node=\"\">Nivel de ruido<\/strong>: bajo, ideal para dormitorios y espacios comunes<\/span><\/p>\n<\/li>\n<\/ul>\n","protected":false},"featured_media":14414,"template":"","meta":{"om_disable_all_campaigns":false},"product_cat":[279,276],"product_tag":[],"class_list":{"0":"post-14412","1":"product","2":"type-product","3":"status-publish","4":"has-post-thumbnail","6":"product_cat-18-000btu","7":"product_cat-aires-acondicionados","9":"first","10":"instock","11":"shipping-taxable","12":"purchasable","13":"product-type-simple"},"yoast_head":"<!-- This site is optimized with the Yoast SEO plugin v23.6 - https:\/\/yoast.com\/wordpress\/plugins\/seo\/ -->\n<title>AIRE SPLIT TCL ON - OFF SERIE ELITE 18.000 BTU - Teleclub<\/title>\n<meta name=\"description\" content=\"Aire Split TCL Serie Elite 18\u202f000\u202fBTU On\u2011Off fr\u00edo\/calor, filtros de i\u00f3n plata + carb\u00f3n activado, modo Turbo\/Eco\/Sleep, I\u2011FEEL, doble desag\u00fce.\" \/>\n<meta name=\"robots\" content=\"index, follow, max-snippet:-1, max-image-preview:large, max-video-preview:-1\" \/>\n<link rel=\"canonical\" href=\"https:\/\/www.teleclub.com.py\/index.php\/product\/aire-split-tcl-on-off-serie-elite-18-000-btu\/\" \/>\n<meta property=\"og:locale\" content=\"es_ES\" \/>\n<meta property=\"og:type\" content=\"article\" \/>\n<meta property=\"og:title\" content=\"AIRE SPLIT TCL ON - OFF SERIE ELITE 18.000 BTU - Teleclub\" \/>\n<meta property=\"og:description\" content=\"Aire Split TCL Serie Elite 18\u202f000\u202fBTU On\u2011Off fr\u00edo\/calor, filtros de i\u00f3n plata + carb\u00f3n activado, modo Turbo\/Eco\/Sleep, I\u2011FEEL, doble desag\u00fce.\" \/>\n<meta property=\"og:url\" content=\"https:\/\/www.teleclub.com.py\/index.php\/product\/aire-split-tcl-on-off-serie-elite-18-000-btu\/\" \/>\n<meta property=\"og:site_name\" content=\"Teleclub\" \/>\n<meta property=\"article:publisher\" content=\"https:\/\/www.facebook.com\/teleclubpy\" \/>\n<meta property=\"article:modified_time\" content=\"2025-06-23T21:42:21+00:00\" \/>\n<meta property=\"og:image\" content=\"https:\/\/www.teleclub.com.py\/wp-content\/uploads\/2025\/06\/AIRE-SPLIT-TCL-ON-OFF-SERIE-ELITE-18.000-BTU.png\" \/>\n\t<meta property=\"og:image:width\" content=\"1000\" \/>\n\t<meta property=\"og:image:height\" content=\"1000\" \/>\n\t<meta property=\"og:image:type\" content=\"image\/png\" \/>\n<meta name=\"twitter:card\" content=\"summary_large_image\" \/>\n<meta name=\"twitter:label1\" content=\"Tiempo de lectura\" \/>\n\t<meta name=\"twitter:data1\" content=\"1 minuto\" \/>\n<script type=\"application\/ld+json\" class=\"yoast-schema-graph\">{\"@context\":\"https:\/\/schema.org\",\"@graph\":[{\"@type\":\"WebPage\",\"@id\":\"https:\/\/www.teleclub.com.py\/index.php\/product\/aire-split-tcl-on-off-serie-elite-18-000-btu\/\",\"url\":\"https:\/\/www.teleclub.com.py\/index.php\/product\/aire-split-tcl-on-off-serie-elite-18-000-btu\/\",\"name\":\"AIRE SPLIT TCL ON - OFF SERIE ELITE 18.000 BTU - Teleclub\",\"isPartOf\":{\"@id\":\"https:\/\/www.teleclub.com.py\/#website\"},\"primaryImageOfPage\":{\"@id\":\"https:\/\/www.teleclub.com.py\/index.php\/product\/aire-split-tcl-on-off-serie-elite-18-000-btu\/#primaryimage\"},\"image\":{\"@id\":\"https:\/\/www.teleclub.com.py\/index.php\/product\/aire-split-tcl-on-off-serie-elite-18-000-btu\/#primaryimage\"},\"thumbnailUrl\":\"https:\/\/www.teleclub.com.py\/wp-content\/uploads\/2025\/06\/AIRE-SPLIT-TCL-ON-OFF-SERIE-ELITE-18.000-BTU.png\",\"datePublished\":\"2025-06-23T21:42:20+00:00\",\"dateModified\":\"2025-06-23T21:42:21+00:00\",\"description\":\"Aire Split TCL Serie Elite 18\u202f000\u202fBTU On\u2011Off fr\u00edo\/calor, filtros de i\u00f3n plata + carb\u00f3n activado, modo Turbo\/Eco\/Sleep, I\u2011FEEL, doble desag\u00fce.\",\"breadcrumb\":{\"@id\":\"https:\/\/www.teleclub.com.py\/index.php\/product\/aire-split-tcl-on-off-serie-elite-18-000-btu\/#breadcrumb\"},\"inLanguage\":\"es\",\"potentialAction\":[{\"@type\":\"ReadAction\",\"target\":[\"https:\/\/www.teleclub.com.py\/index.php\/product\/aire-split-tcl-on-off-serie-elite-18-000-btu\/\"]}]},{\"@type\":\"ImageObject\",\"inLanguage\":\"es\",\"@id\":\"https:\/\/www.teleclub.com.py\/index.php\/product\/aire-split-tcl-on-off-serie-elite-18-000-btu\/#primaryimage\",\"url\":\"https:\/\/www.teleclub.com.py\/wp-content\/uploads\/2025\/06\/AIRE-SPLIT-TCL-ON-OFF-SERIE-ELITE-18.000-BTU.png\",\"contentUrl\":\"https:\/\/www.teleclub.com.py\/wp-content\/uploads\/2025\/06\/AIRE-SPLIT-TCL-ON-OFF-SERIE-ELITE-18.000-BTU.png\",\"width\":1000,\"height\":1000},{\"@type\":\"BreadcrumbList\",\"@id\":\"https:\/\/www.teleclub.com.py\/index.php\/product\/aire-split-tcl-on-off-serie-elite-18-000-btu\/#breadcrumb\",\"itemListElement\":[{\"@type\":\"ListItem\",\"position\":1,\"name\":\"Portada\",\"item\":\"https:\/\/www.teleclub.com.py\/\"},{\"@type\":\"ListItem\",\"position\":2,\"name\":\"Shop\",\"item\":\"https:\/\/www.teleclub.com.py\/index.php\/shop-2\/\"},{\"@type\":\"ListItem\",\"position\":3,\"name\":\"AIRE SPLIT TCL ON &#8211; OFF SERIE ELITE 18.000 BTU\"}]},{\"@type\":\"WebSite\",\"@id\":\"https:\/\/www.teleclub.com.py\/#website\",\"url\":\"https:\/\/www.teleclub.com.py\/\",\"name\":\"Teleclub\",\"description\":\"Tu tienda online\",\"publisher\":{\"@id\":\"https:\/\/www.teleclub.com.py\/#organization\"},\"potentialAction\":[{\"@type\":\"SearchAction\",\"target\":{\"@type\":\"EntryPoint\",\"urlTemplate\":\"https:\/\/www.teleclub.com.py\/?s={search_term_string}\"},\"query-input\":{\"@type\":\"PropertyValueSpecification\",\"valueRequired\":true,\"valueName\":\"search_term_string\"}}],\"inLanguage\":\"es\"},{\"@type\":\"Organization\",\"@id\":\"https:\/\/www.teleclub.com.py\/#organization\",\"name\":\"Teleclub\",\"url\":\"https:\/\/www.teleclub.com.py\/\",\"logo\":{\"@type\":\"ImageObject\",\"inLanguage\":\"es\",\"@id\":\"https:\/\/www.teleclub.com.py\/#\/schema\/logo\/image\/\",\"url\":\"https:\/\/www.teleclub.com.py\/wp-content\/uploads\/2024\/09\/1611317346760_TeleClub_logo_FondoBlanco-2.jpg\",\"contentUrl\":\"https:\/\/www.teleclub.com.py\/wp-content\/uploads\/2024\/09\/1611317346760_TeleClub_logo_FondoBlanco-2.jpg\",\"width\":1600,\"height\":1600,\"caption\":\"Teleclub\"},\"image\":{\"@id\":\"https:\/\/www.teleclub.com.py\/#\/schema\/logo\/image\/\"},\"sameAs\":[\"https:\/\/www.facebook.com\/teleclubpy\",\"https:\/\/www.instagram.com\/teleclubpy\"]}]}<\/script>\n<!-- \/ Yoast SEO plugin. -->","yoast_head_json":{"title":"AIRE SPLIT TCL ON - OFF SERIE ELITE 18.000 BTU - Teleclub","description":"Aire Split TCL Serie Elite 18\u202f000\u202fBTU On\u2011Off fr\u00edo\/calor, filtros de i\u00f3n plata + carb\u00f3n activado, modo Turbo\/Eco\/Sleep, I\u2011FEEL, doble desag\u00fce.","robots":{"index":"index","follow":"follow","max-snippet":"max-snippet:-1","max-image-preview":"max-image-preview:large","max-video-preview":"max-video-preview:-1"},"canonical":"https:\/\/www.teleclub.com.py\/index.php\/product\/aire-split-tcl-on-off-serie-elite-18-000-btu\/","og_locale":"es_ES","og_type":"article","og_title":"AIRE SPLIT TCL ON - OFF SERIE ELITE 18.000 BTU - Teleclub","og_description":"Aire Split TCL Serie Elite 18\u202f000\u202fBTU On\u2011Off fr\u00edo\/calor, filtros de i\u00f3n plata + carb\u00f3n activado, modo Turbo\/Eco\/Sleep, I\u2011FEEL, doble desag\u00fce.","og_url":"https:\/\/www.teleclub.com.py\/index.php\/product\/aire-split-tcl-on-off-serie-elite-18-000-btu\/","og_site_name":"Teleclub","article_publisher":"https:\/\/www.facebook.com\/teleclubpy","article_modified_time":"2025-06-23T21:42:21+00:00","og_image":[{"width":1000,"height":1000,"url":"https:\/\/www.teleclub.com.py\/wp-content\/uploads\/2025\/06\/AIRE-SPLIT-TCL-ON-OFF-SERIE-ELITE-18.000-BTU.png","type":"image\/png"}],"twitter_card":"summary_large_image","twitter_misc":{"Tiempo de lectura":"1 minuto"},"schema":{"@context":"https:\/\/schema.org","@graph":[{"@type":"WebPage","@id":"https:\/\/www.teleclub.com.py\/index.php\/product\/aire-split-tcl-on-off-serie-elite-18-000-btu\/","url":"https:\/\/www.teleclub.com.py\/index.php\/product\/aire-split-tcl-on-off-serie-elite-18-000-btu\/","name":"AIRE SPLIT TCL ON - OFF SERIE ELITE 18.000 BTU - Teleclub","isPartOf":{"@id":"https:\/\/www.teleclub.com.py\/#website"},"primaryImageOfPage":{"@id":"https:\/\/www.teleclub.com.py\/index.php\/product\/aire-split-tcl-on-off-serie-elite-18-000-btu\/#primaryimage"},"image":{"@id":"https:\/\/www.teleclub.com.py\/index.php\/product\/aire-split-tcl-on-off-serie-elite-18-000-btu\/#primaryimage"},"thumbnailUrl":"https:\/\/www.teleclub.com.py\/wp-content\/uploads\/2025\/06\/AIRE-SPLIT-TCL-ON-OFF-SERIE-ELITE-18.000-BTU.png","datePublished":"2025-06-23T21:42:20+00:00","dateModified":"2025-06-23T21:42:21+00:00","description":"Aire Split TCL Serie Elite 18\u202f000\u202fBTU On\u2011Off fr\u00edo\/calor, filtros de i\u00f3n plata + carb\u00f3n activado, modo Turbo\/Eco\/Sleep, I\u2011FEEL, doble desag\u00fce.","breadcrumb":{"@id":"https:\/\/www.teleclub.com.py\/index.php\/product\/aire-split-tcl-on-off-serie-elite-18-000-btu\/#breadcrumb"},"inLanguage":"es","potentialAction":[{"@type":"ReadAction","target":["https:\/\/www.teleclub.com.py\/index.php\/product\/aire-split-tcl-on-off-serie-elite-18-000-btu\/"]}]},{"@type":"ImageObject","inLanguage":"es","@id":"https:\/\/www.teleclub.com.py\/index.php\/product\/aire-split-tcl-on-off-serie-elite-18-000-btu\/#primaryimage","url":"https:\/\/www.teleclub.com.py\/wp-content\/uploads\/2025\/06\/AIRE-SPLIT-TCL-ON-OFF-SERIE-ELITE-18.000-BTU.png","contentUrl":"https:\/\/www.teleclub.com.py\/wp-content\/uploads\/2025\/06\/AIRE-SPLIT-TCL-ON-OFF-SERIE-ELITE-18.000-BTU.png","width":1000,"height":1000},{"@type":"BreadcrumbList","@id":"https:\/\/www.teleclub.com.py\/index.php\/product\/aire-split-tcl-on-off-serie-elite-18-000-btu\/#breadcrumb","itemListElement":[{"@type":"ListItem","position":1,"name":"Portada","item":"https:\/\/www.teleclub.com.py\/"},{"@type":"ListItem","position":2,"name":"Shop","item":"https:\/\/www.teleclub.com.py\/index.php\/shop-2\/"},{"@type":"ListItem","position":3,"name":"AIRE SPLIT TCL ON &#8211; OFF SERIE ELITE 18.000 BTU"}]},{"@type":"WebSite","@id":"https:\/\/www.teleclub.com.py\/#website","url":"https:\/\/www.teleclub.com.py\/","name":"Teleclub","description":"Tu tienda online","publisher":{"@id":"https:\/\/www.teleclub.com.py\/#organization"},"potentialAction":[{"@type":"SearchAction","target":{"@type":"EntryPoint","urlTemplate":"https:\/\/www.teleclub.com.py\/?s={search_term_string}"},"query-input":{"@type":"PropertyValueSpecification","valueRequired":true,"valueName":"search_term_string"}}],"inLanguage":"es"},{"@type":"Organization","@id":"https:\/\/www.teleclub.com.py\/#organization","name":"Teleclub","url":"https:\/\/www.teleclub.com.py\/","logo":{"@type":"ImageObject","inLanguage":"es","@id":"https:\/\/www.teleclub.com.py\/#\/schema\/logo\/image\/","url":"https:\/\/www.teleclub.com.py\/wp-content\/uploads\/2024\/09\/1611317346760_TeleClub_logo_FondoBlanco-2.jpg","contentUrl":"https:\/\/www.teleclub.com.py\/wp-content\/uploads\/2024\/09\/1611317346760_TeleClub_logo_FondoBlanco-2.jpg","width":1600,"height":1600,"caption":"Teleclub"},"image":{"@id":"https:\/\/www.teleclub.com.py\/#\/schema\/logo\/image\/"},"sameAs":["https:\/\/www.facebook.com\/teleclubpy","https:\/\/www.instagram.com\/teleclubpy"]}]}},"_links":{"self":[{"href":"https:\/\/www.teleclub.com.py\/index.php\/wp-json\/wp\/v2\/product\/14412","targetHints":{"allow":["GET"]}}],"collection":[{"href":"https:\/\/www.teleclub.com.py\/index.php\/wp-json\/wp\/v2\/product"}],"about":[{"href":"https:\/\/www.teleclub.com.py\/index.php\/wp-json\/wp\/v2\/types\/product"}],"wp:featuredmedia":[{"embeddable":true,"href":"https:\/\/www.teleclub.com.py\/index.php\/wp-json\/wp\/v2\/media\/14414"}],"wp:attachment":[{"href":"https:\/\/www.teleclub.com.py\/index.php\/wp-json\/wp\/v2\/media?parent=14412"}],"wp:term":[{"taxonomy":"product_cat","embeddable":true,"href":"https:\/\/www.teleclub.com.py\/index.php\/wp-json\/wp\/v2\/product_cat?post=14412"},{"taxonomy":"product_tag","embeddable":true,"href":"https:\/\/www.teleclub.com.py\/index.php\/wp-json\/wp\/v2\/product_tag?post=14412"}],"curies":[{"name":"wp","href":"https:\/\/api.w.org\/{rel}","templated":true}]}}