{"id":14323,"date":"2025-06-18T16:02:30","date_gmt":"2025-06-18T19:02:30","guid":{"rendered":"https:\/\/www.teleclub.com.py\/?post_type=product&#038;p=14323"},"modified":"2025-06-18T16:02:30","modified_gmt":"2025-06-18T19:02:30","slug":"set-mate-c-bombilla-y-termo-500ml-rosa","status":"publish","type":"product","link":"https:\/\/www.teleclub.com.py\/index.php\/product\/set-mate-c-bombilla-y-termo-500ml-rosa\/","title":{"rendered":"SET MATE C\/BOMBILLA Y TERMO 500ML ROSA"},"content":{"rendered":"<p><span class=\"relative -mx-px my-[-0.2rem] rounded px-px py-[0.2rem] transition-colors duration-100 ease-in-out\">Disfrut\u00e1 del ritual del mate con estilo y practicidad gracias a este set completo en un elegante color rosa. Incluye un termo de <strong data-start=\"129\" data-end=\"139\">500\u202fml<\/strong> de capacidad, con <strong data-start=\"158\" data-end=\"182\">doble pared aislante<\/strong>, que conserva bebidas calientes hasta <strong data-start=\"221\" data-end=\"229\">12\u202fh<\/strong> o fr\u00edas durante <strong data-start=\"246\" data-end=\"253\">8\u202fh<\/strong>, seg\u00fan pruebas de producto<\/span>. <span class=\"relative -mx-px my-[-0.2rem] rounded px-px py-[0.2rem] transition-colors duration-100 ease-in-out\">Viene acompa\u00f1ado de un mate de acero inoxidable (aproximadamente 140\u202fml), elegante y f\u00e1cil de limpiar, junto a una bombilla met\u00e1lica funcional. Pack ideal para regalar o para quienes quieren disfrutar de su infusi\u00f3n preferida en cualquier lugar<\/span> .<\/p>\n","protected":false},"excerpt":{"rendered":"<table>\n<thead>\n<tr>\n<th>Elemento<\/th>\n<th>Detalle<\/th>\n<\/tr>\n<\/thead>\n<tbody>\n<tr>\n<td><strong>Termo<\/strong><\/td>\n<td>500\u202fml \u2013 doble pared, resistente, con tapa segura<\/td>\n<\/tr>\n<tr>\n<td><strong>Mate<\/strong><\/td>\n<td>140\u202fml (7.3\u202fcm \u00d7 9\u202fcm), acero inoxidable, f\u00e1cil de limpiar<\/td>\n<\/tr>\n<tr>\n<td><strong>Bombilla<\/strong><\/td>\n<td>Met\u00e1lica \u2013 filtro est\u00e1ndar, incl. en el set<\/td>\n<\/tr>\n<tr>\n<td><strong>Color<\/strong><\/td>\n<td>Rosa \u2013 uniforme en recipiente y detalles<\/td>\n<\/tr>\n<tr>\n<td><strong>Conservaci\u00f3n t\u00e9rmica<\/strong><\/td>\n<td>Caliente: hasta 12\u202fh; fr\u00edo: hasta 8\u202fh<\/td>\n<\/tr>\n<tr>\n<td><strong>Dimensiones<\/strong><\/td>\n<td>Termo: \u00d8\u202f6.8\u202fcm \u00d7 H\u202f25\u202fcm; Mate: \u00d8\u202f7.3\u202fcm \u00d7 H\u202f9\u202fcm<\/td>\n<\/tr>\n<\/tbody>\n<\/table>\n","protected":false},"featured_media":14324,"template":"","meta":{"om_disable_all_campaigns":false},"product_cat":[374,388],"product_tag":[],"class_list":{"0":"post-14323","1":"product","2":"type-product","3":"status-publish","4":"has-post-thumbnail","6":"product_cat-electrodomesticos-2","7":"product_cat-hervidoras-electrodomesticos-2","9":"first","10":"instock","11":"shipping-taxable","12":"purchasable","13":"product-type-simple"},"yoast_head":"<!-- This site is optimized with the Yoast SEO plugin v23.6 - https:\/\/yoast.com\/wordpress\/plugins\/seo\/ -->\n<title>SET MATE C\/BOMBILLA Y TERMO 500ML ROSA - Teleclub<\/title>\n<meta name=\"description\" content=\"Set matero Selecta rosa: termo 500\u202fml, mate y bombilla. Conserva calor 12\u202fh y fr\u00edo 8\u202fh. Pr\u00e1ctico y elegante. Ideal para regalar.\" \/>\n<meta name=\"robots\" content=\"index, follow, max-snippet:-1, max-image-preview:large, max-video-preview:-1\" \/>\n<link rel=\"canonical\" href=\"https:\/\/www.teleclub.com.py\/index.php\/product\/set-mate-c-bombilla-y-termo-500ml-rosa\/\" \/>\n<meta property=\"og:locale\" content=\"es_ES\" \/>\n<meta property=\"og:type\" content=\"article\" \/>\n<meta property=\"og:title\" content=\"SET MATE C\/BOMBILLA Y TERMO 500ML ROSA - Teleclub\" \/>\n<meta property=\"og:description\" content=\"Set matero Selecta rosa: termo 500\u202fml, mate y bombilla. Conserva calor 12\u202fh y fr\u00edo 8\u202fh. Pr\u00e1ctico y elegante. Ideal para regalar.\" \/>\n<meta property=\"og:url\" content=\"https:\/\/www.teleclub.com.py\/index.php\/product\/set-mate-c-bombilla-y-termo-500ml-rosa\/\" \/>\n<meta property=\"og:site_name\" content=\"Teleclub\" \/>\n<meta property=\"article:publisher\" content=\"https:\/\/www.facebook.com\/teleclubpy\" \/>\n<meta property=\"og:image\" content=\"https:\/\/www.teleclub.com.py\/wp-content\/uploads\/2025\/06\/set-mate-c-bombilla-y-termo-500ml-rosa.jpg\" \/>\n\t<meta property=\"og:image:width\" content=\"800\" \/>\n\t<meta property=\"og:image:height\" content=\"800\" \/>\n\t<meta property=\"og:image:type\" content=\"image\/jpeg\" \/>\n<meta name=\"twitter:card\" content=\"summary_large_image\" \/>\n<meta name=\"twitter:label1\" content=\"Tiempo de lectura\" \/>\n\t<meta name=\"twitter:data1\" content=\"1 minuto\" \/>\n<script type=\"application\/ld+json\" class=\"yoast-schema-graph\">{\"@context\":\"https:\/\/schema.org\",\"@graph\":[{\"@type\":\"WebPage\",\"@id\":\"https:\/\/www.teleclub.com.py\/index.php\/product\/set-mate-c-bombilla-y-termo-500ml-rosa\/\",\"url\":\"https:\/\/www.teleclub.com.py\/index.php\/product\/set-mate-c-bombilla-y-termo-500ml-rosa\/\",\"name\":\"SET MATE C\/BOMBILLA Y TERMO 500ML ROSA - Teleclub\",\"isPartOf\":{\"@id\":\"https:\/\/www.teleclub.com.py\/#website\"},\"primaryImageOfPage\":{\"@id\":\"https:\/\/www.teleclub.com.py\/index.php\/product\/set-mate-c-bombilla-y-termo-500ml-rosa\/#primaryimage\"},\"image\":{\"@id\":\"https:\/\/www.teleclub.com.py\/index.php\/product\/set-mate-c-bombilla-y-termo-500ml-rosa\/#primaryimage\"},\"thumbnailUrl\":\"https:\/\/www.teleclub.com.py\/wp-content\/uploads\/2025\/06\/set-mate-c-bombilla-y-termo-500ml-rosa.jpg\",\"datePublished\":\"2025-06-18T19:02:30+00:00\",\"dateModified\":\"2025-06-18T19:02:30+00:00\",\"description\":\"Set matero Selecta rosa: termo 500\u202fml, mate y bombilla. Conserva calor 12\u202fh y fr\u00edo 8\u202fh. Pr\u00e1ctico y elegante. Ideal para regalar.\",\"breadcrumb\":{\"@id\":\"https:\/\/www.teleclub.com.py\/index.php\/product\/set-mate-c-bombilla-y-termo-500ml-rosa\/#breadcrumb\"},\"inLanguage\":\"es\",\"potentialAction\":[{\"@type\":\"ReadAction\",\"target\":[\"https:\/\/www.teleclub.com.py\/index.php\/product\/set-mate-c-bombilla-y-termo-500ml-rosa\/\"]}]},{\"@type\":\"ImageObject\",\"inLanguage\":\"es\",\"@id\":\"https:\/\/www.teleclub.com.py\/index.php\/product\/set-mate-c-bombilla-y-termo-500ml-rosa\/#primaryimage\",\"url\":\"https:\/\/www.teleclub.com.py\/wp-content\/uploads\/2025\/06\/set-mate-c-bombilla-y-termo-500ml-rosa.jpg\",\"contentUrl\":\"https:\/\/www.teleclub.com.py\/wp-content\/uploads\/2025\/06\/set-mate-c-bombilla-y-termo-500ml-rosa.jpg\",\"width\":800,\"height\":800},{\"@type\":\"BreadcrumbList\",\"@id\":\"https:\/\/www.teleclub.com.py\/index.php\/product\/set-mate-c-bombilla-y-termo-500ml-rosa\/#breadcrumb\",\"itemListElement\":[{\"@type\":\"ListItem\",\"position\":1,\"name\":\"Portada\",\"item\":\"https:\/\/www.teleclub.com.py\/\"},{\"@type\":\"ListItem\",\"position\":2,\"name\":\"Shop\",\"item\":\"https:\/\/www.teleclub.com.py\/index.php\/shop-2\/\"},{\"@type\":\"ListItem\",\"position\":3,\"name\":\"SET MATE C\/BOMBILLA Y TERMO 500ML ROSA\"}]},{\"@type\":\"WebSite\",\"@id\":\"https:\/\/www.teleclub.com.py\/#website\",\"url\":\"https:\/\/www.teleclub.com.py\/\",\"name\":\"Teleclub\",\"description\":\"Tu tienda online\",\"publisher\":{\"@id\":\"https:\/\/www.teleclub.com.py\/#organization\"},\"potentialAction\":[{\"@type\":\"SearchAction\",\"target\":{\"@type\":\"EntryPoint\",\"urlTemplate\":\"https:\/\/www.teleclub.com.py\/?s={search_term_string}\"},\"query-input\":{\"@type\":\"PropertyValueSpecification\",\"valueRequired\":true,\"valueName\":\"search_term_string\"}}],\"inLanguage\":\"es\"},{\"@type\":\"Organization\",\"@id\":\"https:\/\/www.teleclub.com.py\/#organization\",\"name\":\"Teleclub\",\"url\":\"https:\/\/www.teleclub.com.py\/\",\"logo\":{\"@type\":\"ImageObject\",\"inLanguage\":\"es\",\"@id\":\"https:\/\/www.teleclub.com.py\/#\/schema\/logo\/image\/\",\"url\":\"https:\/\/www.teleclub.com.py\/wp-content\/uploads\/2024\/09\/1611317346760_TeleClub_logo_FondoBlanco-2.jpg\",\"contentUrl\":\"https:\/\/www.teleclub.com.py\/wp-content\/uploads\/2024\/09\/1611317346760_TeleClub_logo_FondoBlanco-2.jpg\",\"width\":1600,\"height\":1600,\"caption\":\"Teleclub\"},\"image\":{\"@id\":\"https:\/\/www.teleclub.com.py\/#\/schema\/logo\/image\/\"},\"sameAs\":[\"https:\/\/www.facebook.com\/teleclubpy\",\"https:\/\/www.instagram.com\/teleclubpy\"]}]}<\/script>\n<!-- \/ Yoast SEO plugin. -->","yoast_head_json":{"title":"SET MATE C\/BOMBILLA Y TERMO 500ML ROSA - Teleclub","description":"Set matero Selecta rosa: termo 500\u202fml, mate y bombilla. Conserva calor 12\u202fh y fr\u00edo 8\u202fh. Pr\u00e1ctico y elegante. Ideal para regalar.","robots":{"index":"index","follow":"follow","max-snippet":"max-snippet:-1","max-image-preview":"max-image-preview:large","max-video-preview":"max-video-preview:-1"},"canonical":"https:\/\/www.teleclub.com.py\/index.php\/product\/set-mate-c-bombilla-y-termo-500ml-rosa\/","og_locale":"es_ES","og_type":"article","og_title":"SET MATE C\/BOMBILLA Y TERMO 500ML ROSA - Teleclub","og_description":"Set matero Selecta rosa: termo 500\u202fml, mate y bombilla. Conserva calor 12\u202fh y fr\u00edo 8\u202fh. Pr\u00e1ctico y elegante. Ideal para regalar.","og_url":"https:\/\/www.teleclub.com.py\/index.php\/product\/set-mate-c-bombilla-y-termo-500ml-rosa\/","og_site_name":"Teleclub","article_publisher":"https:\/\/www.facebook.com\/teleclubpy","og_image":[{"width":800,"height":800,"url":"https:\/\/www.teleclub.com.py\/wp-content\/uploads\/2025\/06\/set-mate-c-bombilla-y-termo-500ml-rosa.jpg","type":"image\/jpeg"}],"twitter_card":"summary_large_image","twitter_misc":{"Tiempo de lectura":"1 minuto"},"schema":{"@context":"https:\/\/schema.org","@graph":[{"@type":"WebPage","@id":"https:\/\/www.teleclub.com.py\/index.php\/product\/set-mate-c-bombilla-y-termo-500ml-rosa\/","url":"https:\/\/www.teleclub.com.py\/index.php\/product\/set-mate-c-bombilla-y-termo-500ml-rosa\/","name":"SET MATE C\/BOMBILLA Y TERMO 500ML ROSA - Teleclub","isPartOf":{"@id":"https:\/\/www.teleclub.com.py\/#website"},"primaryImageOfPage":{"@id":"https:\/\/www.teleclub.com.py\/index.php\/product\/set-mate-c-bombilla-y-termo-500ml-rosa\/#primaryimage"},"image":{"@id":"https:\/\/www.teleclub.com.py\/index.php\/product\/set-mate-c-bombilla-y-termo-500ml-rosa\/#primaryimage"},"thumbnailUrl":"https:\/\/www.teleclub.com.py\/wp-content\/uploads\/2025\/06\/set-mate-c-bombilla-y-termo-500ml-rosa.jpg","datePublished":"2025-06-18T19:02:30+00:00","dateModified":"2025-06-18T19:02:30+00:00","description":"Set matero Selecta rosa: termo 500\u202fml, mate y bombilla. Conserva calor 12\u202fh y fr\u00edo 8\u202fh. Pr\u00e1ctico y elegante. Ideal para regalar.","breadcrumb":{"@id":"https:\/\/www.teleclub.com.py\/index.php\/product\/set-mate-c-bombilla-y-termo-500ml-rosa\/#breadcrumb"},"inLanguage":"es","potentialAction":[{"@type":"ReadAction","target":["https:\/\/www.teleclub.com.py\/index.php\/product\/set-mate-c-bombilla-y-termo-500ml-rosa\/"]}]},{"@type":"ImageObject","inLanguage":"es","@id":"https:\/\/www.teleclub.com.py\/index.php\/product\/set-mate-c-bombilla-y-termo-500ml-rosa\/#primaryimage","url":"https:\/\/www.teleclub.com.py\/wp-content\/uploads\/2025\/06\/set-mate-c-bombilla-y-termo-500ml-rosa.jpg","contentUrl":"https:\/\/www.teleclub.com.py\/wp-content\/uploads\/2025\/06\/set-mate-c-bombilla-y-termo-500ml-rosa.jpg","width":800,"height":800},{"@type":"BreadcrumbList","@id":"https:\/\/www.teleclub.com.py\/index.php\/product\/set-mate-c-bombilla-y-termo-500ml-rosa\/#breadcrumb","itemListElement":[{"@type":"ListItem","position":1,"name":"Portada","item":"https:\/\/www.teleclub.com.py\/"},{"@type":"ListItem","position":2,"name":"Shop","item":"https:\/\/www.teleclub.com.py\/index.php\/shop-2\/"},{"@type":"ListItem","position":3,"name":"SET MATE C\/BOMBILLA Y TERMO 500ML ROSA"}]},{"@type":"WebSite","@id":"https:\/\/www.teleclub.com.py\/#website","url":"https:\/\/www.teleclub.com.py\/","name":"Teleclub","description":"Tu tienda online","publisher":{"@id":"https:\/\/www.teleclub.com.py\/#organization"},"potentialAction":[{"@type":"SearchAction","target":{"@type":"EntryPoint","urlTemplate":"https:\/\/www.teleclub.com.py\/?s={search_term_string}"},"query-input":{"@type":"PropertyValueSpecification","valueRequired":true,"valueName":"search_term_string"}}],"inLanguage":"es"},{"@type":"Organization","@id":"https:\/\/www.teleclub.com.py\/#organization","name":"Teleclub","url":"https:\/\/www.teleclub.com.py\/","logo":{"@type":"ImageObject","inLanguage":"es","@id":"https:\/\/www.teleclub.com.py\/#\/schema\/logo\/image\/","url":"https:\/\/www.teleclub.com.py\/wp-content\/uploads\/2024\/09\/1611317346760_TeleClub_logo_FondoBlanco-2.jpg","contentUrl":"https:\/\/www.teleclub.com.py\/wp-content\/uploads\/2024\/09\/1611317346760_TeleClub_logo_FondoBlanco-2.jpg","width":1600,"height":1600,"caption":"Teleclub"},"image":{"@id":"https:\/\/www.teleclub.com.py\/#\/schema\/logo\/image\/"},"sameAs":["https:\/\/www.facebook.com\/teleclubpy","https:\/\/www.instagram.com\/teleclubpy"]}]}},"_links":{"self":[{"href":"https:\/\/www.teleclub.com.py\/index.php\/wp-json\/wp\/v2\/product\/14323","targetHints":{"allow":["GET"]}}],"collection":[{"href":"https:\/\/www.teleclub.com.py\/index.php\/wp-json\/wp\/v2\/product"}],"about":[{"href":"https:\/\/www.teleclub.com.py\/index.php\/wp-json\/wp\/v2\/types\/product"}],"wp:featuredmedia":[{"embeddable":true,"href":"https:\/\/www.teleclub.com.py\/index.php\/wp-json\/wp\/v2\/media\/14324"}],"wp:attachment":[{"href":"https:\/\/www.teleclub.com.py\/index.php\/wp-json\/wp\/v2\/media?parent=14323"}],"wp:term":[{"taxonomy":"product_cat","embeddable":true,"href":"https:\/\/www.teleclub.com.py\/index.php\/wp-json\/wp\/v2\/product_cat?post=14323"},{"taxonomy":"product_tag","embeddable":true,"href":"https:\/\/www.teleclub.com.py\/index.php\/wp-json\/wp\/v2\/product_tag?post=14323"}],"curies":[{"name":"wp","href":"https:\/\/api.w.org\/{rel}","templated":true}]}}