{"id":14201,"date":"2025-06-18T10:57:28","date_gmt":"2025-06-18T13:57:28","guid":{"rendered":"https:\/\/www.teleclub.com.py\/?post_type=product&#038;p=14201"},"modified":"2025-06-18T10:57:28","modified_gmt":"2025-06-18T13:57:28","slug":"termo-1-2l-c-tapa-mate-ac-inox-duo","status":"publish","type":"product","link":"https:\/\/www.teleclub.com.py\/index.php\/product\/termo-1-2l-c-tapa-mate-ac-inox-duo\/","title":{"rendered":"TERMO 1.2L C\/TAPA MATE AC.INOX DUO"},"content":{"rendered":"<p data-start=\"238\" data-end=\"557\">Practicidad y estilo se combinan en el <strong data-start=\"277\" data-end=\"318\">Termo DUO de 1.2 litros con tapa mate<\/strong>, ideal para disfrutar de tu bebida favorita en cualquier momento y lugar. Fabricado en <strong data-start=\"406\" data-end=\"442\">acero inoxidable de alta calidad<\/strong>, este termo ofrece m\u00e1xima durabilidad y excelente capacidad t\u00e9rmica para mantener el agua caliente por m\u00e1s tiempo.<\/p>\n<p data-start=\"559\" data-end=\"836\">Su dise\u00f1o funcional incluye una <strong data-start=\"591\" data-end=\"627\">tapa que se puede usar como mate<\/strong>, perfecta para quienes buscan comodidad sin cargar accesorios extra. Adem\u00e1s, su cuerpo de <strong data-start=\"718\" data-end=\"741\">doble pared t\u00e9rmica<\/strong> mantiene la temperatura por horas, y su sistema de vertido es seguro, preciso y f\u00e1cil de usar.<\/p>\n<p data-start=\"838\" data-end=\"986\">Ya sea en la oficina, al aire libre o en tus reuniones, el <strong data-start=\"897\" data-end=\"915\">termo DUO 1.2L<\/strong> es tu compa\u00f1ero ideal para compartir buenos momentos con un buen mate.<\/p>\n","protected":false},"excerpt":{"rendered":"<ul>\n<li data-start=\"1217\" data-end=\"1242\">\n<p data-start=\"1219\" data-end=\"1242\">Capacidad: 1.2 litros<\/p>\n<\/li>\n<li data-start=\"1243\" data-end=\"1273\">\n<p data-start=\"1245\" data-end=\"1273\">Material: Acero inoxidable<\/p>\n<\/li>\n<li data-start=\"1274\" data-end=\"1312\">\n<p data-start=\"1276\" data-end=\"1312\">Tapa multifunci\u00f3n: sirve como mate<\/p>\n<\/li>\n<li data-start=\"1313\" data-end=\"1376\">\n<p data-start=\"1315\" data-end=\"1376\">Doble pared t\u00e9rmica: conserva la temperatura por m\u00e1s tiempo<\/p>\n<\/li>\n<li data-start=\"1377\" data-end=\"1417\">\n<p data-start=\"1379\" data-end=\"1417\">Sistema de vertido seguro y pr\u00e1ctico<\/p>\n<\/li>\n<li data-start=\"1418\" data-end=\"1457\">\n<p data-start=\"1420\" data-end=\"1457\">Resistente a golpes y al uso diario<\/p>\n<\/li>\n<li data-start=\"1458\" data-end=\"1478\">\n<p data-start=\"1460\" data-end=\"1478\">F\u00e1cil de limpiar<\/p>\n<\/li>\n<li data-start=\"1479\" data-end=\"1529\">\n<p data-start=\"1481\" data-end=\"1529\">Ideal para uso en exteriores, oficina o viajes<\/p>\n<\/li>\n<li data-start=\"1530\" data-end=\"1559\">\n<p data-start=\"1532\" data-end=\"1559\">Dise\u00f1o robusto y elegante<\/p>\n<\/li>\n<li data-start=\"1560\" data-end=\"1574\">\n<p data-start=\"1562\" data-end=\"1574\">Marca: DUO<\/p>\n<\/li>\n<\/ul>\n","protected":false},"featured_media":14202,"template":"","meta":{"om_disable_all_campaigns":false},"product_cat":[374,388],"product_tag":[],"class_list":{"0":"post-14201","1":"product","2":"type-product","3":"status-publish","4":"has-post-thumbnail","6":"product_cat-electrodomesticos-2","7":"product_cat-hervidoras-electrodomesticos-2","9":"first","10":"instock","11":"shipping-taxable","12":"purchasable","13":"product-type-simple"},"yoast_head":"<!-- This site is optimized with the Yoast SEO plugin v23.6 - https:\/\/yoast.com\/wordpress\/plugins\/seo\/ -->\n<title>TERMO 1.2L C\/TAPA MATE AC.INOX DUO - Teleclub<\/title>\n<meta name=\"description\" content=\"Termo DUO de 1.2L con tapa mate. Fabricado en acero inoxidable, conserva la temperatura por horas. Pr\u00e1ctico, resistente y listo para cebar.\" \/>\n<meta name=\"robots\" content=\"index, follow, max-snippet:-1, max-image-preview:large, max-video-preview:-1\" \/>\n<link rel=\"canonical\" href=\"https:\/\/www.teleclub.com.py\/index.php\/product\/termo-1-2l-c-tapa-mate-ac-inox-duo\/\" \/>\n<meta property=\"og:locale\" content=\"es_ES\" \/>\n<meta property=\"og:type\" content=\"article\" \/>\n<meta property=\"og:title\" content=\"TERMO 1.2L C\/TAPA MATE AC.INOX DUO - Teleclub\" \/>\n<meta property=\"og:description\" content=\"Termo DUO de 1.2L con tapa mate. Fabricado en acero inoxidable, conserva la temperatura por horas. Pr\u00e1ctico, resistente y listo para cebar.\" \/>\n<meta property=\"og:url\" content=\"https:\/\/www.teleclub.com.py\/index.php\/product\/termo-1-2l-c-tapa-mate-ac-inox-duo\/\" \/>\n<meta property=\"og:site_name\" content=\"Teleclub\" \/>\n<meta property=\"article:publisher\" content=\"https:\/\/www.facebook.com\/teleclubpy\" \/>\n<meta property=\"og:image\" content=\"https:\/\/www.teleclub.com.py\/wp-content\/uploads\/2025\/06\/TERMO-1.2L-C-TAPA-MATE-AC.INOX-DUO-VERDE-e1750192853708.jpg\" \/>\n\t<meta property=\"og:image:width\" content=\"388\" \/>\n\t<meta property=\"og:image:height\" content=\"396\" \/>\n\t<meta property=\"og:image:type\" content=\"image\/jpeg\" \/>\n<meta name=\"twitter:card\" content=\"summary_large_image\" \/>\n<meta name=\"twitter:label1\" content=\"Tiempo de lectura\" \/>\n\t<meta name=\"twitter:data1\" content=\"1 minuto\" \/>\n<script type=\"application\/ld+json\" class=\"yoast-schema-graph\">{\"@context\":\"https:\/\/schema.org\",\"@graph\":[{\"@type\":\"WebPage\",\"@id\":\"https:\/\/www.teleclub.com.py\/index.php\/product\/termo-1-2l-c-tapa-mate-ac-inox-duo\/\",\"url\":\"https:\/\/www.teleclub.com.py\/index.php\/product\/termo-1-2l-c-tapa-mate-ac-inox-duo\/\",\"name\":\"TERMO 1.2L C\/TAPA MATE AC.INOX DUO - Teleclub\",\"isPartOf\":{\"@id\":\"https:\/\/www.teleclub.com.py\/#website\"},\"primaryImageOfPage\":{\"@id\":\"https:\/\/www.teleclub.com.py\/index.php\/product\/termo-1-2l-c-tapa-mate-ac-inox-duo\/#primaryimage\"},\"image\":{\"@id\":\"https:\/\/www.teleclub.com.py\/index.php\/product\/termo-1-2l-c-tapa-mate-ac-inox-duo\/#primaryimage\"},\"thumbnailUrl\":\"https:\/\/www.teleclub.com.py\/wp-content\/uploads\/2025\/06\/TERMO-1.2L-C-TAPA-MATE-AC.INOX-DUO-VERDE-e1750192853708.jpg\",\"datePublished\":\"2025-06-18T13:57:28+00:00\",\"dateModified\":\"2025-06-18T13:57:28+00:00\",\"description\":\"Termo DUO de 1.2L con tapa mate. Fabricado en acero inoxidable, conserva la temperatura por horas. Pr\u00e1ctico, resistente y listo para cebar.\",\"breadcrumb\":{\"@id\":\"https:\/\/www.teleclub.com.py\/index.php\/product\/termo-1-2l-c-tapa-mate-ac-inox-duo\/#breadcrumb\"},\"inLanguage\":\"es\",\"potentialAction\":[{\"@type\":\"ReadAction\",\"target\":[\"https:\/\/www.teleclub.com.py\/index.php\/product\/termo-1-2l-c-tapa-mate-ac-inox-duo\/\"]}]},{\"@type\":\"ImageObject\",\"inLanguage\":\"es\",\"@id\":\"https:\/\/www.teleclub.com.py\/index.php\/product\/termo-1-2l-c-tapa-mate-ac-inox-duo\/#primaryimage\",\"url\":\"https:\/\/www.teleclub.com.py\/wp-content\/uploads\/2025\/06\/TERMO-1.2L-C-TAPA-MATE-AC.INOX-DUO-VERDE-e1750192853708.jpg\",\"contentUrl\":\"https:\/\/www.teleclub.com.py\/wp-content\/uploads\/2025\/06\/TERMO-1.2L-C-TAPA-MATE-AC.INOX-DUO-VERDE-e1750192853708.jpg\",\"width\":388,\"height\":396},{\"@type\":\"BreadcrumbList\",\"@id\":\"https:\/\/www.teleclub.com.py\/index.php\/product\/termo-1-2l-c-tapa-mate-ac-inox-duo\/#breadcrumb\",\"itemListElement\":[{\"@type\":\"ListItem\",\"position\":1,\"name\":\"Portada\",\"item\":\"https:\/\/www.teleclub.com.py\/\"},{\"@type\":\"ListItem\",\"position\":2,\"name\":\"Shop\",\"item\":\"https:\/\/www.teleclub.com.py\/index.php\/shop-2\/\"},{\"@type\":\"ListItem\",\"position\":3,\"name\":\"TERMO 1.2L C\/TAPA MATE AC.INOX DUO\"}]},{\"@type\":\"WebSite\",\"@id\":\"https:\/\/www.teleclub.com.py\/#website\",\"url\":\"https:\/\/www.teleclub.com.py\/\",\"name\":\"Teleclub\",\"description\":\"Tu tienda online\",\"publisher\":{\"@id\":\"https:\/\/www.teleclub.com.py\/#organization\"},\"potentialAction\":[{\"@type\":\"SearchAction\",\"target\":{\"@type\":\"EntryPoint\",\"urlTemplate\":\"https:\/\/www.teleclub.com.py\/?s={search_term_string}\"},\"query-input\":{\"@type\":\"PropertyValueSpecification\",\"valueRequired\":true,\"valueName\":\"search_term_string\"}}],\"inLanguage\":\"es\"},{\"@type\":\"Organization\",\"@id\":\"https:\/\/www.teleclub.com.py\/#organization\",\"name\":\"Teleclub\",\"url\":\"https:\/\/www.teleclub.com.py\/\",\"logo\":{\"@type\":\"ImageObject\",\"inLanguage\":\"es\",\"@id\":\"https:\/\/www.teleclub.com.py\/#\/schema\/logo\/image\/\",\"url\":\"https:\/\/www.teleclub.com.py\/wp-content\/uploads\/2024\/09\/1611317346760_TeleClub_logo_FondoBlanco-2.jpg\",\"contentUrl\":\"https:\/\/www.teleclub.com.py\/wp-content\/uploads\/2024\/09\/1611317346760_TeleClub_logo_FondoBlanco-2.jpg\",\"width\":1600,\"height\":1600,\"caption\":\"Teleclub\"},\"image\":{\"@id\":\"https:\/\/www.teleclub.com.py\/#\/schema\/logo\/image\/\"},\"sameAs\":[\"https:\/\/www.facebook.com\/teleclubpy\",\"https:\/\/www.instagram.com\/teleclubpy\"]}]}<\/script>\n<!-- \/ Yoast SEO plugin. -->","yoast_head_json":{"title":"TERMO 1.2L C\/TAPA MATE AC.INOX DUO - Teleclub","description":"Termo DUO de 1.2L con tapa mate. Fabricado en acero inoxidable, conserva la temperatura por horas. Pr\u00e1ctico, resistente y listo para cebar.","robots":{"index":"index","follow":"follow","max-snippet":"max-snippet:-1","max-image-preview":"max-image-preview:large","max-video-preview":"max-video-preview:-1"},"canonical":"https:\/\/www.teleclub.com.py\/index.php\/product\/termo-1-2l-c-tapa-mate-ac-inox-duo\/","og_locale":"es_ES","og_type":"article","og_title":"TERMO 1.2L C\/TAPA MATE AC.INOX DUO - Teleclub","og_description":"Termo DUO de 1.2L con tapa mate. Fabricado en acero inoxidable, conserva la temperatura por horas. Pr\u00e1ctico, resistente y listo para cebar.","og_url":"https:\/\/www.teleclub.com.py\/index.php\/product\/termo-1-2l-c-tapa-mate-ac-inox-duo\/","og_site_name":"Teleclub","article_publisher":"https:\/\/www.facebook.com\/teleclubpy","og_image":[{"width":388,"height":396,"url":"https:\/\/www.teleclub.com.py\/wp-content\/uploads\/2025\/06\/TERMO-1.2L-C-TAPA-MATE-AC.INOX-DUO-VERDE-e1750192853708.jpg","type":"image\/jpeg"}],"twitter_card":"summary_large_image","twitter_misc":{"Tiempo de lectura":"1 minuto"},"schema":{"@context":"https:\/\/schema.org","@graph":[{"@type":"WebPage","@id":"https:\/\/www.teleclub.com.py\/index.php\/product\/termo-1-2l-c-tapa-mate-ac-inox-duo\/","url":"https:\/\/www.teleclub.com.py\/index.php\/product\/termo-1-2l-c-tapa-mate-ac-inox-duo\/","name":"TERMO 1.2L C\/TAPA MATE AC.INOX DUO - Teleclub","isPartOf":{"@id":"https:\/\/www.teleclub.com.py\/#website"},"primaryImageOfPage":{"@id":"https:\/\/www.teleclub.com.py\/index.php\/product\/termo-1-2l-c-tapa-mate-ac-inox-duo\/#primaryimage"},"image":{"@id":"https:\/\/www.teleclub.com.py\/index.php\/product\/termo-1-2l-c-tapa-mate-ac-inox-duo\/#primaryimage"},"thumbnailUrl":"https:\/\/www.teleclub.com.py\/wp-content\/uploads\/2025\/06\/TERMO-1.2L-C-TAPA-MATE-AC.INOX-DUO-VERDE-e1750192853708.jpg","datePublished":"2025-06-18T13:57:28+00:00","dateModified":"2025-06-18T13:57:28+00:00","description":"Termo DUO de 1.2L con tapa mate. Fabricado en acero inoxidable, conserva la temperatura por horas. Pr\u00e1ctico, resistente y listo para cebar.","breadcrumb":{"@id":"https:\/\/www.teleclub.com.py\/index.php\/product\/termo-1-2l-c-tapa-mate-ac-inox-duo\/#breadcrumb"},"inLanguage":"es","potentialAction":[{"@type":"ReadAction","target":["https:\/\/www.teleclub.com.py\/index.php\/product\/termo-1-2l-c-tapa-mate-ac-inox-duo\/"]}]},{"@type":"ImageObject","inLanguage":"es","@id":"https:\/\/www.teleclub.com.py\/index.php\/product\/termo-1-2l-c-tapa-mate-ac-inox-duo\/#primaryimage","url":"https:\/\/www.teleclub.com.py\/wp-content\/uploads\/2025\/06\/TERMO-1.2L-C-TAPA-MATE-AC.INOX-DUO-VERDE-e1750192853708.jpg","contentUrl":"https:\/\/www.teleclub.com.py\/wp-content\/uploads\/2025\/06\/TERMO-1.2L-C-TAPA-MATE-AC.INOX-DUO-VERDE-e1750192853708.jpg","width":388,"height":396},{"@type":"BreadcrumbList","@id":"https:\/\/www.teleclub.com.py\/index.php\/product\/termo-1-2l-c-tapa-mate-ac-inox-duo\/#breadcrumb","itemListElement":[{"@type":"ListItem","position":1,"name":"Portada","item":"https:\/\/www.teleclub.com.py\/"},{"@type":"ListItem","position":2,"name":"Shop","item":"https:\/\/www.teleclub.com.py\/index.php\/shop-2\/"},{"@type":"ListItem","position":3,"name":"TERMO 1.2L C\/TAPA MATE AC.INOX DUO"}]},{"@type":"WebSite","@id":"https:\/\/www.teleclub.com.py\/#website","url":"https:\/\/www.teleclub.com.py\/","name":"Teleclub","description":"Tu tienda online","publisher":{"@id":"https:\/\/www.teleclub.com.py\/#organization"},"potentialAction":[{"@type":"SearchAction","target":{"@type":"EntryPoint","urlTemplate":"https:\/\/www.teleclub.com.py\/?s={search_term_string}"},"query-input":{"@type":"PropertyValueSpecification","valueRequired":true,"valueName":"search_term_string"}}],"inLanguage":"es"},{"@type":"Organization","@id":"https:\/\/www.teleclub.com.py\/#organization","name":"Teleclub","url":"https:\/\/www.teleclub.com.py\/","logo":{"@type":"ImageObject","inLanguage":"es","@id":"https:\/\/www.teleclub.com.py\/#\/schema\/logo\/image\/","url":"https:\/\/www.teleclub.com.py\/wp-content\/uploads\/2024\/09\/1611317346760_TeleClub_logo_FondoBlanco-2.jpg","contentUrl":"https:\/\/www.teleclub.com.py\/wp-content\/uploads\/2024\/09\/1611317346760_TeleClub_logo_FondoBlanco-2.jpg","width":1600,"height":1600,"caption":"Teleclub"},"image":{"@id":"https:\/\/www.teleclub.com.py\/#\/schema\/logo\/image\/"},"sameAs":["https:\/\/www.facebook.com\/teleclubpy","https:\/\/www.instagram.com\/teleclubpy"]}]}},"_links":{"self":[{"href":"https:\/\/www.teleclub.com.py\/index.php\/wp-json\/wp\/v2\/product\/14201","targetHints":{"allow":["GET"]}}],"collection":[{"href":"https:\/\/www.teleclub.com.py\/index.php\/wp-json\/wp\/v2\/product"}],"about":[{"href":"https:\/\/www.teleclub.com.py\/index.php\/wp-json\/wp\/v2\/types\/product"}],"wp:featuredmedia":[{"embeddable":true,"href":"https:\/\/www.teleclub.com.py\/index.php\/wp-json\/wp\/v2\/media\/14202"}],"wp:attachment":[{"href":"https:\/\/www.teleclub.com.py\/index.php\/wp-json\/wp\/v2\/media?parent=14201"}],"wp:term":[{"taxonomy":"product_cat","embeddable":true,"href":"https:\/\/www.teleclub.com.py\/index.php\/wp-json\/wp\/v2\/product_cat?post=14201"},{"taxonomy":"product_tag","embeddable":true,"href":"https:\/\/www.teleclub.com.py\/index.php\/wp-json\/wp\/v2\/product_tag?post=14201"}],"curies":[{"name":"wp","href":"https:\/\/api.w.org\/{rel}","templated":true}]}}