{"id":14199,"date":"2025-06-18T10:57:26","date_gmt":"2025-06-18T13:57:26","guid":{"rendered":"https:\/\/www.teleclub.com.py\/?post_type=product&#038;p=14199"},"modified":"2025-06-18T10:57:26","modified_gmt":"2025-06-18T13:57:26","slug":"termo-1-0l-doble-pared-verde-tapon-extra-triton","status":"publish","type":"product","link":"https:\/\/www.teleclub.com.py\/index.php\/product\/termo-1-0l-doble-pared-verde-tapon-extra-triton\/","title":{"rendered":"TERMO 1.0L DOBLE PARED VERDE + TAPON  EXTRA TRITON"},"content":{"rendered":"<p data-start=\"246\" data-end=\"554\">Llev\u00e1 tus bebidas favoritas a todas partes y mantenelas a la temperatura ideal con el <strong data-start=\"332\" data-end=\"397\">Termo de 1.0L con doble pared t\u00e9rmica y tap\u00f3n extra de Tritan<\/strong>. Su dise\u00f1o moderno en <strong data-start=\"420\" data-end=\"435\">color verde<\/strong> no solo destaca visualmente, sino que tambi\u00e9n ofrece gran funcionalidad para quienes buscan practicidad y durabilidad.<\/p>\n<p data-start=\"556\" data-end=\"873\">Fabricado con <strong data-start=\"570\" data-end=\"600\">materiales de alta calidad<\/strong>, este termo cuenta con <strong data-start=\"624\" data-end=\"648\">doble pared aislante<\/strong> que conserva la temperatura durante horas, ya sea para bebidas calientes o fr\u00edas. Incluye <strong data-start=\"739\" data-end=\"770\">dos tapones intercambiables<\/strong>, uno cl\u00e1sico y otro de <strong data-start=\"794\" data-end=\"804\">Tritan<\/strong>, un material libre de BPA, ultra resistente y seguro para alimentos.<\/p>\n<p data-start=\"875\" data-end=\"1019\">Ideal para el mate, el caf\u00e9 o bebidas fr\u00edas, este termo es una excelente opci\u00f3n para el trabajo, viajes, actividades al aire libre o uso diario.<\/p>\n","protected":false},"excerpt":{"rendered":"<ul>\n<li data-start=\"1242\" data-end=\"1266\">\n<p data-start=\"1244\" data-end=\"1266\">Capacidad: 1.0 litro<\/p>\n<\/li>\n<li data-start=\"1267\" data-end=\"1283\">\n<p data-start=\"1269\" data-end=\"1283\">Color: Verde<\/p>\n<\/li>\n<li data-start=\"1284\" data-end=\"1316\">\n<p data-start=\"1286\" data-end=\"1316\">Doble pared t\u00e9rmica aislante<\/p>\n<\/li>\n<li data-start=\"1317\" data-end=\"1358\">\n<p data-start=\"1319\" data-end=\"1358\">Mantiene temperatura por varias horas<\/p>\n<\/li>\n<li data-start=\"1359\" data-end=\"1442\">\n<p data-start=\"1361\" data-end=\"1381\">Incluye 2 tapones:<\/p>\n<ul data-start=\"1384\" data-end=\"1442\">\n<li data-start=\"1384\" data-end=\"1403\">\n<p data-start=\"1386\" data-end=\"1403\">1 tap\u00f3n cl\u00e1sico<\/p>\n<\/li>\n<li data-start=\"1406\" data-end=\"1442\">\n<p data-start=\"1408\" data-end=\"1442\">1 tap\u00f3n de Tritan (libre de BPA)<\/p>\n<\/li>\n<\/ul>\n<\/li>\n<li data-start=\"1443\" data-end=\"1481\">\n<p data-start=\"1445\" data-end=\"1481\">Materiales resistentes y duraderos<\/p>\n<\/li>\n<li data-start=\"1482\" data-end=\"1522\">\n<p data-start=\"1484\" data-end=\"1522\">Ideal para bebidas calientes o fr\u00edas<\/p>\n<\/li>\n<li data-start=\"1523\" data-end=\"1555\">\n<p data-start=\"1525\" data-end=\"1555\">Dise\u00f1o ergon\u00f3mico y port\u00e1til<\/p>\n<\/li>\n<li data-start=\"1556\" data-end=\"1601\">\n<p data-start=\"1558\" data-end=\"1601\">Apto para uso diario, viajes o exteriores<\/p>\n<\/li>\n<li data-start=\"1602\" data-end=\"1622\">\n<p data-start=\"1604\" data-end=\"1622\">F\u00e1cil de limpiar<\/p>\n<\/li>\n<\/ul>\n","protected":false},"featured_media":14200,"template":"","meta":{"om_disable_all_campaigns":false},"product_cat":[374,388],"product_tag":[],"class_list":{"0":"post-14199","1":"product","2":"type-product","3":"status-publish","4":"has-post-thumbnail","6":"product_cat-electrodomesticos-2","7":"product_cat-hervidoras-electrodomesticos-2","9":"first","10":"instock","11":"shipping-taxable","12":"purchasable","13":"product-type-simple"},"yoast_head":"<!-- This site is optimized with the Yoast SEO plugin v23.6 - https:\/\/yoast.com\/wordpress\/plugins\/seo\/ -->\n<title>TERMO 1.0L DOBLE PARED VERDE + TAPON EXTRA TRITON - Teleclub<\/title>\n<meta name=\"description\" content=\"Termo de 1.0L doble pared en color verde con tap\u00f3n extra de Tritan. Mantiene bebidas fr\u00edas o calientes por horas. Pr\u00e1ctico, resistente y libre de BPA.\" \/>\n<meta name=\"robots\" content=\"index, follow, max-snippet:-1, max-image-preview:large, max-video-preview:-1\" \/>\n<link rel=\"canonical\" href=\"https:\/\/www.teleclub.com.py\/index.php\/product\/termo-1-0l-doble-pared-verde-tapon-extra-triton\/\" \/>\n<meta property=\"og:locale\" content=\"es_ES\" \/>\n<meta property=\"og:type\" content=\"article\" \/>\n<meta property=\"og:title\" content=\"TERMO 1.0L DOBLE PARED VERDE + TAPON EXTRA TRITON - Teleclub\" \/>\n<meta property=\"og:description\" content=\"Termo de 1.0L doble pared en color verde con tap\u00f3n extra de Tritan. Mantiene bebidas fr\u00edas o calientes por horas. Pr\u00e1ctico, resistente y libre de BPA.\" \/>\n<meta property=\"og:url\" content=\"https:\/\/www.teleclub.com.py\/index.php\/product\/termo-1-0l-doble-pared-verde-tapon-extra-triton\/\" \/>\n<meta property=\"og:site_name\" content=\"Teleclub\" \/>\n<meta property=\"article:publisher\" content=\"https:\/\/www.facebook.com\/teleclubpy\" \/>\n<meta property=\"og:image\" content=\"https:\/\/www.teleclub.com.py\/wp-content\/uploads\/2025\/06\/TERMO-1.0L-DOBLE-PARED-VERDE-TAPON.jpg\" \/>\n\t<meta property=\"og:image:width\" content=\"1200\" \/>\n\t<meta property=\"og:image:height\" content=\"1200\" \/>\n\t<meta property=\"og:image:type\" content=\"image\/jpeg\" \/>\n<meta name=\"twitter:card\" content=\"summary_large_image\" \/>\n<meta name=\"twitter:label1\" content=\"Tiempo de lectura\" \/>\n\t<meta name=\"twitter:data1\" content=\"1 minuto\" \/>\n<script type=\"application\/ld+json\" class=\"yoast-schema-graph\">{\"@context\":\"https:\/\/schema.org\",\"@graph\":[{\"@type\":\"WebPage\",\"@id\":\"https:\/\/www.teleclub.com.py\/index.php\/product\/termo-1-0l-doble-pared-verde-tapon-extra-triton\/\",\"url\":\"https:\/\/www.teleclub.com.py\/index.php\/product\/termo-1-0l-doble-pared-verde-tapon-extra-triton\/\",\"name\":\"TERMO 1.0L DOBLE PARED VERDE + TAPON EXTRA TRITON - Teleclub\",\"isPartOf\":{\"@id\":\"https:\/\/www.teleclub.com.py\/#website\"},\"primaryImageOfPage\":{\"@id\":\"https:\/\/www.teleclub.com.py\/index.php\/product\/termo-1-0l-doble-pared-verde-tapon-extra-triton\/#primaryimage\"},\"image\":{\"@id\":\"https:\/\/www.teleclub.com.py\/index.php\/product\/termo-1-0l-doble-pared-verde-tapon-extra-triton\/#primaryimage\"},\"thumbnailUrl\":\"https:\/\/www.teleclub.com.py\/wp-content\/uploads\/2025\/06\/TERMO-1.0L-DOBLE-PARED-VERDE-TAPON.jpg\",\"datePublished\":\"2025-06-18T13:57:26+00:00\",\"dateModified\":\"2025-06-18T13:57:26+00:00\",\"description\":\"Termo de 1.0L doble pared en color verde con tap\u00f3n extra de Tritan. Mantiene bebidas fr\u00edas o calientes por horas. Pr\u00e1ctico, resistente y libre de BPA.\",\"breadcrumb\":{\"@id\":\"https:\/\/www.teleclub.com.py\/index.php\/product\/termo-1-0l-doble-pared-verde-tapon-extra-triton\/#breadcrumb\"},\"inLanguage\":\"es\",\"potentialAction\":[{\"@type\":\"ReadAction\",\"target\":[\"https:\/\/www.teleclub.com.py\/index.php\/product\/termo-1-0l-doble-pared-verde-tapon-extra-triton\/\"]}]},{\"@type\":\"ImageObject\",\"inLanguage\":\"es\",\"@id\":\"https:\/\/www.teleclub.com.py\/index.php\/product\/termo-1-0l-doble-pared-verde-tapon-extra-triton\/#primaryimage\",\"url\":\"https:\/\/www.teleclub.com.py\/wp-content\/uploads\/2025\/06\/TERMO-1.0L-DOBLE-PARED-VERDE-TAPON.jpg\",\"contentUrl\":\"https:\/\/www.teleclub.com.py\/wp-content\/uploads\/2025\/06\/TERMO-1.0L-DOBLE-PARED-VERDE-TAPON.jpg\",\"width\":1200,\"height\":1200},{\"@type\":\"BreadcrumbList\",\"@id\":\"https:\/\/www.teleclub.com.py\/index.php\/product\/termo-1-0l-doble-pared-verde-tapon-extra-triton\/#breadcrumb\",\"itemListElement\":[{\"@type\":\"ListItem\",\"position\":1,\"name\":\"Portada\",\"item\":\"https:\/\/www.teleclub.com.py\/\"},{\"@type\":\"ListItem\",\"position\":2,\"name\":\"Shop\",\"item\":\"https:\/\/www.teleclub.com.py\/index.php\/shop-2\/\"},{\"@type\":\"ListItem\",\"position\":3,\"name\":\"TERMO 1.0L DOBLE PARED VERDE + TAPON EXTRA TRITON\"}]},{\"@type\":\"WebSite\",\"@id\":\"https:\/\/www.teleclub.com.py\/#website\",\"url\":\"https:\/\/www.teleclub.com.py\/\",\"name\":\"Teleclub\",\"description\":\"Tu tienda online\",\"publisher\":{\"@id\":\"https:\/\/www.teleclub.com.py\/#organization\"},\"potentialAction\":[{\"@type\":\"SearchAction\",\"target\":{\"@type\":\"EntryPoint\",\"urlTemplate\":\"https:\/\/www.teleclub.com.py\/?s={search_term_string}\"},\"query-input\":{\"@type\":\"PropertyValueSpecification\",\"valueRequired\":true,\"valueName\":\"search_term_string\"}}],\"inLanguage\":\"es\"},{\"@type\":\"Organization\",\"@id\":\"https:\/\/www.teleclub.com.py\/#organization\",\"name\":\"Teleclub\",\"url\":\"https:\/\/www.teleclub.com.py\/\",\"logo\":{\"@type\":\"ImageObject\",\"inLanguage\":\"es\",\"@id\":\"https:\/\/www.teleclub.com.py\/#\/schema\/logo\/image\/\",\"url\":\"https:\/\/www.teleclub.com.py\/wp-content\/uploads\/2024\/09\/1611317346760_TeleClub_logo_FondoBlanco-2.jpg\",\"contentUrl\":\"https:\/\/www.teleclub.com.py\/wp-content\/uploads\/2024\/09\/1611317346760_TeleClub_logo_FondoBlanco-2.jpg\",\"width\":1600,\"height\":1600,\"caption\":\"Teleclub\"},\"image\":{\"@id\":\"https:\/\/www.teleclub.com.py\/#\/schema\/logo\/image\/\"},\"sameAs\":[\"https:\/\/www.facebook.com\/teleclubpy\",\"https:\/\/www.instagram.com\/teleclubpy\"]}]}<\/script>\n<!-- \/ Yoast SEO plugin. -->","yoast_head_json":{"title":"TERMO 1.0L DOBLE PARED VERDE + TAPON EXTRA TRITON - Teleclub","description":"Termo de 1.0L doble pared en color verde con tap\u00f3n extra de Tritan. Mantiene bebidas fr\u00edas o calientes por horas. Pr\u00e1ctico, resistente y libre de BPA.","robots":{"index":"index","follow":"follow","max-snippet":"max-snippet:-1","max-image-preview":"max-image-preview:large","max-video-preview":"max-video-preview:-1"},"canonical":"https:\/\/www.teleclub.com.py\/index.php\/product\/termo-1-0l-doble-pared-verde-tapon-extra-triton\/","og_locale":"es_ES","og_type":"article","og_title":"TERMO 1.0L DOBLE PARED VERDE + TAPON EXTRA TRITON - Teleclub","og_description":"Termo de 1.0L doble pared en color verde con tap\u00f3n extra de Tritan. Mantiene bebidas fr\u00edas o calientes por horas. Pr\u00e1ctico, resistente y libre de BPA.","og_url":"https:\/\/www.teleclub.com.py\/index.php\/product\/termo-1-0l-doble-pared-verde-tapon-extra-triton\/","og_site_name":"Teleclub","article_publisher":"https:\/\/www.facebook.com\/teleclubpy","og_image":[{"width":1200,"height":1200,"url":"https:\/\/www.teleclub.com.py\/wp-content\/uploads\/2025\/06\/TERMO-1.0L-DOBLE-PARED-VERDE-TAPON.jpg","type":"image\/jpeg"}],"twitter_card":"summary_large_image","twitter_misc":{"Tiempo de lectura":"1 minuto"},"schema":{"@context":"https:\/\/schema.org","@graph":[{"@type":"WebPage","@id":"https:\/\/www.teleclub.com.py\/index.php\/product\/termo-1-0l-doble-pared-verde-tapon-extra-triton\/","url":"https:\/\/www.teleclub.com.py\/index.php\/product\/termo-1-0l-doble-pared-verde-tapon-extra-triton\/","name":"TERMO 1.0L DOBLE PARED VERDE + TAPON EXTRA TRITON - Teleclub","isPartOf":{"@id":"https:\/\/www.teleclub.com.py\/#website"},"primaryImageOfPage":{"@id":"https:\/\/www.teleclub.com.py\/index.php\/product\/termo-1-0l-doble-pared-verde-tapon-extra-triton\/#primaryimage"},"image":{"@id":"https:\/\/www.teleclub.com.py\/index.php\/product\/termo-1-0l-doble-pared-verde-tapon-extra-triton\/#primaryimage"},"thumbnailUrl":"https:\/\/www.teleclub.com.py\/wp-content\/uploads\/2025\/06\/TERMO-1.0L-DOBLE-PARED-VERDE-TAPON.jpg","datePublished":"2025-06-18T13:57:26+00:00","dateModified":"2025-06-18T13:57:26+00:00","description":"Termo de 1.0L doble pared en color verde con tap\u00f3n extra de Tritan. Mantiene bebidas fr\u00edas o calientes por horas. Pr\u00e1ctico, resistente y libre de BPA.","breadcrumb":{"@id":"https:\/\/www.teleclub.com.py\/index.php\/product\/termo-1-0l-doble-pared-verde-tapon-extra-triton\/#breadcrumb"},"inLanguage":"es","potentialAction":[{"@type":"ReadAction","target":["https:\/\/www.teleclub.com.py\/index.php\/product\/termo-1-0l-doble-pared-verde-tapon-extra-triton\/"]}]},{"@type":"ImageObject","inLanguage":"es","@id":"https:\/\/www.teleclub.com.py\/index.php\/product\/termo-1-0l-doble-pared-verde-tapon-extra-triton\/#primaryimage","url":"https:\/\/www.teleclub.com.py\/wp-content\/uploads\/2025\/06\/TERMO-1.0L-DOBLE-PARED-VERDE-TAPON.jpg","contentUrl":"https:\/\/www.teleclub.com.py\/wp-content\/uploads\/2025\/06\/TERMO-1.0L-DOBLE-PARED-VERDE-TAPON.jpg","width":1200,"height":1200},{"@type":"BreadcrumbList","@id":"https:\/\/www.teleclub.com.py\/index.php\/product\/termo-1-0l-doble-pared-verde-tapon-extra-triton\/#breadcrumb","itemListElement":[{"@type":"ListItem","position":1,"name":"Portada","item":"https:\/\/www.teleclub.com.py\/"},{"@type":"ListItem","position":2,"name":"Shop","item":"https:\/\/www.teleclub.com.py\/index.php\/shop-2\/"},{"@type":"ListItem","position":3,"name":"TERMO 1.0L DOBLE PARED VERDE + TAPON EXTRA TRITON"}]},{"@type":"WebSite","@id":"https:\/\/www.teleclub.com.py\/#website","url":"https:\/\/www.teleclub.com.py\/","name":"Teleclub","description":"Tu tienda online","publisher":{"@id":"https:\/\/www.teleclub.com.py\/#organization"},"potentialAction":[{"@type":"SearchAction","target":{"@type":"EntryPoint","urlTemplate":"https:\/\/www.teleclub.com.py\/?s={search_term_string}"},"query-input":{"@type":"PropertyValueSpecification","valueRequired":true,"valueName":"search_term_string"}}],"inLanguage":"es"},{"@type":"Organization","@id":"https:\/\/www.teleclub.com.py\/#organization","name":"Teleclub","url":"https:\/\/www.teleclub.com.py\/","logo":{"@type":"ImageObject","inLanguage":"es","@id":"https:\/\/www.teleclub.com.py\/#\/schema\/logo\/image\/","url":"https:\/\/www.teleclub.com.py\/wp-content\/uploads\/2024\/09\/1611317346760_TeleClub_logo_FondoBlanco-2.jpg","contentUrl":"https:\/\/www.teleclub.com.py\/wp-content\/uploads\/2024\/09\/1611317346760_TeleClub_logo_FondoBlanco-2.jpg","width":1600,"height":1600,"caption":"Teleclub"},"image":{"@id":"https:\/\/www.teleclub.com.py\/#\/schema\/logo\/image\/"},"sameAs":["https:\/\/www.facebook.com\/teleclubpy","https:\/\/www.instagram.com\/teleclubpy"]}]}},"_links":{"self":[{"href":"https:\/\/www.teleclub.com.py\/index.php\/wp-json\/wp\/v2\/product\/14199","targetHints":{"allow":["GET"]}}],"collection":[{"href":"https:\/\/www.teleclub.com.py\/index.php\/wp-json\/wp\/v2\/product"}],"about":[{"href":"https:\/\/www.teleclub.com.py\/index.php\/wp-json\/wp\/v2\/types\/product"}],"wp:featuredmedia":[{"embeddable":true,"href":"https:\/\/www.teleclub.com.py\/index.php\/wp-json\/wp\/v2\/media\/14200"}],"wp:attachment":[{"href":"https:\/\/www.teleclub.com.py\/index.php\/wp-json\/wp\/v2\/media?parent=14199"}],"wp:term":[{"taxonomy":"product_cat","embeddable":true,"href":"https:\/\/www.teleclub.com.py\/index.php\/wp-json\/wp\/v2\/product_cat?post=14199"},{"taxonomy":"product_tag","embeddable":true,"href":"https:\/\/www.teleclub.com.py\/index.php\/wp-json\/wp\/v2\/product_tag?post=14199"}],"curies":[{"name":"wp","href":"https:\/\/api.w.org\/{rel}","templated":true}]}}