{"id":14192,"date":"2025-06-18T10:57:36","date_gmt":"2025-06-18T13:57:36","guid":{"rendered":"https:\/\/www.teleclub.com.py\/?post_type=product&#038;p=14192"},"modified":"2025-06-18T10:57:36","modified_gmt":"2025-06-18T13:57:36","slug":"perchero-bambu-35x41x169cms","status":"publish","type":"product","link":"https:\/\/www.teleclub.com.py\/index.php\/product\/perchero-bambu-35x41x169cms\/","title":{"rendered":"PERCHERO BAMBU 35X41X169CMS"},"content":{"rendered":"<p data-start=\"226\" data-end=\"528\">Dale un toque natural y funcional a tus espacios con el <strong data-start=\"282\" data-end=\"319\">Perchero de Bamb\u00fa de 35x41x169 cm<\/strong>. Su estructura vertical y estilizada est\u00e1 fabricada en <strong data-start=\"375\" data-end=\"392\">bamb\u00fa natural<\/strong>, un material ecol\u00f3gico, resistente y liviano que se adapta a cualquier ambiente, ya sea dormitorio, oficina, vest\u00edbulo o sala de estar.<\/p>\n<p data-start=\"530\" data-end=\"780\">Con m\u00faltiples ganchos distribuidos a diferentes alturas, este perchero es ideal para colgar abrigos, bolsos, sombreros, bufandas o mochilas. Su base firme proporciona estabilidad sin ocupar demasiado espacio, siendo perfecto para rincones o entradas.<\/p>\n<p data-start=\"782\" data-end=\"910\">Elegante, pr\u00e1ctico y sustentable, el perchero de bamb\u00fa es una soluci\u00f3n decorativa y funcional para mantener el orden con estilo.<\/p>\n","protected":false},"excerpt":{"rendered":"<ul>\n<li data-start=\"1114\" data-end=\"1143\">\n<p data-start=\"1116\" data-end=\"1143\">Medidas: 35 x 41 x 169 cm<\/p>\n<\/li>\n<li data-start=\"1144\" data-end=\"1171\">\n<p data-start=\"1146\" data-end=\"1171\">Material: Bamb\u00fa natural<\/p>\n<\/li>\n<li data-start=\"1172\" data-end=\"1207\">\n<p data-start=\"1174\" data-end=\"1207\">Estructura liviana y resistente<\/p>\n<\/li>\n<li data-start=\"1208\" data-end=\"1259\">\n<p data-start=\"1210\" data-end=\"1259\">Varios ganchos para colgar prendas y accesorios<\/p>\n<\/li>\n<li data-start=\"1260\" data-end=\"1294\">\n<p data-start=\"1262\" data-end=\"1294\">Base estable y dise\u00f1o vertical<\/p>\n<\/li>\n<li data-start=\"1295\" data-end=\"1348\">\n<p data-start=\"1297\" data-end=\"1348\">Estilo natural, ideal para todo tipo de ambientes<\/p>\n<\/li>\n<li data-start=\"1349\" data-end=\"1375\">\n<p data-start=\"1351\" data-end=\"1375\">F\u00e1cil de armar y mover<\/p>\n<\/li>\n<li data-start=\"1376\" data-end=\"1411\">\n<p data-start=\"1378\" data-end=\"1411\">Soluci\u00f3n decorativa y funcional<\/p>\n<\/li>\n<li data-start=\"1412\" data-end=\"1447\">\n<p data-start=\"1414\" data-end=\"1447\">Producto ecol\u00f3gico y sostenible<\/p>\n<\/li>\n<\/ul>\n","protected":false},"featured_media":14193,"template":"","meta":{"om_disable_all_campaigns":false},"product_cat":[392],"product_tag":[],"class_list":{"0":"post-14192","1":"product","2":"type-product","3":"status-publish","4":"has-post-thumbnail","6":"product_cat-muebles","8":"first","9":"instock","10":"shipping-taxable","11":"purchasable","12":"product-type-simple"},"yoast_head":"<!-- This site is optimized with the Yoast SEO plugin v23.6 - https:\/\/yoast.com\/wordpress\/plugins\/seo\/ -->\n<title>PERCHERO BAMBU 35X41X169CMS - Teleclub<\/title>\n<meta name=\"description\" content=\"Perchero vertical de bamb\u00fa natural de 169 cm. Ideal para colgar ropa, bolsos o accesorios. Dise\u00f1o compacto, resistente y ecol\u00f3gico.\" \/>\n<meta name=\"robots\" content=\"index, follow, max-snippet:-1, max-image-preview:large, max-video-preview:-1\" \/>\n<link rel=\"canonical\" href=\"https:\/\/www.teleclub.com.py\/index.php\/product\/perchero-bambu-35x41x169cms\/\" \/>\n<meta property=\"og:locale\" content=\"es_ES\" \/>\n<meta property=\"og:type\" content=\"article\" \/>\n<meta property=\"og:title\" content=\"PERCHERO BAMBU 35X41X169CMS - Teleclub\" \/>\n<meta property=\"og:description\" content=\"Perchero vertical de bamb\u00fa natural de 169 cm. Ideal para colgar ropa, bolsos o accesorios. Dise\u00f1o compacto, resistente y ecol\u00f3gico.\" \/>\n<meta property=\"og:url\" content=\"https:\/\/www.teleclub.com.py\/index.php\/product\/perchero-bambu-35x41x169cms\/\" \/>\n<meta property=\"og:site_name\" content=\"Teleclub\" \/>\n<meta property=\"article:publisher\" content=\"https:\/\/www.facebook.com\/teleclubpy\" \/>\n<meta property=\"og:image\" content=\"https:\/\/www.teleclub.com.py\/wp-content\/uploads\/2025\/06\/PERCHERO-BAMBU-35X41X169CMS.jpg\" \/>\n\t<meta property=\"og:image:width\" content=\"1200\" \/>\n\t<meta property=\"og:image:height\" content=\"1200\" \/>\n\t<meta property=\"og:image:type\" content=\"image\/jpeg\" \/>\n<meta name=\"twitter:card\" content=\"summary_large_image\" \/>\n<meta name=\"twitter:label1\" content=\"Tiempo de lectura\" \/>\n\t<meta name=\"twitter:data1\" content=\"1 minuto\" \/>\n<script type=\"application\/ld+json\" class=\"yoast-schema-graph\">{\"@context\":\"https:\/\/schema.org\",\"@graph\":[{\"@type\":\"WebPage\",\"@id\":\"https:\/\/www.teleclub.com.py\/index.php\/product\/perchero-bambu-35x41x169cms\/\",\"url\":\"https:\/\/www.teleclub.com.py\/index.php\/product\/perchero-bambu-35x41x169cms\/\",\"name\":\"PERCHERO BAMBU 35X41X169CMS - Teleclub\",\"isPartOf\":{\"@id\":\"https:\/\/www.teleclub.com.py\/#website\"},\"primaryImageOfPage\":{\"@id\":\"https:\/\/www.teleclub.com.py\/index.php\/product\/perchero-bambu-35x41x169cms\/#primaryimage\"},\"image\":{\"@id\":\"https:\/\/www.teleclub.com.py\/index.php\/product\/perchero-bambu-35x41x169cms\/#primaryimage\"},\"thumbnailUrl\":\"https:\/\/www.teleclub.com.py\/wp-content\/uploads\/2025\/06\/PERCHERO-BAMBU-35X41X169CMS.jpg\",\"datePublished\":\"2025-06-18T13:57:36+00:00\",\"dateModified\":\"2025-06-18T13:57:36+00:00\",\"description\":\"Perchero vertical de bamb\u00fa natural de 169 cm. Ideal para colgar ropa, bolsos o accesorios. Dise\u00f1o compacto, resistente y ecol\u00f3gico.\",\"breadcrumb\":{\"@id\":\"https:\/\/www.teleclub.com.py\/index.php\/product\/perchero-bambu-35x41x169cms\/#breadcrumb\"},\"inLanguage\":\"es\",\"potentialAction\":[{\"@type\":\"ReadAction\",\"target\":[\"https:\/\/www.teleclub.com.py\/index.php\/product\/perchero-bambu-35x41x169cms\/\"]}]},{\"@type\":\"ImageObject\",\"inLanguage\":\"es\",\"@id\":\"https:\/\/www.teleclub.com.py\/index.php\/product\/perchero-bambu-35x41x169cms\/#primaryimage\",\"url\":\"https:\/\/www.teleclub.com.py\/wp-content\/uploads\/2025\/06\/PERCHERO-BAMBU-35X41X169CMS.jpg\",\"contentUrl\":\"https:\/\/www.teleclub.com.py\/wp-content\/uploads\/2025\/06\/PERCHERO-BAMBU-35X41X169CMS.jpg\",\"width\":1200,\"height\":1200},{\"@type\":\"BreadcrumbList\",\"@id\":\"https:\/\/www.teleclub.com.py\/index.php\/product\/perchero-bambu-35x41x169cms\/#breadcrumb\",\"itemListElement\":[{\"@type\":\"ListItem\",\"position\":1,\"name\":\"Portada\",\"item\":\"https:\/\/www.teleclub.com.py\/\"},{\"@type\":\"ListItem\",\"position\":2,\"name\":\"Shop\",\"item\":\"https:\/\/www.teleclub.com.py\/index.php\/shop-2\/\"},{\"@type\":\"ListItem\",\"position\":3,\"name\":\"PERCHERO BAMBU 35X41X169CMS\"}]},{\"@type\":\"WebSite\",\"@id\":\"https:\/\/www.teleclub.com.py\/#website\",\"url\":\"https:\/\/www.teleclub.com.py\/\",\"name\":\"Teleclub\",\"description\":\"Tu tienda online\",\"publisher\":{\"@id\":\"https:\/\/www.teleclub.com.py\/#organization\"},\"potentialAction\":[{\"@type\":\"SearchAction\",\"target\":{\"@type\":\"EntryPoint\",\"urlTemplate\":\"https:\/\/www.teleclub.com.py\/?s={search_term_string}\"},\"query-input\":{\"@type\":\"PropertyValueSpecification\",\"valueRequired\":true,\"valueName\":\"search_term_string\"}}],\"inLanguage\":\"es\"},{\"@type\":\"Organization\",\"@id\":\"https:\/\/www.teleclub.com.py\/#organization\",\"name\":\"Teleclub\",\"url\":\"https:\/\/www.teleclub.com.py\/\",\"logo\":{\"@type\":\"ImageObject\",\"inLanguage\":\"es\",\"@id\":\"https:\/\/www.teleclub.com.py\/#\/schema\/logo\/image\/\",\"url\":\"https:\/\/www.teleclub.com.py\/wp-content\/uploads\/2024\/09\/1611317346760_TeleClub_logo_FondoBlanco-2.jpg\",\"contentUrl\":\"https:\/\/www.teleclub.com.py\/wp-content\/uploads\/2024\/09\/1611317346760_TeleClub_logo_FondoBlanco-2.jpg\",\"width\":1600,\"height\":1600,\"caption\":\"Teleclub\"},\"image\":{\"@id\":\"https:\/\/www.teleclub.com.py\/#\/schema\/logo\/image\/\"},\"sameAs\":[\"https:\/\/www.facebook.com\/teleclubpy\",\"https:\/\/www.instagram.com\/teleclubpy\"]}]}<\/script>\n<!-- \/ Yoast SEO plugin. -->","yoast_head_json":{"title":"PERCHERO BAMBU 35X41X169CMS - Teleclub","description":"Perchero vertical de bamb\u00fa natural de 169 cm. Ideal para colgar ropa, bolsos o accesorios. Dise\u00f1o compacto, resistente y ecol\u00f3gico.","robots":{"index":"index","follow":"follow","max-snippet":"max-snippet:-1","max-image-preview":"max-image-preview:large","max-video-preview":"max-video-preview:-1"},"canonical":"https:\/\/www.teleclub.com.py\/index.php\/product\/perchero-bambu-35x41x169cms\/","og_locale":"es_ES","og_type":"article","og_title":"PERCHERO BAMBU 35X41X169CMS - Teleclub","og_description":"Perchero vertical de bamb\u00fa natural de 169 cm. Ideal para colgar ropa, bolsos o accesorios. Dise\u00f1o compacto, resistente y ecol\u00f3gico.","og_url":"https:\/\/www.teleclub.com.py\/index.php\/product\/perchero-bambu-35x41x169cms\/","og_site_name":"Teleclub","article_publisher":"https:\/\/www.facebook.com\/teleclubpy","og_image":[{"width":1200,"height":1200,"url":"https:\/\/www.teleclub.com.py\/wp-content\/uploads\/2025\/06\/PERCHERO-BAMBU-35X41X169CMS.jpg","type":"image\/jpeg"}],"twitter_card":"summary_large_image","twitter_misc":{"Tiempo de lectura":"1 minuto"},"schema":{"@context":"https:\/\/schema.org","@graph":[{"@type":"WebPage","@id":"https:\/\/www.teleclub.com.py\/index.php\/product\/perchero-bambu-35x41x169cms\/","url":"https:\/\/www.teleclub.com.py\/index.php\/product\/perchero-bambu-35x41x169cms\/","name":"PERCHERO BAMBU 35X41X169CMS - Teleclub","isPartOf":{"@id":"https:\/\/www.teleclub.com.py\/#website"},"primaryImageOfPage":{"@id":"https:\/\/www.teleclub.com.py\/index.php\/product\/perchero-bambu-35x41x169cms\/#primaryimage"},"image":{"@id":"https:\/\/www.teleclub.com.py\/index.php\/product\/perchero-bambu-35x41x169cms\/#primaryimage"},"thumbnailUrl":"https:\/\/www.teleclub.com.py\/wp-content\/uploads\/2025\/06\/PERCHERO-BAMBU-35X41X169CMS.jpg","datePublished":"2025-06-18T13:57:36+00:00","dateModified":"2025-06-18T13:57:36+00:00","description":"Perchero vertical de bamb\u00fa natural de 169 cm. Ideal para colgar ropa, bolsos o accesorios. Dise\u00f1o compacto, resistente y ecol\u00f3gico.","breadcrumb":{"@id":"https:\/\/www.teleclub.com.py\/index.php\/product\/perchero-bambu-35x41x169cms\/#breadcrumb"},"inLanguage":"es","potentialAction":[{"@type":"ReadAction","target":["https:\/\/www.teleclub.com.py\/index.php\/product\/perchero-bambu-35x41x169cms\/"]}]},{"@type":"ImageObject","inLanguage":"es","@id":"https:\/\/www.teleclub.com.py\/index.php\/product\/perchero-bambu-35x41x169cms\/#primaryimage","url":"https:\/\/www.teleclub.com.py\/wp-content\/uploads\/2025\/06\/PERCHERO-BAMBU-35X41X169CMS.jpg","contentUrl":"https:\/\/www.teleclub.com.py\/wp-content\/uploads\/2025\/06\/PERCHERO-BAMBU-35X41X169CMS.jpg","width":1200,"height":1200},{"@type":"BreadcrumbList","@id":"https:\/\/www.teleclub.com.py\/index.php\/product\/perchero-bambu-35x41x169cms\/#breadcrumb","itemListElement":[{"@type":"ListItem","position":1,"name":"Portada","item":"https:\/\/www.teleclub.com.py\/"},{"@type":"ListItem","position":2,"name":"Shop","item":"https:\/\/www.teleclub.com.py\/index.php\/shop-2\/"},{"@type":"ListItem","position":3,"name":"PERCHERO BAMBU 35X41X169CMS"}]},{"@type":"WebSite","@id":"https:\/\/www.teleclub.com.py\/#website","url":"https:\/\/www.teleclub.com.py\/","name":"Teleclub","description":"Tu tienda online","publisher":{"@id":"https:\/\/www.teleclub.com.py\/#organization"},"potentialAction":[{"@type":"SearchAction","target":{"@type":"EntryPoint","urlTemplate":"https:\/\/www.teleclub.com.py\/?s={search_term_string}"},"query-input":{"@type":"PropertyValueSpecification","valueRequired":true,"valueName":"search_term_string"}}],"inLanguage":"es"},{"@type":"Organization","@id":"https:\/\/www.teleclub.com.py\/#organization","name":"Teleclub","url":"https:\/\/www.teleclub.com.py\/","logo":{"@type":"ImageObject","inLanguage":"es","@id":"https:\/\/www.teleclub.com.py\/#\/schema\/logo\/image\/","url":"https:\/\/www.teleclub.com.py\/wp-content\/uploads\/2024\/09\/1611317346760_TeleClub_logo_FondoBlanco-2.jpg","contentUrl":"https:\/\/www.teleclub.com.py\/wp-content\/uploads\/2024\/09\/1611317346760_TeleClub_logo_FondoBlanco-2.jpg","width":1600,"height":1600,"caption":"Teleclub"},"image":{"@id":"https:\/\/www.teleclub.com.py\/#\/schema\/logo\/image\/"},"sameAs":["https:\/\/www.facebook.com\/teleclubpy","https:\/\/www.instagram.com\/teleclubpy"]}]}},"_links":{"self":[{"href":"https:\/\/www.teleclub.com.py\/index.php\/wp-json\/wp\/v2\/product\/14192","targetHints":{"allow":["GET"]}}],"collection":[{"href":"https:\/\/www.teleclub.com.py\/index.php\/wp-json\/wp\/v2\/product"}],"about":[{"href":"https:\/\/www.teleclub.com.py\/index.php\/wp-json\/wp\/v2\/types\/product"}],"wp:featuredmedia":[{"embeddable":true,"href":"https:\/\/www.teleclub.com.py\/index.php\/wp-json\/wp\/v2\/media\/14193"}],"wp:attachment":[{"href":"https:\/\/www.teleclub.com.py\/index.php\/wp-json\/wp\/v2\/media?parent=14192"}],"wp:term":[{"taxonomy":"product_cat","embeddable":true,"href":"https:\/\/www.teleclub.com.py\/index.php\/wp-json\/wp\/v2\/product_cat?post=14192"},{"taxonomy":"product_tag","embeddable":true,"href":"https:\/\/www.teleclub.com.py\/index.php\/wp-json\/wp\/v2\/product_tag?post=14192"}],"curies":[{"name":"wp","href":"https:\/\/api.w.org\/{rel}","templated":true}]}}