{"id":14140,"date":"2025-06-18T10:58:54","date_gmt":"2025-06-18T13:58:54","guid":{"rendered":"https:\/\/www.teleclub.com.py\/?post_type=product&#038;p=14140"},"modified":"2025-09-08T11:08:25","modified_gmt":"2025-09-08T14:08:25","slug":"silla-vega-level-1103","status":"publish","type":"product","link":"https:\/\/www.teleclub.com.py\/index.php\/product\/silla-vega-level-1103\/","title":{"rendered":"SILLA VEGA LEVEL 1103"},"content":{"rendered":"<p data-start=\"111\" data-end=\"225\"><span class=\"relative -mx-px my-[-0.2rem] rounded px-px py-[0.2rem] transition-colors duration-100 ease-in-out\">La <strong data-start=\"3\" data-end=\"28\">Silla\u202fVega\u202fLevel\u202f1103<\/strong> est\u00e1 fabricada en <strong data-start=\"47\" data-end=\"84\">polipropileno de alta resistencia<\/strong>, apta para su uso tanto en interiores como exteriores, lo que la convierte en una pieza vers\u00e1til para comedores, terrazas, oficinas o espacios comerciales<\/span>. <span class=\"relative -mx-px my-[-0.2rem] rounded px-px py-[0.2rem] transition-colors duration-100 ease-in-out\">Con un dise\u00f1o contempor\u00e1neo de respaldo ligeramente curvado y l\u00edneas depuradas, ofrece apariencia moderna y f\u00e1cil integraci\u00f3n en cualquier estilo de decoraci\u00f3n.<\/span><\/p>\n<p data-start=\"227\" data-end=\"418\"><span class=\"relative -mx-px my-[-0.2rem] rounded px-px py-[0.2rem] transition-colors duration-100 ease-in-out\">Gracias a su estructura s\u00f3lida, soporta hasta <strong data-start=\"46\" data-end=\"56\">120\u202fkg<\/strong>, garantizando durabilidad en el d\u00eda a d\u00eda<\/span>. <span class=\"relative -mx-px my-[-0.2rem] rounded px-px py-[0.2rem] transition-colors duration-100 ease-in-out\">Sus dimensiones aproximadas de <strong data-start=\"31\" data-end=\"76\">83\u202fcm alto \u00d7 41\u202fcm ancho \u00d7 57\u202fcm profundo<\/strong>, y un peso de solo <strong data-start=\"96\" data-end=\"104\">3\u202fkg<\/strong>, la hacen f\u00e1cil de mover y perfecta para espacios que requieren flexibilidad<\/span> . <span class=\"relative -mx-px my-[-0.2rem] rounded px-px py-[0.2rem] transition-colors duration-100 ease-in-out\">Adem\u00e1s, su superficie lisa permite una limpieza sencilla con pa\u00f1o h\u00famedo y resistencia a agentes externos como sol o lluvia.<\/span><\/p>\n<p data-start=\"420\" data-end=\"500\"><span class=\"relative -mx-px my-[-0.2rem] rounded px-px py-[0.2rem] transition-colors duration-100 ease-in-out\">Disponible en <strong data-start=\"14\" data-end=\"47\">colores blanco, beige y negro<\/strong>, la Vega 1103 se adapta a cualquier ambiente, ofreciendo un equilibrio ideal entre est\u00e9tica actual y utilidad pr\u00e1ctica<\/span><\/p>\n","protected":false},"excerpt":{"rendered":"<ul>\n<li data-start=\"631\" data-end=\"714\">\n<p data-start=\"633\" data-end=\"714\"><span class=\"relative -mx-px my-[-0.2rem] rounded px-px py-[0.2rem] transition-colors duration-100 ease-in-out\"><strong data-start=\"0\" data-end=\"23\" data-is-only-node=\"\">Material resistente<\/strong>: Polipropileno duradero, ideal para uso en interiores y exteriores.<\/span><\/p>\n<\/li>\n<li data-start=\"715\" data-end=\"798\">\n<p data-start=\"717\" data-end=\"798\"><span class=\"relative -mx-px my-[-0.2rem] rounded px-px py-[0.2rem] transition-colors duration-100 ease-in-out\"><strong data-start=\"0\" data-end=\"22\" data-is-only-node=\"\">Capacidad de carga<\/strong>: Hasta 120\u202fkg, perfecta para uso diario y espacios comerciales.<\/span><\/p>\n<\/li>\n<li data-start=\"799\" data-end=\"882\">\n<p data-start=\"801\" data-end=\"882\"><span class=\"relative -mx-px my-[-0.2rem] rounded px-px py-[0.2rem] transition-colors duration-100 ease-in-out\"><strong data-start=\"0\" data-end=\"26\" data-is-only-node=\"\">Dimensiones vers\u00e1tiles<\/strong>: 83\u202fcm (alto) \u00d7 41\u202fcm (ancho) \u00d7 57\u202fcm (profundidad); asiento c\u00f3modo y ergon\u00f3mico.<\/span><\/p>\n<\/li>\n<li data-start=\"883\" data-end=\"966\">\n<p data-start=\"885\" data-end=\"966\"><span class=\"relative -mx-px my-[-0.2rem] rounded px-px py-[0.2rem] transition-colors duration-100 ease-in-out\"><strong data-start=\"0\" data-end=\"21\" data-is-only-node=\"\">Ligera y pr\u00e1ctica<\/strong>: Pesa solo 3\u202fkg, facil\u00edsima de mover y almacenar.<\/span><\/p>\n<\/li>\n<li data-start=\"967\" data-end=\"1050\">\n<p data-start=\"969\" data-end=\"1050\"><span class=\"relative -mx-px my-[-0.2rem] rounded px-px py-[0.2rem] transition-colors duration-100 ease-in-out\"><strong data-start=\"0\" data-end=\"21\" data-is-only-node=\"\">Limpieza sencilla<\/strong>: Superficie lisa que se mantiene impecable con un pa\u00f1o h\u00famedo.<\/span><\/p>\n<\/li>\n<li data-start=\"1051\" data-end=\"1134\">\n<p data-start=\"1053\" data-end=\"1134\"><span class=\"relative -mx-px my-[-0.2rem] rounded px-px py-[0.2rem] transition-colors duration-100 ease-in-out\"><strong data-start=\"0\" data-end=\"26\" data-is-only-node=\"\">Uso exterior permitido<\/strong>: Resistente a la intemperie, ideal para terrazas y jardines.<\/span><\/p>\n<\/li>\n<li data-start=\"1135\" data-end=\"1218\">\n<p data-start=\"1137\" data-end=\"1218\"><span class=\"relative -mx-px my-[-0.2rem] rounded px-px py-[0.2rem] transition-colors duration-100 ease-in-out\"><strong data-start=\"0\" data-end=\"23\" data-is-only-node=\"\">Colores disponibles<\/strong>: Blanco, beige y negro, para combinar con cualquier estilo decorativo.<\/span><\/p>\n<\/li>\n<\/ul>\n","protected":false},"featured_media":14142,"template":"","meta":{"om_disable_all_campaigns":false},"product_cat":[394,392,396,395],"product_tag":[],"class_list":{"0":"post-14140","1":"product","2":"type-product","3":"status-publish","4":"has-post-thumbnail","6":"product_cat-cocina-y-comedor","7":"product_cat-muebles","8":"product_cat-oficina","9":"product_cat-sala","11":"first","12":"instock","13":"shipping-taxable","14":"purchasable","15":"product-type-simple"},"yoast_head":"<!-- This site is optimized with the Yoast SEO plugin v23.6 - https:\/\/yoast.com\/wordpress\/plugins\/seo\/ -->\n<title>SILLA VEGA LEVEL 1103 - Teleclub<\/title>\n<meta name=\"description\" content=\"Silla Vega\u202fLevel\u202f1103: polipropileno resistente interior\/exterior, soporte 120\u202fkg, dise\u00f1o moderno en blanco, beige o negro. Ligera y f\u00e1cil de limpiar.\" \/>\n<meta name=\"robots\" content=\"index, follow, max-snippet:-1, max-image-preview:large, max-video-preview:-1\" \/>\n<link rel=\"canonical\" href=\"https:\/\/www.teleclub.com.py\/index.php\/product\/silla-vega-level-1103\/\" \/>\n<meta property=\"og:locale\" content=\"es_ES\" \/>\n<meta property=\"og:type\" content=\"article\" \/>\n<meta property=\"og:title\" content=\"SILLA VEGA LEVEL 1103 - Teleclub\" \/>\n<meta property=\"og:description\" content=\"Silla Vega\u202fLevel\u202f1103: polipropileno resistente interior\/exterior, soporte 120\u202fkg, dise\u00f1o moderno en blanco, beige o negro. Ligera y f\u00e1cil de limpiar.\" \/>\n<meta property=\"og:url\" content=\"https:\/\/www.teleclub.com.py\/index.php\/product\/silla-vega-level-1103\/\" \/>\n<meta property=\"og:site_name\" content=\"Teleclub\" \/>\n<meta property=\"article:publisher\" content=\"https:\/\/www.facebook.com\/teleclubpy\" \/>\n<meta property=\"article:modified_time\" content=\"2025-09-08T14:08:25+00:00\" \/>\n<meta property=\"og:image\" content=\"https:\/\/www.teleclub.com.py\/wp-content\/uploads\/2025\/06\/SILLA-VEGA-LEVEL-1103.jpg\" \/>\n\t<meta property=\"og:image:width\" content=\"1080\" \/>\n\t<meta property=\"og:image:height\" content=\"1080\" \/>\n\t<meta property=\"og:image:type\" content=\"image\/jpeg\" \/>\n<meta name=\"twitter:card\" content=\"summary_large_image\" \/>\n<meta name=\"twitter:label1\" content=\"Tiempo de lectura\" \/>\n\t<meta name=\"twitter:data1\" content=\"1 minuto\" \/>\n<script type=\"application\/ld+json\" class=\"yoast-schema-graph\">{\"@context\":\"https:\/\/schema.org\",\"@graph\":[{\"@type\":\"WebPage\",\"@id\":\"https:\/\/www.teleclub.com.py\/index.php\/product\/silla-vega-level-1103\/\",\"url\":\"https:\/\/www.teleclub.com.py\/index.php\/product\/silla-vega-level-1103\/\",\"name\":\"SILLA VEGA LEVEL 1103 - Teleclub\",\"isPartOf\":{\"@id\":\"https:\/\/www.teleclub.com.py\/#website\"},\"primaryImageOfPage\":{\"@id\":\"https:\/\/www.teleclub.com.py\/index.php\/product\/silla-vega-level-1103\/#primaryimage\"},\"image\":{\"@id\":\"https:\/\/www.teleclub.com.py\/index.php\/product\/silla-vega-level-1103\/#primaryimage\"},\"thumbnailUrl\":\"https:\/\/www.teleclub.com.py\/wp-content\/uploads\/2025\/06\/SILLA-VEGA-LEVEL-1103.jpg\",\"datePublished\":\"2025-06-18T13:58:54+00:00\",\"dateModified\":\"2025-09-08T14:08:25+00:00\",\"description\":\"Silla Vega\u202fLevel\u202f1103: polipropileno resistente interior\/exterior, soporte 120\u202fkg, dise\u00f1o moderno en blanco, beige o negro. Ligera y f\u00e1cil de limpiar.\",\"breadcrumb\":{\"@id\":\"https:\/\/www.teleclub.com.py\/index.php\/product\/silla-vega-level-1103\/#breadcrumb\"},\"inLanguage\":\"es\",\"potentialAction\":[{\"@type\":\"ReadAction\",\"target\":[\"https:\/\/www.teleclub.com.py\/index.php\/product\/silla-vega-level-1103\/\"]}]},{\"@type\":\"ImageObject\",\"inLanguage\":\"es\",\"@id\":\"https:\/\/www.teleclub.com.py\/index.php\/product\/silla-vega-level-1103\/#primaryimage\",\"url\":\"https:\/\/www.teleclub.com.py\/wp-content\/uploads\/2025\/06\/SILLA-VEGA-LEVEL-1103.jpg\",\"contentUrl\":\"https:\/\/www.teleclub.com.py\/wp-content\/uploads\/2025\/06\/SILLA-VEGA-LEVEL-1103.jpg\",\"width\":1080,\"height\":1080},{\"@type\":\"BreadcrumbList\",\"@id\":\"https:\/\/www.teleclub.com.py\/index.php\/product\/silla-vega-level-1103\/#breadcrumb\",\"itemListElement\":[{\"@type\":\"ListItem\",\"position\":1,\"name\":\"Portada\",\"item\":\"https:\/\/www.teleclub.com.py\/\"},{\"@type\":\"ListItem\",\"position\":2,\"name\":\"Shop\",\"item\":\"https:\/\/www.teleclub.com.py\/index.php\/shop-2\/\"},{\"@type\":\"ListItem\",\"position\":3,\"name\":\"SILLA VEGA LEVEL 1103\"}]},{\"@type\":\"WebSite\",\"@id\":\"https:\/\/www.teleclub.com.py\/#website\",\"url\":\"https:\/\/www.teleclub.com.py\/\",\"name\":\"Teleclub\",\"description\":\"Tu tienda online\",\"publisher\":{\"@id\":\"https:\/\/www.teleclub.com.py\/#organization\"},\"potentialAction\":[{\"@type\":\"SearchAction\",\"target\":{\"@type\":\"EntryPoint\",\"urlTemplate\":\"https:\/\/www.teleclub.com.py\/?s={search_term_string}\"},\"query-input\":{\"@type\":\"PropertyValueSpecification\",\"valueRequired\":true,\"valueName\":\"search_term_string\"}}],\"inLanguage\":\"es\"},{\"@type\":\"Organization\",\"@id\":\"https:\/\/www.teleclub.com.py\/#organization\",\"name\":\"Teleclub\",\"url\":\"https:\/\/www.teleclub.com.py\/\",\"logo\":{\"@type\":\"ImageObject\",\"inLanguage\":\"es\",\"@id\":\"https:\/\/www.teleclub.com.py\/#\/schema\/logo\/image\/\",\"url\":\"https:\/\/www.teleclub.com.py\/wp-content\/uploads\/2024\/09\/1611317346760_TeleClub_logo_FondoBlanco-2.jpg\",\"contentUrl\":\"https:\/\/www.teleclub.com.py\/wp-content\/uploads\/2024\/09\/1611317346760_TeleClub_logo_FondoBlanco-2.jpg\",\"width\":1600,\"height\":1600,\"caption\":\"Teleclub\"},\"image\":{\"@id\":\"https:\/\/www.teleclub.com.py\/#\/schema\/logo\/image\/\"},\"sameAs\":[\"https:\/\/www.facebook.com\/teleclubpy\",\"https:\/\/www.instagram.com\/teleclubpy\"]}]}<\/script>\n<!-- \/ Yoast SEO plugin. -->","yoast_head_json":{"title":"SILLA VEGA LEVEL 1103 - Teleclub","description":"Silla Vega\u202fLevel\u202f1103: polipropileno resistente interior\/exterior, soporte 120\u202fkg, dise\u00f1o moderno en blanco, beige o negro. Ligera y f\u00e1cil de limpiar.","robots":{"index":"index","follow":"follow","max-snippet":"max-snippet:-1","max-image-preview":"max-image-preview:large","max-video-preview":"max-video-preview:-1"},"canonical":"https:\/\/www.teleclub.com.py\/index.php\/product\/silla-vega-level-1103\/","og_locale":"es_ES","og_type":"article","og_title":"SILLA VEGA LEVEL 1103 - Teleclub","og_description":"Silla Vega\u202fLevel\u202f1103: polipropileno resistente interior\/exterior, soporte 120\u202fkg, dise\u00f1o moderno en blanco, beige o negro. Ligera y f\u00e1cil de limpiar.","og_url":"https:\/\/www.teleclub.com.py\/index.php\/product\/silla-vega-level-1103\/","og_site_name":"Teleclub","article_publisher":"https:\/\/www.facebook.com\/teleclubpy","article_modified_time":"2025-09-08T14:08:25+00:00","og_image":[{"width":1080,"height":1080,"url":"https:\/\/www.teleclub.com.py\/wp-content\/uploads\/2025\/06\/SILLA-VEGA-LEVEL-1103.jpg","type":"image\/jpeg"}],"twitter_card":"summary_large_image","twitter_misc":{"Tiempo de lectura":"1 minuto"},"schema":{"@context":"https:\/\/schema.org","@graph":[{"@type":"WebPage","@id":"https:\/\/www.teleclub.com.py\/index.php\/product\/silla-vega-level-1103\/","url":"https:\/\/www.teleclub.com.py\/index.php\/product\/silla-vega-level-1103\/","name":"SILLA VEGA LEVEL 1103 - Teleclub","isPartOf":{"@id":"https:\/\/www.teleclub.com.py\/#website"},"primaryImageOfPage":{"@id":"https:\/\/www.teleclub.com.py\/index.php\/product\/silla-vega-level-1103\/#primaryimage"},"image":{"@id":"https:\/\/www.teleclub.com.py\/index.php\/product\/silla-vega-level-1103\/#primaryimage"},"thumbnailUrl":"https:\/\/www.teleclub.com.py\/wp-content\/uploads\/2025\/06\/SILLA-VEGA-LEVEL-1103.jpg","datePublished":"2025-06-18T13:58:54+00:00","dateModified":"2025-09-08T14:08:25+00:00","description":"Silla Vega\u202fLevel\u202f1103: polipropileno resistente interior\/exterior, soporte 120\u202fkg, dise\u00f1o moderno en blanco, beige o negro. Ligera y f\u00e1cil de limpiar.","breadcrumb":{"@id":"https:\/\/www.teleclub.com.py\/index.php\/product\/silla-vega-level-1103\/#breadcrumb"},"inLanguage":"es","potentialAction":[{"@type":"ReadAction","target":["https:\/\/www.teleclub.com.py\/index.php\/product\/silla-vega-level-1103\/"]}]},{"@type":"ImageObject","inLanguage":"es","@id":"https:\/\/www.teleclub.com.py\/index.php\/product\/silla-vega-level-1103\/#primaryimage","url":"https:\/\/www.teleclub.com.py\/wp-content\/uploads\/2025\/06\/SILLA-VEGA-LEVEL-1103.jpg","contentUrl":"https:\/\/www.teleclub.com.py\/wp-content\/uploads\/2025\/06\/SILLA-VEGA-LEVEL-1103.jpg","width":1080,"height":1080},{"@type":"BreadcrumbList","@id":"https:\/\/www.teleclub.com.py\/index.php\/product\/silla-vega-level-1103\/#breadcrumb","itemListElement":[{"@type":"ListItem","position":1,"name":"Portada","item":"https:\/\/www.teleclub.com.py\/"},{"@type":"ListItem","position":2,"name":"Shop","item":"https:\/\/www.teleclub.com.py\/index.php\/shop-2\/"},{"@type":"ListItem","position":3,"name":"SILLA VEGA LEVEL 1103"}]},{"@type":"WebSite","@id":"https:\/\/www.teleclub.com.py\/#website","url":"https:\/\/www.teleclub.com.py\/","name":"Teleclub","description":"Tu tienda online","publisher":{"@id":"https:\/\/www.teleclub.com.py\/#organization"},"potentialAction":[{"@type":"SearchAction","target":{"@type":"EntryPoint","urlTemplate":"https:\/\/www.teleclub.com.py\/?s={search_term_string}"},"query-input":{"@type":"PropertyValueSpecification","valueRequired":true,"valueName":"search_term_string"}}],"inLanguage":"es"},{"@type":"Organization","@id":"https:\/\/www.teleclub.com.py\/#organization","name":"Teleclub","url":"https:\/\/www.teleclub.com.py\/","logo":{"@type":"ImageObject","inLanguage":"es","@id":"https:\/\/www.teleclub.com.py\/#\/schema\/logo\/image\/","url":"https:\/\/www.teleclub.com.py\/wp-content\/uploads\/2024\/09\/1611317346760_TeleClub_logo_FondoBlanco-2.jpg","contentUrl":"https:\/\/www.teleclub.com.py\/wp-content\/uploads\/2024\/09\/1611317346760_TeleClub_logo_FondoBlanco-2.jpg","width":1600,"height":1600,"caption":"Teleclub"},"image":{"@id":"https:\/\/www.teleclub.com.py\/#\/schema\/logo\/image\/"},"sameAs":["https:\/\/www.facebook.com\/teleclubpy","https:\/\/www.instagram.com\/teleclubpy"]}]}},"_links":{"self":[{"href":"https:\/\/www.teleclub.com.py\/index.php\/wp-json\/wp\/v2\/product\/14140","targetHints":{"allow":["GET"]}}],"collection":[{"href":"https:\/\/www.teleclub.com.py\/index.php\/wp-json\/wp\/v2\/product"}],"about":[{"href":"https:\/\/www.teleclub.com.py\/index.php\/wp-json\/wp\/v2\/types\/product"}],"wp:featuredmedia":[{"embeddable":true,"href":"https:\/\/www.teleclub.com.py\/index.php\/wp-json\/wp\/v2\/media\/14142"}],"wp:attachment":[{"href":"https:\/\/www.teleclub.com.py\/index.php\/wp-json\/wp\/v2\/media?parent=14140"}],"wp:term":[{"taxonomy":"product_cat","embeddable":true,"href":"https:\/\/www.teleclub.com.py\/index.php\/wp-json\/wp\/v2\/product_cat?post=14140"},{"taxonomy":"product_tag","embeddable":true,"href":"https:\/\/www.teleclub.com.py\/index.php\/wp-json\/wp\/v2\/product_tag?post=14140"}],"curies":[{"name":"wp","href":"https:\/\/api.w.org\/{rel}","templated":true}]}}