{"id":13792,"date":"2025-06-10T17:40:03","date_gmt":"2025-06-10T20:40:03","guid":{"rendered":"https:\/\/www.teleclub.com.py\/?post_type=product&#038;p=13792"},"modified":"2025-09-03T17:11:37","modified_gmt":"2025-09-03T20:11:37","slug":"notebook-dell-inspiron-i3530-5623blk-pus-i5-1-3-8-512-w11s-15-6fhd-touch","status":"publish","type":"product","link":"https:\/\/www.teleclub.com.py\/index.php\/product\/notebook-dell-inspiron-i3530-5623blk-pus-i5-1-3-8-512-w11s-15-6fhd-touch\/","title":{"rendered":"NOTEBOOK DELL INSPIRON I3530-5623BLK-PUS I5 1.3\/8\/512\/W11S\/15.6&#8243;FHD TOUCH"},"content":{"rendered":"<p data-start=\"69\" data-end=\"222\"><span class=\"relative -mx-px my-[-0.2rem] rounded px-px py-[0.2rem] transition-colors duration-100 ease-in-out\">El <strong data-start=\"3\" data-end=\"29\">Dell\u202fInspiron 15 I3530<\/strong> ofrece un equilibrio perfecto entre potencia, versatilidad y portabilidad. Su procesador <strong data-start=\"119\" data-end=\"160\">Intel Core i5\u20111334U de 13\u00aa generaci\u00f3n<\/strong> (10 n\u00facleos, hasta 4.6\u202fGHz) garantiza fluidez en multitarea, aplicaciones y navegaci\u00f3n web<\/span>. <span class=\"relative -mx-px my-[-0.2rem] rounded px-px py-[0.2rem] transition-colors duration-100 ease-in-out\">La <strong data-start=\"3\" data-end=\"43\">pantalla t\u00e1ctil de 15.6\u2033 Full\u202fHD IPS<\/strong> permite trabajar o estudiar de forma m\u00e1s interactiva y c\u00f3moda, con im\u00e1genes n\u00edtidas y una respuesta t\u00e1ctil precisa<\/span> .<\/p>\n<p data-start=\"224\" data-end=\"377\"><span class=\"relative -mx-px my-[-0.2rem] rounded px-px py-[0.2rem] transition-colors duration-100 ease-in-out\">Equipado con <strong data-start=\"13\" data-end=\"26\">8\u202fGB DDR4<\/strong> (expansible) y <strong data-start=\"42\" data-end=\"61\">512\u202fGB SSD NVMe<\/strong>, el equipo ofrece arranques r\u00e1pidos, espacio suficiente y capacidad de crecimiento seg\u00fan necesidades<\/span> . <span class=\"relative -mx-px my-[-0.2rem] rounded px-px py-[0.2rem] transition-colors duration-100 ease-in-out\">Incluye <strong data-start=\"8\" data-end=\"37\">Windows 11 Home en modo S<\/strong>, con seguridad y optimizaci\u00f3n, adem\u00e1s de <strong data-start=\"79\" data-end=\"105\">Intel Iris Xe Graphics<\/strong> para un desempe\u00f1o visual sin retardo<\/span>.<\/p>\n<p data-start=\"379\" data-end=\"497\"><span class=\"relative -mx-px my-[-0.2rem] rounded px-px py-[0.2rem] transition-colors duration-100 ease-in-out\">Tambi\u00e9n brinda conectividad completa: <strong data-start=\"38\" data-end=\"108\">puerto USB\u2011C 3.2, dos USB\u2011A (3.2 y 2.0), HDMI, Wi\u2011Fi\u202f6 y Bluetooth<\/strong>, m\u00e1s una <strong data-start=\"118\" data-end=\"131\">c\u00e1mara HD<\/strong>, teclado con teclado num\u00e9rico y adaptador tipo bisagra elevable para mejorar escritura y ergonom\u00eda<\/span> . <span class=\"relative -mx-px my-[-0.2rem] rounded px-px py-[0.2rem] transition-colors duration-100 ease-in-out\">En resumen, el Inspiron 15 I3530 es una excelente opci\u00f3n para estudiantes, profesionales y usuarios exigentes que necesitan productividad, comodidad y tecnolog\u00eda t\u00e1ctil en un solo equipo.<\/span><\/p>\n","protected":false},"excerpt":{"rendered":"<ul>\n<li data-start=\"631\" data-end=\"714\">\n<p data-start=\"633\" data-end=\"714\"><span class=\"relative -mx-px my-[-0.2rem] rounded px-px py-[0.2rem] transition-colors duration-100 ease-in-out\"><strong data-start=\"0\" data-end=\"14\" data-is-only-node=\"\">Procesador<\/strong>: Intel\u202fCore\u202fi5\u20111334U (13\u00aa gen, hasta 4.6\u202fGHz, 10 n\u00facleos)<\/span><\/p>\n<\/li>\n<li data-start=\"715\" data-end=\"798\">\n<p data-start=\"717\" data-end=\"798\"><span class=\"relative -mx-px my-[-0.2rem] rounded px-px py-[0.2rem] transition-colors duration-100 ease-in-out\"><strong data-start=\"0\" data-end=\"7\" data-is-only-node=\"\">RAM<\/strong>: 8\u202fGB DDR4 (expansible hasta 32\u202fGB)<\/span><\/p>\n<\/li>\n<li data-start=\"799\" data-end=\"882\">\n<p data-start=\"801\" data-end=\"882\"><span class=\"relative -mx-px my-[-0.2rem] rounded px-px py-[0.2rem] transition-colors duration-100 ease-in-out\"><strong data-start=\"0\" data-end=\"18\" data-is-only-node=\"\">Almacenamiento<\/strong>: 512\u202fGB SSD NVMe M.2<\/span><\/p>\n<\/li>\n<li data-start=\"883\" data-end=\"966\">\n<p data-start=\"885\" data-end=\"966\"><span class=\"relative -mx-px my-[-0.2rem] rounded px-px py-[0.2rem] transition-colors duration-100 ease-in-out\"><strong data-start=\"0\" data-end=\"12\" data-is-only-node=\"\">Pantalla<\/strong>: 15.6\u2033 Full\u202fHD (1920\u00d71080) IPS t\u00e1ctil<\/span><\/p>\n<\/li>\n<li data-start=\"967\" data-end=\"1050\">\n<p data-start=\"969\" data-end=\"1050\"><span class=\"relative -mx-px my-[-0.2rem] rounded px-px py-[0.2rem] transition-colors duration-100 ease-in-out\"><strong data-start=\"0\" data-end=\"12\" data-is-only-node=\"\">Gr\u00e1ficos<\/strong>: Intel\u202fIris\u202fXe (integrados)<\/span><\/p>\n<\/li>\n<li data-start=\"1051\" data-end=\"1134\">\n<p data-start=\"1053\" data-end=\"1134\"><span class=\"relative -mx-px my-[-0.2rem] rounded px-px py-[0.2rem] transition-colors duration-100 ease-in-out\"><strong data-start=\"0\" data-end=\"21\" data-is-only-node=\"\">Sistema operativo<\/strong>: Windows 11 Home (modo S)<\/span><\/p>\n<\/li>\n<li data-start=\"1135\" data-end=\"1218\">\n<p data-start=\"1137\" data-end=\"1218\"><span class=\"relative -mx-px my-[-0.2rem] rounded px-px py-[0.2rem] transition-colors duration-100 ease-in-out\"><strong data-start=\"0\" data-end=\"16\" data-is-only-node=\"\">Conectividad<\/strong>: Wi\u2011Fi\u202f6 (802.11ax), Bluetooth<\/span><\/p>\n<\/li>\n<li data-start=\"1219\" data-end=\"1302\">\n<p data-start=\"1221\" data-end=\"1302\"><span class=\"relative -mx-px my-[-0.2rem] rounded px-px py-[0.2rem] transition-colors duration-100 ease-in-out\"><strong data-start=\"0\" data-end=\"11\" data-is-only-node=\"\">Puertos<\/strong>: 1\u00d7 USB\u2011C 3.2, 1\u00d7 USB\u2011A 3.2, 1\u00d7 USB\u2011A 2.0, HDMI, combo audio, webcam HD<\/span><\/p>\n<\/li>\n<li data-start=\"1303\" data-end=\"1384\">\n<p data-start=\"1305\" data-end=\"1384\"><span class=\"relative -mx-px my-[-0.2rem] rounded px-px py-[0.2rem] transition-colors duration-100 ease-in-out\"><strong data-start=\"0\" data-end=\"9\" data-is-only-node=\"\">Otros<\/strong>: teclado con numpad, bisagra elevadora, carcasa negra, ligera y elegante<\/span><\/p>\n<\/li>\n<\/ul>\n","protected":false},"featured_media":13793,"template":"","meta":{"om_disable_all_campaigns":false},"product_cat":[349,350],"product_tag":[],"class_list":{"0":"post-13792","1":"product","2":"type-product","3":"status-publish","4":"has-post-thumbnail","6":"product_cat-informatica","7":"product_cat-notebooks-informatica-electronica","9":"first","10":"instock","11":"shipping-taxable","12":"purchasable","13":"product-type-simple"},"yoast_head":"<!-- This site is optimized with the Yoast SEO plugin v23.6 - https:\/\/yoast.com\/wordpress\/plugins\/seo\/ -->\n<title>NOTEBOOK DELL INSPIRON I3530-5623BLK-PUS I5 1.3\/8\/512\/W11S\/15.6&quot;FHD TOUCH - Teleclub<\/title>\n<meta name=\"description\" content=\"Dell Inspiron 15\u2033 T\u00e1ctil i5\u20111334U, 8\u202fGB RAM, 512\u202fGB SSD, Windows 11, Wi\u2011Fi\u202f6. Potencia y versatilidad en un notebook elegante y t\u00e1ctil.\" \/>\n<meta name=\"robots\" content=\"index, follow, max-snippet:-1, max-image-preview:large, max-video-preview:-1\" \/>\n<link rel=\"canonical\" href=\"https:\/\/www.teleclub.com.py\/index.php\/product\/notebook-dell-inspiron-i3530-5623blk-pus-i5-1-3-8-512-w11s-15-6fhd-touch\/\" \/>\n<meta property=\"og:locale\" content=\"es_ES\" \/>\n<meta property=\"og:type\" content=\"article\" \/>\n<meta property=\"og:title\" content=\"NOTEBOOK DELL INSPIRON I3530-5623BLK-PUS I5 1.3\/8\/512\/W11S\/15.6&quot;FHD TOUCH - Teleclub\" \/>\n<meta property=\"og:description\" content=\"Dell Inspiron 15\u2033 T\u00e1ctil i5\u20111334U, 8\u202fGB RAM, 512\u202fGB SSD, Windows 11, Wi\u2011Fi\u202f6. Potencia y versatilidad en un notebook elegante y t\u00e1ctil.\" \/>\n<meta property=\"og:url\" content=\"https:\/\/www.teleclub.com.py\/index.php\/product\/notebook-dell-inspiron-i3530-5623blk-pus-i5-1-3-8-512-w11s-15-6fhd-touch\/\" \/>\n<meta property=\"og:site_name\" content=\"Teleclub\" \/>\n<meta property=\"article:publisher\" content=\"https:\/\/www.facebook.com\/teleclubpy\" \/>\n<meta property=\"article:modified_time\" content=\"2025-09-03T20:11:37+00:00\" \/>\n<meta property=\"og:image\" content=\"https:\/\/www.teleclub.com.py\/wp-content\/uploads\/2025\/06\/NOTEBOOK-DELL-INSPIRON-I3530-5623BLK-PUS.png\" \/>\n\t<meta property=\"og:image:width\" content=\"1000\" \/>\n\t<meta property=\"og:image:height\" content=\"1000\" \/>\n\t<meta property=\"og:image:type\" content=\"image\/png\" \/>\n<meta name=\"twitter:card\" content=\"summary_large_image\" \/>\n<meta name=\"twitter:label1\" content=\"Tiempo de lectura\" \/>\n\t<meta name=\"twitter:data1\" content=\"1 minuto\" \/>\n<script type=\"application\/ld+json\" class=\"yoast-schema-graph\">{\"@context\":\"https:\/\/schema.org\",\"@graph\":[{\"@type\":\"WebPage\",\"@id\":\"https:\/\/www.teleclub.com.py\/index.php\/product\/notebook-dell-inspiron-i3530-5623blk-pus-i5-1-3-8-512-w11s-15-6fhd-touch\/\",\"url\":\"https:\/\/www.teleclub.com.py\/index.php\/product\/notebook-dell-inspiron-i3530-5623blk-pus-i5-1-3-8-512-w11s-15-6fhd-touch\/\",\"name\":\"NOTEBOOK DELL INSPIRON I3530-5623BLK-PUS I5 1.3\/8\/512\/W11S\/15.6\\\"FHD TOUCH - Teleclub\",\"isPartOf\":{\"@id\":\"https:\/\/www.teleclub.com.py\/#website\"},\"primaryImageOfPage\":{\"@id\":\"https:\/\/www.teleclub.com.py\/index.php\/product\/notebook-dell-inspiron-i3530-5623blk-pus-i5-1-3-8-512-w11s-15-6fhd-touch\/#primaryimage\"},\"image\":{\"@id\":\"https:\/\/www.teleclub.com.py\/index.php\/product\/notebook-dell-inspiron-i3530-5623blk-pus-i5-1-3-8-512-w11s-15-6fhd-touch\/#primaryimage\"},\"thumbnailUrl\":\"https:\/\/www.teleclub.com.py\/wp-content\/uploads\/2025\/06\/NOTEBOOK-DELL-INSPIRON-I3530-5623BLK-PUS.png\",\"datePublished\":\"2025-06-10T20:40:03+00:00\",\"dateModified\":\"2025-09-03T20:11:37+00:00\",\"description\":\"Dell Inspiron 15\u2033 T\u00e1ctil i5\u20111334U, 8\u202fGB RAM, 512\u202fGB SSD, Windows 11, Wi\u2011Fi\u202f6. Potencia y versatilidad en un notebook elegante y t\u00e1ctil.\",\"breadcrumb\":{\"@id\":\"https:\/\/www.teleclub.com.py\/index.php\/product\/notebook-dell-inspiron-i3530-5623blk-pus-i5-1-3-8-512-w11s-15-6fhd-touch\/#breadcrumb\"},\"inLanguage\":\"es\",\"potentialAction\":[{\"@type\":\"ReadAction\",\"target\":[\"https:\/\/www.teleclub.com.py\/index.php\/product\/notebook-dell-inspiron-i3530-5623blk-pus-i5-1-3-8-512-w11s-15-6fhd-touch\/\"]}]},{\"@type\":\"ImageObject\",\"inLanguage\":\"es\",\"@id\":\"https:\/\/www.teleclub.com.py\/index.php\/product\/notebook-dell-inspiron-i3530-5623blk-pus-i5-1-3-8-512-w11s-15-6fhd-touch\/#primaryimage\",\"url\":\"https:\/\/www.teleclub.com.py\/wp-content\/uploads\/2025\/06\/NOTEBOOK-DELL-INSPIRON-I3530-5623BLK-PUS.png\",\"contentUrl\":\"https:\/\/www.teleclub.com.py\/wp-content\/uploads\/2025\/06\/NOTEBOOK-DELL-INSPIRON-I3530-5623BLK-PUS.png\",\"width\":1000,\"height\":1000},{\"@type\":\"BreadcrumbList\",\"@id\":\"https:\/\/www.teleclub.com.py\/index.php\/product\/notebook-dell-inspiron-i3530-5623blk-pus-i5-1-3-8-512-w11s-15-6fhd-touch\/#breadcrumb\",\"itemListElement\":[{\"@type\":\"ListItem\",\"position\":1,\"name\":\"Portada\",\"item\":\"https:\/\/www.teleclub.com.py\/\"},{\"@type\":\"ListItem\",\"position\":2,\"name\":\"Shop\",\"item\":\"https:\/\/www.teleclub.com.py\/index.php\/shop-2\/\"},{\"@type\":\"ListItem\",\"position\":3,\"name\":\"NOTEBOOK DELL INSPIRON I3530-5623BLK-PUS I5 1.3\/8\/512\/W11S\/15.6&#8243;FHD TOUCH\"}]},{\"@type\":\"WebSite\",\"@id\":\"https:\/\/www.teleclub.com.py\/#website\",\"url\":\"https:\/\/www.teleclub.com.py\/\",\"name\":\"Teleclub\",\"description\":\"Tu tienda online\",\"publisher\":{\"@id\":\"https:\/\/www.teleclub.com.py\/#organization\"},\"potentialAction\":[{\"@type\":\"SearchAction\",\"target\":{\"@type\":\"EntryPoint\",\"urlTemplate\":\"https:\/\/www.teleclub.com.py\/?s={search_term_string}\"},\"query-input\":{\"@type\":\"PropertyValueSpecification\",\"valueRequired\":true,\"valueName\":\"search_term_string\"}}],\"inLanguage\":\"es\"},{\"@type\":\"Organization\",\"@id\":\"https:\/\/www.teleclub.com.py\/#organization\",\"name\":\"Teleclub\",\"url\":\"https:\/\/www.teleclub.com.py\/\",\"logo\":{\"@type\":\"ImageObject\",\"inLanguage\":\"es\",\"@id\":\"https:\/\/www.teleclub.com.py\/#\/schema\/logo\/image\/\",\"url\":\"https:\/\/www.teleclub.com.py\/wp-content\/uploads\/2024\/09\/1611317346760_TeleClub_logo_FondoBlanco-2.jpg\",\"contentUrl\":\"https:\/\/www.teleclub.com.py\/wp-content\/uploads\/2024\/09\/1611317346760_TeleClub_logo_FondoBlanco-2.jpg\",\"width\":1600,\"height\":1600,\"caption\":\"Teleclub\"},\"image\":{\"@id\":\"https:\/\/www.teleclub.com.py\/#\/schema\/logo\/image\/\"},\"sameAs\":[\"https:\/\/www.facebook.com\/teleclubpy\",\"https:\/\/www.instagram.com\/teleclubpy\"]}]}<\/script>\n<!-- \/ Yoast SEO plugin. -->","yoast_head_json":{"title":"NOTEBOOK DELL INSPIRON I3530-5623BLK-PUS I5 1.3\/8\/512\/W11S\/15.6\"FHD TOUCH - Teleclub","description":"Dell Inspiron 15\u2033 T\u00e1ctil i5\u20111334U, 8\u202fGB RAM, 512\u202fGB SSD, Windows 11, Wi\u2011Fi\u202f6. Potencia y versatilidad en un notebook elegante y t\u00e1ctil.","robots":{"index":"index","follow":"follow","max-snippet":"max-snippet:-1","max-image-preview":"max-image-preview:large","max-video-preview":"max-video-preview:-1"},"canonical":"https:\/\/www.teleclub.com.py\/index.php\/product\/notebook-dell-inspiron-i3530-5623blk-pus-i5-1-3-8-512-w11s-15-6fhd-touch\/","og_locale":"es_ES","og_type":"article","og_title":"NOTEBOOK DELL INSPIRON I3530-5623BLK-PUS I5 1.3\/8\/512\/W11S\/15.6\"FHD TOUCH - Teleclub","og_description":"Dell Inspiron 15\u2033 T\u00e1ctil i5\u20111334U, 8\u202fGB RAM, 512\u202fGB SSD, Windows 11, Wi\u2011Fi\u202f6. Potencia y versatilidad en un notebook elegante y t\u00e1ctil.","og_url":"https:\/\/www.teleclub.com.py\/index.php\/product\/notebook-dell-inspiron-i3530-5623blk-pus-i5-1-3-8-512-w11s-15-6fhd-touch\/","og_site_name":"Teleclub","article_publisher":"https:\/\/www.facebook.com\/teleclubpy","article_modified_time":"2025-09-03T20:11:37+00:00","og_image":[{"width":1000,"height":1000,"url":"https:\/\/www.teleclub.com.py\/wp-content\/uploads\/2025\/06\/NOTEBOOK-DELL-INSPIRON-I3530-5623BLK-PUS.png","type":"image\/png"}],"twitter_card":"summary_large_image","twitter_misc":{"Tiempo de lectura":"1 minuto"},"schema":{"@context":"https:\/\/schema.org","@graph":[{"@type":"WebPage","@id":"https:\/\/www.teleclub.com.py\/index.php\/product\/notebook-dell-inspiron-i3530-5623blk-pus-i5-1-3-8-512-w11s-15-6fhd-touch\/","url":"https:\/\/www.teleclub.com.py\/index.php\/product\/notebook-dell-inspiron-i3530-5623blk-pus-i5-1-3-8-512-w11s-15-6fhd-touch\/","name":"NOTEBOOK DELL INSPIRON I3530-5623BLK-PUS I5 1.3\/8\/512\/W11S\/15.6\"FHD TOUCH - Teleclub","isPartOf":{"@id":"https:\/\/www.teleclub.com.py\/#website"},"primaryImageOfPage":{"@id":"https:\/\/www.teleclub.com.py\/index.php\/product\/notebook-dell-inspiron-i3530-5623blk-pus-i5-1-3-8-512-w11s-15-6fhd-touch\/#primaryimage"},"image":{"@id":"https:\/\/www.teleclub.com.py\/index.php\/product\/notebook-dell-inspiron-i3530-5623blk-pus-i5-1-3-8-512-w11s-15-6fhd-touch\/#primaryimage"},"thumbnailUrl":"https:\/\/www.teleclub.com.py\/wp-content\/uploads\/2025\/06\/NOTEBOOK-DELL-INSPIRON-I3530-5623BLK-PUS.png","datePublished":"2025-06-10T20:40:03+00:00","dateModified":"2025-09-03T20:11:37+00:00","description":"Dell Inspiron 15\u2033 T\u00e1ctil i5\u20111334U, 8\u202fGB RAM, 512\u202fGB SSD, Windows 11, Wi\u2011Fi\u202f6. Potencia y versatilidad en un notebook elegante y t\u00e1ctil.","breadcrumb":{"@id":"https:\/\/www.teleclub.com.py\/index.php\/product\/notebook-dell-inspiron-i3530-5623blk-pus-i5-1-3-8-512-w11s-15-6fhd-touch\/#breadcrumb"},"inLanguage":"es","potentialAction":[{"@type":"ReadAction","target":["https:\/\/www.teleclub.com.py\/index.php\/product\/notebook-dell-inspiron-i3530-5623blk-pus-i5-1-3-8-512-w11s-15-6fhd-touch\/"]}]},{"@type":"ImageObject","inLanguage":"es","@id":"https:\/\/www.teleclub.com.py\/index.php\/product\/notebook-dell-inspiron-i3530-5623blk-pus-i5-1-3-8-512-w11s-15-6fhd-touch\/#primaryimage","url":"https:\/\/www.teleclub.com.py\/wp-content\/uploads\/2025\/06\/NOTEBOOK-DELL-INSPIRON-I3530-5623BLK-PUS.png","contentUrl":"https:\/\/www.teleclub.com.py\/wp-content\/uploads\/2025\/06\/NOTEBOOK-DELL-INSPIRON-I3530-5623BLK-PUS.png","width":1000,"height":1000},{"@type":"BreadcrumbList","@id":"https:\/\/www.teleclub.com.py\/index.php\/product\/notebook-dell-inspiron-i3530-5623blk-pus-i5-1-3-8-512-w11s-15-6fhd-touch\/#breadcrumb","itemListElement":[{"@type":"ListItem","position":1,"name":"Portada","item":"https:\/\/www.teleclub.com.py\/"},{"@type":"ListItem","position":2,"name":"Shop","item":"https:\/\/www.teleclub.com.py\/index.php\/shop-2\/"},{"@type":"ListItem","position":3,"name":"NOTEBOOK DELL INSPIRON I3530-5623BLK-PUS I5 1.3\/8\/512\/W11S\/15.6&#8243;FHD TOUCH"}]},{"@type":"WebSite","@id":"https:\/\/www.teleclub.com.py\/#website","url":"https:\/\/www.teleclub.com.py\/","name":"Teleclub","description":"Tu tienda online","publisher":{"@id":"https:\/\/www.teleclub.com.py\/#organization"},"potentialAction":[{"@type":"SearchAction","target":{"@type":"EntryPoint","urlTemplate":"https:\/\/www.teleclub.com.py\/?s={search_term_string}"},"query-input":{"@type":"PropertyValueSpecification","valueRequired":true,"valueName":"search_term_string"}}],"inLanguage":"es"},{"@type":"Organization","@id":"https:\/\/www.teleclub.com.py\/#organization","name":"Teleclub","url":"https:\/\/www.teleclub.com.py\/","logo":{"@type":"ImageObject","inLanguage":"es","@id":"https:\/\/www.teleclub.com.py\/#\/schema\/logo\/image\/","url":"https:\/\/www.teleclub.com.py\/wp-content\/uploads\/2024\/09\/1611317346760_TeleClub_logo_FondoBlanco-2.jpg","contentUrl":"https:\/\/www.teleclub.com.py\/wp-content\/uploads\/2024\/09\/1611317346760_TeleClub_logo_FondoBlanco-2.jpg","width":1600,"height":1600,"caption":"Teleclub"},"image":{"@id":"https:\/\/www.teleclub.com.py\/#\/schema\/logo\/image\/"},"sameAs":["https:\/\/www.facebook.com\/teleclubpy","https:\/\/www.instagram.com\/teleclubpy"]}]}},"_links":{"self":[{"href":"https:\/\/www.teleclub.com.py\/index.php\/wp-json\/wp\/v2\/product\/13792","targetHints":{"allow":["GET"]}}],"collection":[{"href":"https:\/\/www.teleclub.com.py\/index.php\/wp-json\/wp\/v2\/product"}],"about":[{"href":"https:\/\/www.teleclub.com.py\/index.php\/wp-json\/wp\/v2\/types\/product"}],"wp:featuredmedia":[{"embeddable":true,"href":"https:\/\/www.teleclub.com.py\/index.php\/wp-json\/wp\/v2\/media\/13793"}],"wp:attachment":[{"href":"https:\/\/www.teleclub.com.py\/index.php\/wp-json\/wp\/v2\/media?parent=13792"}],"wp:term":[{"taxonomy":"product_cat","embeddable":true,"href":"https:\/\/www.teleclub.com.py\/index.php\/wp-json\/wp\/v2\/product_cat?post=13792"},{"taxonomy":"product_tag","embeddable":true,"href":"https:\/\/www.teleclub.com.py\/index.php\/wp-json\/wp\/v2\/product_tag?post=13792"}],"curies":[{"name":"wp","href":"https:\/\/api.w.org\/{rel}","templated":true}]}}