{"id":13770,"date":"2025-06-10T08:51:16","date_gmt":"2025-06-10T11:51:16","guid":{"rendered":"https:\/\/www.teleclub.com.py\/?post_type=product&#038;p=13770"},"modified":"2025-06-10T08:51:16","modified_gmt":"2025-06-10T11:51:16","slug":"kit-taladro-de-impacto-16pcs-kit-de-herramientas","status":"publish","type":"product","link":"https:\/\/www.teleclub.com.py\/index.php\/product\/kit-taladro-de-impacto-16pcs-kit-de-herramientas\/","title":{"rendered":"KIT TALADRO DE IMPACTO 16PCS + KIT DE HERRAMIENTAS"},"content":{"rendered":"<p><span class=\"relative -mx-px my-[-0.2rem] rounded px-px py-[0.2rem] transition-colors duration-100 ease-in-out\">El <strong data-start=\"3\" data-end=\"37\">Kit Taladro de Impacto NHK\u2011217<\/strong> ofrece potencia y versatilidad. Con un taladro inal\u00e1mbrico de <strong data-start=\"100\" data-end=\"108\">12\u202fV<\/strong> y <strong data-start=\"111\" data-end=\"137\">torque m\u00e1ximo de 25\u202fNm<\/strong>, dispone de <strong data-start=\"150\" data-end=\"189\">2 velocidades (0\u2013350 \/ 0\u20131\u202f350\u202fRPM)<\/strong> y funci\u00f3n de impacto para perforar madera, metal o pl\u00e1stico con facilidad<\/span>. <span class=\"relative -mx-px my-[-0.2rem] rounded px-px py-[0.2rem] transition-colors duration-100 ease-in-out\">La <strong data-start=\"3\" data-end=\"38\">bater\u00eda recargable de 1\u202f500\u202fmAh<\/strong>, que se carga en aproximadamente 2,5\u202fh, garantiza autonom\u00eda suficiente para trabajos continuos<\/span>. <span class=\"relative -mx-px my-[-0.2rem] rounded px-px py-[0.2rem] transition-colors duration-100 ease-in-out\">Incluye adem\u00e1s 6 brocas, 6 puntas de destornillador, extensor recto, cargador y malet\u00edn pr\u00e1ctico para organizar y transportar.<\/span><\/p>\n<p><span class=\"relative -mx-px my-[-0.2rem] rounded px-px py-[0.2rem] transition-colors duration-100 ease-in-out\">El <strong data-start=\"3\" data-end=\"18\">Kit NHK\u2011052<\/strong> es un set completo para mantenimiento, reparaciones dom\u00e9sticas y proyectos de bricolaje. Con <strong data-start=\"112\" data-end=\"132\">189 herramientas<\/strong>, incluye mini pinzas, trincheta, pinza, alicate, destornilladores, llaves fijas e inglesas, brocas, puntas, nivel y m\u00e1s, todo organizado en un resistente malet\u00edn<\/span>. <span class=\"relative -mx-px my-[-0.2rem] rounded px-px py-[0.2rem] transition-colors duration-100 ease-in-out\">Ideal tanto para aficionados como para usuarios que desean tener soluciones listas para cualquier tarea.<\/span><\/p>\n","protected":false},"excerpt":{"rendered":"<p>KIT TALADRO DE IMPACTO 16PCS NHK<br \/>\n217<\/p>\n<ul>\n<li data-start=\"455\" data-end=\"496\">\n<p data-start=\"457\" data-end=\"496\"><span class=\"relative -mx-px my-[-0.2rem] rounded px-px py-[0.2rem] transition-colors duration-100 ease-in-out\"><strong data-start=\"0\" data-end=\"12\" data-is-only-node=\"\">Voltaje:<\/strong> 12\u202fV<\/span><\/p>\n<\/li>\n<li data-start=\"497\" data-end=\"578\">\n<p data-start=\"499\" data-end=\"578\"><span class=\"relative -mx-px my-[-0.2rem] rounded px-px py-[0.2rem] transition-colors duration-100 ease-in-out\"><strong data-start=\"0\" data-end=\"18\" data-is-only-node=\"\">Torque m\u00e1ximo:<\/strong> 25\u202fNm<\/span><\/p>\n<\/li>\n<li data-start=\"579\" data-end=\"662\">\n<p data-start=\"581\" data-end=\"662\"><span class=\"relative -mx-px my-[-0.2rem] rounded px-px py-[0.2rem] transition-colors duration-100 ease-in-out\"><strong data-start=\"0\" data-end=\"16\" data-is-only-node=\"\">Velocidades:<\/strong> 0\u2013350\u202fRPM y 0\u20131\u202f350\u202fRPM; funci\u00f3n de impacto<\/span><\/p>\n<\/li>\n<li data-start=\"663\" data-end=\"746\">\n<p data-start=\"665\" data-end=\"746\"><span class=\"relative -mx-px my-[-0.2rem] rounded px-px py-[0.2rem] transition-colors duration-100 ease-in-out\"><strong data-start=\"0\" data-end=\"23\" data-is-only-node=\"\">Bater\u00eda recargable:<\/strong> 1\u202f500\u202fmAh, carga en ~2,5\u202fh<\/span><\/p>\n<\/li>\n<li data-start=\"747\" data-end=\"830\">\n<p data-start=\"749\" data-end=\"830\"><span class=\"relative -mx-px my-[-0.2rem] rounded px-px py-[0.2rem] transition-colors duration-100 ease-in-out\"><strong data-start=\"0\" data-end=\"12\" data-is-only-node=\"\">Mandril:<\/strong> hasta 10\u202fmm de di\u00e1metro y perforaci\u00f3n m\u00e1xima de 10\u202fmm<\/span><\/p>\n<\/li>\n<li data-start=\"831\" data-end=\"914\">\n<p data-start=\"833\" data-end=\"914\"><span class=\"relative -mx-px my-[-0.2rem] rounded px-px py-[0.2rem] transition-colors duration-100 ease-in-out\"><strong data-start=\"0\" data-end=\"24\" data-is-only-node=\"\">Accesorios (16\u202fpcs):<\/strong> 6 mechas, 6 puntas, extensor recto, cargador, malet\u00edn<\/span><\/p>\n<\/li>\n<li data-start=\"915\" data-end=\"996\">\n<p data-start=\"917\" data-end=\"996\"><span class=\"relative -mx-px my-[-0.2rem] rounded px-px py-[0.2rem] transition-colors duration-100 ease-in-out\"><strong data-start=\"0\" data-end=\"17\" data-is-only-node=\"\">Alimentaci\u00f3n:<\/strong> 100\u2013240\u202fV, compatible con diferentes enchufes<\/span><\/p>\n<\/li>\n<\/ul>\n<p>KIT DE HERRAMIENTAS NHK-052<\/p>\n<ul>\n<li data-start=\"1303\" data-end=\"1386\">\n<p data-start=\"1305\" data-end=\"1386\"><span class=\"relative -mx-px my-[-0.2rem] rounded px-px py-[0.2rem] transition-colors duration-100 ease-in-out\"><strong data-start=\"0\" data-end=\"13\" data-is-only-node=\"\">Cantidad:<\/strong> 189 piezas<\/span><\/p>\n<\/li>\n<li data-start=\"1387\" data-end=\"1642\">\n<p data-start=\"1389\" data-end=\"1418\"><strong data-start=\"1389\" data-end=\"1416\">Herramientas incluidas:<\/strong><\/p>\n<ul data-start=\"1421\" data-end=\"1642\">\n<li data-start=\"1421\" data-end=\"1464\">\n<p data-start=\"1423\" data-end=\"1464\"><span class=\"relative -mx-px my-[-0.2rem] rounded px-px py-[0.2rem] transition-colors duration-100 ease-in-out\">4 mini pinzas, trincheta, pinza, alicate<\/span><\/p>\n<\/li>\n<li data-start=\"1467\" data-end=\"1510\">\n<p data-start=\"1469\" data-end=\"1510\"><span class=\"relative -mx-px my-[-0.2rem] rounded px-px py-[0.2rem] transition-colors duration-100 ease-in-out\">50 puntas y 4 destornilladores de precisi\u00f3n<\/span><\/p>\n<\/li>\n<li data-start=\"1513\" data-end=\"1556\">\n<p data-start=\"1515\" data-end=\"1556\"><span class=\"relative -mx-px my-[-0.2rem] rounded px-px py-[0.2rem] transition-colors duration-100 ease-in-out\">19 brocas, adaptadores, mango de desarmador<\/span><\/p>\n<\/li>\n<li data-start=\"1559\" data-end=\"1642\">\n<p data-start=\"1561\" data-end=\"1642\"><span class=\"relative -mx-px my-[-0.2rem] rounded px-px py-[0.2rem] transition-colors duration-100 ease-in-out\">Llaves allen, fija y inglesa, nivel, malet\u00edn<\/span><\/p>\n<\/li>\n<\/ul>\n<\/li>\n<li data-start=\"1643\" data-end=\"1726\">\n<p data-start=\"1645\" data-end=\"1726\"><span class=\"relative -mx-px my-[-0.2rem] rounded px-px py-[0.2rem] transition-colors duration-100 ease-in-out\"><strong data-start=\"0\" data-end=\"33\" data-is-only-node=\"\">Malet\u00edn compacto y resistente<\/strong> para almacenamiento y transporte f\u00e1cil<\/span><\/p>\n<\/li>\n<li data-start=\"1727\" data-end=\"1810\">\n<p data-start=\"1729\" data-end=\"1810\"><span class=\"relative -mx-px my-[-0.2rem] rounded px-px py-[0.2rem] transition-colors duration-100 ease-in-out\"><strong data-start=\"0\" data-end=\"33\" data-is-only-node=\"\">Acero al carbono e inoxidable<\/strong>: herramientas duraderas<\/span><\/p>\n<\/li>\n<li data-start=\"1811\" data-end=\"1887\">\n<p data-start=\"1813\" data-end=\"1887\"><strong data-start=\"1813\" data-end=\"1828\">Ideal para:<\/strong> reparaci\u00f3n, mantenimiento y bricolaje en el hogar o taller<\/p>\n<\/li>\n<\/ul>\n","protected":false},"featured_media":13771,"template":"","meta":{"om_disable_all_campaigns":false},"product_cat":[448],"product_tag":[],"class_list":{"0":"post-13770","1":"product","2":"type-product","3":"status-publish","4":"has-post-thumbnail","6":"product_cat-regalos-para-papa","8":"first","9":"instock","10":"shipping-taxable","11":"purchasable","12":"product-type-simple"},"yoast_head":"<!-- This site is optimized with the Yoast SEO plugin v23.6 - https:\/\/yoast.com\/wordpress\/plugins\/seo\/ -->\n<title>KIT TALADRO DE IMPACTO 16PCS + KIT DE HERRAMIENTAS - Teleclub<\/title>\n<meta name=\"description\" content=\"Sorprende a Pap\u00e1 en su d\u00eda con regalos originales en Teleclub: tecnolog\u00eda innovadora, art\u00edculos pr\u00e1cticos y detalles especiales que digan cu\u00e1nto lo aprecias\" \/>\n<meta name=\"robots\" content=\"index, follow, max-snippet:-1, max-image-preview:large, max-video-preview:-1\" \/>\n<link rel=\"canonical\" href=\"https:\/\/www.teleclub.com.py\/index.php\/product\/kit-taladro-de-impacto-16pcs-kit-de-herramientas\/\" \/>\n<meta property=\"og:locale\" content=\"es_ES\" \/>\n<meta property=\"og:type\" content=\"article\" \/>\n<meta property=\"og:title\" content=\"KIT TALADRO DE IMPACTO 16PCS + KIT DE HERRAMIENTAS - Teleclub\" \/>\n<meta property=\"og:description\" content=\"Sorprende a Pap\u00e1 en su d\u00eda con regalos originales en Teleclub: tecnolog\u00eda innovadora, art\u00edculos pr\u00e1cticos y detalles especiales que digan cu\u00e1nto lo aprecias\" \/>\n<meta property=\"og:url\" content=\"https:\/\/www.teleclub.com.py\/index.php\/product\/kit-taladro-de-impacto-16pcs-kit-de-herramientas\/\" \/>\n<meta property=\"og:site_name\" content=\"Teleclub\" \/>\n<meta property=\"article:publisher\" content=\"https:\/\/www.facebook.com\/teleclubpy\" \/>\n<meta property=\"og:image\" content=\"https:\/\/www.teleclub.com.py\/wp-content\/uploads\/2025\/06\/CDP5.jpg\" \/>\n\t<meta property=\"og:image:width\" content=\"1080\" \/>\n\t<meta property=\"og:image:height\" content=\"1350\" \/>\n\t<meta property=\"og:image:type\" content=\"image\/jpeg\" \/>\n<meta name=\"twitter:card\" content=\"summary_large_image\" \/>\n<meta name=\"twitter:label1\" content=\"Tiempo de lectura\" \/>\n\t<meta name=\"twitter:data1\" content=\"1 minuto\" \/>\n<script type=\"application\/ld+json\" class=\"yoast-schema-graph\">{\"@context\":\"https:\/\/schema.org\",\"@graph\":[{\"@type\":\"WebPage\",\"@id\":\"https:\/\/www.teleclub.com.py\/index.php\/product\/kit-taladro-de-impacto-16pcs-kit-de-herramientas\/\",\"url\":\"https:\/\/www.teleclub.com.py\/index.php\/product\/kit-taladro-de-impacto-16pcs-kit-de-herramientas\/\",\"name\":\"KIT TALADRO DE IMPACTO 16PCS + KIT DE HERRAMIENTAS - Teleclub\",\"isPartOf\":{\"@id\":\"https:\/\/www.teleclub.com.py\/#website\"},\"primaryImageOfPage\":{\"@id\":\"https:\/\/www.teleclub.com.py\/index.php\/product\/kit-taladro-de-impacto-16pcs-kit-de-herramientas\/#primaryimage\"},\"image\":{\"@id\":\"https:\/\/www.teleclub.com.py\/index.php\/product\/kit-taladro-de-impacto-16pcs-kit-de-herramientas\/#primaryimage\"},\"thumbnailUrl\":\"https:\/\/www.teleclub.com.py\/wp-content\/uploads\/2025\/06\/CDP5.jpg\",\"datePublished\":\"2025-06-10T11:51:16+00:00\",\"dateModified\":\"2025-06-10T11:51:16+00:00\",\"description\":\"Sorprende a Pap\u00e1 en su d\u00eda con regalos originales en Teleclub: tecnolog\u00eda innovadora, art\u00edculos pr\u00e1cticos y detalles especiales que digan cu\u00e1nto lo aprecias\",\"breadcrumb\":{\"@id\":\"https:\/\/www.teleclub.com.py\/index.php\/product\/kit-taladro-de-impacto-16pcs-kit-de-herramientas\/#breadcrumb\"},\"inLanguage\":\"es\",\"potentialAction\":[{\"@type\":\"ReadAction\",\"target\":[\"https:\/\/www.teleclub.com.py\/index.php\/product\/kit-taladro-de-impacto-16pcs-kit-de-herramientas\/\"]}]},{\"@type\":\"ImageObject\",\"inLanguage\":\"es\",\"@id\":\"https:\/\/www.teleclub.com.py\/index.php\/product\/kit-taladro-de-impacto-16pcs-kit-de-herramientas\/#primaryimage\",\"url\":\"https:\/\/www.teleclub.com.py\/wp-content\/uploads\/2025\/06\/CDP5.jpg\",\"contentUrl\":\"https:\/\/www.teleclub.com.py\/wp-content\/uploads\/2025\/06\/CDP5.jpg\",\"width\":1080,\"height\":1350},{\"@type\":\"BreadcrumbList\",\"@id\":\"https:\/\/www.teleclub.com.py\/index.php\/product\/kit-taladro-de-impacto-16pcs-kit-de-herramientas\/#breadcrumb\",\"itemListElement\":[{\"@type\":\"ListItem\",\"position\":1,\"name\":\"Portada\",\"item\":\"https:\/\/www.teleclub.com.py\/\"},{\"@type\":\"ListItem\",\"position\":2,\"name\":\"Shop\",\"item\":\"https:\/\/www.teleclub.com.py\/index.php\/shop-2\/\"},{\"@type\":\"ListItem\",\"position\":3,\"name\":\"KIT TALADRO DE IMPACTO 16PCS + KIT DE HERRAMIENTAS\"}]},{\"@type\":\"WebSite\",\"@id\":\"https:\/\/www.teleclub.com.py\/#website\",\"url\":\"https:\/\/www.teleclub.com.py\/\",\"name\":\"Teleclub\",\"description\":\"Tu tienda online\",\"publisher\":{\"@id\":\"https:\/\/www.teleclub.com.py\/#organization\"},\"potentialAction\":[{\"@type\":\"SearchAction\",\"target\":{\"@type\":\"EntryPoint\",\"urlTemplate\":\"https:\/\/www.teleclub.com.py\/?s={search_term_string}\"},\"query-input\":{\"@type\":\"PropertyValueSpecification\",\"valueRequired\":true,\"valueName\":\"search_term_string\"}}],\"inLanguage\":\"es\"},{\"@type\":\"Organization\",\"@id\":\"https:\/\/www.teleclub.com.py\/#organization\",\"name\":\"Teleclub\",\"url\":\"https:\/\/www.teleclub.com.py\/\",\"logo\":{\"@type\":\"ImageObject\",\"inLanguage\":\"es\",\"@id\":\"https:\/\/www.teleclub.com.py\/#\/schema\/logo\/image\/\",\"url\":\"https:\/\/www.teleclub.com.py\/wp-content\/uploads\/2024\/09\/1611317346760_TeleClub_logo_FondoBlanco-2.jpg\",\"contentUrl\":\"https:\/\/www.teleclub.com.py\/wp-content\/uploads\/2024\/09\/1611317346760_TeleClub_logo_FondoBlanco-2.jpg\",\"width\":1600,\"height\":1600,\"caption\":\"Teleclub\"},\"image\":{\"@id\":\"https:\/\/www.teleclub.com.py\/#\/schema\/logo\/image\/\"},\"sameAs\":[\"https:\/\/www.facebook.com\/teleclubpy\",\"https:\/\/www.instagram.com\/teleclubpy\"]}]}<\/script>\n<!-- \/ Yoast SEO plugin. -->","yoast_head_json":{"title":"KIT TALADRO DE IMPACTO 16PCS + KIT DE HERRAMIENTAS - Teleclub","description":"Sorprende a Pap\u00e1 en su d\u00eda con regalos originales en Teleclub: tecnolog\u00eda innovadora, art\u00edculos pr\u00e1cticos y detalles especiales que digan cu\u00e1nto lo aprecias","robots":{"index":"index","follow":"follow","max-snippet":"max-snippet:-1","max-image-preview":"max-image-preview:large","max-video-preview":"max-video-preview:-1"},"canonical":"https:\/\/www.teleclub.com.py\/index.php\/product\/kit-taladro-de-impacto-16pcs-kit-de-herramientas\/","og_locale":"es_ES","og_type":"article","og_title":"KIT TALADRO DE IMPACTO 16PCS + KIT DE HERRAMIENTAS - Teleclub","og_description":"Sorprende a Pap\u00e1 en su d\u00eda con regalos originales en Teleclub: tecnolog\u00eda innovadora, art\u00edculos pr\u00e1cticos y detalles especiales que digan cu\u00e1nto lo aprecias","og_url":"https:\/\/www.teleclub.com.py\/index.php\/product\/kit-taladro-de-impacto-16pcs-kit-de-herramientas\/","og_site_name":"Teleclub","article_publisher":"https:\/\/www.facebook.com\/teleclubpy","og_image":[{"width":1080,"height":1350,"url":"https:\/\/www.teleclub.com.py\/wp-content\/uploads\/2025\/06\/CDP5.jpg","type":"image\/jpeg"}],"twitter_card":"summary_large_image","twitter_misc":{"Tiempo de lectura":"1 minuto"},"schema":{"@context":"https:\/\/schema.org","@graph":[{"@type":"WebPage","@id":"https:\/\/www.teleclub.com.py\/index.php\/product\/kit-taladro-de-impacto-16pcs-kit-de-herramientas\/","url":"https:\/\/www.teleclub.com.py\/index.php\/product\/kit-taladro-de-impacto-16pcs-kit-de-herramientas\/","name":"KIT TALADRO DE IMPACTO 16PCS + KIT DE HERRAMIENTAS - Teleclub","isPartOf":{"@id":"https:\/\/www.teleclub.com.py\/#website"},"primaryImageOfPage":{"@id":"https:\/\/www.teleclub.com.py\/index.php\/product\/kit-taladro-de-impacto-16pcs-kit-de-herramientas\/#primaryimage"},"image":{"@id":"https:\/\/www.teleclub.com.py\/index.php\/product\/kit-taladro-de-impacto-16pcs-kit-de-herramientas\/#primaryimage"},"thumbnailUrl":"https:\/\/www.teleclub.com.py\/wp-content\/uploads\/2025\/06\/CDP5.jpg","datePublished":"2025-06-10T11:51:16+00:00","dateModified":"2025-06-10T11:51:16+00:00","description":"Sorprende a Pap\u00e1 en su d\u00eda con regalos originales en Teleclub: tecnolog\u00eda innovadora, art\u00edculos pr\u00e1cticos y detalles especiales que digan cu\u00e1nto lo aprecias","breadcrumb":{"@id":"https:\/\/www.teleclub.com.py\/index.php\/product\/kit-taladro-de-impacto-16pcs-kit-de-herramientas\/#breadcrumb"},"inLanguage":"es","potentialAction":[{"@type":"ReadAction","target":["https:\/\/www.teleclub.com.py\/index.php\/product\/kit-taladro-de-impacto-16pcs-kit-de-herramientas\/"]}]},{"@type":"ImageObject","inLanguage":"es","@id":"https:\/\/www.teleclub.com.py\/index.php\/product\/kit-taladro-de-impacto-16pcs-kit-de-herramientas\/#primaryimage","url":"https:\/\/www.teleclub.com.py\/wp-content\/uploads\/2025\/06\/CDP5.jpg","contentUrl":"https:\/\/www.teleclub.com.py\/wp-content\/uploads\/2025\/06\/CDP5.jpg","width":1080,"height":1350},{"@type":"BreadcrumbList","@id":"https:\/\/www.teleclub.com.py\/index.php\/product\/kit-taladro-de-impacto-16pcs-kit-de-herramientas\/#breadcrumb","itemListElement":[{"@type":"ListItem","position":1,"name":"Portada","item":"https:\/\/www.teleclub.com.py\/"},{"@type":"ListItem","position":2,"name":"Shop","item":"https:\/\/www.teleclub.com.py\/index.php\/shop-2\/"},{"@type":"ListItem","position":3,"name":"KIT TALADRO DE IMPACTO 16PCS + KIT DE HERRAMIENTAS"}]},{"@type":"WebSite","@id":"https:\/\/www.teleclub.com.py\/#website","url":"https:\/\/www.teleclub.com.py\/","name":"Teleclub","description":"Tu tienda online","publisher":{"@id":"https:\/\/www.teleclub.com.py\/#organization"},"potentialAction":[{"@type":"SearchAction","target":{"@type":"EntryPoint","urlTemplate":"https:\/\/www.teleclub.com.py\/?s={search_term_string}"},"query-input":{"@type":"PropertyValueSpecification","valueRequired":true,"valueName":"search_term_string"}}],"inLanguage":"es"},{"@type":"Organization","@id":"https:\/\/www.teleclub.com.py\/#organization","name":"Teleclub","url":"https:\/\/www.teleclub.com.py\/","logo":{"@type":"ImageObject","inLanguage":"es","@id":"https:\/\/www.teleclub.com.py\/#\/schema\/logo\/image\/","url":"https:\/\/www.teleclub.com.py\/wp-content\/uploads\/2024\/09\/1611317346760_TeleClub_logo_FondoBlanco-2.jpg","contentUrl":"https:\/\/www.teleclub.com.py\/wp-content\/uploads\/2024\/09\/1611317346760_TeleClub_logo_FondoBlanco-2.jpg","width":1600,"height":1600,"caption":"Teleclub"},"image":{"@id":"https:\/\/www.teleclub.com.py\/#\/schema\/logo\/image\/"},"sameAs":["https:\/\/www.facebook.com\/teleclubpy","https:\/\/www.instagram.com\/teleclubpy"]}]}},"_links":{"self":[{"href":"https:\/\/www.teleclub.com.py\/index.php\/wp-json\/wp\/v2\/product\/13770","targetHints":{"allow":["GET"]}}],"collection":[{"href":"https:\/\/www.teleclub.com.py\/index.php\/wp-json\/wp\/v2\/product"}],"about":[{"href":"https:\/\/www.teleclub.com.py\/index.php\/wp-json\/wp\/v2\/types\/product"}],"wp:featuredmedia":[{"embeddable":true,"href":"https:\/\/www.teleclub.com.py\/index.php\/wp-json\/wp\/v2\/media\/13771"}],"wp:attachment":[{"href":"https:\/\/www.teleclub.com.py\/index.php\/wp-json\/wp\/v2\/media?parent=13770"}],"wp:term":[{"taxonomy":"product_cat","embeddable":true,"href":"https:\/\/www.teleclub.com.py\/index.php\/wp-json\/wp\/v2\/product_cat?post=13770"},{"taxonomy":"product_tag","embeddable":true,"href":"https:\/\/www.teleclub.com.py\/index.php\/wp-json\/wp\/v2\/product_tag?post=13770"}],"curies":[{"name":"wp","href":"https:\/\/api.w.org\/{rel}","templated":true}]}}