{"id":13737,"date":"2025-06-07T09:48:41","date_gmt":"2025-06-07T12:48:41","guid":{"rendered":"https:\/\/www.teleclub.com.py\/?post_type=product&#038;p=13737"},"modified":"2025-06-07T09:48:41","modified_gmt":"2025-06-07T12:48:41","slug":"aro-led-p-celulares-14cm-bd-360","status":"publish","type":"product","link":"https:\/\/www.teleclub.com.py\/index.php\/product\/aro-led-p-celulares-14cm-bd-360\/","title":{"rendered":"ARO LED P\/CELULARES 14CM BD-360"},"content":{"rendered":"<p><span class=\"relative -mx-px my-[-0.2rem] rounded px-px py-[0.2rem] transition-colors duration-100 ease-in-out\">El <strong data-start=\"3\" data-end=\"43\">Aro de Luz LED BD-360 de 14 pulgadas<\/strong> es la herramienta ideal para quienes buscan una iluminaci\u00f3n uniforme y profesional en sus fotograf\u00edas, videos, transmisiones en vivo o sesiones de maquillaje.<\/span> <span class=\"relative -mx-px my-[-0.2rem] rounded px-px py-[0.2rem] transition-colors duration-100 ease-in-out\">Con un dise\u00f1o compacto y funcional, este aro ofrece tres tonalidades de luz (c\u00e1lida, fr\u00eda y neutra) y m\u00faltiples niveles de brillo, permiti\u00e9ndote ajustar la iluminaci\u00f3n seg\u00fan tus necesidades.<\/span> <span class=\"relative -mx-px my-[-0.2rem] rounded px-px py-[0.2rem] transition-colors duration-100 ease-in-out\">Su soporte para celular con rotaci\u00f3n de 360\u00b0 y conexi\u00f3n USB lo hacen compatible con diversos dispositivos y f\u00e1cil de usar en cualquier lugar.<\/span><\/p>\n","protected":false},"excerpt":{"rendered":"<ul>\n<li data-start=\"690\" data-end=\"753\">\n<p data-start=\"692\" data-end=\"753\"><strong data-start=\"692\" data-end=\"712\">Di\u00e1metro del aro<\/strong>: <span class=\"relative -mx-px my-[-0.2rem] rounded px-px py-[0.2rem] bg-[#FCECC1] dark:bg-[#64572A] transition-colors duration-100 ease-in-out\">14 pulgadas (36 cm)<\/span><\/p>\n<\/li>\n<li data-start=\"754\" data-end=\"821\">\n<p data-start=\"756\" data-end=\"821\"><strong data-start=\"756\" data-end=\"780\">Modos de iluminaci\u00f3n<\/strong>: <span class=\"relative -mx-px my-[-0.2rem] rounded px-px py-[0.2rem] transition-colors duration-100 ease-in-out\">C\u00e1lida, fr\u00eda y neutra<\/span><\/p>\n<\/li>\n<li data-start=\"822\" data-end=\"886\">\n<p data-start=\"824\" data-end=\"886\"><strong data-start=\"824\" data-end=\"845\">Niveles de brillo<\/strong>: <span class=\"relative -mx-px my-[-0.2rem] rounded px-px py-[0.2rem] transition-colors duration-100 ease-in-out\">Ajustables al 100%<\/span><\/p>\n<\/li>\n<li data-start=\"887\" data-end=\"954\">\n<p data-start=\"889\" data-end=\"954\"><strong data-start=\"889\" data-end=\"913\">Soporte para celular<\/strong>: <span class=\"relative -mx-px my-[-0.2rem] rounded px-px py-[0.2rem] transition-colors duration-100 ease-in-out\">Incluido, con rotaci\u00f3n de 360\u00b0<\/span><\/p>\n<\/li>\n<li data-start=\"955\" data-end=\"1010\">\n<p data-start=\"957\" data-end=\"1010\"><strong data-start=\"957\" data-end=\"969\">Conexi\u00f3n<\/strong>: <span class=\"relative -mx-px my-[-0.2rem] rounded px-px py-[0.2rem] transition-colors duration-100 ease-in-out\">USB, compatible con adaptadores de corriente, laptops y power banks<\/span><\/p>\n<\/li>\n<li data-start=\"1011\" data-end=\"1066\">\n<p data-start=\"1013\" data-end=\"1066\"><strong data-start=\"1013\" data-end=\"1025\">Material<\/strong>: <span class=\"relative -mx-px my-[-0.2rem] rounded px-px py-[0.2rem] bg-[#FCECC1] dark:bg-[#64572A] transition-colors duration-100 ease-in-out\">Pl\u00e1stico resistente<\/span><\/p>\n<\/li>\n<li data-start=\"1067\" data-end=\"1127\">\n<p data-start=\"1069\" data-end=\"1127\"><strong data-start=\"1069\" data-end=\"1086\">Color del aro<\/strong>: <span class=\"relative -mx-px my-[-0.2rem] rounded px-px py-[0.2rem] transition-colors duration-100 ease-in-out\">Blanco<\/span><\/p>\n<\/li>\n<li data-start=\"1128\" data-end=\"1221\">\n<p data-start=\"1130\" data-end=\"1221\"><strong data-start=\"1130\" data-end=\"1141\">Incluye<\/strong>: <span class=\"relative -mx-px my-[-0.2rem] rounded px-px py-[0.2rem] transition-colors duration-100 ease-in-out\">Aro de luz y soporte para celular<\/span><\/p>\n<\/li>\n<\/ul>\n","protected":false},"featured_media":13738,"template":"","meta":{"om_disable_all_campaigns":false},"product_cat":[270,254],"product_tag":[],"class_list":{"0":"post-13737","1":"product","2":"type-product","3":"status-publish","4":"has-post-thumbnail","6":"product_cat-accesorios-electronica","7":"product_cat-electronica","9":"first","10":"instock","11":"shipping-taxable","12":"purchasable","13":"product-type-simple"},"yoast_head":"<!-- This site is optimized with the Yoast SEO plugin v23.6 - https:\/\/yoast.com\/wordpress\/plugins\/seo\/ -->\n<title>ARO LED P\/CELULARES 14CM BD-360 - Teleclub<\/title>\n<meta name=\"description\" content=\"Mejora la calidad de tus fotos y videos con el Aro de Luz LED BD-360 de 14&quot;: iluminaci\u00f3n profesional con 3 tonalidades ajustables y soporte para celular.\" \/>\n<meta name=\"robots\" content=\"index, follow, max-snippet:-1, max-image-preview:large, max-video-preview:-1\" \/>\n<link rel=\"canonical\" href=\"https:\/\/www.teleclub.com.py\/index.php\/product\/aro-led-p-celulares-14cm-bd-360\/\" \/>\n<meta property=\"og:locale\" content=\"es_ES\" \/>\n<meta property=\"og:type\" content=\"article\" \/>\n<meta property=\"og:title\" content=\"ARO LED P\/CELULARES 14CM BD-360 - Teleclub\" \/>\n<meta property=\"og:description\" content=\"Mejora la calidad de tus fotos y videos con el Aro de Luz LED BD-360 de 14&quot;: iluminaci\u00f3n profesional con 3 tonalidades ajustables y soporte para celular.\" \/>\n<meta property=\"og:url\" content=\"https:\/\/www.teleclub.com.py\/index.php\/product\/aro-led-p-celulares-14cm-bd-360\/\" \/>\n<meta property=\"og:site_name\" content=\"Teleclub\" \/>\n<meta property=\"article:publisher\" content=\"https:\/\/www.facebook.com\/teleclubpy\" \/>\n<meta property=\"og:image\" content=\"https:\/\/www.teleclub.com.py\/wp-content\/uploads\/2025\/06\/ARO-LED-P-CELULARES-14CM-BD-360.jpg\" \/>\n\t<meta property=\"og:image:width\" content=\"800\" \/>\n\t<meta property=\"og:image:height\" content=\"800\" \/>\n\t<meta property=\"og:image:type\" content=\"image\/jpeg\" \/>\n<meta name=\"twitter:card\" content=\"summary_large_image\" \/>\n<meta name=\"twitter:label1\" content=\"Tiempo de lectura\" \/>\n\t<meta name=\"twitter:data1\" content=\"1 minuto\" \/>\n<script type=\"application\/ld+json\" class=\"yoast-schema-graph\">{\"@context\":\"https:\/\/schema.org\",\"@graph\":[{\"@type\":\"WebPage\",\"@id\":\"https:\/\/www.teleclub.com.py\/index.php\/product\/aro-led-p-celulares-14cm-bd-360\/\",\"url\":\"https:\/\/www.teleclub.com.py\/index.php\/product\/aro-led-p-celulares-14cm-bd-360\/\",\"name\":\"ARO LED P\/CELULARES 14CM BD-360 - Teleclub\",\"isPartOf\":{\"@id\":\"https:\/\/www.teleclub.com.py\/#website\"},\"primaryImageOfPage\":{\"@id\":\"https:\/\/www.teleclub.com.py\/index.php\/product\/aro-led-p-celulares-14cm-bd-360\/#primaryimage\"},\"image\":{\"@id\":\"https:\/\/www.teleclub.com.py\/index.php\/product\/aro-led-p-celulares-14cm-bd-360\/#primaryimage\"},\"thumbnailUrl\":\"https:\/\/www.teleclub.com.py\/wp-content\/uploads\/2025\/06\/ARO-LED-P-CELULARES-14CM-BD-360.jpg\",\"datePublished\":\"2025-06-07T12:48:41+00:00\",\"dateModified\":\"2025-06-07T12:48:41+00:00\",\"description\":\"Mejora la calidad de tus fotos y videos con el Aro de Luz LED BD-360 de 14\\\": iluminaci\u00f3n profesional con 3 tonalidades ajustables y soporte para celular.\",\"breadcrumb\":{\"@id\":\"https:\/\/www.teleclub.com.py\/index.php\/product\/aro-led-p-celulares-14cm-bd-360\/#breadcrumb\"},\"inLanguage\":\"es\",\"potentialAction\":[{\"@type\":\"ReadAction\",\"target\":[\"https:\/\/www.teleclub.com.py\/index.php\/product\/aro-led-p-celulares-14cm-bd-360\/\"]}]},{\"@type\":\"ImageObject\",\"inLanguage\":\"es\",\"@id\":\"https:\/\/www.teleclub.com.py\/index.php\/product\/aro-led-p-celulares-14cm-bd-360\/#primaryimage\",\"url\":\"https:\/\/www.teleclub.com.py\/wp-content\/uploads\/2025\/06\/ARO-LED-P-CELULARES-14CM-BD-360.jpg\",\"contentUrl\":\"https:\/\/www.teleclub.com.py\/wp-content\/uploads\/2025\/06\/ARO-LED-P-CELULARES-14CM-BD-360.jpg\",\"width\":800,\"height\":800},{\"@type\":\"BreadcrumbList\",\"@id\":\"https:\/\/www.teleclub.com.py\/index.php\/product\/aro-led-p-celulares-14cm-bd-360\/#breadcrumb\",\"itemListElement\":[{\"@type\":\"ListItem\",\"position\":1,\"name\":\"Portada\",\"item\":\"https:\/\/www.teleclub.com.py\/\"},{\"@type\":\"ListItem\",\"position\":2,\"name\":\"Shop\",\"item\":\"https:\/\/www.teleclub.com.py\/index.php\/shop-2\/\"},{\"@type\":\"ListItem\",\"position\":3,\"name\":\"ARO LED P\/CELULARES 14CM BD-360\"}]},{\"@type\":\"WebSite\",\"@id\":\"https:\/\/www.teleclub.com.py\/#website\",\"url\":\"https:\/\/www.teleclub.com.py\/\",\"name\":\"Teleclub\",\"description\":\"Tu tienda online\",\"publisher\":{\"@id\":\"https:\/\/www.teleclub.com.py\/#organization\"},\"potentialAction\":[{\"@type\":\"SearchAction\",\"target\":{\"@type\":\"EntryPoint\",\"urlTemplate\":\"https:\/\/www.teleclub.com.py\/?s={search_term_string}\"},\"query-input\":{\"@type\":\"PropertyValueSpecification\",\"valueRequired\":true,\"valueName\":\"search_term_string\"}}],\"inLanguage\":\"es\"},{\"@type\":\"Organization\",\"@id\":\"https:\/\/www.teleclub.com.py\/#organization\",\"name\":\"Teleclub\",\"url\":\"https:\/\/www.teleclub.com.py\/\",\"logo\":{\"@type\":\"ImageObject\",\"inLanguage\":\"es\",\"@id\":\"https:\/\/www.teleclub.com.py\/#\/schema\/logo\/image\/\",\"url\":\"https:\/\/www.teleclub.com.py\/wp-content\/uploads\/2024\/09\/1611317346760_TeleClub_logo_FondoBlanco-2.jpg\",\"contentUrl\":\"https:\/\/www.teleclub.com.py\/wp-content\/uploads\/2024\/09\/1611317346760_TeleClub_logo_FondoBlanco-2.jpg\",\"width\":1600,\"height\":1600,\"caption\":\"Teleclub\"},\"image\":{\"@id\":\"https:\/\/www.teleclub.com.py\/#\/schema\/logo\/image\/\"},\"sameAs\":[\"https:\/\/www.facebook.com\/teleclubpy\",\"https:\/\/www.instagram.com\/teleclubpy\"]}]}<\/script>\n<!-- \/ Yoast SEO plugin. -->","yoast_head_json":{"title":"ARO LED P\/CELULARES 14CM BD-360 - Teleclub","description":"Mejora la calidad de tus fotos y videos con el Aro de Luz LED BD-360 de 14\": iluminaci\u00f3n profesional con 3 tonalidades ajustables y soporte para celular.","robots":{"index":"index","follow":"follow","max-snippet":"max-snippet:-1","max-image-preview":"max-image-preview:large","max-video-preview":"max-video-preview:-1"},"canonical":"https:\/\/www.teleclub.com.py\/index.php\/product\/aro-led-p-celulares-14cm-bd-360\/","og_locale":"es_ES","og_type":"article","og_title":"ARO LED P\/CELULARES 14CM BD-360 - Teleclub","og_description":"Mejora la calidad de tus fotos y videos con el Aro de Luz LED BD-360 de 14\": iluminaci\u00f3n profesional con 3 tonalidades ajustables y soporte para celular.","og_url":"https:\/\/www.teleclub.com.py\/index.php\/product\/aro-led-p-celulares-14cm-bd-360\/","og_site_name":"Teleclub","article_publisher":"https:\/\/www.facebook.com\/teleclubpy","og_image":[{"width":800,"height":800,"url":"https:\/\/www.teleclub.com.py\/wp-content\/uploads\/2025\/06\/ARO-LED-P-CELULARES-14CM-BD-360.jpg","type":"image\/jpeg"}],"twitter_card":"summary_large_image","twitter_misc":{"Tiempo de lectura":"1 minuto"},"schema":{"@context":"https:\/\/schema.org","@graph":[{"@type":"WebPage","@id":"https:\/\/www.teleclub.com.py\/index.php\/product\/aro-led-p-celulares-14cm-bd-360\/","url":"https:\/\/www.teleclub.com.py\/index.php\/product\/aro-led-p-celulares-14cm-bd-360\/","name":"ARO LED P\/CELULARES 14CM BD-360 - Teleclub","isPartOf":{"@id":"https:\/\/www.teleclub.com.py\/#website"},"primaryImageOfPage":{"@id":"https:\/\/www.teleclub.com.py\/index.php\/product\/aro-led-p-celulares-14cm-bd-360\/#primaryimage"},"image":{"@id":"https:\/\/www.teleclub.com.py\/index.php\/product\/aro-led-p-celulares-14cm-bd-360\/#primaryimage"},"thumbnailUrl":"https:\/\/www.teleclub.com.py\/wp-content\/uploads\/2025\/06\/ARO-LED-P-CELULARES-14CM-BD-360.jpg","datePublished":"2025-06-07T12:48:41+00:00","dateModified":"2025-06-07T12:48:41+00:00","description":"Mejora la calidad de tus fotos y videos con el Aro de Luz LED BD-360 de 14\": iluminaci\u00f3n profesional con 3 tonalidades ajustables y soporte para celular.","breadcrumb":{"@id":"https:\/\/www.teleclub.com.py\/index.php\/product\/aro-led-p-celulares-14cm-bd-360\/#breadcrumb"},"inLanguage":"es","potentialAction":[{"@type":"ReadAction","target":["https:\/\/www.teleclub.com.py\/index.php\/product\/aro-led-p-celulares-14cm-bd-360\/"]}]},{"@type":"ImageObject","inLanguage":"es","@id":"https:\/\/www.teleclub.com.py\/index.php\/product\/aro-led-p-celulares-14cm-bd-360\/#primaryimage","url":"https:\/\/www.teleclub.com.py\/wp-content\/uploads\/2025\/06\/ARO-LED-P-CELULARES-14CM-BD-360.jpg","contentUrl":"https:\/\/www.teleclub.com.py\/wp-content\/uploads\/2025\/06\/ARO-LED-P-CELULARES-14CM-BD-360.jpg","width":800,"height":800},{"@type":"BreadcrumbList","@id":"https:\/\/www.teleclub.com.py\/index.php\/product\/aro-led-p-celulares-14cm-bd-360\/#breadcrumb","itemListElement":[{"@type":"ListItem","position":1,"name":"Portada","item":"https:\/\/www.teleclub.com.py\/"},{"@type":"ListItem","position":2,"name":"Shop","item":"https:\/\/www.teleclub.com.py\/index.php\/shop-2\/"},{"@type":"ListItem","position":3,"name":"ARO LED P\/CELULARES 14CM BD-360"}]},{"@type":"WebSite","@id":"https:\/\/www.teleclub.com.py\/#website","url":"https:\/\/www.teleclub.com.py\/","name":"Teleclub","description":"Tu tienda online","publisher":{"@id":"https:\/\/www.teleclub.com.py\/#organization"},"potentialAction":[{"@type":"SearchAction","target":{"@type":"EntryPoint","urlTemplate":"https:\/\/www.teleclub.com.py\/?s={search_term_string}"},"query-input":{"@type":"PropertyValueSpecification","valueRequired":true,"valueName":"search_term_string"}}],"inLanguage":"es"},{"@type":"Organization","@id":"https:\/\/www.teleclub.com.py\/#organization","name":"Teleclub","url":"https:\/\/www.teleclub.com.py\/","logo":{"@type":"ImageObject","inLanguage":"es","@id":"https:\/\/www.teleclub.com.py\/#\/schema\/logo\/image\/","url":"https:\/\/www.teleclub.com.py\/wp-content\/uploads\/2024\/09\/1611317346760_TeleClub_logo_FondoBlanco-2.jpg","contentUrl":"https:\/\/www.teleclub.com.py\/wp-content\/uploads\/2024\/09\/1611317346760_TeleClub_logo_FondoBlanco-2.jpg","width":1600,"height":1600,"caption":"Teleclub"},"image":{"@id":"https:\/\/www.teleclub.com.py\/#\/schema\/logo\/image\/"},"sameAs":["https:\/\/www.facebook.com\/teleclubpy","https:\/\/www.instagram.com\/teleclubpy"]}]}},"_links":{"self":[{"href":"https:\/\/www.teleclub.com.py\/index.php\/wp-json\/wp\/v2\/product\/13737","targetHints":{"allow":["GET"]}}],"collection":[{"href":"https:\/\/www.teleclub.com.py\/index.php\/wp-json\/wp\/v2\/product"}],"about":[{"href":"https:\/\/www.teleclub.com.py\/index.php\/wp-json\/wp\/v2\/types\/product"}],"wp:featuredmedia":[{"embeddable":true,"href":"https:\/\/www.teleclub.com.py\/index.php\/wp-json\/wp\/v2\/media\/13738"}],"wp:attachment":[{"href":"https:\/\/www.teleclub.com.py\/index.php\/wp-json\/wp\/v2\/media?parent=13737"}],"wp:term":[{"taxonomy":"product_cat","embeddable":true,"href":"https:\/\/www.teleclub.com.py\/index.php\/wp-json\/wp\/v2\/product_cat?post=13737"},{"taxonomy":"product_tag","embeddable":true,"href":"https:\/\/www.teleclub.com.py\/index.php\/wp-json\/wp\/v2\/product_tag?post=13737"}],"curies":[{"name":"wp","href":"https:\/\/api.w.org\/{rel}","templated":true}]}}