{"id":13612,"date":"2025-06-03T11:41:15","date_gmt":"2025-06-03T14:41:15","guid":{"rendered":"https:\/\/www.teleclub.com.py\/?post_type=product&#038;p=13612"},"modified":"2025-06-03T11:41:15","modified_gmt":"2025-06-03T14:41:15","slug":"cable-havit-nv-cb6313-2mt","status":"publish","type":"product","link":"https:\/\/www.teleclub.com.py\/index.php\/product\/cable-havit-nv-cb6313-2mt\/","title":{"rendered":"CABLE HAVIT NV-CB6313-2MT"},"content":{"rendered":"<p><span class=\"relative -mx-px my-[-0.2rem] rounded px-px py-[0.2rem] transition-colors duration-100 ease-in-out\">El <strong data-start=\"3\" data-end=\"32\">Cable Havit NV-CB6313-2MT<\/strong> es la soluci\u00f3n perfecta para quienes buscan eficiencia y durabilidad en la carga y transferencia de datos.<\/span> <span class=\"relative -mx-px my-[-0.2rem] rounded px-px py-[0.2rem] transition-colors duration-100 ease-in-out\">Con una longitud de 2 metros y un dise\u00f1o de conector USB-C en \u00e1ngulo de 90\u00b0, este cable facilita el uso de dispositivos en espacios reducidos o mientras se utilizan, evitando tensiones en el conector.<\/span> <span class=\"relative -mx-px my-[-0.2rem] rounded px-px py-[0.2rem] transition-colors duration-100 ease-in-out\">Su construcci\u00f3n con materiales de alta calidad garantiza una larga vida \u00fatil y resistencia al desgaste diario.<\/span> <span class=\"relative -mx-px my-[-0.2rem] rounded px-px py-[0.2rem] transition-colors duration-100 ease-in-out\">Compatible con una amplia gama de dispositivos USB-C, es ideal para smartphones, tablets, laptops y m\u00e1s.<\/span><\/p>\n","protected":false},"excerpt":{"rendered":"<ul>\n<li data-start=\"640\" data-end=\"681\">\n<p data-start=\"642\" data-end=\"681\"><span class=\"relative -mx-px my-[-0.2rem] rounded px-px py-[0.2rem] transition-colors duration-100 ease-in-out\">Tipo de conector: USB-C a USB-C<\/span><\/p>\n<\/li>\n<li data-start=\"682\" data-end=\"723\">\n<p data-start=\"684\" data-end=\"723\"><span class=\"relative -mx-px my-[-0.2rem] rounded px-px py-[0.2rem] transition-colors duration-100 ease-in-out\">Longitud: 2 metros<\/span><\/p>\n<\/li>\n<li data-start=\"724\" data-end=\"765\">\n<p data-start=\"726\" data-end=\"765\"><span class=\"relative -mx-px my-[-0.2rem] rounded px-px py-[0.2rem] transition-colors duration-100 ease-in-out\">Dise\u00f1o de conector en \u00e1ngulo de 90\u00b0 para mayor comodidad<\/span><\/p>\n<\/li>\n<li data-start=\"766\" data-end=\"807\">\n<p data-start=\"768\" data-end=\"807\"><span class=\"relative -mx-px my-[-0.2rem] rounded px-px py-[0.2rem] transition-colors duration-100 ease-in-out\">Soporta carga r\u00e1pida y transferencia de datos<\/span><\/p>\n<\/li>\n<li data-start=\"808\" data-end=\"849\">\n<p data-start=\"810\" data-end=\"849\"><span class=\"relative -mx-px my-[-0.2rem] rounded px-px py-[0.2rem] transition-colors duration-100 ease-in-out\">Materiales de alta calidad para mayor durabilidad<\/span><\/p>\n<\/li>\n<li data-start=\"850\" data-end=\"930\">\n<p data-start=\"852\" data-end=\"930\"><span class=\"relative -mx-px my-[-0.2rem] rounded px-px py-[0.2rem] transition-colors duration-100 ease-in-out\">Compatibilidad universal con dispositivos USB-C<\/span><\/p>\n<\/li>\n<\/ul>\n","protected":false},"featured_media":13613,"template":"","meta":{"om_disable_all_campaigns":false},"product_cat":[270,254],"product_tag":[],"class_list":{"0":"post-13612","1":"product","2":"type-product","3":"status-publish","4":"has-post-thumbnail","6":"product_cat-accesorios-electronica","7":"product_cat-electronica","9":"first","10":"instock","11":"shipping-taxable","12":"purchasable","13":"product-type-simple"},"yoast_head":"<!-- This site is optimized with the Yoast SEO plugin v23.6 - https:\/\/yoast.com\/wordpress\/plugins\/seo\/ -->\n<title>CABLE HAVIT NV-CB6313-2MT - Teleclub<\/title>\n<meta name=\"description\" content=\"Cable Havit NV-CB6313-2MT USB-C a USB-C de 2 metros con conector en \u00e1ngulo de 90\u00b0. Carga r\u00e1pida y transferencia de datos eficiente con dise\u00f1o ergon\u00f3mico.\" \/>\n<meta name=\"robots\" content=\"index, follow, max-snippet:-1, max-image-preview:large, max-video-preview:-1\" \/>\n<link rel=\"canonical\" href=\"https:\/\/www.teleclub.com.py\/index.php\/product\/cable-havit-nv-cb6313-2mt\/\" \/>\n<meta property=\"og:locale\" content=\"es_ES\" \/>\n<meta property=\"og:type\" content=\"article\" \/>\n<meta property=\"og:title\" content=\"CABLE HAVIT NV-CB6313-2MT - Teleclub\" \/>\n<meta property=\"og:description\" content=\"Cable Havit NV-CB6313-2MT USB-C a USB-C de 2 metros con conector en \u00e1ngulo de 90\u00b0. Carga r\u00e1pida y transferencia de datos eficiente con dise\u00f1o ergon\u00f3mico.\" \/>\n<meta property=\"og:url\" content=\"https:\/\/www.teleclub.com.py\/index.php\/product\/cable-havit-nv-cb6313-2mt\/\" \/>\n<meta property=\"og:site_name\" content=\"Teleclub\" \/>\n<meta property=\"article:publisher\" content=\"https:\/\/www.facebook.com\/teleclubpy\" \/>\n<meta property=\"og:image\" content=\"https:\/\/www.teleclub.com.py\/wp-content\/uploads\/2025\/06\/CABLE-HAVIT-NV-CB6313-2MT.webp\" \/>\n\t<meta property=\"og:image:width\" content=\"906\" \/>\n\t<meta property=\"og:image:height\" content=\"700\" \/>\n\t<meta property=\"og:image:type\" content=\"image\/webp\" \/>\n<meta name=\"twitter:card\" content=\"summary_large_image\" \/>\n<meta name=\"twitter:label1\" content=\"Tiempo de lectura\" \/>\n\t<meta name=\"twitter:data1\" content=\"1 minuto\" \/>\n<script type=\"application\/ld+json\" class=\"yoast-schema-graph\">{\"@context\":\"https:\/\/schema.org\",\"@graph\":[{\"@type\":\"WebPage\",\"@id\":\"https:\/\/www.teleclub.com.py\/index.php\/product\/cable-havit-nv-cb6313-2mt\/\",\"url\":\"https:\/\/www.teleclub.com.py\/index.php\/product\/cable-havit-nv-cb6313-2mt\/\",\"name\":\"CABLE HAVIT NV-CB6313-2MT - Teleclub\",\"isPartOf\":{\"@id\":\"https:\/\/www.teleclub.com.py\/#website\"},\"primaryImageOfPage\":{\"@id\":\"https:\/\/www.teleclub.com.py\/index.php\/product\/cable-havit-nv-cb6313-2mt\/#primaryimage\"},\"image\":{\"@id\":\"https:\/\/www.teleclub.com.py\/index.php\/product\/cable-havit-nv-cb6313-2mt\/#primaryimage\"},\"thumbnailUrl\":\"https:\/\/www.teleclub.com.py\/wp-content\/uploads\/2025\/06\/CABLE-HAVIT-NV-CB6313-2MT.webp\",\"datePublished\":\"2025-06-03T14:41:15+00:00\",\"dateModified\":\"2025-06-03T14:41:15+00:00\",\"description\":\"Cable Havit NV-CB6313-2MT USB-C a USB-C de 2 metros con conector en \u00e1ngulo de 90\u00b0. Carga r\u00e1pida y transferencia de datos eficiente con dise\u00f1o ergon\u00f3mico.\",\"breadcrumb\":{\"@id\":\"https:\/\/www.teleclub.com.py\/index.php\/product\/cable-havit-nv-cb6313-2mt\/#breadcrumb\"},\"inLanguage\":\"es\",\"potentialAction\":[{\"@type\":\"ReadAction\",\"target\":[\"https:\/\/www.teleclub.com.py\/index.php\/product\/cable-havit-nv-cb6313-2mt\/\"]}]},{\"@type\":\"ImageObject\",\"inLanguage\":\"es\",\"@id\":\"https:\/\/www.teleclub.com.py\/index.php\/product\/cable-havit-nv-cb6313-2mt\/#primaryimage\",\"url\":\"https:\/\/www.teleclub.com.py\/wp-content\/uploads\/2025\/06\/CABLE-HAVIT-NV-CB6313-2MT.webp\",\"contentUrl\":\"https:\/\/www.teleclub.com.py\/wp-content\/uploads\/2025\/06\/CABLE-HAVIT-NV-CB6313-2MT.webp\",\"width\":906,\"height\":700},{\"@type\":\"BreadcrumbList\",\"@id\":\"https:\/\/www.teleclub.com.py\/index.php\/product\/cable-havit-nv-cb6313-2mt\/#breadcrumb\",\"itemListElement\":[{\"@type\":\"ListItem\",\"position\":1,\"name\":\"Portada\",\"item\":\"https:\/\/www.teleclub.com.py\/\"},{\"@type\":\"ListItem\",\"position\":2,\"name\":\"Shop\",\"item\":\"https:\/\/www.teleclub.com.py\/index.php\/shop-2\/\"},{\"@type\":\"ListItem\",\"position\":3,\"name\":\"CABLE HAVIT NV-CB6313-2MT\"}]},{\"@type\":\"WebSite\",\"@id\":\"https:\/\/www.teleclub.com.py\/#website\",\"url\":\"https:\/\/www.teleclub.com.py\/\",\"name\":\"Teleclub\",\"description\":\"Tu tienda online\",\"publisher\":{\"@id\":\"https:\/\/www.teleclub.com.py\/#organization\"},\"potentialAction\":[{\"@type\":\"SearchAction\",\"target\":{\"@type\":\"EntryPoint\",\"urlTemplate\":\"https:\/\/www.teleclub.com.py\/?s={search_term_string}\"},\"query-input\":{\"@type\":\"PropertyValueSpecification\",\"valueRequired\":true,\"valueName\":\"search_term_string\"}}],\"inLanguage\":\"es\"},{\"@type\":\"Organization\",\"@id\":\"https:\/\/www.teleclub.com.py\/#organization\",\"name\":\"Teleclub\",\"url\":\"https:\/\/www.teleclub.com.py\/\",\"logo\":{\"@type\":\"ImageObject\",\"inLanguage\":\"es\",\"@id\":\"https:\/\/www.teleclub.com.py\/#\/schema\/logo\/image\/\",\"url\":\"https:\/\/www.teleclub.com.py\/wp-content\/uploads\/2024\/09\/1611317346760_TeleClub_logo_FondoBlanco-2.jpg\",\"contentUrl\":\"https:\/\/www.teleclub.com.py\/wp-content\/uploads\/2024\/09\/1611317346760_TeleClub_logo_FondoBlanco-2.jpg\",\"width\":1600,\"height\":1600,\"caption\":\"Teleclub\"},\"image\":{\"@id\":\"https:\/\/www.teleclub.com.py\/#\/schema\/logo\/image\/\"},\"sameAs\":[\"https:\/\/www.facebook.com\/teleclubpy\",\"https:\/\/www.instagram.com\/teleclubpy\"]}]}<\/script>\n<!-- \/ Yoast SEO plugin. -->","yoast_head_json":{"title":"CABLE HAVIT NV-CB6313-2MT - Teleclub","description":"Cable Havit NV-CB6313-2MT USB-C a USB-C de 2 metros con conector en \u00e1ngulo de 90\u00b0. Carga r\u00e1pida y transferencia de datos eficiente con dise\u00f1o ergon\u00f3mico.","robots":{"index":"index","follow":"follow","max-snippet":"max-snippet:-1","max-image-preview":"max-image-preview:large","max-video-preview":"max-video-preview:-1"},"canonical":"https:\/\/www.teleclub.com.py\/index.php\/product\/cable-havit-nv-cb6313-2mt\/","og_locale":"es_ES","og_type":"article","og_title":"CABLE HAVIT NV-CB6313-2MT - Teleclub","og_description":"Cable Havit NV-CB6313-2MT USB-C a USB-C de 2 metros con conector en \u00e1ngulo de 90\u00b0. Carga r\u00e1pida y transferencia de datos eficiente con dise\u00f1o ergon\u00f3mico.","og_url":"https:\/\/www.teleclub.com.py\/index.php\/product\/cable-havit-nv-cb6313-2mt\/","og_site_name":"Teleclub","article_publisher":"https:\/\/www.facebook.com\/teleclubpy","og_image":[{"width":906,"height":700,"url":"https:\/\/www.teleclub.com.py\/wp-content\/uploads\/2025\/06\/CABLE-HAVIT-NV-CB6313-2MT.webp","type":"image\/webp"}],"twitter_card":"summary_large_image","twitter_misc":{"Tiempo de lectura":"1 minuto"},"schema":{"@context":"https:\/\/schema.org","@graph":[{"@type":"WebPage","@id":"https:\/\/www.teleclub.com.py\/index.php\/product\/cable-havit-nv-cb6313-2mt\/","url":"https:\/\/www.teleclub.com.py\/index.php\/product\/cable-havit-nv-cb6313-2mt\/","name":"CABLE HAVIT NV-CB6313-2MT - Teleclub","isPartOf":{"@id":"https:\/\/www.teleclub.com.py\/#website"},"primaryImageOfPage":{"@id":"https:\/\/www.teleclub.com.py\/index.php\/product\/cable-havit-nv-cb6313-2mt\/#primaryimage"},"image":{"@id":"https:\/\/www.teleclub.com.py\/index.php\/product\/cable-havit-nv-cb6313-2mt\/#primaryimage"},"thumbnailUrl":"https:\/\/www.teleclub.com.py\/wp-content\/uploads\/2025\/06\/CABLE-HAVIT-NV-CB6313-2MT.webp","datePublished":"2025-06-03T14:41:15+00:00","dateModified":"2025-06-03T14:41:15+00:00","description":"Cable Havit NV-CB6313-2MT USB-C a USB-C de 2 metros con conector en \u00e1ngulo de 90\u00b0. Carga r\u00e1pida y transferencia de datos eficiente con dise\u00f1o ergon\u00f3mico.","breadcrumb":{"@id":"https:\/\/www.teleclub.com.py\/index.php\/product\/cable-havit-nv-cb6313-2mt\/#breadcrumb"},"inLanguage":"es","potentialAction":[{"@type":"ReadAction","target":["https:\/\/www.teleclub.com.py\/index.php\/product\/cable-havit-nv-cb6313-2mt\/"]}]},{"@type":"ImageObject","inLanguage":"es","@id":"https:\/\/www.teleclub.com.py\/index.php\/product\/cable-havit-nv-cb6313-2mt\/#primaryimage","url":"https:\/\/www.teleclub.com.py\/wp-content\/uploads\/2025\/06\/CABLE-HAVIT-NV-CB6313-2MT.webp","contentUrl":"https:\/\/www.teleclub.com.py\/wp-content\/uploads\/2025\/06\/CABLE-HAVIT-NV-CB6313-2MT.webp","width":906,"height":700},{"@type":"BreadcrumbList","@id":"https:\/\/www.teleclub.com.py\/index.php\/product\/cable-havit-nv-cb6313-2mt\/#breadcrumb","itemListElement":[{"@type":"ListItem","position":1,"name":"Portada","item":"https:\/\/www.teleclub.com.py\/"},{"@type":"ListItem","position":2,"name":"Shop","item":"https:\/\/www.teleclub.com.py\/index.php\/shop-2\/"},{"@type":"ListItem","position":3,"name":"CABLE HAVIT NV-CB6313-2MT"}]},{"@type":"WebSite","@id":"https:\/\/www.teleclub.com.py\/#website","url":"https:\/\/www.teleclub.com.py\/","name":"Teleclub","description":"Tu tienda online","publisher":{"@id":"https:\/\/www.teleclub.com.py\/#organization"},"potentialAction":[{"@type":"SearchAction","target":{"@type":"EntryPoint","urlTemplate":"https:\/\/www.teleclub.com.py\/?s={search_term_string}"},"query-input":{"@type":"PropertyValueSpecification","valueRequired":true,"valueName":"search_term_string"}}],"inLanguage":"es"},{"@type":"Organization","@id":"https:\/\/www.teleclub.com.py\/#organization","name":"Teleclub","url":"https:\/\/www.teleclub.com.py\/","logo":{"@type":"ImageObject","inLanguage":"es","@id":"https:\/\/www.teleclub.com.py\/#\/schema\/logo\/image\/","url":"https:\/\/www.teleclub.com.py\/wp-content\/uploads\/2024\/09\/1611317346760_TeleClub_logo_FondoBlanco-2.jpg","contentUrl":"https:\/\/www.teleclub.com.py\/wp-content\/uploads\/2024\/09\/1611317346760_TeleClub_logo_FondoBlanco-2.jpg","width":1600,"height":1600,"caption":"Teleclub"},"image":{"@id":"https:\/\/www.teleclub.com.py\/#\/schema\/logo\/image\/"},"sameAs":["https:\/\/www.facebook.com\/teleclubpy","https:\/\/www.instagram.com\/teleclubpy"]}]}},"_links":{"self":[{"href":"https:\/\/www.teleclub.com.py\/index.php\/wp-json\/wp\/v2\/product\/13612","targetHints":{"allow":["GET"]}}],"collection":[{"href":"https:\/\/www.teleclub.com.py\/index.php\/wp-json\/wp\/v2\/product"}],"about":[{"href":"https:\/\/www.teleclub.com.py\/index.php\/wp-json\/wp\/v2\/types\/product"}],"wp:featuredmedia":[{"embeddable":true,"href":"https:\/\/www.teleclub.com.py\/index.php\/wp-json\/wp\/v2\/media\/13613"}],"wp:attachment":[{"href":"https:\/\/www.teleclub.com.py\/index.php\/wp-json\/wp\/v2\/media?parent=13612"}],"wp:term":[{"taxonomy":"product_cat","embeddable":true,"href":"https:\/\/www.teleclub.com.py\/index.php\/wp-json\/wp\/v2\/product_cat?post=13612"},{"taxonomy":"product_tag","embeddable":true,"href":"https:\/\/www.teleclub.com.py\/index.php\/wp-json\/wp\/v2\/product_tag?post=13612"}],"curies":[{"name":"wp","href":"https:\/\/api.w.org\/{rel}","templated":true}]}}