{"id":13362,"date":"2025-06-03T11:56:42","date_gmt":"2025-06-03T14:56:42","guid":{"rendered":"https:\/\/www.teleclub.com.py\/?post_type=product&#038;p=13362"},"modified":"2025-06-03T11:56:42","modified_gmt":"2025-06-03T14:56:42","slug":"esterilizador-havit-ozone-nv-p64","status":"publish","type":"product","link":"https:\/\/www.teleclub.com.py\/index.php\/product\/esterilizador-havit-ozone-nv-p64\/","title":{"rendered":"ESTERILIZADOR HAVIT OZONE  NV-P64"},"content":{"rendered":"<p><span class=\"relative -mx-px my-[-0.2rem] rounded px-px py-[0.2rem] transition-colors duration-100 ease-in-out\">El <strong data-start=\"3\" data-end=\"42\">Esterilizador de Ozono Havit NV-P64<\/strong> es una soluci\u00f3n port\u00e1til y eficiente para mantener tus espacios libres de bacterias, virus y malos olores.<\/span> <span class=\"relative -mx-px my-[-0.2rem] rounded px-px py-[0.2rem] transition-colors duration-100 ease-in-out\">Con tecnolog\u00eda de ozonizaci\u00f3n y un dise\u00f1o compacto, este dispositivo es ideal para usar en habitaciones peque\u00f1as, oficinas, autos o incluso en el hogar.<\/span> <span class=\"relative -mx-px my-[-0.2rem] rounded px-px py-[0.2rem] transition-colors duration-100 ease-in-out\">Su funcionamiento es silencioso y ecol\u00f3gico, eliminando la necesidad de qu\u00edmicos o filtros reemplazables.<\/span> <span class=\"relative -mx-px my-[-0.2rem] rounded px-px py-[0.2rem] transition-colors duration-100 ease-in-out\">Adem\u00e1s, su bater\u00eda recargable y puerto de carga USB tipo C lo hacen conveniente y f\u00e1cil de usar en cualquier lugar.<\/span><\/p>\n","protected":false},"excerpt":{"rendered":"<ul>\n<li data-start=\"731\" data-end=\"803\">\n<p data-start=\"733\" data-end=\"803\"><strong data-start=\"733\" data-end=\"762\">Tecnolog\u00eda de ozonizaci\u00f3n<\/strong>: <span class=\"relative -mx-px my-[-0.2rem] rounded px-px py-[0.2rem] transition-colors duration-100 ease-in-out\">Elimina bacterias, virus y malos olores.<\/span><\/p>\n<\/li>\n<li data-start=\"804\" data-end=\"869\">\n<p data-start=\"806\" data-end=\"869\"><strong data-start=\"806\" data-end=\"828\">\u00c1rea de aplicaci\u00f3n<\/strong>: <span class=\"relative -mx-px my-[-0.2rem] rounded px-px py-[0.2rem] transition-colors duration-100 ease-in-out\">Espacios de hasta 3 m\u00b3.<\/span><\/p>\n<\/li>\n<li data-start=\"870\" data-end=\"946\">\n<p data-start=\"872\" data-end=\"946\"><strong data-start=\"872\" data-end=\"905\">Temperatura de funcionamiento<\/strong>: <span class=\"relative -mx-px my-[-0.2rem] rounded px-px py-[0.2rem] bg-[#FCECC1] dark:bg-[#64572A] transition-colors duration-100 ease-in-out\">-10\u202f\u00b0C a 50\u202f\u00b0C.<\/span><\/p>\n<\/li>\n<li data-start=\"947\" data-end=\"1009\">\n<p data-start=\"949\" data-end=\"1009\"><strong data-start=\"949\" data-end=\"968\">Salida de ozono<\/strong>: <span class=\"relative -mx-px my-[-0.2rem] rounded px-px py-[0.2rem] bg-[#FCECC1] dark:bg-[#64572A] transition-colors duration-100 ease-in-out\">1\u20132 mg\/h.<\/span><\/p>\n<\/li>\n<li data-start=\"1010\" data-end=\"1075\">\n<p data-start=\"1012\" data-end=\"1075\"><strong data-start=\"1012\" data-end=\"1034\">Bater\u00eda recargable<\/strong>: <span class=\"relative -mx-px my-[-0.2rem] rounded px-px py-[0.2rem] transition-colors duration-100 ease-in-out\">500 mAh.<\/span><\/p>\n<\/li>\n<li data-start=\"1076\" data-end=\"1138\">\n<p data-start=\"1078\" data-end=\"1138\"><strong data-start=\"1078\" data-end=\"1097\">Puerto de carga<\/strong>: <span class=\"relative -mx-px my-[-0.2rem] rounded px-px py-[0.2rem] transition-colors duration-100 ease-in-out\">USB tipo C.<\/span><\/p>\n<\/li>\n<li data-start=\"1139\" data-end=\"1202\">\n<p data-start=\"1141\" data-end=\"1202\"><strong data-start=\"1141\" data-end=\"1161\">Potencia nominal<\/strong>: <span class=\"relative -mx-px my-[-0.2rem] rounded px-px py-[0.2rem] transition-colors duration-100 ease-in-out\">0.03 W.<\/span><\/p>\n<\/li>\n<li data-start=\"1203\" data-end=\"1269\">\n<p data-start=\"1205\" data-end=\"1269\"><strong data-start=\"1205\" data-end=\"1228\">Colores disponibles<\/strong>: <span class=\"relative -mx-px my-[-0.2rem] rounded px-px py-[0.2rem] transition-colors duration-100 ease-in-out\">Negro, rosa, verde y morado.<\/span><\/p>\n<\/li>\n<li data-start=\"1270\" data-end=\"1382\">\n<p data-start=\"1272\" data-end=\"1382\"><strong data-start=\"1272\" data-end=\"1302\">Dise\u00f1o compacto y port\u00e1til<\/strong>: <span class=\"relative -mx-px my-[-0.2rem] rounded px-px py-[0.2rem] transition-colors duration-100 ease-in-out\">F\u00e1cil de transportar y almacenar.<\/span><\/p>\n<\/li>\n<\/ul>\n","protected":false},"featured_media":13363,"template":"","meta":{"om_disable_all_campaigns":false},"product_cat":[374,382],"product_tag":[],"class_list":{"0":"post-13362","1":"product","2":"type-product","3":"status-publish","4":"has-post-thumbnail","6":"product_cat-electrodomesticos-2","7":"product_cat-humidificadores","9":"first","10":"instock","11":"shipping-taxable","12":"purchasable","13":"product-type-simple"},"yoast_head":"<!-- This site is optimized with the Yoast SEO plugin v23.6 - https:\/\/yoast.com\/wordpress\/plugins\/seo\/ -->\n<title>ESTERILIZADOR HAVIT OZONE NV-P64 - Teleclub<\/title>\n<meta name=\"description\" content=\"Esteriliza tus espacios con el Havit NV-P64. Tecnolog\u00eda de ozono, port\u00e1til y ecol\u00f3gico. Elimina bacterias y malos olores eficazmente.\" \/>\n<meta name=\"robots\" content=\"index, follow, max-snippet:-1, max-image-preview:large, max-video-preview:-1\" \/>\n<link rel=\"canonical\" href=\"https:\/\/www.teleclub.com.py\/index.php\/product\/esterilizador-havit-ozone-nv-p64\/\" \/>\n<meta property=\"og:locale\" content=\"es_ES\" \/>\n<meta property=\"og:type\" content=\"article\" \/>\n<meta property=\"og:title\" content=\"ESTERILIZADOR HAVIT OZONE NV-P64 - Teleclub\" \/>\n<meta property=\"og:description\" content=\"Esteriliza tus espacios con el Havit NV-P64. Tecnolog\u00eda de ozono, port\u00e1til y ecol\u00f3gico. Elimina bacterias y malos olores eficazmente.\" \/>\n<meta property=\"og:url\" content=\"https:\/\/www.teleclub.com.py\/index.php\/product\/esterilizador-havit-ozone-nv-p64\/\" \/>\n<meta property=\"og:site_name\" content=\"Teleclub\" \/>\n<meta property=\"article:publisher\" content=\"https:\/\/www.facebook.com\/teleclubpy\" \/>\n<meta property=\"og:image\" content=\"https:\/\/www.teleclub.com.py\/wp-content\/uploads\/2025\/05\/ESTERILIZADOR-HAVIT-OZONE-NV-P64.webp\" \/>\n\t<meta property=\"og:image:width\" content=\"540\" \/>\n\t<meta property=\"og:image:height\" content=\"540\" \/>\n\t<meta property=\"og:image:type\" content=\"image\/webp\" \/>\n<meta name=\"twitter:card\" content=\"summary_large_image\" \/>\n<meta name=\"twitter:label1\" content=\"Tiempo de lectura\" \/>\n\t<meta name=\"twitter:data1\" content=\"1 minuto\" \/>\n<script type=\"application\/ld+json\" class=\"yoast-schema-graph\">{\"@context\":\"https:\/\/schema.org\",\"@graph\":[{\"@type\":\"WebPage\",\"@id\":\"https:\/\/www.teleclub.com.py\/index.php\/product\/esterilizador-havit-ozone-nv-p64\/\",\"url\":\"https:\/\/www.teleclub.com.py\/index.php\/product\/esterilizador-havit-ozone-nv-p64\/\",\"name\":\"ESTERILIZADOR HAVIT OZONE NV-P64 - Teleclub\",\"isPartOf\":{\"@id\":\"https:\/\/www.teleclub.com.py\/#website\"},\"primaryImageOfPage\":{\"@id\":\"https:\/\/www.teleclub.com.py\/index.php\/product\/esterilizador-havit-ozone-nv-p64\/#primaryimage\"},\"image\":{\"@id\":\"https:\/\/www.teleclub.com.py\/index.php\/product\/esterilizador-havit-ozone-nv-p64\/#primaryimage\"},\"thumbnailUrl\":\"https:\/\/www.teleclub.com.py\/wp-content\/uploads\/2025\/05\/ESTERILIZADOR-HAVIT-OZONE-NV-P64.webp\",\"datePublished\":\"2025-06-03T14:56:42+00:00\",\"dateModified\":\"2025-06-03T14:56:42+00:00\",\"description\":\"Esteriliza tus espacios con el Havit NV-P64. Tecnolog\u00eda de ozono, port\u00e1til y ecol\u00f3gico. Elimina bacterias y malos olores eficazmente.\",\"breadcrumb\":{\"@id\":\"https:\/\/www.teleclub.com.py\/index.php\/product\/esterilizador-havit-ozone-nv-p64\/#breadcrumb\"},\"inLanguage\":\"es\",\"potentialAction\":[{\"@type\":\"ReadAction\",\"target\":[\"https:\/\/www.teleclub.com.py\/index.php\/product\/esterilizador-havit-ozone-nv-p64\/\"]}]},{\"@type\":\"ImageObject\",\"inLanguage\":\"es\",\"@id\":\"https:\/\/www.teleclub.com.py\/index.php\/product\/esterilizador-havit-ozone-nv-p64\/#primaryimage\",\"url\":\"https:\/\/www.teleclub.com.py\/wp-content\/uploads\/2025\/05\/ESTERILIZADOR-HAVIT-OZONE-NV-P64.webp\",\"contentUrl\":\"https:\/\/www.teleclub.com.py\/wp-content\/uploads\/2025\/05\/ESTERILIZADOR-HAVIT-OZONE-NV-P64.webp\",\"width\":540,\"height\":540},{\"@type\":\"BreadcrumbList\",\"@id\":\"https:\/\/www.teleclub.com.py\/index.php\/product\/esterilizador-havit-ozone-nv-p64\/#breadcrumb\",\"itemListElement\":[{\"@type\":\"ListItem\",\"position\":1,\"name\":\"Portada\",\"item\":\"https:\/\/www.teleclub.com.py\/\"},{\"@type\":\"ListItem\",\"position\":2,\"name\":\"Shop\",\"item\":\"https:\/\/www.teleclub.com.py\/index.php\/shop-2\/\"},{\"@type\":\"ListItem\",\"position\":3,\"name\":\"ESTERILIZADOR HAVIT OZONE NV-P64\"}]},{\"@type\":\"WebSite\",\"@id\":\"https:\/\/www.teleclub.com.py\/#website\",\"url\":\"https:\/\/www.teleclub.com.py\/\",\"name\":\"Teleclub\",\"description\":\"Tu tienda online\",\"publisher\":{\"@id\":\"https:\/\/www.teleclub.com.py\/#organization\"},\"potentialAction\":[{\"@type\":\"SearchAction\",\"target\":{\"@type\":\"EntryPoint\",\"urlTemplate\":\"https:\/\/www.teleclub.com.py\/?s={search_term_string}\"},\"query-input\":{\"@type\":\"PropertyValueSpecification\",\"valueRequired\":true,\"valueName\":\"search_term_string\"}}],\"inLanguage\":\"es\"},{\"@type\":\"Organization\",\"@id\":\"https:\/\/www.teleclub.com.py\/#organization\",\"name\":\"Teleclub\",\"url\":\"https:\/\/www.teleclub.com.py\/\",\"logo\":{\"@type\":\"ImageObject\",\"inLanguage\":\"es\",\"@id\":\"https:\/\/www.teleclub.com.py\/#\/schema\/logo\/image\/\",\"url\":\"https:\/\/www.teleclub.com.py\/wp-content\/uploads\/2024\/09\/1611317346760_TeleClub_logo_FondoBlanco-2.jpg\",\"contentUrl\":\"https:\/\/www.teleclub.com.py\/wp-content\/uploads\/2024\/09\/1611317346760_TeleClub_logo_FondoBlanco-2.jpg\",\"width\":1600,\"height\":1600,\"caption\":\"Teleclub\"},\"image\":{\"@id\":\"https:\/\/www.teleclub.com.py\/#\/schema\/logo\/image\/\"},\"sameAs\":[\"https:\/\/www.facebook.com\/teleclubpy\",\"https:\/\/www.instagram.com\/teleclubpy\"]}]}<\/script>\n<!-- \/ Yoast SEO plugin. -->","yoast_head_json":{"title":"ESTERILIZADOR HAVIT OZONE NV-P64 - Teleclub","description":"Esteriliza tus espacios con el Havit NV-P64. Tecnolog\u00eda de ozono, port\u00e1til y ecol\u00f3gico. Elimina bacterias y malos olores eficazmente.","robots":{"index":"index","follow":"follow","max-snippet":"max-snippet:-1","max-image-preview":"max-image-preview:large","max-video-preview":"max-video-preview:-1"},"canonical":"https:\/\/www.teleclub.com.py\/index.php\/product\/esterilizador-havit-ozone-nv-p64\/","og_locale":"es_ES","og_type":"article","og_title":"ESTERILIZADOR HAVIT OZONE NV-P64 - Teleclub","og_description":"Esteriliza tus espacios con el Havit NV-P64. Tecnolog\u00eda de ozono, port\u00e1til y ecol\u00f3gico. Elimina bacterias y malos olores eficazmente.","og_url":"https:\/\/www.teleclub.com.py\/index.php\/product\/esterilizador-havit-ozone-nv-p64\/","og_site_name":"Teleclub","article_publisher":"https:\/\/www.facebook.com\/teleclubpy","og_image":[{"width":540,"height":540,"url":"https:\/\/www.teleclub.com.py\/wp-content\/uploads\/2025\/05\/ESTERILIZADOR-HAVIT-OZONE-NV-P64.webp","type":"image\/webp"}],"twitter_card":"summary_large_image","twitter_misc":{"Tiempo de lectura":"1 minuto"},"schema":{"@context":"https:\/\/schema.org","@graph":[{"@type":"WebPage","@id":"https:\/\/www.teleclub.com.py\/index.php\/product\/esterilizador-havit-ozone-nv-p64\/","url":"https:\/\/www.teleclub.com.py\/index.php\/product\/esterilizador-havit-ozone-nv-p64\/","name":"ESTERILIZADOR HAVIT OZONE NV-P64 - Teleclub","isPartOf":{"@id":"https:\/\/www.teleclub.com.py\/#website"},"primaryImageOfPage":{"@id":"https:\/\/www.teleclub.com.py\/index.php\/product\/esterilizador-havit-ozone-nv-p64\/#primaryimage"},"image":{"@id":"https:\/\/www.teleclub.com.py\/index.php\/product\/esterilizador-havit-ozone-nv-p64\/#primaryimage"},"thumbnailUrl":"https:\/\/www.teleclub.com.py\/wp-content\/uploads\/2025\/05\/ESTERILIZADOR-HAVIT-OZONE-NV-P64.webp","datePublished":"2025-06-03T14:56:42+00:00","dateModified":"2025-06-03T14:56:42+00:00","description":"Esteriliza tus espacios con el Havit NV-P64. Tecnolog\u00eda de ozono, port\u00e1til y ecol\u00f3gico. Elimina bacterias y malos olores eficazmente.","breadcrumb":{"@id":"https:\/\/www.teleclub.com.py\/index.php\/product\/esterilizador-havit-ozone-nv-p64\/#breadcrumb"},"inLanguage":"es","potentialAction":[{"@type":"ReadAction","target":["https:\/\/www.teleclub.com.py\/index.php\/product\/esterilizador-havit-ozone-nv-p64\/"]}]},{"@type":"ImageObject","inLanguage":"es","@id":"https:\/\/www.teleclub.com.py\/index.php\/product\/esterilizador-havit-ozone-nv-p64\/#primaryimage","url":"https:\/\/www.teleclub.com.py\/wp-content\/uploads\/2025\/05\/ESTERILIZADOR-HAVIT-OZONE-NV-P64.webp","contentUrl":"https:\/\/www.teleclub.com.py\/wp-content\/uploads\/2025\/05\/ESTERILIZADOR-HAVIT-OZONE-NV-P64.webp","width":540,"height":540},{"@type":"BreadcrumbList","@id":"https:\/\/www.teleclub.com.py\/index.php\/product\/esterilizador-havit-ozone-nv-p64\/#breadcrumb","itemListElement":[{"@type":"ListItem","position":1,"name":"Portada","item":"https:\/\/www.teleclub.com.py\/"},{"@type":"ListItem","position":2,"name":"Shop","item":"https:\/\/www.teleclub.com.py\/index.php\/shop-2\/"},{"@type":"ListItem","position":3,"name":"ESTERILIZADOR HAVIT OZONE NV-P64"}]},{"@type":"WebSite","@id":"https:\/\/www.teleclub.com.py\/#website","url":"https:\/\/www.teleclub.com.py\/","name":"Teleclub","description":"Tu tienda online","publisher":{"@id":"https:\/\/www.teleclub.com.py\/#organization"},"potentialAction":[{"@type":"SearchAction","target":{"@type":"EntryPoint","urlTemplate":"https:\/\/www.teleclub.com.py\/?s={search_term_string}"},"query-input":{"@type":"PropertyValueSpecification","valueRequired":true,"valueName":"search_term_string"}}],"inLanguage":"es"},{"@type":"Organization","@id":"https:\/\/www.teleclub.com.py\/#organization","name":"Teleclub","url":"https:\/\/www.teleclub.com.py\/","logo":{"@type":"ImageObject","inLanguage":"es","@id":"https:\/\/www.teleclub.com.py\/#\/schema\/logo\/image\/","url":"https:\/\/www.teleclub.com.py\/wp-content\/uploads\/2024\/09\/1611317346760_TeleClub_logo_FondoBlanco-2.jpg","contentUrl":"https:\/\/www.teleclub.com.py\/wp-content\/uploads\/2024\/09\/1611317346760_TeleClub_logo_FondoBlanco-2.jpg","width":1600,"height":1600,"caption":"Teleclub"},"image":{"@id":"https:\/\/www.teleclub.com.py\/#\/schema\/logo\/image\/"},"sameAs":["https:\/\/www.facebook.com\/teleclubpy","https:\/\/www.instagram.com\/teleclubpy"]}]}},"_links":{"self":[{"href":"https:\/\/www.teleclub.com.py\/index.php\/wp-json\/wp\/v2\/product\/13362","targetHints":{"allow":["GET"]}}],"collection":[{"href":"https:\/\/www.teleclub.com.py\/index.php\/wp-json\/wp\/v2\/product"}],"about":[{"href":"https:\/\/www.teleclub.com.py\/index.php\/wp-json\/wp\/v2\/types\/product"}],"wp:featuredmedia":[{"embeddable":true,"href":"https:\/\/www.teleclub.com.py\/index.php\/wp-json\/wp\/v2\/media\/13363"}],"wp:attachment":[{"href":"https:\/\/www.teleclub.com.py\/index.php\/wp-json\/wp\/v2\/media?parent=13362"}],"wp:term":[{"taxonomy":"product_cat","embeddable":true,"href":"https:\/\/www.teleclub.com.py\/index.php\/wp-json\/wp\/v2\/product_cat?post=13362"},{"taxonomy":"product_tag","embeddable":true,"href":"https:\/\/www.teleclub.com.py\/index.php\/wp-json\/wp\/v2\/product_tag?post=13362"}],"curies":[{"name":"wp","href":"https:\/\/api.w.org\/{rel}","templated":true}]}}