{"id":13013,"date":"2025-06-18T11:20:30","date_gmt":"2025-06-18T14:20:30","guid":{"rendered":"https:\/\/www.teleclub.com.py\/?post_type=product&#038;p=13013"},"modified":"2025-06-18T11:20:30","modified_gmt":"2025-06-18T14:20:30","slug":"auricular-stereo-c-mic-n-xb450ap","status":"publish","type":"product","link":"https:\/\/www.teleclub.com.py\/index.php\/product\/auricular-stereo-c-mic-n-xb450ap\/","title":{"rendered":"AURICULAR STEREO C\/MIC N-XB450AP"},"content":{"rendered":"<p class=\"\" data-start=\"414\" data-end=\"526\"><span class=\"relative -mx-px my-[-0.2rem] rounded px-px py-[0.2rem] transition-colors duration-100 ease-in-out\">El <strong>AURICULAR<\/strong> <strong data-start=\"3\" data-end=\"23\">MDR-XB450AP<\/strong> es un auricular est\u00e9reo dise\u00f1ado para ofrecer una experiencia auditiva excepcional, combinando un sonido potente con un dise\u00f1o elegante y c\u00f3modo.<\/span> <span class=\"relative -mx-px my-[-0.2rem] rounded px-px py-[0.2rem] transition-colors duration-100 ease-in-out\">Equipado con la tecnolog\u00eda <strong data-start=\"27\" data-end=\"41\">Extra Bass<\/strong>, este auricular proporciona graves profundos y potentes, ideales para g\u00e9neros musicales como EDM, hip-hop y pop.<\/span><\/p>\n<p class=\"\" data-start=\"528\" data-end=\"644\"><span class=\"relative -mx-px my-[-0.2rem] rounded px-px py-[0.2rem] transition-colors duration-100 ease-in-out\">Su dise\u00f1o supraaural con almohadillas acolchadas y diadema ajustable garantiza comodidad durante largas sesiones de uso.<\/span> <span class=\"relative -mx-px my-[-0.2rem] rounded px-px py-[0.2rem] transition-colors duration-100 ease-in-out\">Adem\u00e1s, cuenta con un micr\u00f3fono en l\u00ednea y control remoto, permitiendo gestionar llamadas y controlar la reproducci\u00f3n de m\u00fasica sin necesidad de acceder al dispositivo.<\/span><\/p>\n<p class=\"\" data-start=\"646\" data-end=\"764\"><span class=\"relative -mx-px my-[-0.2rem] rounded px-px py-[0.2rem] transition-colors duration-100 ease-in-out\">El cable plano de 1.2 metros es resistente a enredos, facilitando su uso diario y transporte.<\/span> <span class=\"relative -mx-px my-[-0.2rem] rounded px-px py-[0.2rem] transition-colors duration-100 ease-in-out\">Su dise\u00f1o plegable y ligero lo convierte en el compa\u00f1ero perfecto para llevar a todas partes<\/span><\/p>\n","protected":false},"excerpt":{"rendered":"<ul>\n<li class=\"\" data-start=\"913\" data-end=\"966\">\n<p class=\"\" data-start=\"915\" data-end=\"966\"><strong data-start=\"915\" data-end=\"925\">Modelo<\/strong>: <span class=\"relative -mx-px my-[-0.2rem] rounded px-px py-[0.2rem] transition-colors duration-100 ease-in-out\">Sony MDR-XB450AP<\/span><\/p>\n<\/li>\n<li class=\"\" data-start=\"967\" data-end=\"1031\">\n<p class=\"\" data-start=\"969\" data-end=\"1031\"><strong data-start=\"969\" data-end=\"990\">Tipo de auricular<\/strong>: <span class=\"relative -mx-px my-[-0.2rem] rounded px-px py-[0.2rem] transition-colors duration-100 ease-in-out\">Supraaural (sobre la oreja)<\/span><\/p>\n<\/li>\n<li class=\"\" data-start=\"1032\" data-end=\"1099\">\n<p class=\"\" data-start=\"1034\" data-end=\"1099\"><strong data-start=\"1034\" data-end=\"1058\">Tecnolog\u00eda de sonido<\/strong>: <span class=\"relative -mx-px my-[-0.2rem] rounded px-px py-[0.2rem] transition-colors duration-100 ease-in-out\">Extra Bass<\/span><\/p>\n<\/li>\n<li class=\"\" data-start=\"1100\" data-end=\"1170\">\n<p class=\"\" data-start=\"1102\" data-end=\"1170\"><strong data-start=\"1102\" data-end=\"1129\">Respuesta de frecuencia<\/strong>: <span class=\"relative -mx-px my-[-0.2rem] rounded px-px py-[0.2rem] transition-colors duration-100 ease-in-out\">5 Hz \u2013 22,000 Hz<\/span><\/p>\n<\/li>\n<li class=\"\" data-start=\"1171\" data-end=\"1228\">\n<p class=\"\" data-start=\"1173\" data-end=\"1228\"><strong data-start=\"1173\" data-end=\"1187\">Impedancia<\/strong>: <span class=\"relative -mx-px my-[-0.2rem] rounded px-px py-[0.2rem] transition-colors duration-100 ease-in-out\">24 ohmios a 1 kHz<\/span><\/p>\n<\/li>\n<li class=\"\" data-start=\"1229\" data-end=\"1288\">\n<p class=\"\" data-start=\"1231\" data-end=\"1288\"><strong data-start=\"1231\" data-end=\"1247\">Sensibilidad<\/strong>: <span class=\"relative -mx-px my-[-0.2rem] rounded px-px py-[0.2rem] transition-colors duration-100 ease-in-out\">102 dB\/mW<\/span><\/p>\n<\/li>\n<li class=\"\" data-start=\"1289\" data-end=\"1347\">\n<p class=\"\" data-start=\"1291\" data-end=\"1347\"><strong data-start=\"1291\" data-end=\"1306\">Controlador<\/strong>: <span class=\"relative -mx-px my-[-0.2rem] rounded px-px py-[0.2rem] transition-colors duration-100 ease-in-out\">Din\u00e1mico de 30 mm<\/span><\/p>\n<\/li>\n<li class=\"\" data-start=\"1348\" data-end=\"1376\">\n<p class=\"\" data-start=\"1350\" data-end=\"1376\"><strong data-start=\"1350\" data-end=\"1372\">Micr\u00f3fono en l\u00ednea<\/strong>: S\u00ed<\/p>\n<\/li>\n<li class=\"\" data-start=\"1377\" data-end=\"1438\">\n<p class=\"\" data-start=\"1379\" data-end=\"1438\"><strong data-start=\"1379\" data-end=\"1397\">Control remoto<\/strong>: <span class=\"relative -mx-px my-[-0.2rem] rounded px-px py-[0.2rem] transition-colors duration-100 ease-in-out\">S\u00ed (compatible con smartphones Android y iOS)<\/span><\/p>\n<\/li>\n<li class=\"\" data-start=\"1439\" data-end=\"1504\">\n<p class=\"\" data-start=\"1441\" data-end=\"1504\"><strong data-start=\"1441\" data-end=\"1463\">Longitud del cable<\/strong>: <span class=\"relative -mx-px my-[-0.2rem] rounded px-px py-[0.2rem] transition-colors duration-100 ease-in-out\">1.2 metros (cable plano resistente a enredos)<\/span><\/p>\n<\/li>\n<\/ul>\n","protected":false},"featured_media":13014,"template":"","meta":{"om_disable_all_campaigns":false},"product_cat":[255,257,254],"product_tag":[],"class_list":{"0":"post-13013","1":"product","2":"type-product","3":"status-publish","4":"has-post-thumbnail","6":"product_cat-audio-electronica","7":"product_cat-auriculares","8":"product_cat-electronica","10":"first","11":"instock","12":"shipping-taxable","13":"purchasable","14":"product-type-simple"},"yoast_head":"<!-- This site is optimized with the Yoast SEO plugin v23.6 - https:\/\/yoast.com\/wordpress\/plugins\/seo\/ -->\n<title>AURICULAR STEREO C\/MIC N-XB450AP - Teleclub<\/title>\n<meta name=\"description\" content=\"Descubre el Auricular MDR-XB450AP con tecnolog\u00eda Extra Bass, micr\u00f3fono en l\u00ednea y dise\u00f1o plegable. Sonido potente y comodidad para tu d\u00eda a d\u00eda.\" \/>\n<meta name=\"robots\" content=\"index, follow, max-snippet:-1, max-image-preview:large, max-video-preview:-1\" \/>\n<link rel=\"canonical\" href=\"https:\/\/www.teleclub.com.py\/index.php\/product\/auricular-stereo-c-mic-n-xb450ap\/\" \/>\n<meta property=\"og:locale\" content=\"es_ES\" \/>\n<meta property=\"og:type\" content=\"article\" \/>\n<meta property=\"og:title\" content=\"AURICULAR STEREO C\/MIC N-XB450AP - Teleclub\" \/>\n<meta property=\"og:description\" content=\"Descubre el Auricular MDR-XB450AP con tecnolog\u00eda Extra Bass, micr\u00f3fono en l\u00ednea y dise\u00f1o plegable. Sonido potente y comodidad para tu d\u00eda a d\u00eda.\" \/>\n<meta property=\"og:url\" content=\"https:\/\/www.teleclub.com.py\/index.php\/product\/auricular-stereo-c-mic-n-xb450ap\/\" \/>\n<meta property=\"og:site_name\" content=\"Teleclub\" \/>\n<meta property=\"article:publisher\" content=\"https:\/\/www.facebook.com\/teleclubpy\" \/>\n<meta property=\"og:image\" content=\"https:\/\/www.teleclub.com.py\/wp-content\/uploads\/2025\/05\/N-XB450AP.jpg\" \/>\n\t<meta property=\"og:image:width\" content=\"600\" \/>\n\t<meta property=\"og:image:height\" content=\"600\" \/>\n\t<meta property=\"og:image:type\" content=\"image\/jpeg\" \/>\n<meta name=\"twitter:card\" content=\"summary_large_image\" \/>\n<meta name=\"twitter:label1\" content=\"Tiempo de lectura\" \/>\n\t<meta name=\"twitter:data1\" content=\"1 minuto\" \/>\n<script type=\"application\/ld+json\" class=\"yoast-schema-graph\">{\"@context\":\"https:\/\/schema.org\",\"@graph\":[{\"@type\":\"WebPage\",\"@id\":\"https:\/\/www.teleclub.com.py\/index.php\/product\/auricular-stereo-c-mic-n-xb450ap\/\",\"url\":\"https:\/\/www.teleclub.com.py\/index.php\/product\/auricular-stereo-c-mic-n-xb450ap\/\",\"name\":\"AURICULAR STEREO C\/MIC N-XB450AP - Teleclub\",\"isPartOf\":{\"@id\":\"https:\/\/www.teleclub.com.py\/#website\"},\"primaryImageOfPage\":{\"@id\":\"https:\/\/www.teleclub.com.py\/index.php\/product\/auricular-stereo-c-mic-n-xb450ap\/#primaryimage\"},\"image\":{\"@id\":\"https:\/\/www.teleclub.com.py\/index.php\/product\/auricular-stereo-c-mic-n-xb450ap\/#primaryimage\"},\"thumbnailUrl\":\"https:\/\/www.teleclub.com.py\/wp-content\/uploads\/2025\/05\/N-XB450AP.jpg\",\"datePublished\":\"2025-06-18T14:20:30+00:00\",\"dateModified\":\"2025-06-18T14:20:30+00:00\",\"description\":\"Descubre el Auricular MDR-XB450AP con tecnolog\u00eda Extra Bass, micr\u00f3fono en l\u00ednea y dise\u00f1o plegable. Sonido potente y comodidad para tu d\u00eda a d\u00eda.\",\"breadcrumb\":{\"@id\":\"https:\/\/www.teleclub.com.py\/index.php\/product\/auricular-stereo-c-mic-n-xb450ap\/#breadcrumb\"},\"inLanguage\":\"es\",\"potentialAction\":[{\"@type\":\"ReadAction\",\"target\":[\"https:\/\/www.teleclub.com.py\/index.php\/product\/auricular-stereo-c-mic-n-xb450ap\/\"]}]},{\"@type\":\"ImageObject\",\"inLanguage\":\"es\",\"@id\":\"https:\/\/www.teleclub.com.py\/index.php\/product\/auricular-stereo-c-mic-n-xb450ap\/#primaryimage\",\"url\":\"https:\/\/www.teleclub.com.py\/wp-content\/uploads\/2025\/05\/N-XB450AP.jpg\",\"contentUrl\":\"https:\/\/www.teleclub.com.py\/wp-content\/uploads\/2025\/05\/N-XB450AP.jpg\",\"width\":600,\"height\":600},{\"@type\":\"BreadcrumbList\",\"@id\":\"https:\/\/www.teleclub.com.py\/index.php\/product\/auricular-stereo-c-mic-n-xb450ap\/#breadcrumb\",\"itemListElement\":[{\"@type\":\"ListItem\",\"position\":1,\"name\":\"Portada\",\"item\":\"https:\/\/www.teleclub.com.py\/\"},{\"@type\":\"ListItem\",\"position\":2,\"name\":\"Shop\",\"item\":\"https:\/\/www.teleclub.com.py\/index.php\/shop-2\/\"},{\"@type\":\"ListItem\",\"position\":3,\"name\":\"AURICULAR STEREO C\/MIC N-XB450AP\"}]},{\"@type\":\"WebSite\",\"@id\":\"https:\/\/www.teleclub.com.py\/#website\",\"url\":\"https:\/\/www.teleclub.com.py\/\",\"name\":\"Teleclub\",\"description\":\"Tu tienda online\",\"publisher\":{\"@id\":\"https:\/\/www.teleclub.com.py\/#organization\"},\"potentialAction\":[{\"@type\":\"SearchAction\",\"target\":{\"@type\":\"EntryPoint\",\"urlTemplate\":\"https:\/\/www.teleclub.com.py\/?s={search_term_string}\"},\"query-input\":{\"@type\":\"PropertyValueSpecification\",\"valueRequired\":true,\"valueName\":\"search_term_string\"}}],\"inLanguage\":\"es\"},{\"@type\":\"Organization\",\"@id\":\"https:\/\/www.teleclub.com.py\/#organization\",\"name\":\"Teleclub\",\"url\":\"https:\/\/www.teleclub.com.py\/\",\"logo\":{\"@type\":\"ImageObject\",\"inLanguage\":\"es\",\"@id\":\"https:\/\/www.teleclub.com.py\/#\/schema\/logo\/image\/\",\"url\":\"https:\/\/www.teleclub.com.py\/wp-content\/uploads\/2024\/09\/1611317346760_TeleClub_logo_FondoBlanco-2.jpg\",\"contentUrl\":\"https:\/\/www.teleclub.com.py\/wp-content\/uploads\/2024\/09\/1611317346760_TeleClub_logo_FondoBlanco-2.jpg\",\"width\":1600,\"height\":1600,\"caption\":\"Teleclub\"},\"image\":{\"@id\":\"https:\/\/www.teleclub.com.py\/#\/schema\/logo\/image\/\"},\"sameAs\":[\"https:\/\/www.facebook.com\/teleclubpy\",\"https:\/\/www.instagram.com\/teleclubpy\"]}]}<\/script>\n<!-- \/ Yoast SEO plugin. -->","yoast_head_json":{"title":"AURICULAR STEREO C\/MIC N-XB450AP - Teleclub","description":"Descubre el Auricular MDR-XB450AP con tecnolog\u00eda Extra Bass, micr\u00f3fono en l\u00ednea y dise\u00f1o plegable. Sonido potente y comodidad para tu d\u00eda a d\u00eda.","robots":{"index":"index","follow":"follow","max-snippet":"max-snippet:-1","max-image-preview":"max-image-preview:large","max-video-preview":"max-video-preview:-1"},"canonical":"https:\/\/www.teleclub.com.py\/index.php\/product\/auricular-stereo-c-mic-n-xb450ap\/","og_locale":"es_ES","og_type":"article","og_title":"AURICULAR STEREO C\/MIC N-XB450AP - Teleclub","og_description":"Descubre el Auricular MDR-XB450AP con tecnolog\u00eda Extra Bass, micr\u00f3fono en l\u00ednea y dise\u00f1o plegable. Sonido potente y comodidad para tu d\u00eda a d\u00eda.","og_url":"https:\/\/www.teleclub.com.py\/index.php\/product\/auricular-stereo-c-mic-n-xb450ap\/","og_site_name":"Teleclub","article_publisher":"https:\/\/www.facebook.com\/teleclubpy","og_image":[{"width":600,"height":600,"url":"https:\/\/www.teleclub.com.py\/wp-content\/uploads\/2025\/05\/N-XB450AP.jpg","type":"image\/jpeg"}],"twitter_card":"summary_large_image","twitter_misc":{"Tiempo de lectura":"1 minuto"},"schema":{"@context":"https:\/\/schema.org","@graph":[{"@type":"WebPage","@id":"https:\/\/www.teleclub.com.py\/index.php\/product\/auricular-stereo-c-mic-n-xb450ap\/","url":"https:\/\/www.teleclub.com.py\/index.php\/product\/auricular-stereo-c-mic-n-xb450ap\/","name":"AURICULAR STEREO C\/MIC N-XB450AP - Teleclub","isPartOf":{"@id":"https:\/\/www.teleclub.com.py\/#website"},"primaryImageOfPage":{"@id":"https:\/\/www.teleclub.com.py\/index.php\/product\/auricular-stereo-c-mic-n-xb450ap\/#primaryimage"},"image":{"@id":"https:\/\/www.teleclub.com.py\/index.php\/product\/auricular-stereo-c-mic-n-xb450ap\/#primaryimage"},"thumbnailUrl":"https:\/\/www.teleclub.com.py\/wp-content\/uploads\/2025\/05\/N-XB450AP.jpg","datePublished":"2025-06-18T14:20:30+00:00","dateModified":"2025-06-18T14:20:30+00:00","description":"Descubre el Auricular MDR-XB450AP con tecnolog\u00eda Extra Bass, micr\u00f3fono en l\u00ednea y dise\u00f1o plegable. Sonido potente y comodidad para tu d\u00eda a d\u00eda.","breadcrumb":{"@id":"https:\/\/www.teleclub.com.py\/index.php\/product\/auricular-stereo-c-mic-n-xb450ap\/#breadcrumb"},"inLanguage":"es","potentialAction":[{"@type":"ReadAction","target":["https:\/\/www.teleclub.com.py\/index.php\/product\/auricular-stereo-c-mic-n-xb450ap\/"]}]},{"@type":"ImageObject","inLanguage":"es","@id":"https:\/\/www.teleclub.com.py\/index.php\/product\/auricular-stereo-c-mic-n-xb450ap\/#primaryimage","url":"https:\/\/www.teleclub.com.py\/wp-content\/uploads\/2025\/05\/N-XB450AP.jpg","contentUrl":"https:\/\/www.teleclub.com.py\/wp-content\/uploads\/2025\/05\/N-XB450AP.jpg","width":600,"height":600},{"@type":"BreadcrumbList","@id":"https:\/\/www.teleclub.com.py\/index.php\/product\/auricular-stereo-c-mic-n-xb450ap\/#breadcrumb","itemListElement":[{"@type":"ListItem","position":1,"name":"Portada","item":"https:\/\/www.teleclub.com.py\/"},{"@type":"ListItem","position":2,"name":"Shop","item":"https:\/\/www.teleclub.com.py\/index.php\/shop-2\/"},{"@type":"ListItem","position":3,"name":"AURICULAR STEREO C\/MIC N-XB450AP"}]},{"@type":"WebSite","@id":"https:\/\/www.teleclub.com.py\/#website","url":"https:\/\/www.teleclub.com.py\/","name":"Teleclub","description":"Tu tienda online","publisher":{"@id":"https:\/\/www.teleclub.com.py\/#organization"},"potentialAction":[{"@type":"SearchAction","target":{"@type":"EntryPoint","urlTemplate":"https:\/\/www.teleclub.com.py\/?s={search_term_string}"},"query-input":{"@type":"PropertyValueSpecification","valueRequired":true,"valueName":"search_term_string"}}],"inLanguage":"es"},{"@type":"Organization","@id":"https:\/\/www.teleclub.com.py\/#organization","name":"Teleclub","url":"https:\/\/www.teleclub.com.py\/","logo":{"@type":"ImageObject","inLanguage":"es","@id":"https:\/\/www.teleclub.com.py\/#\/schema\/logo\/image\/","url":"https:\/\/www.teleclub.com.py\/wp-content\/uploads\/2024\/09\/1611317346760_TeleClub_logo_FondoBlanco-2.jpg","contentUrl":"https:\/\/www.teleclub.com.py\/wp-content\/uploads\/2024\/09\/1611317346760_TeleClub_logo_FondoBlanco-2.jpg","width":1600,"height":1600,"caption":"Teleclub"},"image":{"@id":"https:\/\/www.teleclub.com.py\/#\/schema\/logo\/image\/"},"sameAs":["https:\/\/www.facebook.com\/teleclubpy","https:\/\/www.instagram.com\/teleclubpy"]}]}},"_links":{"self":[{"href":"https:\/\/www.teleclub.com.py\/index.php\/wp-json\/wp\/v2\/product\/13013","targetHints":{"allow":["GET"]}}],"collection":[{"href":"https:\/\/www.teleclub.com.py\/index.php\/wp-json\/wp\/v2\/product"}],"about":[{"href":"https:\/\/www.teleclub.com.py\/index.php\/wp-json\/wp\/v2\/types\/product"}],"wp:featuredmedia":[{"embeddable":true,"href":"https:\/\/www.teleclub.com.py\/index.php\/wp-json\/wp\/v2\/media\/13014"}],"wp:attachment":[{"href":"https:\/\/www.teleclub.com.py\/index.php\/wp-json\/wp\/v2\/media?parent=13013"}],"wp:term":[{"taxonomy":"product_cat","embeddable":true,"href":"https:\/\/www.teleclub.com.py\/index.php\/wp-json\/wp\/v2\/product_cat?post=13013"},{"taxonomy":"product_tag","embeddable":true,"href":"https:\/\/www.teleclub.com.py\/index.php\/wp-json\/wp\/v2\/product_tag?post=13013"}],"curies":[{"name":"wp","href":"https:\/\/api.w.org\/{rel}","templated":true}]}}