{"id":12917,"date":"2025-05-23T09:29:06","date_gmt":"2025-05-23T12:29:06","guid":{"rendered":"https:\/\/www.teleclub.com.py\/?post_type=product&#038;p=12917"},"modified":"2025-05-23T09:29:06","modified_gmt":"2025-05-23T12:29:06","slug":"havit-mosue-wireless-nv-ms66gt","status":"publish","type":"product","link":"https:\/\/www.teleclub.com.py\/index.php\/product\/havit-mosue-wireless-nv-ms66gt\/","title":{"rendered":"HAVIT MOSUE WIRELESS NV-MS66GT"},"content":{"rendered":"<p class=\"\" data-start=\"260\" data-end=\"372\"><span class=\"relative -mx-px my-[-0.2rem] rounded px-px py-[0.2rem] transition-colors duration-100 ease-in-out\">El <strong data-start=\"3\" data-end=\"37\">Mouse Inal\u00e1mbrico Havit MS66GT<\/strong> es una soluci\u00f3n eficiente y ergon\u00f3mica para tus necesidades diarias de navegaci\u00f3n y trabajo.<\/span> <span class=\"relative -mx-px my-[-0.2rem] rounded px-px py-[0.2rem] transition-colors duration-100 ease-in-out\">Con un sensor \u00f3ptico de <strong data-start=\"24\" data-end=\"36\">1200 DPI<\/strong>, ofrece un seguimiento preciso y suave en diversas superficies, facilitando tareas tanto en entornos de oficina como en el hogar.<\/span><\/p>\n<p class=\"\" data-start=\"374\" data-end=\"490\"><span class=\"relative -mx-px my-[-0.2rem] rounded px-px py-[0.2rem] transition-colors duration-100 ease-in-out\">Su dise\u00f1o curvo y ergon\u00f3mico garantiza comodidad durante largas jornadas de uso.<\/span> <span class=\"relative -mx-px my-[-0.2rem] rounded px-px py-[0.2rem] transition-colors duration-100 ease-in-out\">La conexi\u00f3n inal\u00e1mbrica de <strong data-start=\"27\" data-end=\"38\">2.4 GHz<\/strong> proporciona una transmisi\u00f3n estable y r\u00e1pida, con un alcance de hasta <strong data-start=\"109\" data-end=\"121\">8 metros<\/strong>, permiti\u00e9ndote trabajar sin restricciones de cables.<\/span><\/p>\n<p class=\"\" data-start=\"492\" data-end=\"610\"><span class=\"relative -mx-px my-[-0.2rem] rounded px-px py-[0.2rem] transition-colors duration-100 ease-in-out\">El Havit MS66GT es compatible con sistemas operativos Windows y macOS, y su instalaci\u00f3n es sencilla gracias a su funcionalidad Plug &amp; Play.<\/span> <span class=\"relative -mx-px my-[-0.2rem] rounded px-px py-[0.2rem] transition-colors duration-100 ease-in-out\">Adem\u00e1s, su dise\u00f1o compacto y ligero lo hace f\u00e1cil de transportar, siendo ideal para usuarios que requieren movilidad.<\/span><\/p>\n","protected":false},"excerpt":{"rendered":"<ul>\n<li class=\"\" data-start=\"764\" data-end=\"817\">\n<p class=\"\" data-start=\"766\" data-end=\"817\"><strong data-start=\"766\" data-end=\"777\">Modelo:<\/strong> <span class=\"relative -mx-px my-[-0.2rem] rounded px-px py-[0.2rem] transition-colors duration-100 ease-in-out\">Havit MS66GT<\/span><\/p>\n<\/li>\n<li class=\"\" data-start=\"818\" data-end=\"881\">\n<p class=\"\" data-start=\"820\" data-end=\"881\"><strong data-start=\"820\" data-end=\"841\">Tipo de conexi\u00f3n:<\/strong> <span class=\"relative -mx-px my-[-0.2rem] rounded px-px py-[0.2rem] transition-colors duration-100 ease-in-out\">Inal\u00e1mbrica 2.4 GHz (USB receptor)<\/span><\/p>\n<\/li>\n<li class=\"\" data-start=\"882\" data-end=\"948\">\n<p class=\"\" data-start=\"884\" data-end=\"948\"><strong data-start=\"884\" data-end=\"908\">Alcance inal\u00e1mbrico:<\/strong> <span class=\"relative -mx-px my-[-0.2rem] rounded px-px py-[0.2rem] transition-colors duration-100 ease-in-out\">Hasta 8 metros<\/span><\/p>\n<\/li>\n<li class=\"\" data-start=\"949\" data-end=\"1002\">\n<p class=\"\" data-start=\"951\" data-end=\"1002\"><strong data-start=\"951\" data-end=\"962\">Sensor:<\/strong> <span class=\"relative -mx-px my-[-0.2rem] rounded px-px py-[0.2rem] transition-colors duration-100 ease-in-out\">\u00d3ptico<\/span><\/p>\n<\/li>\n<li class=\"\" data-start=\"1003\" data-end=\"1060\">\n<p class=\"\" data-start=\"1005\" data-end=\"1060\"><strong data-start=\"1005\" data-end=\"1020\">Resoluci\u00f3n:<\/strong> <span class=\"relative -mx-px my-[-0.2rem] rounded px-px py-[0.2rem] transition-colors duration-100 ease-in-out\">1200 DPI<\/span><\/p>\n<\/li>\n<li class=\"\" data-start=\"1061\" data-end=\"1087\">\n<p class=\"\" data-start=\"1063\" data-end=\"1087\"><strong data-start=\"1063\" data-end=\"1085\">N\u00famero de botones:<\/strong> 3<\/p>\n<\/li>\n<li class=\"\" data-start=\"1088\" data-end=\"1159\">\n<p class=\"\" data-start=\"1090\" data-end=\"1159\"><strong data-start=\"1090\" data-end=\"1119\">Vida \u00fatil de los botones:<\/strong> <span class=\"relative -mx-px my-[-0.2rem] rounded px-px py-[0.2rem] transition-colors duration-100 ease-in-out\">Hasta 3 millones de clics<\/span><\/p>\n<\/li>\n<li class=\"\" data-start=\"1160\" data-end=\"1229\">\n<p class=\"\" data-start=\"1162\" data-end=\"1229\"><strong data-start=\"1162\" data-end=\"1189\">Fuente de alimentaci\u00f3n:<\/strong> <span class=\"relative -mx-px my-[-0.2rem] rounded px-px py-[0.2rem] transition-colors duration-100 ease-in-out\">1 pila AA (se recomienda alcalina)<\/span><\/p>\n<\/li>\n<li class=\"\" data-start=\"1230\" data-end=\"1288\">\n<p class=\"\" data-start=\"1232\" data-end=\"1288\"><strong data-start=\"1232\" data-end=\"1248\">Dimensiones:<\/strong> <span class=\"relative -mx-px my-[-0.2rem] rounded px-px py-[0.2rem] transition-colors duration-100 ease-in-out\">104.5 x 57 x 37.5 mm<\/span><\/p>\n<\/li>\n<li class=\"\" data-start=\"1289\" data-end=\"1350\">\n<p class=\"\" data-start=\"1291\" data-end=\"1350\"><strong data-start=\"1291\" data-end=\"1310\">Compatibilidad:<\/strong> <span class=\"relative -mx-px my-[-0.2rem] rounded px-px py-[0.2rem] transition-colors duration-100 ease-in-out\">Windows y macOS<\/span><\/p>\n<\/li>\n<\/ul>\n","protected":false},"featured_media":12918,"template":"","meta":{"om_disable_all_campaigns":false},"product_cat":[359,349],"product_tag":[],"class_list":{"0":"post-12917","1":"product","2":"type-product","3":"status-publish","4":"has-post-thumbnail","6":"product_cat-accesorios-informatica-electronica","7":"product_cat-informatica","9":"first","10":"instock","11":"shipping-taxable","12":"purchasable","13":"product-type-simple"},"yoast_head":"<!-- This site is optimized with the Yoast SEO plugin v23.6 - https:\/\/yoast.com\/wordpress\/plugins\/seo\/ -->\n<title>HAVIT MOSUE WIRELESS NV-MS66GT - Teleclub<\/title>\n<meta name=\"description\" content=\"Mouse Inal\u00e1mbrico Havit MS66GT con sensor de 1200 DPI, conexi\u00f3n 2.4 GHz y dise\u00f1o ergon\u00f3mico. Precisi\u00f3n y comodidad para uso diario en oficina o estudio.\" \/>\n<meta name=\"robots\" content=\"index, follow, max-snippet:-1, max-image-preview:large, max-video-preview:-1\" \/>\n<link rel=\"canonical\" href=\"https:\/\/www.teleclub.com.py\/index.php\/product\/havit-mosue-wireless-nv-ms66gt\/\" \/>\n<meta property=\"og:locale\" content=\"es_ES\" \/>\n<meta property=\"og:type\" content=\"article\" \/>\n<meta property=\"og:title\" content=\"HAVIT MOSUE WIRELESS NV-MS66GT - Teleclub\" \/>\n<meta property=\"og:description\" content=\"Mouse Inal\u00e1mbrico Havit MS66GT con sensor de 1200 DPI, conexi\u00f3n 2.4 GHz y dise\u00f1o ergon\u00f3mico. Precisi\u00f3n y comodidad para uso diario en oficina o estudio.\" \/>\n<meta property=\"og:url\" content=\"https:\/\/www.teleclub.com.py\/index.php\/product\/havit-mosue-wireless-nv-ms66gt\/\" \/>\n<meta property=\"og:site_name\" content=\"Teleclub\" \/>\n<meta property=\"article:publisher\" content=\"https:\/\/www.facebook.com\/teleclubpy\" \/>\n<meta property=\"og:image\" content=\"https:\/\/www.teleclub.com.py\/wp-content\/uploads\/2025\/05\/NV-MS66GT.webp\" \/>\n\t<meta property=\"og:image:width\" content=\"1000\" \/>\n\t<meta property=\"og:image:height\" content=\"1000\" \/>\n\t<meta property=\"og:image:type\" content=\"image\/webp\" \/>\n<meta name=\"twitter:card\" content=\"summary_large_image\" \/>\n<meta name=\"twitter:label1\" content=\"Tiempo de lectura\" \/>\n\t<meta name=\"twitter:data1\" content=\"1 minuto\" \/>\n<script type=\"application\/ld+json\" class=\"yoast-schema-graph\">{\"@context\":\"https:\/\/schema.org\",\"@graph\":[{\"@type\":\"WebPage\",\"@id\":\"https:\/\/www.teleclub.com.py\/index.php\/product\/havit-mosue-wireless-nv-ms66gt\/\",\"url\":\"https:\/\/www.teleclub.com.py\/index.php\/product\/havit-mosue-wireless-nv-ms66gt\/\",\"name\":\"HAVIT MOSUE WIRELESS NV-MS66GT - Teleclub\",\"isPartOf\":{\"@id\":\"https:\/\/www.teleclub.com.py\/#website\"},\"primaryImageOfPage\":{\"@id\":\"https:\/\/www.teleclub.com.py\/index.php\/product\/havit-mosue-wireless-nv-ms66gt\/#primaryimage\"},\"image\":{\"@id\":\"https:\/\/www.teleclub.com.py\/index.php\/product\/havit-mosue-wireless-nv-ms66gt\/#primaryimage\"},\"thumbnailUrl\":\"https:\/\/www.teleclub.com.py\/wp-content\/uploads\/2025\/05\/NV-MS66GT.webp\",\"datePublished\":\"2025-05-23T12:29:06+00:00\",\"dateModified\":\"2025-05-23T12:29:06+00:00\",\"description\":\"Mouse Inal\u00e1mbrico Havit MS66GT con sensor de 1200 DPI, conexi\u00f3n 2.4 GHz y dise\u00f1o ergon\u00f3mico. Precisi\u00f3n y comodidad para uso diario en oficina o estudio.\",\"breadcrumb\":{\"@id\":\"https:\/\/www.teleclub.com.py\/index.php\/product\/havit-mosue-wireless-nv-ms66gt\/#breadcrumb\"},\"inLanguage\":\"es\",\"potentialAction\":[{\"@type\":\"ReadAction\",\"target\":[\"https:\/\/www.teleclub.com.py\/index.php\/product\/havit-mosue-wireless-nv-ms66gt\/\"]}]},{\"@type\":\"ImageObject\",\"inLanguage\":\"es\",\"@id\":\"https:\/\/www.teleclub.com.py\/index.php\/product\/havit-mosue-wireless-nv-ms66gt\/#primaryimage\",\"url\":\"https:\/\/www.teleclub.com.py\/wp-content\/uploads\/2025\/05\/NV-MS66GT.webp\",\"contentUrl\":\"https:\/\/www.teleclub.com.py\/wp-content\/uploads\/2025\/05\/NV-MS66GT.webp\",\"width\":1000,\"height\":1000},{\"@type\":\"BreadcrumbList\",\"@id\":\"https:\/\/www.teleclub.com.py\/index.php\/product\/havit-mosue-wireless-nv-ms66gt\/#breadcrumb\",\"itemListElement\":[{\"@type\":\"ListItem\",\"position\":1,\"name\":\"Portada\",\"item\":\"https:\/\/www.teleclub.com.py\/\"},{\"@type\":\"ListItem\",\"position\":2,\"name\":\"Shop\",\"item\":\"https:\/\/www.teleclub.com.py\/index.php\/shop-2\/\"},{\"@type\":\"ListItem\",\"position\":3,\"name\":\"HAVIT MOSUE WIRELESS NV-MS66GT\"}]},{\"@type\":\"WebSite\",\"@id\":\"https:\/\/www.teleclub.com.py\/#website\",\"url\":\"https:\/\/www.teleclub.com.py\/\",\"name\":\"Teleclub\",\"description\":\"Tu tienda online\",\"publisher\":{\"@id\":\"https:\/\/www.teleclub.com.py\/#organization\"},\"potentialAction\":[{\"@type\":\"SearchAction\",\"target\":{\"@type\":\"EntryPoint\",\"urlTemplate\":\"https:\/\/www.teleclub.com.py\/?s={search_term_string}\"},\"query-input\":{\"@type\":\"PropertyValueSpecification\",\"valueRequired\":true,\"valueName\":\"search_term_string\"}}],\"inLanguage\":\"es\"},{\"@type\":\"Organization\",\"@id\":\"https:\/\/www.teleclub.com.py\/#organization\",\"name\":\"Teleclub\",\"url\":\"https:\/\/www.teleclub.com.py\/\",\"logo\":{\"@type\":\"ImageObject\",\"inLanguage\":\"es\",\"@id\":\"https:\/\/www.teleclub.com.py\/#\/schema\/logo\/image\/\",\"url\":\"https:\/\/www.teleclub.com.py\/wp-content\/uploads\/2024\/09\/1611317346760_TeleClub_logo_FondoBlanco-2.jpg\",\"contentUrl\":\"https:\/\/www.teleclub.com.py\/wp-content\/uploads\/2024\/09\/1611317346760_TeleClub_logo_FondoBlanco-2.jpg\",\"width\":1600,\"height\":1600,\"caption\":\"Teleclub\"},\"image\":{\"@id\":\"https:\/\/www.teleclub.com.py\/#\/schema\/logo\/image\/\"},\"sameAs\":[\"https:\/\/www.facebook.com\/teleclubpy\",\"https:\/\/www.instagram.com\/teleclubpy\"]}]}<\/script>\n<!-- \/ Yoast SEO plugin. -->","yoast_head_json":{"title":"HAVIT MOSUE WIRELESS NV-MS66GT - Teleclub","description":"Mouse Inal\u00e1mbrico Havit MS66GT con sensor de 1200 DPI, conexi\u00f3n 2.4 GHz y dise\u00f1o ergon\u00f3mico. Precisi\u00f3n y comodidad para uso diario en oficina o estudio.","robots":{"index":"index","follow":"follow","max-snippet":"max-snippet:-1","max-image-preview":"max-image-preview:large","max-video-preview":"max-video-preview:-1"},"canonical":"https:\/\/www.teleclub.com.py\/index.php\/product\/havit-mosue-wireless-nv-ms66gt\/","og_locale":"es_ES","og_type":"article","og_title":"HAVIT MOSUE WIRELESS NV-MS66GT - Teleclub","og_description":"Mouse Inal\u00e1mbrico Havit MS66GT con sensor de 1200 DPI, conexi\u00f3n 2.4 GHz y dise\u00f1o ergon\u00f3mico. Precisi\u00f3n y comodidad para uso diario en oficina o estudio.","og_url":"https:\/\/www.teleclub.com.py\/index.php\/product\/havit-mosue-wireless-nv-ms66gt\/","og_site_name":"Teleclub","article_publisher":"https:\/\/www.facebook.com\/teleclubpy","og_image":[{"width":1000,"height":1000,"url":"https:\/\/www.teleclub.com.py\/wp-content\/uploads\/2025\/05\/NV-MS66GT.webp","type":"image\/webp"}],"twitter_card":"summary_large_image","twitter_misc":{"Tiempo de lectura":"1 minuto"},"schema":{"@context":"https:\/\/schema.org","@graph":[{"@type":"WebPage","@id":"https:\/\/www.teleclub.com.py\/index.php\/product\/havit-mosue-wireless-nv-ms66gt\/","url":"https:\/\/www.teleclub.com.py\/index.php\/product\/havit-mosue-wireless-nv-ms66gt\/","name":"HAVIT MOSUE WIRELESS NV-MS66GT - Teleclub","isPartOf":{"@id":"https:\/\/www.teleclub.com.py\/#website"},"primaryImageOfPage":{"@id":"https:\/\/www.teleclub.com.py\/index.php\/product\/havit-mosue-wireless-nv-ms66gt\/#primaryimage"},"image":{"@id":"https:\/\/www.teleclub.com.py\/index.php\/product\/havit-mosue-wireless-nv-ms66gt\/#primaryimage"},"thumbnailUrl":"https:\/\/www.teleclub.com.py\/wp-content\/uploads\/2025\/05\/NV-MS66GT.webp","datePublished":"2025-05-23T12:29:06+00:00","dateModified":"2025-05-23T12:29:06+00:00","description":"Mouse Inal\u00e1mbrico Havit MS66GT con sensor de 1200 DPI, conexi\u00f3n 2.4 GHz y dise\u00f1o ergon\u00f3mico. Precisi\u00f3n y comodidad para uso diario en oficina o estudio.","breadcrumb":{"@id":"https:\/\/www.teleclub.com.py\/index.php\/product\/havit-mosue-wireless-nv-ms66gt\/#breadcrumb"},"inLanguage":"es","potentialAction":[{"@type":"ReadAction","target":["https:\/\/www.teleclub.com.py\/index.php\/product\/havit-mosue-wireless-nv-ms66gt\/"]}]},{"@type":"ImageObject","inLanguage":"es","@id":"https:\/\/www.teleclub.com.py\/index.php\/product\/havit-mosue-wireless-nv-ms66gt\/#primaryimage","url":"https:\/\/www.teleclub.com.py\/wp-content\/uploads\/2025\/05\/NV-MS66GT.webp","contentUrl":"https:\/\/www.teleclub.com.py\/wp-content\/uploads\/2025\/05\/NV-MS66GT.webp","width":1000,"height":1000},{"@type":"BreadcrumbList","@id":"https:\/\/www.teleclub.com.py\/index.php\/product\/havit-mosue-wireless-nv-ms66gt\/#breadcrumb","itemListElement":[{"@type":"ListItem","position":1,"name":"Portada","item":"https:\/\/www.teleclub.com.py\/"},{"@type":"ListItem","position":2,"name":"Shop","item":"https:\/\/www.teleclub.com.py\/index.php\/shop-2\/"},{"@type":"ListItem","position":3,"name":"HAVIT MOSUE WIRELESS NV-MS66GT"}]},{"@type":"WebSite","@id":"https:\/\/www.teleclub.com.py\/#website","url":"https:\/\/www.teleclub.com.py\/","name":"Teleclub","description":"Tu tienda online","publisher":{"@id":"https:\/\/www.teleclub.com.py\/#organization"},"potentialAction":[{"@type":"SearchAction","target":{"@type":"EntryPoint","urlTemplate":"https:\/\/www.teleclub.com.py\/?s={search_term_string}"},"query-input":{"@type":"PropertyValueSpecification","valueRequired":true,"valueName":"search_term_string"}}],"inLanguage":"es"},{"@type":"Organization","@id":"https:\/\/www.teleclub.com.py\/#organization","name":"Teleclub","url":"https:\/\/www.teleclub.com.py\/","logo":{"@type":"ImageObject","inLanguage":"es","@id":"https:\/\/www.teleclub.com.py\/#\/schema\/logo\/image\/","url":"https:\/\/www.teleclub.com.py\/wp-content\/uploads\/2024\/09\/1611317346760_TeleClub_logo_FondoBlanco-2.jpg","contentUrl":"https:\/\/www.teleclub.com.py\/wp-content\/uploads\/2024\/09\/1611317346760_TeleClub_logo_FondoBlanco-2.jpg","width":1600,"height":1600,"caption":"Teleclub"},"image":{"@id":"https:\/\/www.teleclub.com.py\/#\/schema\/logo\/image\/"},"sameAs":["https:\/\/www.facebook.com\/teleclubpy","https:\/\/www.instagram.com\/teleclubpy"]}]}},"_links":{"self":[{"href":"https:\/\/www.teleclub.com.py\/index.php\/wp-json\/wp\/v2\/product\/12917","targetHints":{"allow":["GET"]}}],"collection":[{"href":"https:\/\/www.teleclub.com.py\/index.php\/wp-json\/wp\/v2\/product"}],"about":[{"href":"https:\/\/www.teleclub.com.py\/index.php\/wp-json\/wp\/v2\/types\/product"}],"wp:featuredmedia":[{"embeddable":true,"href":"https:\/\/www.teleclub.com.py\/index.php\/wp-json\/wp\/v2\/media\/12918"}],"wp:attachment":[{"href":"https:\/\/www.teleclub.com.py\/index.php\/wp-json\/wp\/v2\/media?parent=12917"}],"wp:term":[{"taxonomy":"product_cat","embeddable":true,"href":"https:\/\/www.teleclub.com.py\/index.php\/wp-json\/wp\/v2\/product_cat?post=12917"},{"taxonomy":"product_tag","embeddable":true,"href":"https:\/\/www.teleclub.com.py\/index.php\/wp-json\/wp\/v2\/product_tag?post=12917"}],"curies":[{"name":"wp","href":"https:\/\/api.w.org\/{rel}","templated":true}]}}