{"id":12804,"date":"2025-05-10T12:08:49","date_gmt":"2025-05-10T15:08:49","guid":{"rendered":"https:\/\/www.teleclub.com.py\/?post_type=product&#038;p=12804"},"modified":"2025-05-10T12:08:49","modified_gmt":"2025-05-10T15:08:49","slug":"parlante-bluetooth-astronauta-c-luc-led","status":"publish","type":"product","link":"https:\/\/www.teleclub.com.py\/index.php\/product\/parlante-bluetooth-astronauta-c-luc-led\/","title":{"rendered":"PARLANTE BLUETOOTH ASTRONAUTA C\/LUC LED"},"content":{"rendered":"<p class=\"\" data-start=\"297\" data-end=\"485\"><span class=\"relative -mx-px my-[-0.2rem] rounded px-px py-[0.2rem] transition-colors duration-100 ease-in-out\">El <\/span><span class=\"decoration-token-text-secondary inline align-baseline underline decoration-[4%] underline-offset-[16%] [text-decoration-skip-ink:auto] [text-underline-position:from-font] hover:cursor-pointer\"><span class=\"whitespace-normal\">Parlante BT Astronauta con Luces Alpha<\/span><\/span><span class=\"relative -mx-px my-[-0.2rem] rounded px-px py-[0.2rem] transition-colors duration-100 ease-in-out\">** es un dispositivo port\u00e1til que combina un dise\u00f1o innovador con funcionalidad avanzada.<\/span> <span class=\"relative -mx-px my-[-0.2rem] rounded px-px py-[0.2rem] transition-colors duration-100 ease-in-out\">Con su forma de astronauta y luces LED integradas, este parlante no solo ofrece una experiencia sonora envolvente, sino que tambi\u00e9n a\u00f1ade un toque decorativo \u00fanico a cualquier espacio.<\/span><\/p>\n<p class=\"\" data-start=\"487\" data-end=\"605\"><span class=\"relative -mx-px my-[-0.2rem] rounded px-px py-[0.2rem] transition-colors duration-100 ease-in-out\">Equipado con tecnolog\u00eda Bluetooth 5.0, permite una conexi\u00f3n inal\u00e1mbrica estable y de alta calidad con tus dispositivos.<\/span> <span class=\"relative -mx-px my-[-0.2rem] rounded px-px py-[0.2rem] transition-colors duration-100 ease-in-out\">Su bater\u00eda recargable de 500 mAh proporciona hasta 6 horas de reproducci\u00f3n continua, y su tama\u00f1o compacto lo hace ideal para llevarlo a cualquier lugar.<\/span><\/p>\n","protected":false},"excerpt":{"rendered":"<ul>\n<li class=\"\" data-start=\"755\" data-end=\"814\">\n<p class=\"\" data-start=\"757\" data-end=\"814\"><strong data-start=\"757\" data-end=\"773\">Conectividad<\/strong>: <span class=\"relative -mx-px my-[-0.2rem] rounded px-px py-[0.2rem] transition-colors duration-100 ease-in-out\">Bluetooth 5.0<\/span><\/p>\n<\/li>\n<li class=\"\" data-start=\"815\" data-end=\"881\">\n<p class=\"\" data-start=\"817\" data-end=\"881\"><strong data-start=\"817\" data-end=\"840\">Alcance inal\u00e1mbrico<\/strong>: <span class=\"relative -mx-px my-[-0.2rem] rounded px-px py-[0.2rem] transition-colors duration-100 ease-in-out\">Hasta 10 metros<\/span><\/p>\n<\/li>\n<li class=\"\" data-start=\"882\" data-end=\"936\">\n<p class=\"\" data-start=\"884\" data-end=\"936\"><strong data-start=\"884\" data-end=\"895\">Bater\u00eda<\/strong>: <span class=\"relative -mx-px my-[-0.2rem] rounded px-px py-[0.2rem] transition-colors duration-100 ease-in-out\">500 mAh recargable<\/span><\/p>\n<\/li>\n<li class=\"\" data-start=\"937\" data-end=\"1006\">\n<p class=\"\" data-start=\"939\" data-end=\"1006\"><strong data-start=\"939\" data-end=\"965\">Tiempo de reproducci\u00f3n<\/strong>: <span class=\"relative -mx-px my-[-0.2rem] rounded px-px py-[0.2rem] transition-colors duration-100 ease-in-out\">Hasta 6 horas<\/span><\/p>\n<\/li>\n<li class=\"\" data-start=\"1007\" data-end=\"1069\">\n<p class=\"\" data-start=\"1009\" data-end=\"1069\"><strong data-start=\"1009\" data-end=\"1028\">Tiempo de carga<\/strong>: <span class=\"relative -mx-px my-[-0.2rem] rounded px-px py-[0.2rem] transition-colors duration-100 ease-in-out\">3 horas<\/span><\/p>\n<\/li>\n<li class=\"\" data-start=\"1070\" data-end=\"1126\">\n<p class=\"\" data-start=\"1072\" data-end=\"1126\"><strong data-start=\"1072\" data-end=\"1085\">Luces LED<\/strong>: <span class=\"relative -mx-px my-[-0.2rem] rounded px-px py-[0.2rem] transition-colors duration-100 ease-in-out\">Integradas en el casco del astronauta, con efectos de colores cambiantes<\/span><\/p>\n<\/li>\n<li class=\"\" data-start=\"1127\" data-end=\"1243\">\n<p class=\"\" data-start=\"1129\" data-end=\"1155\"><strong data-start=\"1129\" data-end=\"1154\">Funciones adicionales<\/strong>:<\/p>\n<ul data-start=\"1158\" data-end=\"1243\">\n<li class=\"\" data-start=\"1158\" data-end=\"1199\">\n<p class=\"\" data-start=\"1160\" data-end=\"1199\"><span class=\"relative -mx-px my-[-0.2rem] rounded px-px py-[0.2rem] transition-colors duration-100 ease-in-out\">Ranura para tarjeta microSD<\/span><\/p>\n<\/li>\n<li class=\"\" data-start=\"1202\" data-end=\"1243\">\n<p class=\"\" data-start=\"1204\" data-end=\"1243\"><span class=\"relative -mx-px my-[-0.2rem] rounded px-px py-[0.2rem] transition-colors duration-100 ease-in-out\">Radio FM<\/span><\/p>\n<\/li>\n<\/ul>\n<\/li>\n<li class=\"\" data-start=\"1244\" data-end=\"1302\">\n<p class=\"\" data-start=\"1246\" data-end=\"1302\"><strong data-start=\"1246\" data-end=\"1261\">Dimensiones<\/strong>: <span class=\"relative -mx-px my-[-0.2rem] rounded px-px py-[0.2rem] transition-colors duration-100 ease-in-out\">10.5 cm de alto<\/span><\/p>\n<\/li>\n<li class=\"\" data-start=\"1303\" data-end=\"1358\">\n<p class=\"\" data-start=\"1305\" data-end=\"1358\"><strong data-start=\"1305\" data-end=\"1317\">Material<\/strong>: <span class=\"relative -mx-px my-[-0.2rem] rounded px-px py-[0.2rem] transition-colors duration-100 ease-in-out\">Pl\u00e1stico resistente<\/span><\/p>\n<\/li>\n<li class=\"\" data-start=\"1359\" data-end=\"1464\">\n<p class=\"\" data-start=\"1361\" data-end=\"1464\"><strong data-start=\"1361\" data-end=\"1384\">Colores disponibles<\/strong>: <span class=\"relative -mx-px my-[-0.2rem] rounded px-px py-[0.2rem] transition-colors duration-100 ease-in-out\">Negro, blanco y rosa (sujeto a disponibilidad)<\/span><\/p>\n<\/li>\n<\/ul>\n","protected":false},"featured_media":12807,"template":"","meta":{"om_disable_all_campaigns":false},"product_cat":[255,254,302,256],"product_tag":[],"class_list":{"0":"post-12804","1":"product","2":"type-product","3":"status-publish","4":"has-post-thumbnail","6":"product_cat-audio-electronica","7":"product_cat-electronica","8":"product_cat-promo-del-mes","9":"product_cat-speakers-audio-electronica","11":"first","12":"instock","13":"shipping-taxable","14":"purchasable","15":"product-type-simple"},"yoast_head":"<!-- This site is optimized with the Yoast SEO plugin v23.6 - https:\/\/yoast.com\/wordpress\/plugins\/seo\/ -->\n<title>PARLANTE BLUETOOTH ASTRONAUTA C\/LUC LED - Teleclub<\/title>\n<meta name=\"description\" content=\"Descubre el Parlante BT Astronauta con Luces Alpha: dise\u00f1o innovador, sonido envolvente y luces LED integradas. Con\u00e9ctalo v\u00eda Bluetooth y dejate llevar\" \/>\n<meta name=\"robots\" content=\"index, follow, max-snippet:-1, max-image-preview:large, max-video-preview:-1\" \/>\n<link rel=\"canonical\" href=\"https:\/\/www.teleclub.com.py\/index.php\/product\/parlante-bluetooth-astronauta-c-luc-led\/\" \/>\n<meta property=\"og:locale\" content=\"es_ES\" \/>\n<meta property=\"og:type\" content=\"article\" \/>\n<meta property=\"og:title\" content=\"PARLANTE BLUETOOTH ASTRONAUTA C\/LUC LED - Teleclub\" \/>\n<meta property=\"og:description\" content=\"Descubre el Parlante BT Astronauta con Luces Alpha: dise\u00f1o innovador, sonido envolvente y luces LED integradas. Con\u00e9ctalo v\u00eda Bluetooth y dejate llevar\" \/>\n<meta property=\"og:url\" content=\"https:\/\/www.teleclub.com.py\/index.php\/product\/parlante-bluetooth-astronauta-c-luc-led\/\" \/>\n<meta property=\"og:site_name\" content=\"Teleclub\" \/>\n<meta property=\"article:publisher\" content=\"https:\/\/www.facebook.com\/teleclubpy\" \/>\n<meta property=\"og:image\" content=\"https:\/\/www.teleclub.com.py\/wp-content\/uploads\/2025\/05\/ASTRO-1.jpg\" \/>\n\t<meta property=\"og:image:width\" content=\"225\" \/>\n\t<meta property=\"og:image:height\" content=\"224\" \/>\n\t<meta property=\"og:image:type\" content=\"image\/jpeg\" \/>\n<meta name=\"twitter:card\" content=\"summary_large_image\" \/>\n<meta name=\"twitter:label1\" content=\"Tiempo de lectura\" \/>\n\t<meta name=\"twitter:data1\" content=\"1 minuto\" \/>\n<script type=\"application\/ld+json\" class=\"yoast-schema-graph\">{\"@context\":\"https:\/\/schema.org\",\"@graph\":[{\"@type\":\"WebPage\",\"@id\":\"https:\/\/www.teleclub.com.py\/index.php\/product\/parlante-bluetooth-astronauta-c-luc-led\/\",\"url\":\"https:\/\/www.teleclub.com.py\/index.php\/product\/parlante-bluetooth-astronauta-c-luc-led\/\",\"name\":\"PARLANTE BLUETOOTH ASTRONAUTA C\/LUC LED - Teleclub\",\"isPartOf\":{\"@id\":\"https:\/\/www.teleclub.com.py\/#website\"},\"primaryImageOfPage\":{\"@id\":\"https:\/\/www.teleclub.com.py\/index.php\/product\/parlante-bluetooth-astronauta-c-luc-led\/#primaryimage\"},\"image\":{\"@id\":\"https:\/\/www.teleclub.com.py\/index.php\/product\/parlante-bluetooth-astronauta-c-luc-led\/#primaryimage\"},\"thumbnailUrl\":\"https:\/\/www.teleclub.com.py\/wp-content\/uploads\/2025\/05\/ASTRO-1.jpg\",\"datePublished\":\"2025-05-10T15:08:49+00:00\",\"dateModified\":\"2025-05-10T15:08:49+00:00\",\"description\":\"Descubre el Parlante BT Astronauta con Luces Alpha: dise\u00f1o innovador, sonido envolvente y luces LED integradas. Con\u00e9ctalo v\u00eda Bluetooth y dejate llevar\",\"breadcrumb\":{\"@id\":\"https:\/\/www.teleclub.com.py\/index.php\/product\/parlante-bluetooth-astronauta-c-luc-led\/#breadcrumb\"},\"inLanguage\":\"es\",\"potentialAction\":[{\"@type\":\"ReadAction\",\"target\":[\"https:\/\/www.teleclub.com.py\/index.php\/product\/parlante-bluetooth-astronauta-c-luc-led\/\"]}]},{\"@type\":\"ImageObject\",\"inLanguage\":\"es\",\"@id\":\"https:\/\/www.teleclub.com.py\/index.php\/product\/parlante-bluetooth-astronauta-c-luc-led\/#primaryimage\",\"url\":\"https:\/\/www.teleclub.com.py\/wp-content\/uploads\/2025\/05\/ASTRO-1.jpg\",\"contentUrl\":\"https:\/\/www.teleclub.com.py\/wp-content\/uploads\/2025\/05\/ASTRO-1.jpg\",\"width\":225,\"height\":224},{\"@type\":\"BreadcrumbList\",\"@id\":\"https:\/\/www.teleclub.com.py\/index.php\/product\/parlante-bluetooth-astronauta-c-luc-led\/#breadcrumb\",\"itemListElement\":[{\"@type\":\"ListItem\",\"position\":1,\"name\":\"Portada\",\"item\":\"https:\/\/www.teleclub.com.py\/\"},{\"@type\":\"ListItem\",\"position\":2,\"name\":\"Shop\",\"item\":\"https:\/\/www.teleclub.com.py\/index.php\/shop-2\/\"},{\"@type\":\"ListItem\",\"position\":3,\"name\":\"PARLANTE BLUETOOTH ASTRONAUTA C\/LUC LED\"}]},{\"@type\":\"WebSite\",\"@id\":\"https:\/\/www.teleclub.com.py\/#website\",\"url\":\"https:\/\/www.teleclub.com.py\/\",\"name\":\"Teleclub\",\"description\":\"Tu tienda online\",\"publisher\":{\"@id\":\"https:\/\/www.teleclub.com.py\/#organization\"},\"potentialAction\":[{\"@type\":\"SearchAction\",\"target\":{\"@type\":\"EntryPoint\",\"urlTemplate\":\"https:\/\/www.teleclub.com.py\/?s={search_term_string}\"},\"query-input\":{\"@type\":\"PropertyValueSpecification\",\"valueRequired\":true,\"valueName\":\"search_term_string\"}}],\"inLanguage\":\"es\"},{\"@type\":\"Organization\",\"@id\":\"https:\/\/www.teleclub.com.py\/#organization\",\"name\":\"Teleclub\",\"url\":\"https:\/\/www.teleclub.com.py\/\",\"logo\":{\"@type\":\"ImageObject\",\"inLanguage\":\"es\",\"@id\":\"https:\/\/www.teleclub.com.py\/#\/schema\/logo\/image\/\",\"url\":\"https:\/\/www.teleclub.com.py\/wp-content\/uploads\/2024\/09\/1611317346760_TeleClub_logo_FondoBlanco-2.jpg\",\"contentUrl\":\"https:\/\/www.teleclub.com.py\/wp-content\/uploads\/2024\/09\/1611317346760_TeleClub_logo_FondoBlanco-2.jpg\",\"width\":1600,\"height\":1600,\"caption\":\"Teleclub\"},\"image\":{\"@id\":\"https:\/\/www.teleclub.com.py\/#\/schema\/logo\/image\/\"},\"sameAs\":[\"https:\/\/www.facebook.com\/teleclubpy\",\"https:\/\/www.instagram.com\/teleclubpy\"]}]}<\/script>\n<!-- \/ Yoast SEO plugin. -->","yoast_head_json":{"title":"PARLANTE BLUETOOTH ASTRONAUTA C\/LUC LED - Teleclub","description":"Descubre el Parlante BT Astronauta con Luces Alpha: dise\u00f1o innovador, sonido envolvente y luces LED integradas. Con\u00e9ctalo v\u00eda Bluetooth y dejate llevar","robots":{"index":"index","follow":"follow","max-snippet":"max-snippet:-1","max-image-preview":"max-image-preview:large","max-video-preview":"max-video-preview:-1"},"canonical":"https:\/\/www.teleclub.com.py\/index.php\/product\/parlante-bluetooth-astronauta-c-luc-led\/","og_locale":"es_ES","og_type":"article","og_title":"PARLANTE BLUETOOTH ASTRONAUTA C\/LUC LED - Teleclub","og_description":"Descubre el Parlante BT Astronauta con Luces Alpha: dise\u00f1o innovador, sonido envolvente y luces LED integradas. Con\u00e9ctalo v\u00eda Bluetooth y dejate llevar","og_url":"https:\/\/www.teleclub.com.py\/index.php\/product\/parlante-bluetooth-astronauta-c-luc-led\/","og_site_name":"Teleclub","article_publisher":"https:\/\/www.facebook.com\/teleclubpy","og_image":[{"width":225,"height":224,"url":"https:\/\/www.teleclub.com.py\/wp-content\/uploads\/2025\/05\/ASTRO-1.jpg","type":"image\/jpeg"}],"twitter_card":"summary_large_image","twitter_misc":{"Tiempo de lectura":"1 minuto"},"schema":{"@context":"https:\/\/schema.org","@graph":[{"@type":"WebPage","@id":"https:\/\/www.teleclub.com.py\/index.php\/product\/parlante-bluetooth-astronauta-c-luc-led\/","url":"https:\/\/www.teleclub.com.py\/index.php\/product\/parlante-bluetooth-astronauta-c-luc-led\/","name":"PARLANTE BLUETOOTH ASTRONAUTA C\/LUC LED - Teleclub","isPartOf":{"@id":"https:\/\/www.teleclub.com.py\/#website"},"primaryImageOfPage":{"@id":"https:\/\/www.teleclub.com.py\/index.php\/product\/parlante-bluetooth-astronauta-c-luc-led\/#primaryimage"},"image":{"@id":"https:\/\/www.teleclub.com.py\/index.php\/product\/parlante-bluetooth-astronauta-c-luc-led\/#primaryimage"},"thumbnailUrl":"https:\/\/www.teleclub.com.py\/wp-content\/uploads\/2025\/05\/ASTRO-1.jpg","datePublished":"2025-05-10T15:08:49+00:00","dateModified":"2025-05-10T15:08:49+00:00","description":"Descubre el Parlante BT Astronauta con Luces Alpha: dise\u00f1o innovador, sonido envolvente y luces LED integradas. Con\u00e9ctalo v\u00eda Bluetooth y dejate llevar","breadcrumb":{"@id":"https:\/\/www.teleclub.com.py\/index.php\/product\/parlante-bluetooth-astronauta-c-luc-led\/#breadcrumb"},"inLanguage":"es","potentialAction":[{"@type":"ReadAction","target":["https:\/\/www.teleclub.com.py\/index.php\/product\/parlante-bluetooth-astronauta-c-luc-led\/"]}]},{"@type":"ImageObject","inLanguage":"es","@id":"https:\/\/www.teleclub.com.py\/index.php\/product\/parlante-bluetooth-astronauta-c-luc-led\/#primaryimage","url":"https:\/\/www.teleclub.com.py\/wp-content\/uploads\/2025\/05\/ASTRO-1.jpg","contentUrl":"https:\/\/www.teleclub.com.py\/wp-content\/uploads\/2025\/05\/ASTRO-1.jpg","width":225,"height":224},{"@type":"BreadcrumbList","@id":"https:\/\/www.teleclub.com.py\/index.php\/product\/parlante-bluetooth-astronauta-c-luc-led\/#breadcrumb","itemListElement":[{"@type":"ListItem","position":1,"name":"Portada","item":"https:\/\/www.teleclub.com.py\/"},{"@type":"ListItem","position":2,"name":"Shop","item":"https:\/\/www.teleclub.com.py\/index.php\/shop-2\/"},{"@type":"ListItem","position":3,"name":"PARLANTE BLUETOOTH ASTRONAUTA C\/LUC LED"}]},{"@type":"WebSite","@id":"https:\/\/www.teleclub.com.py\/#website","url":"https:\/\/www.teleclub.com.py\/","name":"Teleclub","description":"Tu tienda online","publisher":{"@id":"https:\/\/www.teleclub.com.py\/#organization"},"potentialAction":[{"@type":"SearchAction","target":{"@type":"EntryPoint","urlTemplate":"https:\/\/www.teleclub.com.py\/?s={search_term_string}"},"query-input":{"@type":"PropertyValueSpecification","valueRequired":true,"valueName":"search_term_string"}}],"inLanguage":"es"},{"@type":"Organization","@id":"https:\/\/www.teleclub.com.py\/#organization","name":"Teleclub","url":"https:\/\/www.teleclub.com.py\/","logo":{"@type":"ImageObject","inLanguage":"es","@id":"https:\/\/www.teleclub.com.py\/#\/schema\/logo\/image\/","url":"https:\/\/www.teleclub.com.py\/wp-content\/uploads\/2024\/09\/1611317346760_TeleClub_logo_FondoBlanco-2.jpg","contentUrl":"https:\/\/www.teleclub.com.py\/wp-content\/uploads\/2024\/09\/1611317346760_TeleClub_logo_FondoBlanco-2.jpg","width":1600,"height":1600,"caption":"Teleclub"},"image":{"@id":"https:\/\/www.teleclub.com.py\/#\/schema\/logo\/image\/"},"sameAs":["https:\/\/www.facebook.com\/teleclubpy","https:\/\/www.instagram.com\/teleclubpy"]}]}},"_links":{"self":[{"href":"https:\/\/www.teleclub.com.py\/index.php\/wp-json\/wp\/v2\/product\/12804","targetHints":{"allow":["GET"]}}],"collection":[{"href":"https:\/\/www.teleclub.com.py\/index.php\/wp-json\/wp\/v2\/product"}],"about":[{"href":"https:\/\/www.teleclub.com.py\/index.php\/wp-json\/wp\/v2\/types\/product"}],"wp:featuredmedia":[{"embeddable":true,"href":"https:\/\/www.teleclub.com.py\/index.php\/wp-json\/wp\/v2\/media\/12807"}],"wp:attachment":[{"href":"https:\/\/www.teleclub.com.py\/index.php\/wp-json\/wp\/v2\/media?parent=12804"}],"wp:term":[{"taxonomy":"product_cat","embeddable":true,"href":"https:\/\/www.teleclub.com.py\/index.php\/wp-json\/wp\/v2\/product_cat?post=12804"},{"taxonomy":"product_tag","embeddable":true,"href":"https:\/\/www.teleclub.com.py\/index.php\/wp-json\/wp\/v2\/product_tag?post=12804"}],"curies":[{"name":"wp","href":"https:\/\/api.w.org\/{rel}","templated":true}]}}