{"id":12791,"date":"2025-05-10T12:13:19","date_gmt":"2025-05-10T15:13:19","guid":{"rendered":"https:\/\/www.teleclub.com.py\/?post_type=product&#038;p=12791"},"modified":"2025-05-10T12:13:19","modified_gmt":"2025-05-10T15:13:19","slug":"havit-parlante-usb-sk210-mini","status":"publish","type":"product","link":"https:\/\/www.teleclub.com.py\/index.php\/product\/havit-parlante-usb-sk210-mini\/","title":{"rendered":"HAVIT PARLANTE USB SK210 MINI"},"content":{"rendered":"<p class=\"\" data-start=\"315\" data-end=\"467\"><span class=\"relative -mx-px my-[-0.2rem] rounded px-px py-[0.2rem] transition-colors duration-100 ease-in-out\">El <strong data-start=\"3\" data-end=\"18\">Havit SK210<\/strong> es un sistema de altavoces est\u00e9reo 2.0 dise\u00f1ado para ofrecer una experiencia de audio envolvente en un formato compacto.<\/span> <span class=\"relative -mx-px my-[-0.2rem] rounded px-px py-[0.2rem] transition-colors duration-100 ease-in-out\">Con una potencia total de 6W RMS (3W por canal), estos altavoces proporcionan un sonido claro y potente, ideal para juegos, m\u00fasica y pel\u00edculas.<\/span> <span class=\"relative -mx-px my-[-0.2rem] rounded px-px py-[0.2rem] transition-colors duration-100 ease-in-out\">Su dise\u00f1o moderno con iluminaci\u00f3n RGB din\u00e1mica a\u00f1ade un toque est\u00e9tico atractivo a cualquier configuraci\u00f3n de escritorio.<\/span><\/p>\n","protected":false},"excerpt":{"rendered":"<ul>\n<li class=\"\" data-start=\"617\" data-end=\"681\">\n<p class=\"\" data-start=\"619\" data-end=\"681\"><strong data-start=\"619\" data-end=\"640\">Tipo de altavoces<\/strong>: <span class=\"relative -mx-px my-[-0.2rem] rounded px-px py-[0.2rem] transition-colors duration-100 ease-in-out\">Est\u00e9reo 2.0<\/span><\/p>\n<\/li>\n<li class=\"\" data-start=\"682\" data-end=\"747\">\n<p class=\"\" data-start=\"684\" data-end=\"747\"><strong data-start=\"684\" data-end=\"706\">Potencia de salida<\/strong>: <span class=\"relative -mx-px my-[-0.2rem] rounded px-px py-[0.2rem] transition-colors duration-100 ease-in-out\">6W RMS (3W x 2)<\/span><\/p>\n<\/li>\n<li class=\"\" data-start=\"748\" data-end=\"807\">\n<p class=\"\" data-start=\"750\" data-end=\"807\"><strong data-start=\"750\" data-end=\"766\">Conectividad<\/strong>: <span class=\"relative -mx-px my-[-0.2rem] rounded px-px py-[0.2rem] transition-colors duration-100 ease-in-out\">USB para alimentaci\u00f3n y conector de 3.5mm para audio<\/span><\/p>\n<\/li>\n<li class=\"\" data-start=\"808\" data-end=\"878\">\n<p class=\"\" data-start=\"810\" data-end=\"878\"><strong data-start=\"810\" data-end=\"837\">Frecuencia de respuesta<\/strong>: <span class=\"relative -mx-px my-[-0.2rem] rounded px-px py-[0.2rem] transition-colors duration-100 ease-in-out\">200Hz \u2013 18kHz<\/span><\/p>\n<\/li>\n<li class=\"\" data-start=\"879\" data-end=\"899\">\n<p class=\"\" data-start=\"881\" data-end=\"899\"><strong data-start=\"881\" data-end=\"895\">Impedancia<\/strong>: 4\u03a9<\/p>\n<\/li>\n<li class=\"\" data-start=\"900\" data-end=\"959\">\n<p class=\"\" data-start=\"902\" data-end=\"959\"><strong data-start=\"902\" data-end=\"918\">Sensibilidad<\/strong>: <span class=\"relative -mx-px my-[-0.2rem] rounded px-px py-[0.2rem] transition-colors duration-100 ease-in-out\">70 dB\/mW<\/span><\/p>\n<\/li>\n<li class=\"\" data-start=\"960\" data-end=\"1018\">\n<p class=\"\" data-start=\"962\" data-end=\"1018\"><strong data-start=\"962\" data-end=\"977\">Dimensiones<\/strong>: <span class=\"relative -mx-px my-[-0.2rem] rounded px-px py-[0.2rem] transition-colors duration-100 ease-in-out\">65 x 65 x 95 mm<\/span><\/p>\n<\/li>\n<li class=\"\" data-start=\"1019\" data-end=\"1070\">\n<p class=\"\" data-start=\"1021\" data-end=\"1070\"><strong data-start=\"1021\" data-end=\"1029\">Peso<\/strong>: <span class=\"relative -mx-px my-[-0.2rem] rounded px-px py-[0.2rem] transition-colors duration-100 ease-in-out\">0.31 kg<\/span><\/p>\n<\/li>\n<li class=\"\" data-start=\"1071\" data-end=\"1129\">\n<p class=\"\" data-start=\"1073\" data-end=\"1129\"><strong data-start=\"1073\" data-end=\"1088\">Iluminaci\u00f3n<\/strong>: <span class=\"relative -mx-px my-[-0.2rem] rounded px-px py-[0.2rem] transition-colors duration-100 ease-in-out\">RGB din\u00e1mica<\/span><\/p>\n<\/li>\n<li class=\"\" data-start=\"1130\" data-end=\"1191\">\n<p class=\"\" data-start=\"1132\" data-end=\"1191\"><strong data-start=\"1132\" data-end=\"1150\">Compatibilidad<\/strong>: <span class=\"relative -mx-px my-[-0.2rem] rounded px-px py-[0.2rem] transition-colors duration-100 ease-in-out\">Dispositivos con salida de audio de 3.5mm<\/span><\/p>\n<\/li>\n<\/ul>\n","protected":false},"featured_media":12792,"template":"","meta":{"om_disable_all_campaigns":false},"product_cat":[255,254,273,302],"product_tag":[],"class_list":{"0":"post-12791","1":"product","2":"type-product","3":"status-publish","4":"has-post-thumbnail","6":"product_cat-audio-electronica","7":"product_cat-electronica","8":"product_cat-parlantes","9":"product_cat-promo-del-mes","11":"first","12":"instock","13":"shipping-taxable","14":"purchasable","15":"product-type-simple"},"yoast_head":"<!-- This site is optimized with the Yoast SEO plugin v23.6 - https:\/\/yoast.com\/wordpress\/plugins\/seo\/ -->\n<title>HAVIT PARLANTE USB SK210 MINI - Teleclub<\/title>\n<meta name=\"description\" content=\"Altavoces Havit SK210 2.0 con 6W RMS, iluminaci\u00f3n RGB y dise\u00f1o compacto. Sonido claro y potente para juegos, m\u00fasica y pel\u00edculas.\" \/>\n<meta name=\"robots\" content=\"index, follow, max-snippet:-1, max-image-preview:large, max-video-preview:-1\" \/>\n<link rel=\"canonical\" href=\"https:\/\/www.teleclub.com.py\/index.php\/product\/havit-parlante-usb-sk210-mini\/\" \/>\n<meta property=\"og:locale\" content=\"es_ES\" \/>\n<meta property=\"og:type\" content=\"article\" \/>\n<meta property=\"og:title\" content=\"HAVIT PARLANTE USB SK210 MINI - Teleclub\" \/>\n<meta property=\"og:description\" content=\"Altavoces Havit SK210 2.0 con 6W RMS, iluminaci\u00f3n RGB y dise\u00f1o compacto. Sonido claro y potente para juegos, m\u00fasica y pel\u00edculas.\" \/>\n<meta property=\"og:url\" content=\"https:\/\/www.teleclub.com.py\/index.php\/product\/havit-parlante-usb-sk210-mini\/\" \/>\n<meta property=\"og:site_name\" content=\"Teleclub\" \/>\n<meta property=\"article:publisher\" content=\"https:\/\/www.facebook.com\/teleclubpy\" \/>\n<meta property=\"og:image\" content=\"https:\/\/www.teleclub.com.py\/wp-content\/uploads\/2025\/05\/SK210.webp\" \/>\n\t<meta property=\"og:image:width\" content=\"494\" \/>\n\t<meta property=\"og:image:height\" content=\"500\" \/>\n\t<meta property=\"og:image:type\" content=\"image\/webp\" \/>\n<meta name=\"twitter:card\" content=\"summary_large_image\" \/>\n<meta name=\"twitter:label1\" content=\"Tiempo de lectura\" \/>\n\t<meta name=\"twitter:data1\" content=\"1 minuto\" \/>\n<script type=\"application\/ld+json\" class=\"yoast-schema-graph\">{\"@context\":\"https:\/\/schema.org\",\"@graph\":[{\"@type\":\"WebPage\",\"@id\":\"https:\/\/www.teleclub.com.py\/index.php\/product\/havit-parlante-usb-sk210-mini\/\",\"url\":\"https:\/\/www.teleclub.com.py\/index.php\/product\/havit-parlante-usb-sk210-mini\/\",\"name\":\"HAVIT PARLANTE USB SK210 MINI - Teleclub\",\"isPartOf\":{\"@id\":\"https:\/\/www.teleclub.com.py\/#website\"},\"primaryImageOfPage\":{\"@id\":\"https:\/\/www.teleclub.com.py\/index.php\/product\/havit-parlante-usb-sk210-mini\/#primaryimage\"},\"image\":{\"@id\":\"https:\/\/www.teleclub.com.py\/index.php\/product\/havit-parlante-usb-sk210-mini\/#primaryimage\"},\"thumbnailUrl\":\"https:\/\/www.teleclub.com.py\/wp-content\/uploads\/2025\/05\/SK210.webp\",\"datePublished\":\"2025-05-10T15:13:19+00:00\",\"dateModified\":\"2025-05-10T15:13:19+00:00\",\"description\":\"Altavoces Havit SK210 2.0 con 6W RMS, iluminaci\u00f3n RGB y dise\u00f1o compacto. Sonido claro y potente para juegos, m\u00fasica y pel\u00edculas.\",\"breadcrumb\":{\"@id\":\"https:\/\/www.teleclub.com.py\/index.php\/product\/havit-parlante-usb-sk210-mini\/#breadcrumb\"},\"inLanguage\":\"es\",\"potentialAction\":[{\"@type\":\"ReadAction\",\"target\":[\"https:\/\/www.teleclub.com.py\/index.php\/product\/havit-parlante-usb-sk210-mini\/\"]}]},{\"@type\":\"ImageObject\",\"inLanguage\":\"es\",\"@id\":\"https:\/\/www.teleclub.com.py\/index.php\/product\/havit-parlante-usb-sk210-mini\/#primaryimage\",\"url\":\"https:\/\/www.teleclub.com.py\/wp-content\/uploads\/2025\/05\/SK210.webp\",\"contentUrl\":\"https:\/\/www.teleclub.com.py\/wp-content\/uploads\/2025\/05\/SK210.webp\",\"width\":494,\"height\":500},{\"@type\":\"BreadcrumbList\",\"@id\":\"https:\/\/www.teleclub.com.py\/index.php\/product\/havit-parlante-usb-sk210-mini\/#breadcrumb\",\"itemListElement\":[{\"@type\":\"ListItem\",\"position\":1,\"name\":\"Portada\",\"item\":\"https:\/\/www.teleclub.com.py\/\"},{\"@type\":\"ListItem\",\"position\":2,\"name\":\"Shop\",\"item\":\"https:\/\/www.teleclub.com.py\/index.php\/shop-2\/\"},{\"@type\":\"ListItem\",\"position\":3,\"name\":\"HAVIT PARLANTE USB SK210 MINI\"}]},{\"@type\":\"WebSite\",\"@id\":\"https:\/\/www.teleclub.com.py\/#website\",\"url\":\"https:\/\/www.teleclub.com.py\/\",\"name\":\"Teleclub\",\"description\":\"Tu tienda online\",\"publisher\":{\"@id\":\"https:\/\/www.teleclub.com.py\/#organization\"},\"potentialAction\":[{\"@type\":\"SearchAction\",\"target\":{\"@type\":\"EntryPoint\",\"urlTemplate\":\"https:\/\/www.teleclub.com.py\/?s={search_term_string}\"},\"query-input\":{\"@type\":\"PropertyValueSpecification\",\"valueRequired\":true,\"valueName\":\"search_term_string\"}}],\"inLanguage\":\"es\"},{\"@type\":\"Organization\",\"@id\":\"https:\/\/www.teleclub.com.py\/#organization\",\"name\":\"Teleclub\",\"url\":\"https:\/\/www.teleclub.com.py\/\",\"logo\":{\"@type\":\"ImageObject\",\"inLanguage\":\"es\",\"@id\":\"https:\/\/www.teleclub.com.py\/#\/schema\/logo\/image\/\",\"url\":\"https:\/\/www.teleclub.com.py\/wp-content\/uploads\/2024\/09\/1611317346760_TeleClub_logo_FondoBlanco-2.jpg\",\"contentUrl\":\"https:\/\/www.teleclub.com.py\/wp-content\/uploads\/2024\/09\/1611317346760_TeleClub_logo_FondoBlanco-2.jpg\",\"width\":1600,\"height\":1600,\"caption\":\"Teleclub\"},\"image\":{\"@id\":\"https:\/\/www.teleclub.com.py\/#\/schema\/logo\/image\/\"},\"sameAs\":[\"https:\/\/www.facebook.com\/teleclubpy\",\"https:\/\/www.instagram.com\/teleclubpy\"]}]}<\/script>\n<!-- \/ Yoast SEO plugin. -->","yoast_head_json":{"title":"HAVIT PARLANTE USB SK210 MINI - Teleclub","description":"Altavoces Havit SK210 2.0 con 6W RMS, iluminaci\u00f3n RGB y dise\u00f1o compacto. Sonido claro y potente para juegos, m\u00fasica y pel\u00edculas.","robots":{"index":"index","follow":"follow","max-snippet":"max-snippet:-1","max-image-preview":"max-image-preview:large","max-video-preview":"max-video-preview:-1"},"canonical":"https:\/\/www.teleclub.com.py\/index.php\/product\/havit-parlante-usb-sk210-mini\/","og_locale":"es_ES","og_type":"article","og_title":"HAVIT PARLANTE USB SK210 MINI - Teleclub","og_description":"Altavoces Havit SK210 2.0 con 6W RMS, iluminaci\u00f3n RGB y dise\u00f1o compacto. Sonido claro y potente para juegos, m\u00fasica y pel\u00edculas.","og_url":"https:\/\/www.teleclub.com.py\/index.php\/product\/havit-parlante-usb-sk210-mini\/","og_site_name":"Teleclub","article_publisher":"https:\/\/www.facebook.com\/teleclubpy","og_image":[{"width":494,"height":500,"url":"https:\/\/www.teleclub.com.py\/wp-content\/uploads\/2025\/05\/SK210.webp","type":"image\/webp"}],"twitter_card":"summary_large_image","twitter_misc":{"Tiempo de lectura":"1 minuto"},"schema":{"@context":"https:\/\/schema.org","@graph":[{"@type":"WebPage","@id":"https:\/\/www.teleclub.com.py\/index.php\/product\/havit-parlante-usb-sk210-mini\/","url":"https:\/\/www.teleclub.com.py\/index.php\/product\/havit-parlante-usb-sk210-mini\/","name":"HAVIT PARLANTE USB SK210 MINI - Teleclub","isPartOf":{"@id":"https:\/\/www.teleclub.com.py\/#website"},"primaryImageOfPage":{"@id":"https:\/\/www.teleclub.com.py\/index.php\/product\/havit-parlante-usb-sk210-mini\/#primaryimage"},"image":{"@id":"https:\/\/www.teleclub.com.py\/index.php\/product\/havit-parlante-usb-sk210-mini\/#primaryimage"},"thumbnailUrl":"https:\/\/www.teleclub.com.py\/wp-content\/uploads\/2025\/05\/SK210.webp","datePublished":"2025-05-10T15:13:19+00:00","dateModified":"2025-05-10T15:13:19+00:00","description":"Altavoces Havit SK210 2.0 con 6W RMS, iluminaci\u00f3n RGB y dise\u00f1o compacto. Sonido claro y potente para juegos, m\u00fasica y pel\u00edculas.","breadcrumb":{"@id":"https:\/\/www.teleclub.com.py\/index.php\/product\/havit-parlante-usb-sk210-mini\/#breadcrumb"},"inLanguage":"es","potentialAction":[{"@type":"ReadAction","target":["https:\/\/www.teleclub.com.py\/index.php\/product\/havit-parlante-usb-sk210-mini\/"]}]},{"@type":"ImageObject","inLanguage":"es","@id":"https:\/\/www.teleclub.com.py\/index.php\/product\/havit-parlante-usb-sk210-mini\/#primaryimage","url":"https:\/\/www.teleclub.com.py\/wp-content\/uploads\/2025\/05\/SK210.webp","contentUrl":"https:\/\/www.teleclub.com.py\/wp-content\/uploads\/2025\/05\/SK210.webp","width":494,"height":500},{"@type":"BreadcrumbList","@id":"https:\/\/www.teleclub.com.py\/index.php\/product\/havit-parlante-usb-sk210-mini\/#breadcrumb","itemListElement":[{"@type":"ListItem","position":1,"name":"Portada","item":"https:\/\/www.teleclub.com.py\/"},{"@type":"ListItem","position":2,"name":"Shop","item":"https:\/\/www.teleclub.com.py\/index.php\/shop-2\/"},{"@type":"ListItem","position":3,"name":"HAVIT PARLANTE USB SK210 MINI"}]},{"@type":"WebSite","@id":"https:\/\/www.teleclub.com.py\/#website","url":"https:\/\/www.teleclub.com.py\/","name":"Teleclub","description":"Tu tienda online","publisher":{"@id":"https:\/\/www.teleclub.com.py\/#organization"},"potentialAction":[{"@type":"SearchAction","target":{"@type":"EntryPoint","urlTemplate":"https:\/\/www.teleclub.com.py\/?s={search_term_string}"},"query-input":{"@type":"PropertyValueSpecification","valueRequired":true,"valueName":"search_term_string"}}],"inLanguage":"es"},{"@type":"Organization","@id":"https:\/\/www.teleclub.com.py\/#organization","name":"Teleclub","url":"https:\/\/www.teleclub.com.py\/","logo":{"@type":"ImageObject","inLanguage":"es","@id":"https:\/\/www.teleclub.com.py\/#\/schema\/logo\/image\/","url":"https:\/\/www.teleclub.com.py\/wp-content\/uploads\/2024\/09\/1611317346760_TeleClub_logo_FondoBlanco-2.jpg","contentUrl":"https:\/\/www.teleclub.com.py\/wp-content\/uploads\/2024\/09\/1611317346760_TeleClub_logo_FondoBlanco-2.jpg","width":1600,"height":1600,"caption":"Teleclub"},"image":{"@id":"https:\/\/www.teleclub.com.py\/#\/schema\/logo\/image\/"},"sameAs":["https:\/\/www.facebook.com\/teleclubpy","https:\/\/www.instagram.com\/teleclubpy"]}]}},"_links":{"self":[{"href":"https:\/\/www.teleclub.com.py\/index.php\/wp-json\/wp\/v2\/product\/12791","targetHints":{"allow":["GET"]}}],"collection":[{"href":"https:\/\/www.teleclub.com.py\/index.php\/wp-json\/wp\/v2\/product"}],"about":[{"href":"https:\/\/www.teleclub.com.py\/index.php\/wp-json\/wp\/v2\/types\/product"}],"wp:featuredmedia":[{"embeddable":true,"href":"https:\/\/www.teleclub.com.py\/index.php\/wp-json\/wp\/v2\/media\/12792"}],"wp:attachment":[{"href":"https:\/\/www.teleclub.com.py\/index.php\/wp-json\/wp\/v2\/media?parent=12791"}],"wp:term":[{"taxonomy":"product_cat","embeddable":true,"href":"https:\/\/www.teleclub.com.py\/index.php\/wp-json\/wp\/v2\/product_cat?post=12791"},{"taxonomy":"product_tag","embeddable":true,"href":"https:\/\/www.teleclub.com.py\/index.php\/wp-json\/wp\/v2\/product_tag?post=12791"}],"curies":[{"name":"wp","href":"https:\/\/api.w.org\/{rel}","templated":true}]}}