{"id":12784,"date":"2025-05-10T12:13:26","date_gmt":"2025-05-10T15:13:26","guid":{"rendered":"https:\/\/www.teleclub.com.py\/?post_type=product&#038;p=12784"},"modified":"2025-05-10T12:13:26","modified_gmt":"2025-05-10T15:13:26","slug":"havit-teclado-usb-kb2006-sp","status":"publish","type":"product","link":"https:\/\/www.teleclub.com.py\/index.php\/product\/havit-teclado-usb-kb2006-sp\/","title":{"rendered":"HAVIT TECLADO USB KB2006-SP"},"content":{"rendered":"<p><span class=\"relative -mx-px my-[-0.2rem] rounded px-px py-[0.2rem] transition-colors duration-100 ease-in-out\">El <strong data-start=\"3\" data-end=\"21\">Havit KB2006sp<\/strong> es un teclado de membrana con conexi\u00f3n USB, dise\u00f1ado para ofrecer una experiencia de escritura c\u00f3moda y eficiente.<\/span> <span class=\"relative -mx-px my-[-0.2rem] rounded px-px py-[0.2rem] transition-colors duration-100 ease-in-out\">Con un dise\u00f1o resistente a salpicaduras y teclas de perfil bajo, este teclado es ideal para entornos de oficina y uso dom\u00e9stico.<\/span> <span class=\"relative -mx-px my-[-0.2rem] rounded px-px py-[0.2rem] transition-colors duration-100 ease-in-out\">Su distribuci\u00f3n en espa\u00f1ol y teclas de acceso r\u00e1pido a funciones multimedia facilitan la productividad diaria.<\/span><\/p>\n","protected":false},"excerpt":{"rendered":"<ul>\n<li class=\"\" data-start=\"652\" data-end=\"714\">\n<p class=\"\" data-start=\"654\" data-end=\"714\"><strong data-start=\"654\" data-end=\"673\">Tipo de teclado<\/strong>: <span class=\"relative -mx-px my-[-0.2rem] rounded px-px py-[0.2rem] transition-colors duration-100 ease-in-out\">Membrana.<\/span><\/p>\n<\/li>\n<li class=\"\" data-start=\"715\" data-end=\"774\">\n<p class=\"\" data-start=\"717\" data-end=\"774\"><strong data-start=\"717\" data-end=\"733\">Distribuci\u00f3n<\/strong>: <span class=\"relative -mx-px my-[-0.2rem] rounded px-px py-[0.2rem] transition-colors duration-100 ease-in-out\">Espa\u00f1ol (QWERTY).<\/span><\/p>\n<\/li>\n<li class=\"\" data-start=\"775\" data-end=\"803\">\n<p class=\"\" data-start=\"777\" data-end=\"803\"><strong data-start=\"777\" data-end=\"797\">N\u00famero de teclas<\/strong>: 104.<\/p>\n<\/li>\n<li class=\"\" data-start=\"804\" data-end=\"863\">\n<p class=\"\" data-start=\"806\" data-end=\"863\"><strong data-start=\"806\" data-end=\"822\">Conectividad<\/strong>: <span class=\"relative -mx-px my-[-0.2rem] rounded px-px py-[0.2rem] transition-colors duration-100 ease-in-out\">USB-A.<\/span><\/p>\n<\/li>\n<li class=\"\" data-start=\"864\" data-end=\"929\">\n<p class=\"\" data-start=\"866\" data-end=\"929\"><strong data-start=\"866\" data-end=\"888\">Longitud del cable<\/strong>: <span class=\"relative -mx-px my-[-0.2rem] rounded px-px py-[0.2rem] transition-colors duration-100 ease-in-out\">1.3 metros.<\/span><\/p>\n<\/li>\n<li class=\"\" data-start=\"930\" data-end=\"988\">\n<p class=\"\" data-start=\"932\" data-end=\"988\"><strong data-start=\"932\" data-end=\"947\">Dimensiones<\/strong>: <span class=\"relative -mx-px my-[-0.2rem] rounded px-px py-[0.2rem] transition-colors duration-100 ease-in-out\">44.4 cm (ancho) x 13.85 cm (profundidad) x 2.2 cm (alto).<\/span><\/p>\n<\/li>\n<li class=\"\" data-start=\"989\" data-end=\"1047\">\n<p class=\"\" data-start=\"991\" data-end=\"1047\"><strong data-start=\"991\" data-end=\"1006\">Resistencia<\/strong>: <span class=\"relative -mx-px my-[-0.2rem] rounded px-px py-[0.2rem] transition-colors duration-100 ease-in-out\">Dise\u00f1o resistente a salpicaduras.<\/span><\/p>\n<\/li>\n<li class=\"\" data-start=\"1048\" data-end=\"1118\">\n<p class=\"\" data-start=\"1050\" data-end=\"1118\"><strong data-start=\"1050\" data-end=\"1077\">Vida \u00fatil de las teclas<\/strong>: <span class=\"relative -mx-px my-[-0.2rem] rounded px-px py-[0.2rem] transition-colors duration-100 ease-in-out\">Hasta 5 millones de pulsaciones.<\/span><\/p>\n<\/li>\n<li class=\"\" data-start=\"1119\" data-end=\"1171\">\n<p class=\"\" data-start=\"1121\" data-end=\"1171\"><strong data-start=\"1121\" data-end=\"1130\">Color<\/strong>: <span class=\"relative -mx-px my-[-0.2rem] rounded px-px py-[0.2rem] transition-colors duration-100 ease-in-out\">Negro.<\/span><\/p>\n<\/li>\n<li class=\"\" data-start=\"1172\" data-end=\"1272\">\n<p class=\"\" data-start=\"1174\" data-end=\"1272\"><strong data-start=\"1174\" data-end=\"1192\">Compatibilidad<\/strong>: <span class=\"relative -mx-px my-[-0.2rem] rounded px-px py-[0.2rem] transition-colors duration-100 ease-in-out\">Windows y otros sistemas operativos con soporte para teclados USB.<\/span><\/p>\n<\/li>\n<\/ul>\n","protected":false},"featured_media":12785,"template":"","meta":{"om_disable_all_campaigns":false},"product_cat":[349,302],"product_tag":[],"class_list":{"0":"post-12784","1":"product","2":"type-product","3":"status-publish","4":"has-post-thumbnail","6":"product_cat-informatica","7":"product_cat-promo-del-mes","9":"first","10":"instock","11":"shipping-taxable","12":"purchasable","13":"product-type-simple"},"yoast_head":"<!-- This site is optimized with the Yoast SEO plugin v23.6 - https:\/\/yoast.com\/wordpress\/plugins\/seo\/ -->\n<title>HAVIT TECLADO USB KB2006-SP - Teleclub<\/title>\n<meta name=\"description\" content=\"Teclado Havit KB2006sp con conexi\u00f3n USB, resistente a salpicaduras y distribuci\u00f3n en espa\u00f1ol. Ideal para oficina y hogar.\" \/>\n<meta name=\"robots\" content=\"index, follow, max-snippet:-1, max-image-preview:large, max-video-preview:-1\" \/>\n<link rel=\"canonical\" href=\"https:\/\/www.teleclub.com.py\/index.php\/product\/havit-teclado-usb-kb2006-sp\/\" \/>\n<meta property=\"og:locale\" content=\"es_ES\" \/>\n<meta property=\"og:type\" content=\"article\" \/>\n<meta property=\"og:title\" content=\"HAVIT TECLADO USB KB2006-SP - Teleclub\" \/>\n<meta property=\"og:description\" content=\"Teclado Havit KB2006sp con conexi\u00f3n USB, resistente a salpicaduras y distribuci\u00f3n en espa\u00f1ol. Ideal para oficina y hogar.\" \/>\n<meta property=\"og:url\" content=\"https:\/\/www.teleclub.com.py\/index.php\/product\/havit-teclado-usb-kb2006-sp\/\" \/>\n<meta property=\"og:site_name\" content=\"Teleclub\" \/>\n<meta property=\"article:publisher\" content=\"https:\/\/www.facebook.com\/teleclubpy\" \/>\n<meta property=\"og:image\" content=\"https:\/\/www.teleclub.com.py\/wp-content\/uploads\/2025\/05\/KB2006-sp.webp\" \/>\n\t<meta property=\"og:image:width\" content=\"700\" \/>\n\t<meta property=\"og:image:height\" content=\"700\" \/>\n\t<meta property=\"og:image:type\" content=\"image\/webp\" \/>\n<meta name=\"twitter:card\" content=\"summary_large_image\" \/>\n<meta name=\"twitter:label1\" content=\"Tiempo de lectura\" \/>\n\t<meta name=\"twitter:data1\" content=\"1 minuto\" \/>\n<script type=\"application\/ld+json\" class=\"yoast-schema-graph\">{\"@context\":\"https:\/\/schema.org\",\"@graph\":[{\"@type\":\"WebPage\",\"@id\":\"https:\/\/www.teleclub.com.py\/index.php\/product\/havit-teclado-usb-kb2006-sp\/\",\"url\":\"https:\/\/www.teleclub.com.py\/index.php\/product\/havit-teclado-usb-kb2006-sp\/\",\"name\":\"HAVIT TECLADO USB KB2006-SP - Teleclub\",\"isPartOf\":{\"@id\":\"https:\/\/www.teleclub.com.py\/#website\"},\"primaryImageOfPage\":{\"@id\":\"https:\/\/www.teleclub.com.py\/index.php\/product\/havit-teclado-usb-kb2006-sp\/#primaryimage\"},\"image\":{\"@id\":\"https:\/\/www.teleclub.com.py\/index.php\/product\/havit-teclado-usb-kb2006-sp\/#primaryimage\"},\"thumbnailUrl\":\"https:\/\/www.teleclub.com.py\/wp-content\/uploads\/2025\/05\/KB2006-sp.webp\",\"datePublished\":\"2025-05-10T15:13:26+00:00\",\"dateModified\":\"2025-05-10T15:13:26+00:00\",\"description\":\"Teclado Havit KB2006sp con conexi\u00f3n USB, resistente a salpicaduras y distribuci\u00f3n en espa\u00f1ol. Ideal para oficina y hogar.\",\"breadcrumb\":{\"@id\":\"https:\/\/www.teleclub.com.py\/index.php\/product\/havit-teclado-usb-kb2006-sp\/#breadcrumb\"},\"inLanguage\":\"es\",\"potentialAction\":[{\"@type\":\"ReadAction\",\"target\":[\"https:\/\/www.teleclub.com.py\/index.php\/product\/havit-teclado-usb-kb2006-sp\/\"]}]},{\"@type\":\"ImageObject\",\"inLanguage\":\"es\",\"@id\":\"https:\/\/www.teleclub.com.py\/index.php\/product\/havit-teclado-usb-kb2006-sp\/#primaryimage\",\"url\":\"https:\/\/www.teleclub.com.py\/wp-content\/uploads\/2025\/05\/KB2006-sp.webp\",\"contentUrl\":\"https:\/\/www.teleclub.com.py\/wp-content\/uploads\/2025\/05\/KB2006-sp.webp\",\"width\":700,\"height\":700},{\"@type\":\"BreadcrumbList\",\"@id\":\"https:\/\/www.teleclub.com.py\/index.php\/product\/havit-teclado-usb-kb2006-sp\/#breadcrumb\",\"itemListElement\":[{\"@type\":\"ListItem\",\"position\":1,\"name\":\"Portada\",\"item\":\"https:\/\/www.teleclub.com.py\/\"},{\"@type\":\"ListItem\",\"position\":2,\"name\":\"Shop\",\"item\":\"https:\/\/www.teleclub.com.py\/index.php\/shop-2\/\"},{\"@type\":\"ListItem\",\"position\":3,\"name\":\"HAVIT TECLADO USB KB2006-SP\"}]},{\"@type\":\"WebSite\",\"@id\":\"https:\/\/www.teleclub.com.py\/#website\",\"url\":\"https:\/\/www.teleclub.com.py\/\",\"name\":\"Teleclub\",\"description\":\"Tu tienda online\",\"publisher\":{\"@id\":\"https:\/\/www.teleclub.com.py\/#organization\"},\"potentialAction\":[{\"@type\":\"SearchAction\",\"target\":{\"@type\":\"EntryPoint\",\"urlTemplate\":\"https:\/\/www.teleclub.com.py\/?s={search_term_string}\"},\"query-input\":{\"@type\":\"PropertyValueSpecification\",\"valueRequired\":true,\"valueName\":\"search_term_string\"}}],\"inLanguage\":\"es\"},{\"@type\":\"Organization\",\"@id\":\"https:\/\/www.teleclub.com.py\/#organization\",\"name\":\"Teleclub\",\"url\":\"https:\/\/www.teleclub.com.py\/\",\"logo\":{\"@type\":\"ImageObject\",\"inLanguage\":\"es\",\"@id\":\"https:\/\/www.teleclub.com.py\/#\/schema\/logo\/image\/\",\"url\":\"https:\/\/www.teleclub.com.py\/wp-content\/uploads\/2024\/09\/1611317346760_TeleClub_logo_FondoBlanco-2.jpg\",\"contentUrl\":\"https:\/\/www.teleclub.com.py\/wp-content\/uploads\/2024\/09\/1611317346760_TeleClub_logo_FondoBlanco-2.jpg\",\"width\":1600,\"height\":1600,\"caption\":\"Teleclub\"},\"image\":{\"@id\":\"https:\/\/www.teleclub.com.py\/#\/schema\/logo\/image\/\"},\"sameAs\":[\"https:\/\/www.facebook.com\/teleclubpy\",\"https:\/\/www.instagram.com\/teleclubpy\"]}]}<\/script>\n<!-- \/ Yoast SEO plugin. -->","yoast_head_json":{"title":"HAVIT TECLADO USB KB2006-SP - Teleclub","description":"Teclado Havit KB2006sp con conexi\u00f3n USB, resistente a salpicaduras y distribuci\u00f3n en espa\u00f1ol. Ideal para oficina y hogar.","robots":{"index":"index","follow":"follow","max-snippet":"max-snippet:-1","max-image-preview":"max-image-preview:large","max-video-preview":"max-video-preview:-1"},"canonical":"https:\/\/www.teleclub.com.py\/index.php\/product\/havit-teclado-usb-kb2006-sp\/","og_locale":"es_ES","og_type":"article","og_title":"HAVIT TECLADO USB KB2006-SP - Teleclub","og_description":"Teclado Havit KB2006sp con conexi\u00f3n USB, resistente a salpicaduras y distribuci\u00f3n en espa\u00f1ol. Ideal para oficina y hogar.","og_url":"https:\/\/www.teleclub.com.py\/index.php\/product\/havit-teclado-usb-kb2006-sp\/","og_site_name":"Teleclub","article_publisher":"https:\/\/www.facebook.com\/teleclubpy","og_image":[{"width":700,"height":700,"url":"https:\/\/www.teleclub.com.py\/wp-content\/uploads\/2025\/05\/KB2006-sp.webp","type":"image\/webp"}],"twitter_card":"summary_large_image","twitter_misc":{"Tiempo de lectura":"1 minuto"},"schema":{"@context":"https:\/\/schema.org","@graph":[{"@type":"WebPage","@id":"https:\/\/www.teleclub.com.py\/index.php\/product\/havit-teclado-usb-kb2006-sp\/","url":"https:\/\/www.teleclub.com.py\/index.php\/product\/havit-teclado-usb-kb2006-sp\/","name":"HAVIT TECLADO USB KB2006-SP - Teleclub","isPartOf":{"@id":"https:\/\/www.teleclub.com.py\/#website"},"primaryImageOfPage":{"@id":"https:\/\/www.teleclub.com.py\/index.php\/product\/havit-teclado-usb-kb2006-sp\/#primaryimage"},"image":{"@id":"https:\/\/www.teleclub.com.py\/index.php\/product\/havit-teclado-usb-kb2006-sp\/#primaryimage"},"thumbnailUrl":"https:\/\/www.teleclub.com.py\/wp-content\/uploads\/2025\/05\/KB2006-sp.webp","datePublished":"2025-05-10T15:13:26+00:00","dateModified":"2025-05-10T15:13:26+00:00","description":"Teclado Havit KB2006sp con conexi\u00f3n USB, resistente a salpicaduras y distribuci\u00f3n en espa\u00f1ol. Ideal para oficina y hogar.","breadcrumb":{"@id":"https:\/\/www.teleclub.com.py\/index.php\/product\/havit-teclado-usb-kb2006-sp\/#breadcrumb"},"inLanguage":"es","potentialAction":[{"@type":"ReadAction","target":["https:\/\/www.teleclub.com.py\/index.php\/product\/havit-teclado-usb-kb2006-sp\/"]}]},{"@type":"ImageObject","inLanguage":"es","@id":"https:\/\/www.teleclub.com.py\/index.php\/product\/havit-teclado-usb-kb2006-sp\/#primaryimage","url":"https:\/\/www.teleclub.com.py\/wp-content\/uploads\/2025\/05\/KB2006-sp.webp","contentUrl":"https:\/\/www.teleclub.com.py\/wp-content\/uploads\/2025\/05\/KB2006-sp.webp","width":700,"height":700},{"@type":"BreadcrumbList","@id":"https:\/\/www.teleclub.com.py\/index.php\/product\/havit-teclado-usb-kb2006-sp\/#breadcrumb","itemListElement":[{"@type":"ListItem","position":1,"name":"Portada","item":"https:\/\/www.teleclub.com.py\/"},{"@type":"ListItem","position":2,"name":"Shop","item":"https:\/\/www.teleclub.com.py\/index.php\/shop-2\/"},{"@type":"ListItem","position":3,"name":"HAVIT TECLADO USB KB2006-SP"}]},{"@type":"WebSite","@id":"https:\/\/www.teleclub.com.py\/#website","url":"https:\/\/www.teleclub.com.py\/","name":"Teleclub","description":"Tu tienda online","publisher":{"@id":"https:\/\/www.teleclub.com.py\/#organization"},"potentialAction":[{"@type":"SearchAction","target":{"@type":"EntryPoint","urlTemplate":"https:\/\/www.teleclub.com.py\/?s={search_term_string}"},"query-input":{"@type":"PropertyValueSpecification","valueRequired":true,"valueName":"search_term_string"}}],"inLanguage":"es"},{"@type":"Organization","@id":"https:\/\/www.teleclub.com.py\/#organization","name":"Teleclub","url":"https:\/\/www.teleclub.com.py\/","logo":{"@type":"ImageObject","inLanguage":"es","@id":"https:\/\/www.teleclub.com.py\/#\/schema\/logo\/image\/","url":"https:\/\/www.teleclub.com.py\/wp-content\/uploads\/2024\/09\/1611317346760_TeleClub_logo_FondoBlanco-2.jpg","contentUrl":"https:\/\/www.teleclub.com.py\/wp-content\/uploads\/2024\/09\/1611317346760_TeleClub_logo_FondoBlanco-2.jpg","width":1600,"height":1600,"caption":"Teleclub"},"image":{"@id":"https:\/\/www.teleclub.com.py\/#\/schema\/logo\/image\/"},"sameAs":["https:\/\/www.facebook.com\/teleclubpy","https:\/\/www.instagram.com\/teleclubpy"]}]}},"_links":{"self":[{"href":"https:\/\/www.teleclub.com.py\/index.php\/wp-json\/wp\/v2\/product\/12784","targetHints":{"allow":["GET"]}}],"collection":[{"href":"https:\/\/www.teleclub.com.py\/index.php\/wp-json\/wp\/v2\/product"}],"about":[{"href":"https:\/\/www.teleclub.com.py\/index.php\/wp-json\/wp\/v2\/types\/product"}],"wp:featuredmedia":[{"embeddable":true,"href":"https:\/\/www.teleclub.com.py\/index.php\/wp-json\/wp\/v2\/media\/12785"}],"wp:attachment":[{"href":"https:\/\/www.teleclub.com.py\/index.php\/wp-json\/wp\/v2\/media?parent=12784"}],"wp:term":[{"taxonomy":"product_cat","embeddable":true,"href":"https:\/\/www.teleclub.com.py\/index.php\/wp-json\/wp\/v2\/product_cat?post=12784"},{"taxonomy":"product_tag","embeddable":true,"href":"https:\/\/www.teleclub.com.py\/index.php\/wp-json\/wp\/v2\/product_tag?post=12784"}],"curies":[{"name":"wp","href":"https:\/\/api.w.org\/{rel}","templated":true}]}}