{"id":11831,"date":"2025-04-15T15:27:48","date_gmt":"2025-04-15T18:27:48","guid":{"rendered":"https:\/\/www.teleclub.com.py\/?post_type=product&#038;p=11831"},"modified":"2025-04-15T15:27:48","modified_gmt":"2025-04-15T18:27:48","slug":"apple-ipad-mini-7-a2993-8-3-wifi-128gb-2024","status":"publish","type":"product","link":"https:\/\/www.teleclub.com.py\/index.php\/product\/apple-ipad-mini-7-a2993-8-3-wifi-128gb-2024\/","title":{"rendered":"APPLE IPAD MINI 7 A2993 8.3&#8243; WIFI 128GB 2024"},"content":{"rendered":"<p class=\"\" data-start=\"447\" data-end=\"523\"><strong data-start=\"447\" data-end=\"523\">iPad mini 7 (MXN63LL\/A) \u2013 Potencia de bolsillo con el nuevo chip A17 Pro<\/strong><\/p>\n<p class=\"\" data-start=\"525\" data-end=\"923\">La nueva <strong data-start=\"534\" data-end=\"565\">iPad mini 7 de 8.3 pulgadas<\/strong> llega en 2024 con mejoras de rendimiento, conectividad y fluidez. Con su tama\u00f1o compacto y dise\u00f1o liviano, esta versi\u00f3n es perfecta para quienes necesitan portabilidad sin renunciar a potencia. Gracias al chip <strong data-start=\"776\" data-end=\"793\">Apple A17 Pro<\/strong>, el mismo que usan los iPhone 15 Pro, esta tablet es ideal para leer, tomar notas, jugar, crear y trabajar desde cualquier lugar.<\/p>\n<p class=\"\" data-start=\"925\" data-end=\"1155\">Con <strong data-start=\"929\" data-end=\"956\">128GB de almacenamiento<\/strong> y conectividad <strong data-start=\"972\" data-end=\"984\">Wi-Fi 6E<\/strong>, ofrece velocidad, capacidad y una experiencia multitarea excelente. Su color <strong data-start=\"1063\" data-end=\"1077\">Space Gray<\/strong> le da un look profesional y moderno, ideal para usuarios de todas las edades.<\/p>\n<p class=\"\" data-start=\"1157\" data-end=\"1250\">Adem\u00e1s, es compatible con el <strong data-start=\"1186\" data-end=\"1210\">Apple Pencil (USB-C)<\/strong>, ideal para dibujar, anotar o estudiar.<\/p>\n<ul>\n<li class=\"\" data-start=\"1291\" data-end=\"1316\">\n<p class=\"\" data-start=\"1293\" data-end=\"1316\"><strong data-start=\"1293\" data-end=\"1304\">Modelo:<\/strong> MXN63LL\/A<\/p>\n<\/li>\n<li class=\"\" data-start=\"1317\" data-end=\"1355\">\n<p class=\"\" data-start=\"1319\" data-end=\"1355\"><strong data-start=\"1319\" data-end=\"1334\">Generaci\u00f3n:<\/strong> iPad mini 7 (2024)<\/p>\n<\/li>\n<li class=\"\" data-start=\"1356\" data-end=\"1529\">\n<p class=\"\" data-start=\"1358\" data-end=\"1373\"><strong data-start=\"1358\" data-end=\"1371\">Pantalla:<\/strong><\/p>\n<ul data-start=\"1376\" data-end=\"1529\">\n<li class=\"\" data-start=\"1376\" data-end=\"1400\">\n<p class=\"\" data-start=\"1378\" data-end=\"1400\">Tama\u00f1o: 8.3 pulgadas<\/p>\n<\/li>\n<li class=\"\" data-start=\"1403\" data-end=\"1426\">\n<p class=\"\" data-start=\"1405\" data-end=\"1426\">Tipo: Liquid Retina<\/p>\n<\/li>\n<li class=\"\" data-start=\"1429\" data-end=\"1464\">\n<p class=\"\" data-start=\"1431\" data-end=\"1464\">Resoluci\u00f3n: 2266 x 1488 p\u00edxeles<\/p>\n<\/li>\n<li class=\"\" data-start=\"1467\" data-end=\"1493\">\n<p class=\"\" data-start=\"1469\" data-end=\"1493\">Brillo: hasta 500 nits<\/p>\n<\/li>\n<li class=\"\" data-start=\"1496\" data-end=\"1529\">\n<p class=\"\" data-start=\"1498\" data-end=\"1529\">True Tone, gama de colores P3<\/p>\n<\/li>\n<\/ul>\n<\/li>\n<li class=\"\" data-start=\"1530\" data-end=\"1629\">\n<p class=\"\" data-start=\"1532\" data-end=\"1563\"><strong data-start=\"1532\" data-end=\"1547\">Procesador:<\/strong> Apple A17 Pro<\/p>\n<ul data-start=\"1566\" data-end=\"1629\">\n<li class=\"\" data-start=\"1566\" data-end=\"1586\">\n<p class=\"\" data-start=\"1568\" data-end=\"1586\">CPU de 6 n\u00facleos<\/p>\n<\/li>\n<li class=\"\" data-start=\"1589\" data-end=\"1609\">\n<p class=\"\" data-start=\"1591\" data-end=\"1609\">GPU de 6 n\u00facleos<\/p>\n<\/li>\n<li class=\"\" data-start=\"1612\" data-end=\"1629\">\n<p class=\"\" data-start=\"1614\" data-end=\"1629\">Neural Engine<\/p>\n<\/li>\n<\/ul>\n<\/li>\n<li class=\"\" data-start=\"1630\" data-end=\"1659\">\n<p class=\"\" data-start=\"1632\" data-end=\"1659\"><strong data-start=\"1632\" data-end=\"1651\">Almacenamiento:<\/strong> 128GB<\/p>\n<\/li>\n<li class=\"\" data-start=\"1660\" data-end=\"1735\">\n<p class=\"\" data-start=\"1662\" data-end=\"1681\"><strong data-start=\"1662\" data-end=\"1679\">Conectividad:<\/strong><\/p>\n<ul data-start=\"1684\" data-end=\"1735\">\n<li class=\"\" data-start=\"1684\" data-end=\"1696\">\n<p class=\"\" data-start=\"1686\" data-end=\"1696\">Wi-Fi 6E<\/p>\n<\/li>\n<li class=\"\" data-start=\"1699\" data-end=\"1716\">\n<p class=\"\" data-start=\"1701\" data-end=\"1716\">Bluetooth 5.3<\/p>\n<\/li>\n<li class=\"\" data-start=\"1719\" data-end=\"1735\">\n<p class=\"\" data-start=\"1721\" data-end=\"1735\">Puerto USB-C<\/p>\n<\/li>\n<\/ul>\n<\/li>\n<li class=\"\" data-start=\"1736\" data-end=\"1847\">\n<p class=\"\" data-start=\"1738\" data-end=\"1752\"><strong data-start=\"1738\" data-end=\"1750\">C\u00e1maras:<\/strong><\/p>\n<ul data-start=\"1755\" data-end=\"1847\">\n<li class=\"\" data-start=\"1755\" data-end=\"1790\">\n<p class=\"\" data-start=\"1757\" data-end=\"1790\">Trasera: 12 MP con grabaci\u00f3n 4K<\/p>\n<\/li>\n<li class=\"\" data-start=\"1793\" data-end=\"1847\">\n<p class=\"\" data-start=\"1795\" data-end=\"1847\">Frontal: 12 MP ultra gran angular con Center Stage<\/p>\n<\/li>\n<\/ul>\n<\/li>\n<li class=\"\" data-start=\"1848\" data-end=\"1899\">\n<p class=\"\" data-start=\"1850\" data-end=\"1899\"><strong data-start=\"1850\" data-end=\"1860\">Audio:<\/strong> Altavoces est\u00e9reo en modo horizontal<\/p>\n<\/li>\n<li class=\"\" data-start=\"1900\" data-end=\"1961\">\n<p class=\"\" data-start=\"1902\" data-end=\"1961\"><strong data-start=\"1902\" data-end=\"1924\">Sistema operativo:<\/strong> iPadOS (\u00faltima versi\u00f3n compatible)<\/p>\n<\/li>\n<li class=\"\" data-start=\"1962\" data-end=\"2012\">\n<p class=\"\" data-start=\"1964\" data-end=\"1985\"><strong data-start=\"1964\" data-end=\"1983\">Compatibilidad:<\/strong><\/p>\n<ul data-start=\"1988\" data-end=\"2012\">\n<li class=\"\" data-start=\"1988\" data-end=\"2012\">\n<p class=\"\" data-start=\"1990\" data-end=\"2012\">Apple Pencil (USB-C)<\/p>\n<\/li>\n<\/ul>\n<\/li>\n<li class=\"\" data-start=\"2013\" data-end=\"2054\">\n<p class=\"\" data-start=\"2015\" data-end=\"2054\"><strong data-start=\"2015\" data-end=\"2025\">Color:<\/strong> Space Gray (gris espacial)<\/p>\n<\/li>\n<li class=\"\" data-start=\"2055\" data-end=\"2112\">\n<p class=\"\" data-start=\"2057\" data-end=\"2112\"><strong data-start=\"2057\" data-end=\"2069\">Bater\u00eda:<\/strong> Hasta 10 horas de navegaci\u00f3n o streaming<\/p>\n<\/li>\n<li class=\"\" data-start=\"2113\" data-end=\"2139\">\n<p class=\"\" data-start=\"2115\" data-end=\"2139\"><strong data-start=\"2115\" data-end=\"2124\">Peso:<\/strong> Aprox. 297 g<\/p>\n<\/li>\n<\/ul>\n","protected":false},"excerpt":{"rendered":"<ul>\n<li class=\"\" data-start=\"1291\" data-end=\"1316\">\n<p class=\"\" data-start=\"1293\" data-end=\"1316\"><strong data-start=\"1293\" data-end=\"1304\">Modelo:<\/strong> MXN63LL\/A<\/p>\n<\/li>\n<li class=\"\" data-start=\"1317\" data-end=\"1355\">\n<p class=\"\" data-start=\"1319\" data-end=\"1355\"><strong data-start=\"1319\" data-end=\"1334\">Generaci\u00f3n:<\/strong> iPad mini 7 (2024)<\/p>\n<\/li>\n<li class=\"\" data-start=\"1356\" data-end=\"1529\">\n<p class=\"\" data-start=\"1358\" data-end=\"1373\"><strong data-start=\"1358\" data-end=\"1371\">Pantalla:<\/strong><\/p>\n<ul data-start=\"1376\" data-end=\"1529\">\n<li class=\"\" data-start=\"1376\" data-end=\"1400\">\n<p class=\"\" data-start=\"1378\" data-end=\"1400\">Tama\u00f1o: 8.3 pulgadas<\/p>\n<\/li>\n<li class=\"\" data-start=\"1403\" data-end=\"1426\">\n<p class=\"\" data-start=\"1405\" data-end=\"1426\">Tipo: Liquid Retina<\/p>\n<\/li>\n<li class=\"\" data-start=\"1429\" data-end=\"1464\">\n<p class=\"\" data-start=\"1431\" data-end=\"1464\">Resoluci\u00f3n: 2266 x 1488 p\u00edxeles<\/p>\n<\/li>\n<li class=\"\" data-start=\"1467\" data-end=\"1493\">\n<p class=\"\" data-start=\"1469\" data-end=\"1493\">Brillo: hasta 500 nits<\/p>\n<\/li>\n<li class=\"\" data-start=\"1496\" data-end=\"1529\">\n<p class=\"\" data-start=\"1498\" data-end=\"1529\">True Tone, gama de colores P3<\/p>\n<\/li>\n<\/ul>\n<\/li>\n<li class=\"\" data-start=\"1530\" data-end=\"1629\">\n<p class=\"\" data-start=\"1532\" data-end=\"1563\"><strong data-start=\"1532\" data-end=\"1547\">Procesador:<\/strong> Apple A17 Pro<\/p>\n<ul data-start=\"1566\" data-end=\"1629\">\n<li class=\"\" data-start=\"1566\" data-end=\"1586\">\n<p class=\"\" data-start=\"1568\" data-end=\"1586\">CPU de 6 n\u00facleos<\/p>\n<\/li>\n<li class=\"\" data-start=\"1589\" data-end=\"1609\">\n<p class=\"\" data-start=\"1591\" data-end=\"1609\">GPU de 6 n\u00facleos<\/p>\n<\/li>\n<li class=\"\" data-start=\"1612\" data-end=\"1629\">\n<p class=\"\" data-start=\"1614\" data-end=\"1629\">Neural Engine<\/p>\n<\/li>\n<\/ul>\n<\/li>\n<li class=\"\" data-start=\"1630\" data-end=\"1659\">\n<p class=\"\" data-start=\"1632\" data-end=\"1659\"><strong data-start=\"1632\" data-end=\"1651\">Almacenamiento:<\/strong> 128GB<\/p>\n<\/li>\n<\/ul>\n","protected":false},"featured_media":11834,"template":"","meta":{"om_disable_all_campaigns":false},"product_cat":[406,410],"product_tag":[],"class_list":{"0":"post-11831","1":"product","2":"type-product","3":"status-publish","4":"has-post-thumbnail","6":"product_cat-apple-2","7":"product_cat-ipads","9":"first","10":"instock","11":"shipping-taxable","12":"purchasable","13":"product-type-simple"},"yoast_head":"<!-- This site is optimized with the Yoast SEO plugin v23.6 - https:\/\/yoast.com\/wordpress\/plugins\/seo\/ -->\n<title>APPLE IPAD MINI 7 A2993 8.3&quot; WIFI 128GB 2024 - Teleclub<\/title>\n<meta name=\"description\" content=\"iPad mini 7 2024 Wi-Fi 128GB SG, PR y BL . Compacta, potente y lista para todo. Ideal para leer, trabajar y disfrutar en cualquier lugar.\" \/>\n<meta name=\"robots\" content=\"index, follow, max-snippet:-1, max-image-preview:large, max-video-preview:-1\" \/>\n<link rel=\"canonical\" href=\"https:\/\/www.teleclub.com.py\/index.php\/product\/apple-ipad-mini-7-a2993-8-3-wifi-128gb-2024\/\" \/>\n<meta property=\"og:locale\" content=\"es_ES\" \/>\n<meta property=\"og:type\" content=\"article\" \/>\n<meta property=\"og:title\" content=\"APPLE IPAD MINI 7 A2993 8.3&quot; WIFI 128GB 2024 - Teleclub\" \/>\n<meta property=\"og:description\" content=\"iPad mini 7 2024 Wi-Fi 128GB SG, PR y BL . Compacta, potente y lista para todo. Ideal para leer, trabajar y disfrutar en cualquier lugar.\" \/>\n<meta property=\"og:url\" content=\"https:\/\/www.teleclub.com.py\/index.php\/product\/apple-ipad-mini-7-a2993-8-3-wifi-128gb-2024\/\" \/>\n<meta property=\"og:site_name\" content=\"Teleclub\" \/>\n<meta property=\"article:publisher\" content=\"https:\/\/www.facebook.com\/teleclubpy\" \/>\n<meta property=\"og:image\" content=\"https:\/\/www.teleclub.com.py\/wp-content\/uploads\/2025\/04\/Z03.jpeg\" \/>\n\t<meta property=\"og:image:width\" content=\"225\" \/>\n\t<meta property=\"og:image:height\" content=\"225\" \/>\n\t<meta property=\"og:image:type\" content=\"image\/jpeg\" \/>\n<meta name=\"twitter:card\" content=\"summary_large_image\" \/>\n<meta name=\"twitter:label1\" content=\"Tiempo de lectura\" \/>\n\t<meta name=\"twitter:data1\" content=\"2 minutos\" \/>\n<script type=\"application\/ld+json\" class=\"yoast-schema-graph\">{\"@context\":\"https:\/\/schema.org\",\"@graph\":[{\"@type\":\"WebPage\",\"@id\":\"https:\/\/www.teleclub.com.py\/index.php\/product\/apple-ipad-mini-7-a2993-8-3-wifi-128gb-2024\/\",\"url\":\"https:\/\/www.teleclub.com.py\/index.php\/product\/apple-ipad-mini-7-a2993-8-3-wifi-128gb-2024\/\",\"name\":\"APPLE IPAD MINI 7 A2993 8.3\\\" WIFI 128GB 2024 - Teleclub\",\"isPartOf\":{\"@id\":\"https:\/\/www.teleclub.com.py\/#website\"},\"primaryImageOfPage\":{\"@id\":\"https:\/\/www.teleclub.com.py\/index.php\/product\/apple-ipad-mini-7-a2993-8-3-wifi-128gb-2024\/#primaryimage\"},\"image\":{\"@id\":\"https:\/\/www.teleclub.com.py\/index.php\/product\/apple-ipad-mini-7-a2993-8-3-wifi-128gb-2024\/#primaryimage\"},\"thumbnailUrl\":\"https:\/\/www.teleclub.com.py\/wp-content\/uploads\/2025\/04\/Z03.jpeg\",\"datePublished\":\"2025-04-15T18:27:48+00:00\",\"dateModified\":\"2025-04-15T18:27:48+00:00\",\"description\":\"iPad mini 7 2024 Wi-Fi 128GB SG, PR y BL . Compacta, potente y lista para todo. Ideal para leer, trabajar y disfrutar en cualquier lugar.\",\"breadcrumb\":{\"@id\":\"https:\/\/www.teleclub.com.py\/index.php\/product\/apple-ipad-mini-7-a2993-8-3-wifi-128gb-2024\/#breadcrumb\"},\"inLanguage\":\"es\",\"potentialAction\":[{\"@type\":\"ReadAction\",\"target\":[\"https:\/\/www.teleclub.com.py\/index.php\/product\/apple-ipad-mini-7-a2993-8-3-wifi-128gb-2024\/\"]}]},{\"@type\":\"ImageObject\",\"inLanguage\":\"es\",\"@id\":\"https:\/\/www.teleclub.com.py\/index.php\/product\/apple-ipad-mini-7-a2993-8-3-wifi-128gb-2024\/#primaryimage\",\"url\":\"https:\/\/www.teleclub.com.py\/wp-content\/uploads\/2025\/04\/Z03.jpeg\",\"contentUrl\":\"https:\/\/www.teleclub.com.py\/wp-content\/uploads\/2025\/04\/Z03.jpeg\",\"width\":225,\"height\":225},{\"@type\":\"BreadcrumbList\",\"@id\":\"https:\/\/www.teleclub.com.py\/index.php\/product\/apple-ipad-mini-7-a2993-8-3-wifi-128gb-2024\/#breadcrumb\",\"itemListElement\":[{\"@type\":\"ListItem\",\"position\":1,\"name\":\"Portada\",\"item\":\"https:\/\/www.teleclub.com.py\/\"},{\"@type\":\"ListItem\",\"position\":2,\"name\":\"Shop\",\"item\":\"https:\/\/www.teleclub.com.py\/index.php\/shop-2\/\"},{\"@type\":\"ListItem\",\"position\":3,\"name\":\"APPLE IPAD MINI 7 A2993 8.3&#8243; WIFI 128GB 2024\"}]},{\"@type\":\"WebSite\",\"@id\":\"https:\/\/www.teleclub.com.py\/#website\",\"url\":\"https:\/\/www.teleclub.com.py\/\",\"name\":\"Teleclub\",\"description\":\"Tu tienda online\",\"publisher\":{\"@id\":\"https:\/\/www.teleclub.com.py\/#organization\"},\"potentialAction\":[{\"@type\":\"SearchAction\",\"target\":{\"@type\":\"EntryPoint\",\"urlTemplate\":\"https:\/\/www.teleclub.com.py\/?s={search_term_string}\"},\"query-input\":{\"@type\":\"PropertyValueSpecification\",\"valueRequired\":true,\"valueName\":\"search_term_string\"}}],\"inLanguage\":\"es\"},{\"@type\":\"Organization\",\"@id\":\"https:\/\/www.teleclub.com.py\/#organization\",\"name\":\"Teleclub\",\"url\":\"https:\/\/www.teleclub.com.py\/\",\"logo\":{\"@type\":\"ImageObject\",\"inLanguage\":\"es\",\"@id\":\"https:\/\/www.teleclub.com.py\/#\/schema\/logo\/image\/\",\"url\":\"https:\/\/www.teleclub.com.py\/wp-content\/uploads\/2024\/09\/1611317346760_TeleClub_logo_FondoBlanco-2.jpg\",\"contentUrl\":\"https:\/\/www.teleclub.com.py\/wp-content\/uploads\/2024\/09\/1611317346760_TeleClub_logo_FondoBlanco-2.jpg\",\"width\":1600,\"height\":1600,\"caption\":\"Teleclub\"},\"image\":{\"@id\":\"https:\/\/www.teleclub.com.py\/#\/schema\/logo\/image\/\"},\"sameAs\":[\"https:\/\/www.facebook.com\/teleclubpy\",\"https:\/\/www.instagram.com\/teleclubpy\"]}]}<\/script>\n<!-- \/ Yoast SEO plugin. -->","yoast_head_json":{"title":"APPLE IPAD MINI 7 A2993 8.3\" WIFI 128GB 2024 - Teleclub","description":"iPad mini 7 2024 Wi-Fi 128GB SG, PR y BL . Compacta, potente y lista para todo. Ideal para leer, trabajar y disfrutar en cualquier lugar.","robots":{"index":"index","follow":"follow","max-snippet":"max-snippet:-1","max-image-preview":"max-image-preview:large","max-video-preview":"max-video-preview:-1"},"canonical":"https:\/\/www.teleclub.com.py\/index.php\/product\/apple-ipad-mini-7-a2993-8-3-wifi-128gb-2024\/","og_locale":"es_ES","og_type":"article","og_title":"APPLE IPAD MINI 7 A2993 8.3\" WIFI 128GB 2024 - Teleclub","og_description":"iPad mini 7 2024 Wi-Fi 128GB SG, PR y BL . Compacta, potente y lista para todo. Ideal para leer, trabajar y disfrutar en cualquier lugar.","og_url":"https:\/\/www.teleclub.com.py\/index.php\/product\/apple-ipad-mini-7-a2993-8-3-wifi-128gb-2024\/","og_site_name":"Teleclub","article_publisher":"https:\/\/www.facebook.com\/teleclubpy","og_image":[{"width":225,"height":225,"url":"https:\/\/www.teleclub.com.py\/wp-content\/uploads\/2025\/04\/Z03.jpeg","type":"image\/jpeg"}],"twitter_card":"summary_large_image","twitter_misc":{"Tiempo de lectura":"2 minutos"},"schema":{"@context":"https:\/\/schema.org","@graph":[{"@type":"WebPage","@id":"https:\/\/www.teleclub.com.py\/index.php\/product\/apple-ipad-mini-7-a2993-8-3-wifi-128gb-2024\/","url":"https:\/\/www.teleclub.com.py\/index.php\/product\/apple-ipad-mini-7-a2993-8-3-wifi-128gb-2024\/","name":"APPLE IPAD MINI 7 A2993 8.3\" WIFI 128GB 2024 - Teleclub","isPartOf":{"@id":"https:\/\/www.teleclub.com.py\/#website"},"primaryImageOfPage":{"@id":"https:\/\/www.teleclub.com.py\/index.php\/product\/apple-ipad-mini-7-a2993-8-3-wifi-128gb-2024\/#primaryimage"},"image":{"@id":"https:\/\/www.teleclub.com.py\/index.php\/product\/apple-ipad-mini-7-a2993-8-3-wifi-128gb-2024\/#primaryimage"},"thumbnailUrl":"https:\/\/www.teleclub.com.py\/wp-content\/uploads\/2025\/04\/Z03.jpeg","datePublished":"2025-04-15T18:27:48+00:00","dateModified":"2025-04-15T18:27:48+00:00","description":"iPad mini 7 2024 Wi-Fi 128GB SG, PR y BL . Compacta, potente y lista para todo. Ideal para leer, trabajar y disfrutar en cualquier lugar.","breadcrumb":{"@id":"https:\/\/www.teleclub.com.py\/index.php\/product\/apple-ipad-mini-7-a2993-8-3-wifi-128gb-2024\/#breadcrumb"},"inLanguage":"es","potentialAction":[{"@type":"ReadAction","target":["https:\/\/www.teleclub.com.py\/index.php\/product\/apple-ipad-mini-7-a2993-8-3-wifi-128gb-2024\/"]}]},{"@type":"ImageObject","inLanguage":"es","@id":"https:\/\/www.teleclub.com.py\/index.php\/product\/apple-ipad-mini-7-a2993-8-3-wifi-128gb-2024\/#primaryimage","url":"https:\/\/www.teleclub.com.py\/wp-content\/uploads\/2025\/04\/Z03.jpeg","contentUrl":"https:\/\/www.teleclub.com.py\/wp-content\/uploads\/2025\/04\/Z03.jpeg","width":225,"height":225},{"@type":"BreadcrumbList","@id":"https:\/\/www.teleclub.com.py\/index.php\/product\/apple-ipad-mini-7-a2993-8-3-wifi-128gb-2024\/#breadcrumb","itemListElement":[{"@type":"ListItem","position":1,"name":"Portada","item":"https:\/\/www.teleclub.com.py\/"},{"@type":"ListItem","position":2,"name":"Shop","item":"https:\/\/www.teleclub.com.py\/index.php\/shop-2\/"},{"@type":"ListItem","position":3,"name":"APPLE IPAD MINI 7 A2993 8.3&#8243; WIFI 128GB 2024"}]},{"@type":"WebSite","@id":"https:\/\/www.teleclub.com.py\/#website","url":"https:\/\/www.teleclub.com.py\/","name":"Teleclub","description":"Tu tienda online","publisher":{"@id":"https:\/\/www.teleclub.com.py\/#organization"},"potentialAction":[{"@type":"SearchAction","target":{"@type":"EntryPoint","urlTemplate":"https:\/\/www.teleclub.com.py\/?s={search_term_string}"},"query-input":{"@type":"PropertyValueSpecification","valueRequired":true,"valueName":"search_term_string"}}],"inLanguage":"es"},{"@type":"Organization","@id":"https:\/\/www.teleclub.com.py\/#organization","name":"Teleclub","url":"https:\/\/www.teleclub.com.py\/","logo":{"@type":"ImageObject","inLanguage":"es","@id":"https:\/\/www.teleclub.com.py\/#\/schema\/logo\/image\/","url":"https:\/\/www.teleclub.com.py\/wp-content\/uploads\/2024\/09\/1611317346760_TeleClub_logo_FondoBlanco-2.jpg","contentUrl":"https:\/\/www.teleclub.com.py\/wp-content\/uploads\/2024\/09\/1611317346760_TeleClub_logo_FondoBlanco-2.jpg","width":1600,"height":1600,"caption":"Teleclub"},"image":{"@id":"https:\/\/www.teleclub.com.py\/#\/schema\/logo\/image\/"},"sameAs":["https:\/\/www.facebook.com\/teleclubpy","https:\/\/www.instagram.com\/teleclubpy"]}]}},"_links":{"self":[{"href":"https:\/\/www.teleclub.com.py\/index.php\/wp-json\/wp\/v2\/product\/11831","targetHints":{"allow":["GET"]}}],"collection":[{"href":"https:\/\/www.teleclub.com.py\/index.php\/wp-json\/wp\/v2\/product"}],"about":[{"href":"https:\/\/www.teleclub.com.py\/index.php\/wp-json\/wp\/v2\/types\/product"}],"wp:featuredmedia":[{"embeddable":true,"href":"https:\/\/www.teleclub.com.py\/index.php\/wp-json\/wp\/v2\/media\/11834"}],"wp:attachment":[{"href":"https:\/\/www.teleclub.com.py\/index.php\/wp-json\/wp\/v2\/media?parent=11831"}],"wp:term":[{"taxonomy":"product_cat","embeddable":true,"href":"https:\/\/www.teleclub.com.py\/index.php\/wp-json\/wp\/v2\/product_cat?post=11831"},{"taxonomy":"product_tag","embeddable":true,"href":"https:\/\/www.teleclub.com.py\/index.php\/wp-json\/wp\/v2\/product_tag?post=11831"}],"curies":[{"name":"wp","href":"https:\/\/api.w.org\/{rel}","templated":true}]}}