{"id":11751,"date":"2025-04-14T18:02:56","date_gmt":"2025-04-14T21:02:56","guid":{"rendered":"https:\/\/www.teleclub.com.py\/?post_type=product&#038;p=11751"},"modified":"2025-04-14T18:02:56","modified_gmt":"2025-04-14T21:02:56","slug":"apple-earpods-usb-c-myqy3am-a-white","status":"publish","type":"product","link":"https:\/\/www.teleclub.com.py\/index.php\/product\/apple-earpods-usb-c-myqy3am-a-white\/","title":{"rendered":"APPLE EARPODS USB-C MYQY3AM\/A WHITE"},"content":{"rendered":"<p class=\"\" data-start=\"352\" data-end=\"646\">Los <strong data-start=\"356\" data-end=\"404\">Apple EarPods con conector USB-C (MYQY3AM\/A)<\/strong> ofrecen una experiencia auditiva premium en un formato cl\u00e1sico y c\u00f3modo. Compatibles con los nuevos <strong data-start=\"505\" data-end=\"518\">iPhone 15<\/strong>, iPad y otros dispositivos con puerto USB-C, estos auriculares est\u00e1n dise\u00f1ados para brindar <strong data-start=\"611\" data-end=\"627\">audio n\u00edtido<\/strong> y llamadas claras.<\/p>\n<p class=\"\" data-start=\"648\" data-end=\"942\">Su dise\u00f1o ergon\u00f3mico se adapta al o\u00eddo con facilidad, y su estructura r\u00edgida evita enredos y desgaste con el tiempo. El <strong data-start=\"768\" data-end=\"791\">micr\u00f3fono integrado<\/strong> permite responder llamadas o activar comandos de voz, mientras que los <strong data-start=\"863\" data-end=\"902\">controles de volumen y reproducci\u00f3n<\/strong> te ofrecen un manejo pr\u00e1ctico y fluido.<\/p>\n<p class=\"\" data-start=\"944\" data-end=\"1053\">Ideales para quienes prefieren una conexi\u00f3n f\u00edsica sin latencia, pero con la calidad que caracteriza a Apple.<\/p>\n","protected":false},"excerpt":{"rendered":"<ul data-start=\"1097\" data-end=\"1351\">\n<li class=\"\" data-start=\"1097\" data-end=\"1124\">\n<p class=\"\" data-start=\"1099\" data-end=\"1124\">\u2705 <strong data-start=\"1101\" data-end=\"1111\">Modelo<\/strong>: MYQY3AM\/A<\/p>\n<\/li>\n<li class=\"\" data-start=\"1125\" data-end=\"1149\">\n<p class=\"\" data-start=\"1127\" data-end=\"1149\">\u2705 <strong data-start=\"1129\" data-end=\"1147\">Conector USB-C<\/strong><\/p>\n<\/li>\n<li class=\"\" data-start=\"1150\" data-end=\"1193\">\n<p class=\"\" data-start=\"1152\" data-end=\"1193\">\u2705 <strong data-start=\"1154\" data-end=\"1191\">Sonido est\u00e9reo claro y balanceado<\/strong><\/p>\n<\/li>\n<li class=\"\" data-start=\"1194\" data-end=\"1240\">\n<p class=\"\" data-start=\"1196\" data-end=\"1240\">\u2705 <strong data-start=\"1198\" data-end=\"1238\">Micr\u00f3fono integrado y control remoto<\/strong><\/p>\n<\/li>\n<li class=\"\" data-start=\"1241\" data-end=\"1281\">\n<p class=\"\" data-start=\"1243\" data-end=\"1281\">\u2705 <strong data-start=\"1245\" data-end=\"1279\">Dise\u00f1o ergon\u00f3mico y resistente<\/strong><\/p>\n<\/li>\n<li class=\"\" data-start=\"1282\" data-end=\"1329\">\n<p class=\"\" data-start=\"1284\" data-end=\"1329\">\u2705 <strong data-start=\"1286\" data-end=\"1327\">Compatibles con iPhone 15, iPad y m\u00e1s<\/strong><\/p>\n<\/li>\n<li class=\"\" data-start=\"1330\" data-end=\"1351\">\n<p class=\"\" data-start=\"1332\" data-end=\"1351\">\u2705 <strong data-start=\"1334\" data-end=\"1343\">Color<\/strong>: Blanco<\/p>\n<\/li>\n<\/ul>\n","protected":false},"featured_media":11752,"template":"","meta":{"om_disable_all_campaigns":false},"product_cat":[407,406],"product_tag":[],"class_list":{"0":"post-11751","1":"product","2":"type-product","3":"status-publish","4":"has-post-thumbnail","6":"product_cat-airpods","7":"product_cat-apple-2","9":"first","10":"instock","11":"shipping-taxable","12":"purchasable","13":"product-type-simple"},"yoast_head":"<!-- This site is optimized with the Yoast SEO plugin v23.6 - https:\/\/yoast.com\/wordpress\/plugins\/seo\/ -->\n<title>APPLE EARPODS USB-C MYQY3AM\/A WHITE - Teleclub<\/title>\n<meta name=\"description\" content=\"Apple EarPods MYQY3AM\/A con conector USB-C. Audio de alta calidad, dise\u00f1o c\u00f3modo y micr\u00f3fono integrado. Compatibles con iPhone 15 y dispositivos USB-C.\" \/>\n<meta name=\"robots\" content=\"index, follow, max-snippet:-1, max-image-preview:large, max-video-preview:-1\" \/>\n<link rel=\"canonical\" href=\"https:\/\/www.teleclub.com.py\/index.php\/product\/apple-earpods-usb-c-myqy3am-a-white\/\" \/>\n<meta property=\"og:locale\" content=\"es_ES\" \/>\n<meta property=\"og:type\" content=\"article\" \/>\n<meta property=\"og:title\" content=\"APPLE EARPODS USB-C MYQY3AM\/A WHITE - Teleclub\" \/>\n<meta property=\"og:description\" content=\"Apple EarPods MYQY3AM\/A con conector USB-C. Audio de alta calidad, dise\u00f1o c\u00f3modo y micr\u00f3fono integrado. Compatibles con iPhone 15 y dispositivos USB-C.\" \/>\n<meta property=\"og:url\" content=\"https:\/\/www.teleclub.com.py\/index.php\/product\/apple-earpods-usb-c-myqy3am-a-white\/\" \/>\n<meta property=\"og:site_name\" content=\"Teleclub\" \/>\n<meta property=\"article:publisher\" content=\"https:\/\/www.facebook.com\/teleclubpy\" \/>\n<meta property=\"og:image\" content=\"https:\/\/www.teleclub.com.py\/wp-content\/uploads\/2025\/04\/A15.jpeg\" \/>\n\t<meta property=\"og:image:width\" content=\"225\" \/>\n\t<meta property=\"og:image:height\" content=\"225\" \/>\n\t<meta property=\"og:image:type\" content=\"image\/jpeg\" \/>\n<meta name=\"twitter:card\" content=\"summary_large_image\" \/>\n<meta name=\"twitter:label1\" content=\"Tiempo de lectura\" \/>\n\t<meta name=\"twitter:data1\" content=\"1 minuto\" \/>\n<script type=\"application\/ld+json\" class=\"yoast-schema-graph\">{\"@context\":\"https:\/\/schema.org\",\"@graph\":[{\"@type\":\"WebPage\",\"@id\":\"https:\/\/www.teleclub.com.py\/index.php\/product\/apple-earpods-usb-c-myqy3am-a-white\/\",\"url\":\"https:\/\/www.teleclub.com.py\/index.php\/product\/apple-earpods-usb-c-myqy3am-a-white\/\",\"name\":\"APPLE EARPODS USB-C MYQY3AM\/A WHITE - Teleclub\",\"isPartOf\":{\"@id\":\"https:\/\/www.teleclub.com.py\/#website\"},\"primaryImageOfPage\":{\"@id\":\"https:\/\/www.teleclub.com.py\/index.php\/product\/apple-earpods-usb-c-myqy3am-a-white\/#primaryimage\"},\"image\":{\"@id\":\"https:\/\/www.teleclub.com.py\/index.php\/product\/apple-earpods-usb-c-myqy3am-a-white\/#primaryimage\"},\"thumbnailUrl\":\"https:\/\/www.teleclub.com.py\/wp-content\/uploads\/2025\/04\/A15.jpeg\",\"datePublished\":\"2025-04-14T21:02:56+00:00\",\"dateModified\":\"2025-04-14T21:02:56+00:00\",\"description\":\"Apple EarPods MYQY3AM\/A con conector USB-C. Audio de alta calidad, dise\u00f1o c\u00f3modo y micr\u00f3fono integrado. Compatibles con iPhone 15 y dispositivos USB-C.\",\"breadcrumb\":{\"@id\":\"https:\/\/www.teleclub.com.py\/index.php\/product\/apple-earpods-usb-c-myqy3am-a-white\/#breadcrumb\"},\"inLanguage\":\"es\",\"potentialAction\":[{\"@type\":\"ReadAction\",\"target\":[\"https:\/\/www.teleclub.com.py\/index.php\/product\/apple-earpods-usb-c-myqy3am-a-white\/\"]}]},{\"@type\":\"ImageObject\",\"inLanguage\":\"es\",\"@id\":\"https:\/\/www.teleclub.com.py\/index.php\/product\/apple-earpods-usb-c-myqy3am-a-white\/#primaryimage\",\"url\":\"https:\/\/www.teleclub.com.py\/wp-content\/uploads\/2025\/04\/A15.jpeg\",\"contentUrl\":\"https:\/\/www.teleclub.com.py\/wp-content\/uploads\/2025\/04\/A15.jpeg\",\"width\":225,\"height\":225},{\"@type\":\"BreadcrumbList\",\"@id\":\"https:\/\/www.teleclub.com.py\/index.php\/product\/apple-earpods-usb-c-myqy3am-a-white\/#breadcrumb\",\"itemListElement\":[{\"@type\":\"ListItem\",\"position\":1,\"name\":\"Portada\",\"item\":\"https:\/\/www.teleclub.com.py\/\"},{\"@type\":\"ListItem\",\"position\":2,\"name\":\"Shop\",\"item\":\"https:\/\/www.teleclub.com.py\/index.php\/shop-2\/\"},{\"@type\":\"ListItem\",\"position\":3,\"name\":\"APPLE EARPODS USB-C MYQY3AM\/A WHITE\"}]},{\"@type\":\"WebSite\",\"@id\":\"https:\/\/www.teleclub.com.py\/#website\",\"url\":\"https:\/\/www.teleclub.com.py\/\",\"name\":\"Teleclub\",\"description\":\"Tu tienda online\",\"publisher\":{\"@id\":\"https:\/\/www.teleclub.com.py\/#organization\"},\"potentialAction\":[{\"@type\":\"SearchAction\",\"target\":{\"@type\":\"EntryPoint\",\"urlTemplate\":\"https:\/\/www.teleclub.com.py\/?s={search_term_string}\"},\"query-input\":{\"@type\":\"PropertyValueSpecification\",\"valueRequired\":true,\"valueName\":\"search_term_string\"}}],\"inLanguage\":\"es\"},{\"@type\":\"Organization\",\"@id\":\"https:\/\/www.teleclub.com.py\/#organization\",\"name\":\"Teleclub\",\"url\":\"https:\/\/www.teleclub.com.py\/\",\"logo\":{\"@type\":\"ImageObject\",\"inLanguage\":\"es\",\"@id\":\"https:\/\/www.teleclub.com.py\/#\/schema\/logo\/image\/\",\"url\":\"https:\/\/www.teleclub.com.py\/wp-content\/uploads\/2024\/09\/1611317346760_TeleClub_logo_FondoBlanco-2.jpg\",\"contentUrl\":\"https:\/\/www.teleclub.com.py\/wp-content\/uploads\/2024\/09\/1611317346760_TeleClub_logo_FondoBlanco-2.jpg\",\"width\":1600,\"height\":1600,\"caption\":\"Teleclub\"},\"image\":{\"@id\":\"https:\/\/www.teleclub.com.py\/#\/schema\/logo\/image\/\"},\"sameAs\":[\"https:\/\/www.facebook.com\/teleclubpy\",\"https:\/\/www.instagram.com\/teleclubpy\"]}]}<\/script>\n<!-- \/ Yoast SEO plugin. -->","yoast_head_json":{"title":"APPLE EARPODS USB-C MYQY3AM\/A WHITE - Teleclub","description":"Apple EarPods MYQY3AM\/A con conector USB-C. Audio de alta calidad, dise\u00f1o c\u00f3modo y micr\u00f3fono integrado. Compatibles con iPhone 15 y dispositivos USB-C.","robots":{"index":"index","follow":"follow","max-snippet":"max-snippet:-1","max-image-preview":"max-image-preview:large","max-video-preview":"max-video-preview:-1"},"canonical":"https:\/\/www.teleclub.com.py\/index.php\/product\/apple-earpods-usb-c-myqy3am-a-white\/","og_locale":"es_ES","og_type":"article","og_title":"APPLE EARPODS USB-C MYQY3AM\/A WHITE - Teleclub","og_description":"Apple EarPods MYQY3AM\/A con conector USB-C. Audio de alta calidad, dise\u00f1o c\u00f3modo y micr\u00f3fono integrado. Compatibles con iPhone 15 y dispositivos USB-C.","og_url":"https:\/\/www.teleclub.com.py\/index.php\/product\/apple-earpods-usb-c-myqy3am-a-white\/","og_site_name":"Teleclub","article_publisher":"https:\/\/www.facebook.com\/teleclubpy","og_image":[{"width":225,"height":225,"url":"https:\/\/www.teleclub.com.py\/wp-content\/uploads\/2025\/04\/A15.jpeg","type":"image\/jpeg"}],"twitter_card":"summary_large_image","twitter_misc":{"Tiempo de lectura":"1 minuto"},"schema":{"@context":"https:\/\/schema.org","@graph":[{"@type":"WebPage","@id":"https:\/\/www.teleclub.com.py\/index.php\/product\/apple-earpods-usb-c-myqy3am-a-white\/","url":"https:\/\/www.teleclub.com.py\/index.php\/product\/apple-earpods-usb-c-myqy3am-a-white\/","name":"APPLE EARPODS USB-C MYQY3AM\/A WHITE - Teleclub","isPartOf":{"@id":"https:\/\/www.teleclub.com.py\/#website"},"primaryImageOfPage":{"@id":"https:\/\/www.teleclub.com.py\/index.php\/product\/apple-earpods-usb-c-myqy3am-a-white\/#primaryimage"},"image":{"@id":"https:\/\/www.teleclub.com.py\/index.php\/product\/apple-earpods-usb-c-myqy3am-a-white\/#primaryimage"},"thumbnailUrl":"https:\/\/www.teleclub.com.py\/wp-content\/uploads\/2025\/04\/A15.jpeg","datePublished":"2025-04-14T21:02:56+00:00","dateModified":"2025-04-14T21:02:56+00:00","description":"Apple EarPods MYQY3AM\/A con conector USB-C. Audio de alta calidad, dise\u00f1o c\u00f3modo y micr\u00f3fono integrado. Compatibles con iPhone 15 y dispositivos USB-C.","breadcrumb":{"@id":"https:\/\/www.teleclub.com.py\/index.php\/product\/apple-earpods-usb-c-myqy3am-a-white\/#breadcrumb"},"inLanguage":"es","potentialAction":[{"@type":"ReadAction","target":["https:\/\/www.teleclub.com.py\/index.php\/product\/apple-earpods-usb-c-myqy3am-a-white\/"]}]},{"@type":"ImageObject","inLanguage":"es","@id":"https:\/\/www.teleclub.com.py\/index.php\/product\/apple-earpods-usb-c-myqy3am-a-white\/#primaryimage","url":"https:\/\/www.teleclub.com.py\/wp-content\/uploads\/2025\/04\/A15.jpeg","contentUrl":"https:\/\/www.teleclub.com.py\/wp-content\/uploads\/2025\/04\/A15.jpeg","width":225,"height":225},{"@type":"BreadcrumbList","@id":"https:\/\/www.teleclub.com.py\/index.php\/product\/apple-earpods-usb-c-myqy3am-a-white\/#breadcrumb","itemListElement":[{"@type":"ListItem","position":1,"name":"Portada","item":"https:\/\/www.teleclub.com.py\/"},{"@type":"ListItem","position":2,"name":"Shop","item":"https:\/\/www.teleclub.com.py\/index.php\/shop-2\/"},{"@type":"ListItem","position":3,"name":"APPLE EARPODS USB-C MYQY3AM\/A WHITE"}]},{"@type":"WebSite","@id":"https:\/\/www.teleclub.com.py\/#website","url":"https:\/\/www.teleclub.com.py\/","name":"Teleclub","description":"Tu tienda online","publisher":{"@id":"https:\/\/www.teleclub.com.py\/#organization"},"potentialAction":[{"@type":"SearchAction","target":{"@type":"EntryPoint","urlTemplate":"https:\/\/www.teleclub.com.py\/?s={search_term_string}"},"query-input":{"@type":"PropertyValueSpecification","valueRequired":true,"valueName":"search_term_string"}}],"inLanguage":"es"},{"@type":"Organization","@id":"https:\/\/www.teleclub.com.py\/#organization","name":"Teleclub","url":"https:\/\/www.teleclub.com.py\/","logo":{"@type":"ImageObject","inLanguage":"es","@id":"https:\/\/www.teleclub.com.py\/#\/schema\/logo\/image\/","url":"https:\/\/www.teleclub.com.py\/wp-content\/uploads\/2024\/09\/1611317346760_TeleClub_logo_FondoBlanco-2.jpg","contentUrl":"https:\/\/www.teleclub.com.py\/wp-content\/uploads\/2024\/09\/1611317346760_TeleClub_logo_FondoBlanco-2.jpg","width":1600,"height":1600,"caption":"Teleclub"},"image":{"@id":"https:\/\/www.teleclub.com.py\/#\/schema\/logo\/image\/"},"sameAs":["https:\/\/www.facebook.com\/teleclubpy","https:\/\/www.instagram.com\/teleclubpy"]}]}},"_links":{"self":[{"href":"https:\/\/www.teleclub.com.py\/index.php\/wp-json\/wp\/v2\/product\/11751","targetHints":{"allow":["GET"]}}],"collection":[{"href":"https:\/\/www.teleclub.com.py\/index.php\/wp-json\/wp\/v2\/product"}],"about":[{"href":"https:\/\/www.teleclub.com.py\/index.php\/wp-json\/wp\/v2\/types\/product"}],"wp:featuredmedia":[{"embeddable":true,"href":"https:\/\/www.teleclub.com.py\/index.php\/wp-json\/wp\/v2\/media\/11752"}],"wp:attachment":[{"href":"https:\/\/www.teleclub.com.py\/index.php\/wp-json\/wp\/v2\/media?parent=11751"}],"wp:term":[{"taxonomy":"product_cat","embeddable":true,"href":"https:\/\/www.teleclub.com.py\/index.php\/wp-json\/wp\/v2\/product_cat?post=11751"},{"taxonomy":"product_tag","embeddable":true,"href":"https:\/\/www.teleclub.com.py\/index.php\/wp-json\/wp\/v2\/product_tag?post=11751"}],"curies":[{"name":"wp","href":"https:\/\/api.w.org\/{rel}","templated":true}]}}