{"id":11619,"date":"2025-04-11T13:56:18","date_gmt":"2025-04-11T16:56:18","guid":{"rendered":"https:\/\/www.teleclub.com.py\/?post_type=product&#038;p=11619"},"modified":"2025-04-11T13:56:18","modified_gmt":"2025-04-11T16:56:18","slug":"perfume-maison-alhambra-glacier-pour-home-edp-masculino-100ml","status":"publish","type":"product","link":"https:\/\/www.teleclub.com.py\/index.php\/product\/perfume-maison-alhambra-glacier-pour-home-edp-masculino-100ml\/","title":{"rendered":"Perfume Maison Alhambra  Glacier Pour Home EDP  Masculino &#8211; 100mL"},"content":{"rendered":"<p>Del\u00e9itese con el encanto cautivador de Glacier Pour Homme de Maison Alhambra, una fragancia por excelencia dise\u00f1ada exclusivamente para hombres. Este EDP en spray se presenta en un generoso tama\u00f1o de 3,4 oz, lo que lo convierte en un aroma caracter\u00edstico que es a la vez duradero y encantador. Glacier Pour Homme es una sinfon\u00eda de notas altas cuidadosamente seleccionadas, que incluyen lavanda, menta, bergamota y cardamomo.<\/p>\n","protected":false},"excerpt":{"rendered":"<p>Del\u00e9itese con el encanto cautivador de Glacier Pour Homme de Maison Alhambra, una fragancia por excelencia dise\u00f1ada exclusivamente para hombres. Este EDP en spray se presenta en un generoso tama\u00f1o<\/p>\n","protected":false},"featured_media":11620,"template":"","meta":{"om_disable_all_campaigns":false},"product_cat":[439],"product_tag":[],"class_list":{"0":"post-11619","1":"product","2":"type-product","3":"status-publish","4":"has-post-thumbnail","6":"product_cat-perfumes","8":"first","9":"instock","10":"shipping-taxable","11":"purchasable","12":"product-type-simple"},"yoast_head":"<!-- This site is optimized with the Yoast SEO plugin v23.6 - https:\/\/yoast.com\/wordpress\/plugins\/seo\/ -->\n<title>Perfume Maison Alhambra Glacier Pour Home EDP Masculino - 100mL - Teleclub<\/title>\n<meta name=\"description\" content=\"Descubre los mejores perfumes en TeleClub. Fragancias originales para mujer y hombre al mejor precio. \u00a1Elige tu aroma ideal hoy!\" \/>\n<meta name=\"robots\" content=\"index, follow, max-snippet:-1, max-image-preview:large, max-video-preview:-1\" \/>\n<link rel=\"canonical\" href=\"https:\/\/www.teleclub.com.py\/index.php\/product\/perfume-maison-alhambra-glacier-pour-home-edp-masculino-100ml\/\" \/>\n<meta property=\"og:locale\" content=\"es_ES\" \/>\n<meta property=\"og:type\" content=\"article\" \/>\n<meta property=\"og:title\" content=\"Perfume Maison Alhambra Glacier Pour Home EDP Masculino - 100mL - Teleclub\" \/>\n<meta property=\"og:description\" content=\"Descubre los mejores perfumes en TeleClub. Fragancias originales para mujer y hombre al mejor precio. \u00a1Elige tu aroma ideal hoy!\" \/>\n<meta property=\"og:url\" content=\"https:\/\/www.teleclub.com.py\/index.php\/product\/perfume-maison-alhambra-glacier-pour-home-edp-masculino-100ml\/\" \/>\n<meta property=\"og:site_name\" content=\"Teleclub\" \/>\n<meta property=\"article:publisher\" content=\"https:\/\/www.facebook.com\/teleclubpy\" \/>\n<meta property=\"og:image\" content=\"https:\/\/www.teleclub.com.py\/wp-content\/uploads\/2025\/04\/p98.jpeg\" \/>\n\t<meta property=\"og:image:width\" content=\"225\" \/>\n\t<meta property=\"og:image:height\" content=\"225\" \/>\n\t<meta property=\"og:image:type\" content=\"image\/jpeg\" \/>\n<meta name=\"twitter:card\" content=\"summary_large_image\" \/>\n<meta name=\"twitter:label1\" content=\"Tiempo de lectura\" \/>\n\t<meta name=\"twitter:data1\" content=\"1 minuto\" \/>\n<script type=\"application\/ld+json\" class=\"yoast-schema-graph\">{\"@context\":\"https:\/\/schema.org\",\"@graph\":[{\"@type\":\"WebPage\",\"@id\":\"https:\/\/www.teleclub.com.py\/index.php\/product\/perfume-maison-alhambra-glacier-pour-home-edp-masculino-100ml\/\",\"url\":\"https:\/\/www.teleclub.com.py\/index.php\/product\/perfume-maison-alhambra-glacier-pour-home-edp-masculino-100ml\/\",\"name\":\"Perfume Maison Alhambra Glacier Pour Home EDP Masculino - 100mL - Teleclub\",\"isPartOf\":{\"@id\":\"https:\/\/www.teleclub.com.py\/#website\"},\"primaryImageOfPage\":{\"@id\":\"https:\/\/www.teleclub.com.py\/index.php\/product\/perfume-maison-alhambra-glacier-pour-home-edp-masculino-100ml\/#primaryimage\"},\"image\":{\"@id\":\"https:\/\/www.teleclub.com.py\/index.php\/product\/perfume-maison-alhambra-glacier-pour-home-edp-masculino-100ml\/#primaryimage\"},\"thumbnailUrl\":\"https:\/\/www.teleclub.com.py\/wp-content\/uploads\/2025\/04\/p98.jpeg\",\"datePublished\":\"2025-04-11T16:56:18+00:00\",\"dateModified\":\"2025-04-11T16:56:18+00:00\",\"description\":\"Descubre los mejores perfumes en TeleClub. Fragancias originales para mujer y hombre al mejor precio. \u00a1Elige tu aroma ideal hoy!\",\"breadcrumb\":{\"@id\":\"https:\/\/www.teleclub.com.py\/index.php\/product\/perfume-maison-alhambra-glacier-pour-home-edp-masculino-100ml\/#breadcrumb\"},\"inLanguage\":\"es\",\"potentialAction\":[{\"@type\":\"ReadAction\",\"target\":[\"https:\/\/www.teleclub.com.py\/index.php\/product\/perfume-maison-alhambra-glacier-pour-home-edp-masculino-100ml\/\"]}]},{\"@type\":\"ImageObject\",\"inLanguage\":\"es\",\"@id\":\"https:\/\/www.teleclub.com.py\/index.php\/product\/perfume-maison-alhambra-glacier-pour-home-edp-masculino-100ml\/#primaryimage\",\"url\":\"https:\/\/www.teleclub.com.py\/wp-content\/uploads\/2025\/04\/p98.jpeg\",\"contentUrl\":\"https:\/\/www.teleclub.com.py\/wp-content\/uploads\/2025\/04\/p98.jpeg\",\"width\":225,\"height\":225},{\"@type\":\"BreadcrumbList\",\"@id\":\"https:\/\/www.teleclub.com.py\/index.php\/product\/perfume-maison-alhambra-glacier-pour-home-edp-masculino-100ml\/#breadcrumb\",\"itemListElement\":[{\"@type\":\"ListItem\",\"position\":1,\"name\":\"Portada\",\"item\":\"https:\/\/www.teleclub.com.py\/\"},{\"@type\":\"ListItem\",\"position\":2,\"name\":\"Shop\",\"item\":\"https:\/\/www.teleclub.com.py\/index.php\/shop-2\/\"},{\"@type\":\"ListItem\",\"position\":3,\"name\":\"Perfume Maison Alhambra Glacier Pour Home EDP Masculino &#8211; 100mL\"}]},{\"@type\":\"WebSite\",\"@id\":\"https:\/\/www.teleclub.com.py\/#website\",\"url\":\"https:\/\/www.teleclub.com.py\/\",\"name\":\"Teleclub\",\"description\":\"Tu tienda online\",\"publisher\":{\"@id\":\"https:\/\/www.teleclub.com.py\/#organization\"},\"potentialAction\":[{\"@type\":\"SearchAction\",\"target\":{\"@type\":\"EntryPoint\",\"urlTemplate\":\"https:\/\/www.teleclub.com.py\/?s={search_term_string}\"},\"query-input\":{\"@type\":\"PropertyValueSpecification\",\"valueRequired\":true,\"valueName\":\"search_term_string\"}}],\"inLanguage\":\"es\"},{\"@type\":\"Organization\",\"@id\":\"https:\/\/www.teleclub.com.py\/#organization\",\"name\":\"Teleclub\",\"url\":\"https:\/\/www.teleclub.com.py\/\",\"logo\":{\"@type\":\"ImageObject\",\"inLanguage\":\"es\",\"@id\":\"https:\/\/www.teleclub.com.py\/#\/schema\/logo\/image\/\",\"url\":\"https:\/\/www.teleclub.com.py\/wp-content\/uploads\/2024\/09\/1611317346760_TeleClub_logo_FondoBlanco-2.jpg\",\"contentUrl\":\"https:\/\/www.teleclub.com.py\/wp-content\/uploads\/2024\/09\/1611317346760_TeleClub_logo_FondoBlanco-2.jpg\",\"width\":1600,\"height\":1600,\"caption\":\"Teleclub\"},\"image\":{\"@id\":\"https:\/\/www.teleclub.com.py\/#\/schema\/logo\/image\/\"},\"sameAs\":[\"https:\/\/www.facebook.com\/teleclubpy\",\"https:\/\/www.instagram.com\/teleclubpy\"]}]}<\/script>\n<!-- \/ Yoast SEO plugin. -->","yoast_head_json":{"title":"Perfume Maison Alhambra Glacier Pour Home EDP Masculino - 100mL - Teleclub","description":"Descubre los mejores perfumes en TeleClub. Fragancias originales para mujer y hombre al mejor precio. \u00a1Elige tu aroma ideal hoy!","robots":{"index":"index","follow":"follow","max-snippet":"max-snippet:-1","max-image-preview":"max-image-preview:large","max-video-preview":"max-video-preview:-1"},"canonical":"https:\/\/www.teleclub.com.py\/index.php\/product\/perfume-maison-alhambra-glacier-pour-home-edp-masculino-100ml\/","og_locale":"es_ES","og_type":"article","og_title":"Perfume Maison Alhambra Glacier Pour Home EDP Masculino - 100mL - Teleclub","og_description":"Descubre los mejores perfumes en TeleClub. Fragancias originales para mujer y hombre al mejor precio. \u00a1Elige tu aroma ideal hoy!","og_url":"https:\/\/www.teleclub.com.py\/index.php\/product\/perfume-maison-alhambra-glacier-pour-home-edp-masculino-100ml\/","og_site_name":"Teleclub","article_publisher":"https:\/\/www.facebook.com\/teleclubpy","og_image":[{"width":225,"height":225,"url":"https:\/\/www.teleclub.com.py\/wp-content\/uploads\/2025\/04\/p98.jpeg","type":"image\/jpeg"}],"twitter_card":"summary_large_image","twitter_misc":{"Tiempo de lectura":"1 minuto"},"schema":{"@context":"https:\/\/schema.org","@graph":[{"@type":"WebPage","@id":"https:\/\/www.teleclub.com.py\/index.php\/product\/perfume-maison-alhambra-glacier-pour-home-edp-masculino-100ml\/","url":"https:\/\/www.teleclub.com.py\/index.php\/product\/perfume-maison-alhambra-glacier-pour-home-edp-masculino-100ml\/","name":"Perfume Maison Alhambra Glacier Pour Home EDP Masculino - 100mL - Teleclub","isPartOf":{"@id":"https:\/\/www.teleclub.com.py\/#website"},"primaryImageOfPage":{"@id":"https:\/\/www.teleclub.com.py\/index.php\/product\/perfume-maison-alhambra-glacier-pour-home-edp-masculino-100ml\/#primaryimage"},"image":{"@id":"https:\/\/www.teleclub.com.py\/index.php\/product\/perfume-maison-alhambra-glacier-pour-home-edp-masculino-100ml\/#primaryimage"},"thumbnailUrl":"https:\/\/www.teleclub.com.py\/wp-content\/uploads\/2025\/04\/p98.jpeg","datePublished":"2025-04-11T16:56:18+00:00","dateModified":"2025-04-11T16:56:18+00:00","description":"Descubre los mejores perfumes en TeleClub. Fragancias originales para mujer y hombre al mejor precio. \u00a1Elige tu aroma ideal hoy!","breadcrumb":{"@id":"https:\/\/www.teleclub.com.py\/index.php\/product\/perfume-maison-alhambra-glacier-pour-home-edp-masculino-100ml\/#breadcrumb"},"inLanguage":"es","potentialAction":[{"@type":"ReadAction","target":["https:\/\/www.teleclub.com.py\/index.php\/product\/perfume-maison-alhambra-glacier-pour-home-edp-masculino-100ml\/"]}]},{"@type":"ImageObject","inLanguage":"es","@id":"https:\/\/www.teleclub.com.py\/index.php\/product\/perfume-maison-alhambra-glacier-pour-home-edp-masculino-100ml\/#primaryimage","url":"https:\/\/www.teleclub.com.py\/wp-content\/uploads\/2025\/04\/p98.jpeg","contentUrl":"https:\/\/www.teleclub.com.py\/wp-content\/uploads\/2025\/04\/p98.jpeg","width":225,"height":225},{"@type":"BreadcrumbList","@id":"https:\/\/www.teleclub.com.py\/index.php\/product\/perfume-maison-alhambra-glacier-pour-home-edp-masculino-100ml\/#breadcrumb","itemListElement":[{"@type":"ListItem","position":1,"name":"Portada","item":"https:\/\/www.teleclub.com.py\/"},{"@type":"ListItem","position":2,"name":"Shop","item":"https:\/\/www.teleclub.com.py\/index.php\/shop-2\/"},{"@type":"ListItem","position":3,"name":"Perfume Maison Alhambra Glacier Pour Home EDP Masculino &#8211; 100mL"}]},{"@type":"WebSite","@id":"https:\/\/www.teleclub.com.py\/#website","url":"https:\/\/www.teleclub.com.py\/","name":"Teleclub","description":"Tu tienda online","publisher":{"@id":"https:\/\/www.teleclub.com.py\/#organization"},"potentialAction":[{"@type":"SearchAction","target":{"@type":"EntryPoint","urlTemplate":"https:\/\/www.teleclub.com.py\/?s={search_term_string}"},"query-input":{"@type":"PropertyValueSpecification","valueRequired":true,"valueName":"search_term_string"}}],"inLanguage":"es"},{"@type":"Organization","@id":"https:\/\/www.teleclub.com.py\/#organization","name":"Teleclub","url":"https:\/\/www.teleclub.com.py\/","logo":{"@type":"ImageObject","inLanguage":"es","@id":"https:\/\/www.teleclub.com.py\/#\/schema\/logo\/image\/","url":"https:\/\/www.teleclub.com.py\/wp-content\/uploads\/2024\/09\/1611317346760_TeleClub_logo_FondoBlanco-2.jpg","contentUrl":"https:\/\/www.teleclub.com.py\/wp-content\/uploads\/2024\/09\/1611317346760_TeleClub_logo_FondoBlanco-2.jpg","width":1600,"height":1600,"caption":"Teleclub"},"image":{"@id":"https:\/\/www.teleclub.com.py\/#\/schema\/logo\/image\/"},"sameAs":["https:\/\/www.facebook.com\/teleclubpy","https:\/\/www.instagram.com\/teleclubpy"]}]}},"_links":{"self":[{"href":"https:\/\/www.teleclub.com.py\/index.php\/wp-json\/wp\/v2\/product\/11619","targetHints":{"allow":["GET"]}}],"collection":[{"href":"https:\/\/www.teleclub.com.py\/index.php\/wp-json\/wp\/v2\/product"}],"about":[{"href":"https:\/\/www.teleclub.com.py\/index.php\/wp-json\/wp\/v2\/types\/product"}],"wp:featuredmedia":[{"embeddable":true,"href":"https:\/\/www.teleclub.com.py\/index.php\/wp-json\/wp\/v2\/media\/11620"}],"wp:attachment":[{"href":"https:\/\/www.teleclub.com.py\/index.php\/wp-json\/wp\/v2\/media?parent=11619"}],"wp:term":[{"taxonomy":"product_cat","embeddable":true,"href":"https:\/\/www.teleclub.com.py\/index.php\/wp-json\/wp\/v2\/product_cat?post=11619"},{"taxonomy":"product_tag","embeddable":true,"href":"https:\/\/www.teleclub.com.py\/index.php\/wp-json\/wp\/v2\/product_tag?post=11619"}],"curies":[{"name":"wp","href":"https:\/\/api.w.org\/{rel}","templated":true}]}}