{"id":11614,"date":"2025-04-11T13:56:23","date_gmt":"2025-04-11T16:56:23","guid":{"rendered":"https:\/\/www.teleclub.com.py\/?post_type=product&#038;p=11614"},"modified":"2025-04-11T13:56:24","modified_gmt":"2025-04-11T16:56:24","slug":"perfume-maison-alhambra-galatea-edp-unisex-100ml","status":"publish","type":"product","link":"https:\/\/www.teleclub.com.py\/index.php\/product\/perfume-maison-alhambra-galatea-edp-unisex-100ml\/","title":{"rendered":"Perfume Maison Alhambra  Galatea EDP Unisex &#8211; 100mL"},"content":{"rendered":"<p>Maison Alhambra Galatea es un Eau De Parfum dise\u00f1ado para el hombre sofisticado y seguro de s\u00ed mismo. Esta fragancia combina notas frescas y amaderadas, creando un aroma irresistible que deja una impresi\u00f3n duradera. Ideal para el uso diario y ocasiones especiales, Galatea es perfecto para el hombre que busca destacar con elegancia y estilo. Apl\u00edcalo en puntos de pulso para maximizar su duraci\u00f3n y deja que su aroma envolvente te acompa\u00f1e durante todo el d\u00eda.<\/p>\n<p>&nbsp;<\/p>\n","protected":false},"excerpt":{"rendered":"<p>Maison Alhambra Galatea es un Eau De Parfum dise\u00f1ado para el hombre sofisticado y seguro de s\u00ed mismo. Esta fragancia combina notas frescas y amaderadas, creando un aroma irresistible que<\/p>\n","protected":false},"featured_media":11615,"template":"","meta":{"om_disable_all_campaigns":false},"product_cat":[439],"product_tag":[],"class_list":{"0":"post-11614","1":"product","2":"type-product","3":"status-publish","4":"has-post-thumbnail","6":"product_cat-perfumes","8":"first","9":"instock","10":"shipping-taxable","11":"purchasable","12":"product-type-simple"},"yoast_head":"<!-- This site is optimized with the Yoast SEO plugin v23.6 - https:\/\/yoast.com\/wordpress\/plugins\/seo\/ -->\n<title>Perfume Maison Alhambra Galatea EDP Unisex - 100mL - Teleclub<\/title>\n<meta name=\"description\" content=\"Descubre los mejores perfumes en TeleClub. Fragancias originales para mujer y hombre al mejor precio. \u00a1Elige tu aroma ideal hoy!\" \/>\n<meta name=\"robots\" content=\"index, follow, max-snippet:-1, max-image-preview:large, max-video-preview:-1\" \/>\n<link rel=\"canonical\" href=\"https:\/\/www.teleclub.com.py\/index.php\/product\/perfume-maison-alhambra-galatea-edp-unisex-100ml\/\" \/>\n<meta property=\"og:locale\" content=\"es_ES\" \/>\n<meta property=\"og:type\" content=\"article\" \/>\n<meta property=\"og:title\" content=\"Perfume Maison Alhambra Galatea EDP Unisex - 100mL - Teleclub\" \/>\n<meta property=\"og:description\" content=\"Descubre los mejores perfumes en TeleClub. Fragancias originales para mujer y hombre al mejor precio. \u00a1Elige tu aroma ideal hoy!\" \/>\n<meta property=\"og:url\" content=\"https:\/\/www.teleclub.com.py\/index.php\/product\/perfume-maison-alhambra-galatea-edp-unisex-100ml\/\" \/>\n<meta property=\"og:site_name\" content=\"Teleclub\" \/>\n<meta property=\"article:publisher\" content=\"https:\/\/www.facebook.com\/teleclubpy\" \/>\n<meta property=\"article:modified_time\" content=\"2025-04-11T16:56:24+00:00\" \/>\n<meta property=\"og:image\" content=\"https:\/\/www.teleclub.com.py\/wp-content\/uploads\/2025\/04\/p96.jpeg\" \/>\n\t<meta property=\"og:image:width\" content=\"225\" \/>\n\t<meta property=\"og:image:height\" content=\"225\" \/>\n\t<meta property=\"og:image:type\" content=\"image\/jpeg\" \/>\n<meta name=\"twitter:card\" content=\"summary_large_image\" \/>\n<meta name=\"twitter:label1\" content=\"Tiempo de lectura\" \/>\n\t<meta name=\"twitter:data1\" content=\"1 minuto\" \/>\n<script type=\"application\/ld+json\" class=\"yoast-schema-graph\">{\"@context\":\"https:\/\/schema.org\",\"@graph\":[{\"@type\":\"WebPage\",\"@id\":\"https:\/\/www.teleclub.com.py\/index.php\/product\/perfume-maison-alhambra-galatea-edp-unisex-100ml\/\",\"url\":\"https:\/\/www.teleclub.com.py\/index.php\/product\/perfume-maison-alhambra-galatea-edp-unisex-100ml\/\",\"name\":\"Perfume Maison Alhambra Galatea EDP Unisex - 100mL - Teleclub\",\"isPartOf\":{\"@id\":\"https:\/\/www.teleclub.com.py\/#website\"},\"primaryImageOfPage\":{\"@id\":\"https:\/\/www.teleclub.com.py\/index.php\/product\/perfume-maison-alhambra-galatea-edp-unisex-100ml\/#primaryimage\"},\"image\":{\"@id\":\"https:\/\/www.teleclub.com.py\/index.php\/product\/perfume-maison-alhambra-galatea-edp-unisex-100ml\/#primaryimage\"},\"thumbnailUrl\":\"https:\/\/www.teleclub.com.py\/wp-content\/uploads\/2025\/04\/p96.jpeg\",\"datePublished\":\"2025-04-11T16:56:23+00:00\",\"dateModified\":\"2025-04-11T16:56:24+00:00\",\"description\":\"Descubre los mejores perfumes en TeleClub. Fragancias originales para mujer y hombre al mejor precio. \u00a1Elige tu aroma ideal hoy!\",\"breadcrumb\":{\"@id\":\"https:\/\/www.teleclub.com.py\/index.php\/product\/perfume-maison-alhambra-galatea-edp-unisex-100ml\/#breadcrumb\"},\"inLanguage\":\"es\",\"potentialAction\":[{\"@type\":\"ReadAction\",\"target\":[\"https:\/\/www.teleclub.com.py\/index.php\/product\/perfume-maison-alhambra-galatea-edp-unisex-100ml\/\"]}]},{\"@type\":\"ImageObject\",\"inLanguage\":\"es\",\"@id\":\"https:\/\/www.teleclub.com.py\/index.php\/product\/perfume-maison-alhambra-galatea-edp-unisex-100ml\/#primaryimage\",\"url\":\"https:\/\/www.teleclub.com.py\/wp-content\/uploads\/2025\/04\/p96.jpeg\",\"contentUrl\":\"https:\/\/www.teleclub.com.py\/wp-content\/uploads\/2025\/04\/p96.jpeg\",\"width\":225,\"height\":225},{\"@type\":\"BreadcrumbList\",\"@id\":\"https:\/\/www.teleclub.com.py\/index.php\/product\/perfume-maison-alhambra-galatea-edp-unisex-100ml\/#breadcrumb\",\"itemListElement\":[{\"@type\":\"ListItem\",\"position\":1,\"name\":\"Portada\",\"item\":\"https:\/\/www.teleclub.com.py\/\"},{\"@type\":\"ListItem\",\"position\":2,\"name\":\"Shop\",\"item\":\"https:\/\/www.teleclub.com.py\/index.php\/shop-2\/\"},{\"@type\":\"ListItem\",\"position\":3,\"name\":\"Perfume Maison Alhambra Galatea EDP Unisex &#8211; 100mL\"}]},{\"@type\":\"WebSite\",\"@id\":\"https:\/\/www.teleclub.com.py\/#website\",\"url\":\"https:\/\/www.teleclub.com.py\/\",\"name\":\"Teleclub\",\"description\":\"Tu tienda online\",\"publisher\":{\"@id\":\"https:\/\/www.teleclub.com.py\/#organization\"},\"potentialAction\":[{\"@type\":\"SearchAction\",\"target\":{\"@type\":\"EntryPoint\",\"urlTemplate\":\"https:\/\/www.teleclub.com.py\/?s={search_term_string}\"},\"query-input\":{\"@type\":\"PropertyValueSpecification\",\"valueRequired\":true,\"valueName\":\"search_term_string\"}}],\"inLanguage\":\"es\"},{\"@type\":\"Organization\",\"@id\":\"https:\/\/www.teleclub.com.py\/#organization\",\"name\":\"Teleclub\",\"url\":\"https:\/\/www.teleclub.com.py\/\",\"logo\":{\"@type\":\"ImageObject\",\"inLanguage\":\"es\",\"@id\":\"https:\/\/www.teleclub.com.py\/#\/schema\/logo\/image\/\",\"url\":\"https:\/\/www.teleclub.com.py\/wp-content\/uploads\/2024\/09\/1611317346760_TeleClub_logo_FondoBlanco-2.jpg\",\"contentUrl\":\"https:\/\/www.teleclub.com.py\/wp-content\/uploads\/2024\/09\/1611317346760_TeleClub_logo_FondoBlanco-2.jpg\",\"width\":1600,\"height\":1600,\"caption\":\"Teleclub\"},\"image\":{\"@id\":\"https:\/\/www.teleclub.com.py\/#\/schema\/logo\/image\/\"},\"sameAs\":[\"https:\/\/www.facebook.com\/teleclubpy\",\"https:\/\/www.instagram.com\/teleclubpy\"]}]}<\/script>\n<!-- \/ Yoast SEO plugin. -->","yoast_head_json":{"title":"Perfume Maison Alhambra Galatea EDP Unisex - 100mL - Teleclub","description":"Descubre los mejores perfumes en TeleClub. Fragancias originales para mujer y hombre al mejor precio. \u00a1Elige tu aroma ideal hoy!","robots":{"index":"index","follow":"follow","max-snippet":"max-snippet:-1","max-image-preview":"max-image-preview:large","max-video-preview":"max-video-preview:-1"},"canonical":"https:\/\/www.teleclub.com.py\/index.php\/product\/perfume-maison-alhambra-galatea-edp-unisex-100ml\/","og_locale":"es_ES","og_type":"article","og_title":"Perfume Maison Alhambra Galatea EDP Unisex - 100mL - Teleclub","og_description":"Descubre los mejores perfumes en TeleClub. Fragancias originales para mujer y hombre al mejor precio. \u00a1Elige tu aroma ideal hoy!","og_url":"https:\/\/www.teleclub.com.py\/index.php\/product\/perfume-maison-alhambra-galatea-edp-unisex-100ml\/","og_site_name":"Teleclub","article_publisher":"https:\/\/www.facebook.com\/teleclubpy","article_modified_time":"2025-04-11T16:56:24+00:00","og_image":[{"width":225,"height":225,"url":"https:\/\/www.teleclub.com.py\/wp-content\/uploads\/2025\/04\/p96.jpeg","type":"image\/jpeg"}],"twitter_card":"summary_large_image","twitter_misc":{"Tiempo de lectura":"1 minuto"},"schema":{"@context":"https:\/\/schema.org","@graph":[{"@type":"WebPage","@id":"https:\/\/www.teleclub.com.py\/index.php\/product\/perfume-maison-alhambra-galatea-edp-unisex-100ml\/","url":"https:\/\/www.teleclub.com.py\/index.php\/product\/perfume-maison-alhambra-galatea-edp-unisex-100ml\/","name":"Perfume Maison Alhambra Galatea EDP Unisex - 100mL - Teleclub","isPartOf":{"@id":"https:\/\/www.teleclub.com.py\/#website"},"primaryImageOfPage":{"@id":"https:\/\/www.teleclub.com.py\/index.php\/product\/perfume-maison-alhambra-galatea-edp-unisex-100ml\/#primaryimage"},"image":{"@id":"https:\/\/www.teleclub.com.py\/index.php\/product\/perfume-maison-alhambra-galatea-edp-unisex-100ml\/#primaryimage"},"thumbnailUrl":"https:\/\/www.teleclub.com.py\/wp-content\/uploads\/2025\/04\/p96.jpeg","datePublished":"2025-04-11T16:56:23+00:00","dateModified":"2025-04-11T16:56:24+00:00","description":"Descubre los mejores perfumes en TeleClub. Fragancias originales para mujer y hombre al mejor precio. \u00a1Elige tu aroma ideal hoy!","breadcrumb":{"@id":"https:\/\/www.teleclub.com.py\/index.php\/product\/perfume-maison-alhambra-galatea-edp-unisex-100ml\/#breadcrumb"},"inLanguage":"es","potentialAction":[{"@type":"ReadAction","target":["https:\/\/www.teleclub.com.py\/index.php\/product\/perfume-maison-alhambra-galatea-edp-unisex-100ml\/"]}]},{"@type":"ImageObject","inLanguage":"es","@id":"https:\/\/www.teleclub.com.py\/index.php\/product\/perfume-maison-alhambra-galatea-edp-unisex-100ml\/#primaryimage","url":"https:\/\/www.teleclub.com.py\/wp-content\/uploads\/2025\/04\/p96.jpeg","contentUrl":"https:\/\/www.teleclub.com.py\/wp-content\/uploads\/2025\/04\/p96.jpeg","width":225,"height":225},{"@type":"BreadcrumbList","@id":"https:\/\/www.teleclub.com.py\/index.php\/product\/perfume-maison-alhambra-galatea-edp-unisex-100ml\/#breadcrumb","itemListElement":[{"@type":"ListItem","position":1,"name":"Portada","item":"https:\/\/www.teleclub.com.py\/"},{"@type":"ListItem","position":2,"name":"Shop","item":"https:\/\/www.teleclub.com.py\/index.php\/shop-2\/"},{"@type":"ListItem","position":3,"name":"Perfume Maison Alhambra Galatea EDP Unisex &#8211; 100mL"}]},{"@type":"WebSite","@id":"https:\/\/www.teleclub.com.py\/#website","url":"https:\/\/www.teleclub.com.py\/","name":"Teleclub","description":"Tu tienda online","publisher":{"@id":"https:\/\/www.teleclub.com.py\/#organization"},"potentialAction":[{"@type":"SearchAction","target":{"@type":"EntryPoint","urlTemplate":"https:\/\/www.teleclub.com.py\/?s={search_term_string}"},"query-input":{"@type":"PropertyValueSpecification","valueRequired":true,"valueName":"search_term_string"}}],"inLanguage":"es"},{"@type":"Organization","@id":"https:\/\/www.teleclub.com.py\/#organization","name":"Teleclub","url":"https:\/\/www.teleclub.com.py\/","logo":{"@type":"ImageObject","inLanguage":"es","@id":"https:\/\/www.teleclub.com.py\/#\/schema\/logo\/image\/","url":"https:\/\/www.teleclub.com.py\/wp-content\/uploads\/2024\/09\/1611317346760_TeleClub_logo_FondoBlanco-2.jpg","contentUrl":"https:\/\/www.teleclub.com.py\/wp-content\/uploads\/2024\/09\/1611317346760_TeleClub_logo_FondoBlanco-2.jpg","width":1600,"height":1600,"caption":"Teleclub"},"image":{"@id":"https:\/\/www.teleclub.com.py\/#\/schema\/logo\/image\/"},"sameAs":["https:\/\/www.facebook.com\/teleclubpy","https:\/\/www.instagram.com\/teleclubpy"]}]}},"_links":{"self":[{"href":"https:\/\/www.teleclub.com.py\/index.php\/wp-json\/wp\/v2\/product\/11614","targetHints":{"allow":["GET"]}}],"collection":[{"href":"https:\/\/www.teleclub.com.py\/index.php\/wp-json\/wp\/v2\/product"}],"about":[{"href":"https:\/\/www.teleclub.com.py\/index.php\/wp-json\/wp\/v2\/types\/product"}],"wp:featuredmedia":[{"embeddable":true,"href":"https:\/\/www.teleclub.com.py\/index.php\/wp-json\/wp\/v2\/media\/11615"}],"wp:attachment":[{"href":"https:\/\/www.teleclub.com.py\/index.php\/wp-json\/wp\/v2\/media?parent=11614"}],"wp:term":[{"taxonomy":"product_cat","embeddable":true,"href":"https:\/\/www.teleclub.com.py\/index.php\/wp-json\/wp\/v2\/product_cat?post=11614"},{"taxonomy":"product_tag","embeddable":true,"href":"https:\/\/www.teleclub.com.py\/index.php\/wp-json\/wp\/v2\/product_tag?post=11614"}],"curies":[{"name":"wp","href":"https:\/\/api.w.org\/{rel}","templated":true}]}}