{"id":11439,"date":"2025-04-10T18:33:02","date_gmt":"2025-04-10T21:33:02","guid":{"rendered":"https:\/\/www.teleclub.com.py\/?post_type=product&#038;p=11439"},"modified":"2025-04-10T18:33:02","modified_gmt":"2025-04-10T21:33:02","slug":"perfume-lattafa-badee-al-oud-sublime-edp-unisex-100ml","status":"publish","type":"product","link":"https:\/\/www.teleclub.com.py\/index.php\/product\/perfume-lattafa-badee-al-oud-sublime-edp-unisex-100ml\/","title":{"rendered":"Perfume Lattafa Badee Al  Oud Sublime EDP Unisex  100mL"},"content":{"rendered":"<p>Una fragancia que envuelve con su esencia \u00fanica, donde las notas frutales y florales se entrelazan en una sinfon\u00eda olfativa cautivadora.<\/p>\n<h2>Resumen de Bade&#8217;e Al Oud Sublime<\/h2>\n<p>Bade&#8217;e Al Oud Sublime, lanzada en 2023 por Lattafa Perfumes, es una fragancia de la familia olfativa Amaderada Arom\u00e1tica dise\u00f1ada tanto para hombres como para mujeres. Con una calificaci\u00f3n de 4.32 sobre 5 y basada en 783 votos, esta fragancia destaca por su equilibrio entre notas frutales y florales, orientada a aquellos que buscan una presencia \u00fanica y distinguida.<\/p>\n<h3>Notas arom\u00e1ticas<\/h3>\n<ul>\n<li><strong>Notas de Salida:<\/strong>\u00a0Manzana, lichi, rosa<\/li>\n<li><strong>Notas de Coraz\u00f3n:<\/strong>\u00a0Ciruela, jazm\u00edn<\/li>\n<li><strong>Notas de Fondo:<\/strong>\u00a0Musgo, vainilla, pachul\u00ed<\/li>\n<\/ul>\n<h3>Caracter\u00edsticas destacadas<\/h3>\n<ul>\n<li><strong>Duraci\u00f3n:<\/strong>\u00a0Larga duraci\u00f3n, hasta 24 horas<\/li>\n<li><strong>Proyecci\u00f3n:<\/strong>\u00a0Alta, sin ser intrusiva<\/li>\n<li><strong>Versatilidad:<\/strong>\u00a0Adecuada para uso diario<\/li>\n<\/ul>\n","protected":false},"excerpt":{"rendered":"<p>Una fragancia que envuelve con su esencia \u00fanica, donde las notas frutales y florales se entrelazan en una sinfon\u00eda olfativa cautivadora. Resumen de Bade&#8217;e Al Oud Sublime Bade&#8217;e Al Oud<\/p>\n","protected":false},"featured_media":11440,"template":"","meta":{"om_disable_all_campaigns":false},"product_cat":[439],"product_tag":[],"class_list":{"0":"post-11439","1":"product","2":"type-product","3":"status-publish","4":"has-post-thumbnail","6":"product_cat-perfumes","8":"first","9":"instock","10":"shipping-taxable","11":"purchasable","12":"product-type-simple"},"yoast_head":"<!-- This site is optimized with the Yoast SEO plugin v23.6 - https:\/\/yoast.com\/wordpress\/plugins\/seo\/ -->\n<title>Perfume Lattafa Badee Al Oud Sublime EDP Unisex 100mL - Teleclub<\/title>\n<meta name=\"description\" content=\"Descubre en Teleclub los perfumes m\u00e1s exclusivos. Fragancias originales, env\u00edo r\u00e1pido y precios irresistibles. \u00a1Haz de cada d\u00eda una experiencia \u00fanica!\" \/>\n<meta name=\"robots\" content=\"index, follow, max-snippet:-1, max-image-preview:large, max-video-preview:-1\" \/>\n<link rel=\"canonical\" href=\"https:\/\/www.teleclub.com.py\/index.php\/product\/perfume-lattafa-badee-al-oud-sublime-edp-unisex-100ml\/\" \/>\n<meta property=\"og:locale\" content=\"es_ES\" \/>\n<meta property=\"og:type\" content=\"article\" \/>\n<meta property=\"og:title\" content=\"Perfume Lattafa Badee Al Oud Sublime EDP Unisex 100mL - Teleclub\" \/>\n<meta property=\"og:description\" content=\"Descubre en Teleclub los perfumes m\u00e1s exclusivos. Fragancias originales, env\u00edo r\u00e1pido y precios irresistibles. \u00a1Haz de cada d\u00eda una experiencia \u00fanica!\" \/>\n<meta property=\"og:url\" content=\"https:\/\/www.teleclub.com.py\/index.php\/product\/perfume-lattafa-badee-al-oud-sublime-edp-unisex-100ml\/\" \/>\n<meta property=\"og:site_name\" content=\"Teleclub\" \/>\n<meta property=\"article:publisher\" content=\"https:\/\/www.facebook.com\/teleclubpy\" \/>\n<meta property=\"og:image\" content=\"https:\/\/www.teleclub.com.py\/wp-content\/uploads\/2025\/04\/p13.jpeg\" \/>\n\t<meta property=\"og:image:width\" content=\"225\" \/>\n\t<meta property=\"og:image:height\" content=\"225\" \/>\n\t<meta property=\"og:image:type\" content=\"image\/jpeg\" \/>\n<meta name=\"twitter:card\" content=\"summary_large_image\" \/>\n<meta name=\"twitter:label1\" content=\"Tiempo de lectura\" \/>\n\t<meta name=\"twitter:data1\" content=\"1 minuto\" \/>\n<script type=\"application\/ld+json\" class=\"yoast-schema-graph\">{\"@context\":\"https:\/\/schema.org\",\"@graph\":[{\"@type\":\"WebPage\",\"@id\":\"https:\/\/www.teleclub.com.py\/index.php\/product\/perfume-lattafa-badee-al-oud-sublime-edp-unisex-100ml\/\",\"url\":\"https:\/\/www.teleclub.com.py\/index.php\/product\/perfume-lattafa-badee-al-oud-sublime-edp-unisex-100ml\/\",\"name\":\"Perfume Lattafa Badee Al Oud Sublime EDP Unisex 100mL - Teleclub\",\"isPartOf\":{\"@id\":\"https:\/\/www.teleclub.com.py\/#website\"},\"primaryImageOfPage\":{\"@id\":\"https:\/\/www.teleclub.com.py\/index.php\/product\/perfume-lattafa-badee-al-oud-sublime-edp-unisex-100ml\/#primaryimage\"},\"image\":{\"@id\":\"https:\/\/www.teleclub.com.py\/index.php\/product\/perfume-lattafa-badee-al-oud-sublime-edp-unisex-100ml\/#primaryimage\"},\"thumbnailUrl\":\"https:\/\/www.teleclub.com.py\/wp-content\/uploads\/2025\/04\/p13.jpeg\",\"datePublished\":\"2025-04-10T21:33:02+00:00\",\"dateModified\":\"2025-04-10T21:33:02+00:00\",\"description\":\"Descubre en Teleclub los perfumes m\u00e1s exclusivos. Fragancias originales, env\u00edo r\u00e1pido y precios irresistibles. \u00a1Haz de cada d\u00eda una experiencia \u00fanica!\",\"breadcrumb\":{\"@id\":\"https:\/\/www.teleclub.com.py\/index.php\/product\/perfume-lattafa-badee-al-oud-sublime-edp-unisex-100ml\/#breadcrumb\"},\"inLanguage\":\"es\",\"potentialAction\":[{\"@type\":\"ReadAction\",\"target\":[\"https:\/\/www.teleclub.com.py\/index.php\/product\/perfume-lattafa-badee-al-oud-sublime-edp-unisex-100ml\/\"]}]},{\"@type\":\"ImageObject\",\"inLanguage\":\"es\",\"@id\":\"https:\/\/www.teleclub.com.py\/index.php\/product\/perfume-lattafa-badee-al-oud-sublime-edp-unisex-100ml\/#primaryimage\",\"url\":\"https:\/\/www.teleclub.com.py\/wp-content\/uploads\/2025\/04\/p13.jpeg\",\"contentUrl\":\"https:\/\/www.teleclub.com.py\/wp-content\/uploads\/2025\/04\/p13.jpeg\",\"width\":225,\"height\":225},{\"@type\":\"BreadcrumbList\",\"@id\":\"https:\/\/www.teleclub.com.py\/index.php\/product\/perfume-lattafa-badee-al-oud-sublime-edp-unisex-100ml\/#breadcrumb\",\"itemListElement\":[{\"@type\":\"ListItem\",\"position\":1,\"name\":\"Portada\",\"item\":\"https:\/\/www.teleclub.com.py\/\"},{\"@type\":\"ListItem\",\"position\":2,\"name\":\"Shop\",\"item\":\"https:\/\/www.teleclub.com.py\/index.php\/shop-2\/\"},{\"@type\":\"ListItem\",\"position\":3,\"name\":\"Perfume Lattafa Badee Al Oud Sublime EDP Unisex 100mL\"}]},{\"@type\":\"WebSite\",\"@id\":\"https:\/\/www.teleclub.com.py\/#website\",\"url\":\"https:\/\/www.teleclub.com.py\/\",\"name\":\"Teleclub\",\"description\":\"Tu tienda online\",\"publisher\":{\"@id\":\"https:\/\/www.teleclub.com.py\/#organization\"},\"potentialAction\":[{\"@type\":\"SearchAction\",\"target\":{\"@type\":\"EntryPoint\",\"urlTemplate\":\"https:\/\/www.teleclub.com.py\/?s={search_term_string}\"},\"query-input\":{\"@type\":\"PropertyValueSpecification\",\"valueRequired\":true,\"valueName\":\"search_term_string\"}}],\"inLanguage\":\"es\"},{\"@type\":\"Organization\",\"@id\":\"https:\/\/www.teleclub.com.py\/#organization\",\"name\":\"Teleclub\",\"url\":\"https:\/\/www.teleclub.com.py\/\",\"logo\":{\"@type\":\"ImageObject\",\"inLanguage\":\"es\",\"@id\":\"https:\/\/www.teleclub.com.py\/#\/schema\/logo\/image\/\",\"url\":\"https:\/\/www.teleclub.com.py\/wp-content\/uploads\/2024\/09\/1611317346760_TeleClub_logo_FondoBlanco-2.jpg\",\"contentUrl\":\"https:\/\/www.teleclub.com.py\/wp-content\/uploads\/2024\/09\/1611317346760_TeleClub_logo_FondoBlanco-2.jpg\",\"width\":1600,\"height\":1600,\"caption\":\"Teleclub\"},\"image\":{\"@id\":\"https:\/\/www.teleclub.com.py\/#\/schema\/logo\/image\/\"},\"sameAs\":[\"https:\/\/www.facebook.com\/teleclubpy\",\"https:\/\/www.instagram.com\/teleclubpy\"]}]}<\/script>\n<!-- \/ Yoast SEO plugin. -->","yoast_head_json":{"title":"Perfume Lattafa Badee Al Oud Sublime EDP Unisex 100mL - Teleclub","description":"Descubre en Teleclub los perfumes m\u00e1s exclusivos. Fragancias originales, env\u00edo r\u00e1pido y precios irresistibles. \u00a1Haz de cada d\u00eda una experiencia \u00fanica!","robots":{"index":"index","follow":"follow","max-snippet":"max-snippet:-1","max-image-preview":"max-image-preview:large","max-video-preview":"max-video-preview:-1"},"canonical":"https:\/\/www.teleclub.com.py\/index.php\/product\/perfume-lattafa-badee-al-oud-sublime-edp-unisex-100ml\/","og_locale":"es_ES","og_type":"article","og_title":"Perfume Lattafa Badee Al Oud Sublime EDP Unisex 100mL - Teleclub","og_description":"Descubre en Teleclub los perfumes m\u00e1s exclusivos. Fragancias originales, env\u00edo r\u00e1pido y precios irresistibles. \u00a1Haz de cada d\u00eda una experiencia \u00fanica!","og_url":"https:\/\/www.teleclub.com.py\/index.php\/product\/perfume-lattafa-badee-al-oud-sublime-edp-unisex-100ml\/","og_site_name":"Teleclub","article_publisher":"https:\/\/www.facebook.com\/teleclubpy","og_image":[{"width":225,"height":225,"url":"https:\/\/www.teleclub.com.py\/wp-content\/uploads\/2025\/04\/p13.jpeg","type":"image\/jpeg"}],"twitter_card":"summary_large_image","twitter_misc":{"Tiempo de lectura":"1 minuto"},"schema":{"@context":"https:\/\/schema.org","@graph":[{"@type":"WebPage","@id":"https:\/\/www.teleclub.com.py\/index.php\/product\/perfume-lattafa-badee-al-oud-sublime-edp-unisex-100ml\/","url":"https:\/\/www.teleclub.com.py\/index.php\/product\/perfume-lattafa-badee-al-oud-sublime-edp-unisex-100ml\/","name":"Perfume Lattafa Badee Al Oud Sublime EDP Unisex 100mL - Teleclub","isPartOf":{"@id":"https:\/\/www.teleclub.com.py\/#website"},"primaryImageOfPage":{"@id":"https:\/\/www.teleclub.com.py\/index.php\/product\/perfume-lattafa-badee-al-oud-sublime-edp-unisex-100ml\/#primaryimage"},"image":{"@id":"https:\/\/www.teleclub.com.py\/index.php\/product\/perfume-lattafa-badee-al-oud-sublime-edp-unisex-100ml\/#primaryimage"},"thumbnailUrl":"https:\/\/www.teleclub.com.py\/wp-content\/uploads\/2025\/04\/p13.jpeg","datePublished":"2025-04-10T21:33:02+00:00","dateModified":"2025-04-10T21:33:02+00:00","description":"Descubre en Teleclub los perfumes m\u00e1s exclusivos. Fragancias originales, env\u00edo r\u00e1pido y precios irresistibles. \u00a1Haz de cada d\u00eda una experiencia \u00fanica!","breadcrumb":{"@id":"https:\/\/www.teleclub.com.py\/index.php\/product\/perfume-lattafa-badee-al-oud-sublime-edp-unisex-100ml\/#breadcrumb"},"inLanguage":"es","potentialAction":[{"@type":"ReadAction","target":["https:\/\/www.teleclub.com.py\/index.php\/product\/perfume-lattafa-badee-al-oud-sublime-edp-unisex-100ml\/"]}]},{"@type":"ImageObject","inLanguage":"es","@id":"https:\/\/www.teleclub.com.py\/index.php\/product\/perfume-lattafa-badee-al-oud-sublime-edp-unisex-100ml\/#primaryimage","url":"https:\/\/www.teleclub.com.py\/wp-content\/uploads\/2025\/04\/p13.jpeg","contentUrl":"https:\/\/www.teleclub.com.py\/wp-content\/uploads\/2025\/04\/p13.jpeg","width":225,"height":225},{"@type":"BreadcrumbList","@id":"https:\/\/www.teleclub.com.py\/index.php\/product\/perfume-lattafa-badee-al-oud-sublime-edp-unisex-100ml\/#breadcrumb","itemListElement":[{"@type":"ListItem","position":1,"name":"Portada","item":"https:\/\/www.teleclub.com.py\/"},{"@type":"ListItem","position":2,"name":"Shop","item":"https:\/\/www.teleclub.com.py\/index.php\/shop-2\/"},{"@type":"ListItem","position":3,"name":"Perfume Lattafa Badee Al Oud Sublime EDP Unisex 100mL"}]},{"@type":"WebSite","@id":"https:\/\/www.teleclub.com.py\/#website","url":"https:\/\/www.teleclub.com.py\/","name":"Teleclub","description":"Tu tienda online","publisher":{"@id":"https:\/\/www.teleclub.com.py\/#organization"},"potentialAction":[{"@type":"SearchAction","target":{"@type":"EntryPoint","urlTemplate":"https:\/\/www.teleclub.com.py\/?s={search_term_string}"},"query-input":{"@type":"PropertyValueSpecification","valueRequired":true,"valueName":"search_term_string"}}],"inLanguage":"es"},{"@type":"Organization","@id":"https:\/\/www.teleclub.com.py\/#organization","name":"Teleclub","url":"https:\/\/www.teleclub.com.py\/","logo":{"@type":"ImageObject","inLanguage":"es","@id":"https:\/\/www.teleclub.com.py\/#\/schema\/logo\/image\/","url":"https:\/\/www.teleclub.com.py\/wp-content\/uploads\/2024\/09\/1611317346760_TeleClub_logo_FondoBlanco-2.jpg","contentUrl":"https:\/\/www.teleclub.com.py\/wp-content\/uploads\/2024\/09\/1611317346760_TeleClub_logo_FondoBlanco-2.jpg","width":1600,"height":1600,"caption":"Teleclub"},"image":{"@id":"https:\/\/www.teleclub.com.py\/#\/schema\/logo\/image\/"},"sameAs":["https:\/\/www.facebook.com\/teleclubpy","https:\/\/www.instagram.com\/teleclubpy"]}]}},"_links":{"self":[{"href":"https:\/\/www.teleclub.com.py\/index.php\/wp-json\/wp\/v2\/product\/11439","targetHints":{"allow":["GET"]}}],"collection":[{"href":"https:\/\/www.teleclub.com.py\/index.php\/wp-json\/wp\/v2\/product"}],"about":[{"href":"https:\/\/www.teleclub.com.py\/index.php\/wp-json\/wp\/v2\/types\/product"}],"wp:featuredmedia":[{"embeddable":true,"href":"https:\/\/www.teleclub.com.py\/index.php\/wp-json\/wp\/v2\/media\/11440"}],"wp:attachment":[{"href":"https:\/\/www.teleclub.com.py\/index.php\/wp-json\/wp\/v2\/media?parent=11439"}],"wp:term":[{"taxonomy":"product_cat","embeddable":true,"href":"https:\/\/www.teleclub.com.py\/index.php\/wp-json\/wp\/v2\/product_cat?post=11439"},{"taxonomy":"product_tag","embeddable":true,"href":"https:\/\/www.teleclub.com.py\/index.php\/wp-json\/wp\/v2\/product_tag?post=11439"}],"curies":[{"name":"wp","href":"https:\/\/api.w.org\/{rel}","templated":true}]}}