{"id":11295,"date":"2025-01-23T11:29:07","date_gmt":"2025-01-23T14:29:07","guid":{"rendered":"https:\/\/www.teleclub.com.py\/?post_type=product&#038;p=11295"},"modified":"2025-01-24T10:23:24","modified_gmt":"2025-01-24T13:23:24","slug":"transmisor-inalambrico-hdmi-50-mts-5-8g","status":"publish","type":"product","link":"https:\/\/www.teleclub.com.py\/index.php\/product\/transmisor-inalambrico-hdmi-50-mts-5-8g\/","title":{"rendered":"TRANSMISOR INALAMBRICO HDMI 50 MTS 5.8G"},"content":{"rendered":"","protected":false},"excerpt":{"rendered":"<p><strong><span class=\"Y2IQFc\" lang=\"es\">Elimina el cable hdmi y pasa a ser inal\u00e1mbrico<\/span><\/strong><\/p>\n<p>El transmisor y receptor HDMI inal\u00e1mbrico 5.8G es una soluci\u00f3n potente y confiable para transferir de forma inal\u00e1mbrica se\u00f1ales de audio y video de alta calidad de un dispositivo HDMI a otro. Este transmisor y receptor es perfecto para el hogar, la oficina o la escuela siempre que sea necesario transferir v\u00eddeos, pel\u00edculas, juegos o presentaciones de forma inal\u00e1mbrica.<\/p>\n","protected":false},"featured_media":11297,"template":"","meta":{"om_disable_all_campaigns":false},"product_cat":[270,254,263,258],"product_tag":[],"class_list":{"0":"post-11295","1":"product","2":"type-product","3":"status-publish","4":"has-post-thumbnail","6":"product_cat-accesorios-electronica","7":"product_cat-electronica","8":"product_cat-televisores","9":"product_cat-video","11":"first","12":"instock","13":"shipping-taxable","14":"purchasable","15":"product-type-simple"},"yoast_head":"<!-- This site is optimized with the Yoast SEO plugin v23.6 - https:\/\/yoast.com\/wordpress\/plugins\/seo\/ -->\n<title>TRANSMISOR INALAMBRICO HDMI 50 MTS 5.8G - Teleclub<\/title>\n<meta name=\"description\" content=\"Transmisor inal\u00e1mbrico HDMI con alcance de 50 mts. Disfruta de video Full HD sin cables, ideal para presentaciones, entretenimiento y m\u00e1s. Compra Ahora!\" \/>\n<meta name=\"robots\" content=\"index, follow, max-snippet:-1, max-image-preview:large, max-video-preview:-1\" \/>\n<link rel=\"canonical\" href=\"https:\/\/www.teleclub.com.py\/index.php\/product\/transmisor-inalambrico-hdmi-50-mts-5-8g\/\" \/>\n<meta property=\"og:locale\" content=\"es_ES\" \/>\n<meta property=\"og:type\" content=\"article\" \/>\n<meta property=\"og:title\" content=\"TRANSMISOR INALAMBRICO HDMI 50 MTS 5.8G - Teleclub\" \/>\n<meta property=\"og:description\" content=\"Transmisor inal\u00e1mbrico HDMI con alcance de 50 mts. Disfruta de video Full HD sin cables, ideal para presentaciones, entretenimiento y m\u00e1s. Compra Ahora!\" \/>\n<meta property=\"og:url\" content=\"https:\/\/www.teleclub.com.py\/index.php\/product\/transmisor-inalambrico-hdmi-50-mts-5-8g\/\" \/>\n<meta property=\"og:site_name\" content=\"Teleclub\" \/>\n<meta property=\"article:publisher\" content=\"https:\/\/www.facebook.com\/teleclubpy\" \/>\n<meta property=\"article:modified_time\" content=\"2025-01-24T13:23:24+00:00\" \/>\n<meta property=\"og:image\" content=\"https:\/\/www.teleclub.com.py\/wp-content\/uploads\/2025\/01\/hdmi-extender.png\" \/>\n\t<meta property=\"og:image:width\" content=\"1000\" \/>\n\t<meta property=\"og:image:height\" content=\"1300\" \/>\n\t<meta property=\"og:image:type\" content=\"image\/png\" \/>\n<meta name=\"twitter:card\" content=\"summary_large_image\" \/>\n<meta name=\"twitter:label1\" content=\"Tiempo de lectura\" \/>\n\t<meta name=\"twitter:data1\" content=\"1 minuto\" \/>\n<script type=\"application\/ld+json\" class=\"yoast-schema-graph\">{\"@context\":\"https:\/\/schema.org\",\"@graph\":[{\"@type\":\"WebPage\",\"@id\":\"https:\/\/www.teleclub.com.py\/index.php\/product\/transmisor-inalambrico-hdmi-50-mts-5-8g\/\",\"url\":\"https:\/\/www.teleclub.com.py\/index.php\/product\/transmisor-inalambrico-hdmi-50-mts-5-8g\/\",\"name\":\"TRANSMISOR INALAMBRICO HDMI 50 MTS 5.8G - Teleclub\",\"isPartOf\":{\"@id\":\"https:\/\/www.teleclub.com.py\/#website\"},\"primaryImageOfPage\":{\"@id\":\"https:\/\/www.teleclub.com.py\/index.php\/product\/transmisor-inalambrico-hdmi-50-mts-5-8g\/#primaryimage\"},\"image\":{\"@id\":\"https:\/\/www.teleclub.com.py\/index.php\/product\/transmisor-inalambrico-hdmi-50-mts-5-8g\/#primaryimage\"},\"thumbnailUrl\":\"https:\/\/www.teleclub.com.py\/wp-content\/uploads\/2025\/01\/hdmi-extender.png\",\"datePublished\":\"2025-01-23T14:29:07+00:00\",\"dateModified\":\"2025-01-24T13:23:24+00:00\",\"description\":\"Transmisor inal\u00e1mbrico HDMI con alcance de 50 mts. Disfruta de video Full HD sin cables, ideal para presentaciones, entretenimiento y m\u00e1s. Compra Ahora!\",\"breadcrumb\":{\"@id\":\"https:\/\/www.teleclub.com.py\/index.php\/product\/transmisor-inalambrico-hdmi-50-mts-5-8g\/#breadcrumb\"},\"inLanguage\":\"es\",\"potentialAction\":[{\"@type\":\"ReadAction\",\"target\":[\"https:\/\/www.teleclub.com.py\/index.php\/product\/transmisor-inalambrico-hdmi-50-mts-5-8g\/\"]}]},{\"@type\":\"ImageObject\",\"inLanguage\":\"es\",\"@id\":\"https:\/\/www.teleclub.com.py\/index.php\/product\/transmisor-inalambrico-hdmi-50-mts-5-8g\/#primaryimage\",\"url\":\"https:\/\/www.teleclub.com.py\/wp-content\/uploads\/2025\/01\/hdmi-extender.png\",\"contentUrl\":\"https:\/\/www.teleclub.com.py\/wp-content\/uploads\/2025\/01\/hdmi-extender.png\",\"width\":1000,\"height\":1300},{\"@type\":\"BreadcrumbList\",\"@id\":\"https:\/\/www.teleclub.com.py\/index.php\/product\/transmisor-inalambrico-hdmi-50-mts-5-8g\/#breadcrumb\",\"itemListElement\":[{\"@type\":\"ListItem\",\"position\":1,\"name\":\"Portada\",\"item\":\"https:\/\/www.teleclub.com.py\/\"},{\"@type\":\"ListItem\",\"position\":2,\"name\":\"Shop\",\"item\":\"https:\/\/www.teleclub.com.py\/index.php\/shop-2\/\"},{\"@type\":\"ListItem\",\"position\":3,\"name\":\"TRANSMISOR INALAMBRICO HDMI 50 MTS 5.8G\"}]},{\"@type\":\"WebSite\",\"@id\":\"https:\/\/www.teleclub.com.py\/#website\",\"url\":\"https:\/\/www.teleclub.com.py\/\",\"name\":\"Teleclub\",\"description\":\"Tu tienda online\",\"publisher\":{\"@id\":\"https:\/\/www.teleclub.com.py\/#organization\"},\"potentialAction\":[{\"@type\":\"SearchAction\",\"target\":{\"@type\":\"EntryPoint\",\"urlTemplate\":\"https:\/\/www.teleclub.com.py\/?s={search_term_string}\"},\"query-input\":{\"@type\":\"PropertyValueSpecification\",\"valueRequired\":true,\"valueName\":\"search_term_string\"}}],\"inLanguage\":\"es\"},{\"@type\":\"Organization\",\"@id\":\"https:\/\/www.teleclub.com.py\/#organization\",\"name\":\"Teleclub\",\"url\":\"https:\/\/www.teleclub.com.py\/\",\"logo\":{\"@type\":\"ImageObject\",\"inLanguage\":\"es\",\"@id\":\"https:\/\/www.teleclub.com.py\/#\/schema\/logo\/image\/\",\"url\":\"https:\/\/www.teleclub.com.py\/wp-content\/uploads\/2024\/09\/1611317346760_TeleClub_logo_FondoBlanco-2.jpg\",\"contentUrl\":\"https:\/\/www.teleclub.com.py\/wp-content\/uploads\/2024\/09\/1611317346760_TeleClub_logo_FondoBlanco-2.jpg\",\"width\":1600,\"height\":1600,\"caption\":\"Teleclub\"},\"image\":{\"@id\":\"https:\/\/www.teleclub.com.py\/#\/schema\/logo\/image\/\"},\"sameAs\":[\"https:\/\/www.facebook.com\/teleclubpy\",\"https:\/\/www.instagram.com\/teleclubpy\"]}]}<\/script>\n<!-- \/ Yoast SEO plugin. -->","yoast_head_json":{"title":"TRANSMISOR INALAMBRICO HDMI 50 MTS 5.8G - Teleclub","description":"Transmisor inal\u00e1mbrico HDMI con alcance de 50 mts. Disfruta de video Full HD sin cables, ideal para presentaciones, entretenimiento y m\u00e1s. Compra Ahora!","robots":{"index":"index","follow":"follow","max-snippet":"max-snippet:-1","max-image-preview":"max-image-preview:large","max-video-preview":"max-video-preview:-1"},"canonical":"https:\/\/www.teleclub.com.py\/index.php\/product\/transmisor-inalambrico-hdmi-50-mts-5-8g\/","og_locale":"es_ES","og_type":"article","og_title":"TRANSMISOR INALAMBRICO HDMI 50 MTS 5.8G - Teleclub","og_description":"Transmisor inal\u00e1mbrico HDMI con alcance de 50 mts. Disfruta de video Full HD sin cables, ideal para presentaciones, entretenimiento y m\u00e1s. Compra Ahora!","og_url":"https:\/\/www.teleclub.com.py\/index.php\/product\/transmisor-inalambrico-hdmi-50-mts-5-8g\/","og_site_name":"Teleclub","article_publisher":"https:\/\/www.facebook.com\/teleclubpy","article_modified_time":"2025-01-24T13:23:24+00:00","og_image":[{"width":1000,"height":1300,"url":"https:\/\/www.teleclub.com.py\/wp-content\/uploads\/2025\/01\/hdmi-extender.png","type":"image\/png"}],"twitter_card":"summary_large_image","twitter_misc":{"Tiempo de lectura":"1 minuto"},"schema":{"@context":"https:\/\/schema.org","@graph":[{"@type":"WebPage","@id":"https:\/\/www.teleclub.com.py\/index.php\/product\/transmisor-inalambrico-hdmi-50-mts-5-8g\/","url":"https:\/\/www.teleclub.com.py\/index.php\/product\/transmisor-inalambrico-hdmi-50-mts-5-8g\/","name":"TRANSMISOR INALAMBRICO HDMI 50 MTS 5.8G - Teleclub","isPartOf":{"@id":"https:\/\/www.teleclub.com.py\/#website"},"primaryImageOfPage":{"@id":"https:\/\/www.teleclub.com.py\/index.php\/product\/transmisor-inalambrico-hdmi-50-mts-5-8g\/#primaryimage"},"image":{"@id":"https:\/\/www.teleclub.com.py\/index.php\/product\/transmisor-inalambrico-hdmi-50-mts-5-8g\/#primaryimage"},"thumbnailUrl":"https:\/\/www.teleclub.com.py\/wp-content\/uploads\/2025\/01\/hdmi-extender.png","datePublished":"2025-01-23T14:29:07+00:00","dateModified":"2025-01-24T13:23:24+00:00","description":"Transmisor inal\u00e1mbrico HDMI con alcance de 50 mts. Disfruta de video Full HD sin cables, ideal para presentaciones, entretenimiento y m\u00e1s. Compra Ahora!","breadcrumb":{"@id":"https:\/\/www.teleclub.com.py\/index.php\/product\/transmisor-inalambrico-hdmi-50-mts-5-8g\/#breadcrumb"},"inLanguage":"es","potentialAction":[{"@type":"ReadAction","target":["https:\/\/www.teleclub.com.py\/index.php\/product\/transmisor-inalambrico-hdmi-50-mts-5-8g\/"]}]},{"@type":"ImageObject","inLanguage":"es","@id":"https:\/\/www.teleclub.com.py\/index.php\/product\/transmisor-inalambrico-hdmi-50-mts-5-8g\/#primaryimage","url":"https:\/\/www.teleclub.com.py\/wp-content\/uploads\/2025\/01\/hdmi-extender.png","contentUrl":"https:\/\/www.teleclub.com.py\/wp-content\/uploads\/2025\/01\/hdmi-extender.png","width":1000,"height":1300},{"@type":"BreadcrumbList","@id":"https:\/\/www.teleclub.com.py\/index.php\/product\/transmisor-inalambrico-hdmi-50-mts-5-8g\/#breadcrumb","itemListElement":[{"@type":"ListItem","position":1,"name":"Portada","item":"https:\/\/www.teleclub.com.py\/"},{"@type":"ListItem","position":2,"name":"Shop","item":"https:\/\/www.teleclub.com.py\/index.php\/shop-2\/"},{"@type":"ListItem","position":3,"name":"TRANSMISOR INALAMBRICO HDMI 50 MTS 5.8G"}]},{"@type":"WebSite","@id":"https:\/\/www.teleclub.com.py\/#website","url":"https:\/\/www.teleclub.com.py\/","name":"Teleclub","description":"Tu tienda online","publisher":{"@id":"https:\/\/www.teleclub.com.py\/#organization"},"potentialAction":[{"@type":"SearchAction","target":{"@type":"EntryPoint","urlTemplate":"https:\/\/www.teleclub.com.py\/?s={search_term_string}"},"query-input":{"@type":"PropertyValueSpecification","valueRequired":true,"valueName":"search_term_string"}}],"inLanguage":"es"},{"@type":"Organization","@id":"https:\/\/www.teleclub.com.py\/#organization","name":"Teleclub","url":"https:\/\/www.teleclub.com.py\/","logo":{"@type":"ImageObject","inLanguage":"es","@id":"https:\/\/www.teleclub.com.py\/#\/schema\/logo\/image\/","url":"https:\/\/www.teleclub.com.py\/wp-content\/uploads\/2024\/09\/1611317346760_TeleClub_logo_FondoBlanco-2.jpg","contentUrl":"https:\/\/www.teleclub.com.py\/wp-content\/uploads\/2024\/09\/1611317346760_TeleClub_logo_FondoBlanco-2.jpg","width":1600,"height":1600,"caption":"Teleclub"},"image":{"@id":"https:\/\/www.teleclub.com.py\/#\/schema\/logo\/image\/"},"sameAs":["https:\/\/www.facebook.com\/teleclubpy","https:\/\/www.instagram.com\/teleclubpy"]}]}},"_links":{"self":[{"href":"https:\/\/www.teleclub.com.py\/index.php\/wp-json\/wp\/v2\/product\/11295","targetHints":{"allow":["GET"]}}],"collection":[{"href":"https:\/\/www.teleclub.com.py\/index.php\/wp-json\/wp\/v2\/product"}],"about":[{"href":"https:\/\/www.teleclub.com.py\/index.php\/wp-json\/wp\/v2\/types\/product"}],"wp:featuredmedia":[{"embeddable":true,"href":"https:\/\/www.teleclub.com.py\/index.php\/wp-json\/wp\/v2\/media\/11297"}],"wp:attachment":[{"href":"https:\/\/www.teleclub.com.py\/index.php\/wp-json\/wp\/v2\/media?parent=11295"}],"wp:term":[{"taxonomy":"product_cat","embeddable":true,"href":"https:\/\/www.teleclub.com.py\/index.php\/wp-json\/wp\/v2\/product_cat?post=11295"},{"taxonomy":"product_tag","embeddable":true,"href":"https:\/\/www.teleclub.com.py\/index.php\/wp-json\/wp\/v2\/product_tag?post=11295"}],"curies":[{"name":"wp","href":"https:\/\/api.w.org\/{rel}","templated":true}]}}