{"id":11180,"date":"2024-11-26T08:48:38","date_gmt":"2024-11-26T11:48:38","guid":{"rendered":"https:\/\/www.teleclub.com.py\/?post_type=product&#038;p=11180"},"modified":"2025-05-22T16:16:26","modified_gmt":"2025-05-22T19:16:26","slug":"notebook-evoo-ev-c-116-6pr-intel-celeron-j3355-3-32gb-11-6-roxo","status":"publish","type":"product","link":"https:\/\/www.teleclub.com.py\/index.php\/product\/notebook-evoo-ev-c-116-6pr-intel-celeron-j3355-3-32gb-11-6-roxo\/","title":{"rendered":"Notebook Evoo EV-C-116-6PR &#8211; Intel Celeron J3355 &#8211; 3\/32GB &#8211; 11.6&#8243; &#8211; ROXO"},"content":{"rendered":"<div class=\"row\"><span class=\"col col-6 col-sm-6 col-md-4 col-lg-2 col-xg-2 label\">Tama\u00f1o del HD o SSD<\/span><span class=\"col col-6 col-sm-6 col-md-8 col-lg-10 col-xg-10 data\" data-th=\"Tama\u00f1o del HD o SSD\">32GB eMMC<\/span><\/div>\n<div class=\"row\"><span class=\"col col-6 col-sm-6 col-md-4 col-lg-2 col-xg-2 label\">Bluetooth<\/span><span class=\"col col-6 col-sm-6 col-md-8 col-lg-10 col-xg-10 data\" data-th=\"Bluetooth\">4.0<\/span><\/div>\n<div class=\"row\"><span class=\"col col-6 col-sm-6 col-md-4 col-lg-2 col-xg-2 label\">Garant\u00eda<\/span><span class=\"col col-6 col-sm-6 col-md-8 col-lg-10 col-xg-10 data\" data-th=\"Garant\u00eda\">Masculino<\/span><\/div>\n<div class=\"row\"><span class=\"col col-6 col-sm-6 col-md-4 col-lg-2 col-xg-2 label\">Teclado<\/span><span class=\"col col-6 col-sm-6 col-md-8 col-lg-10 col-xg-10 data\" data-th=\"Teclado\">Ingl\u00e9s sin teclado num\u00e9rico<\/span><\/div>\n<div class=\"row\"><span class=\"col col-6 col-sm-6 col-md-4 col-lg-2 col-xg-2 label\">WiFi<\/span><span class=\"col col-6 col-sm-6 col-md-8 col-lg-10 col-xg-10 data\" data-th=\"WiFi\">Si<\/span><\/div>\n<div class=\"row\"><span class=\"col col-6 col-sm-6 col-md-4 col-lg-2 col-xg-2 label\">Pulgadas<\/span><span class=\"col col-6 col-sm-6 col-md-8 col-lg-10 col-xg-10 data\" data-th=\"Pulgadas\">11.6&#8243;<\/span><\/div>\n<div class=\"row\"><span class=\"col col-6 col-sm-6 col-md-4 col-lg-2 col-xg-2 label\">Camara<\/span><span class=\"col col-6 col-sm-6 col-md-8 col-lg-10 col-xg-10 data\" data-th=\"Camara\">Integrado<\/span><\/div>\n<div class=\"row\"><span class=\"col col-6 col-sm-6 col-md-4 col-lg-2 col-xg-2 label\">C\u00f3digo de Barras<\/span><span class=\"col col-6 col-sm-6 col-md-8 col-lg-10 col-xg-10 data\" data-th=\"C\u00f3digo de Barras\">812550033175<\/span><\/div>\n<div class=\"row\"><span class=\"col col-6 col-sm-6 col-md-4 col-lg-2 col-xg-2 label\">Color<\/span><span class=\"col col-6 col-sm-6 col-md-8 col-lg-10 col-xg-10 data\" data-th=\"Color\">Morado<\/span><\/div>\n<div class=\"row\"><span class=\"col col-6 col-sm-6 col-md-4 col-lg-2 col-xg-2 label\">Modelo<\/span><span class=\"col col-6 col-sm-6 col-md-8 col-lg-10 col-xg-10 data\" data-th=\"Modelo\">EV-C-116-6PR<\/span><\/div>\n<div class=\"row\"><span class=\"col col-6 col-sm-6 col-md-4 col-lg-2 col-xg-2 label\">Marca<\/span><span class=\"col col-6 col-sm-6 col-md-8 col-lg-10 col-xg-10 data\" data-th=\"Marca\">Evoo<\/span><\/div>\n<div class=\"row\"><span class=\"col col-6 col-sm-6 col-md-4 col-lg-2 col-xg-2 label\">Bateria<\/span><span class=\"col col-6 col-sm-6 col-md-8 col-lg-10 col-xg-10 data\" data-th=\"Bateria\">4000 mAh<\/span><\/div>\n<div class=\"row\"><span class=\"col col-6 col-sm-6 col-md-4 col-lg-2 col-xg-2 label\">Peso<\/span><span class=\"col col-6 col-sm-6 col-md-8 col-lg-10 col-xg-10 data\" data-th=\"Peso\">Embalaje 2.100 g.<\/span><\/div>\n<div class=\"row\"><span class=\"col col-6 col-sm-6 col-md-4 col-lg-2 col-xg-2 label\">Sensor<\/span><span class=\"col col-6 col-sm-6 col-md-8 col-lg-10 col-xg-10 data\" data-th=\"Sensor\">No posee<\/span><\/div>\n<div class=\"row\"><span class=\"col col-6 col-sm-6 col-md-4 col-lg-2 col-xg-2 label\">Resoluci\u00f3n<\/span><span class=\"col col-6 col-sm-6 col-md-8 col-lg-10 col-xg-10 data\" data-th=\"Resoluci\u00f3n\">FHD (1920 x 1080 pixels)<\/span><\/div>\n<div class=\"row\"><span class=\"col col-6 col-sm-6 col-md-4 col-lg-2 col-xg-2 label\">Audio<\/span><span class=\"col col-6 col-sm-6 col-md-8 col-lg-10 col-xg-10 data\" data-th=\"Audio\">Integrado<\/span><\/div>\n<div class=\"row\"><span class=\"col col-6 col-sm-6 col-md-4 col-lg-2 col-xg-2 label\">Procesador CPU<\/span><span class=\"col col-6 col-sm-6 col-md-8 col-lg-10 col-xg-10 data\" data-th=\"Procesador CPU\">Intel Celeron J3355 (2MB de cach\u00e9, hasta 2,50 GHz, 2 subprocesos)<\/span><\/div>\n<div class=\"row\"><span class=\"col col-6 col-sm-6 col-md-4 col-lg-2 col-xg-2 label\">Display<\/span><span class=\"col col-6 col-sm-6 col-md-8 col-lg-10 col-xg-10 data\" data-th=\"Display\">N\/A<\/span><\/div>\n<div class=\"row\"><span class=\"col col-6 col-sm-6 col-md-4 col-lg-2 col-xg-2 label\">Conexiones<\/span><span class=\"col col-6 col-sm-6 col-md-8 col-lg-10 col-xg-10 data\" data-th=\"Conexiones\">2x USB-A 1x Mini HDMI 1x MIcro SD 1x 3.5mm<\/span><\/div>\n<div class=\"row\"><span class=\"col col-6 col-sm-6 col-md-4 col-lg-2 col-xg-2 label\">Memoria<\/span><span class=\"col col-6 col-sm-6 col-md-8 col-lg-10 col-xg-10 data\" data-th=\"Memoria\">3GB DDR4<\/span><\/div>\n<div class=\"row\"><span class=\"col col-6 col-sm-6 col-md-4 col-lg-2 col-xg-2 label\">Sistema Operativo<\/span><span class=\"col col-6 col-sm-6 col-md-8 col-lg-10 col-xg-10 data\" data-th=\"Sistema Operativo\">Windows 10 Home S<\/span><\/div>\n<div class=\"row\"><span class=\"col col-6 col-sm-6 col-md-4 col-lg-2 col-xg-2 label\">Energ\u00eda \/ Voltaje<\/span><span class=\"col col-6 col-sm-6 col-md-8 col-lg-10 col-xg-10 data\" data-th=\"Energ\u00eda \/ Voltaje\">12 v<\/span><\/div>\n<div class=\"row\"><span class=\"col col-6 col-sm-6 col-md-4 col-lg-2 col-xg-2 label\">Video<\/span><span class=\"col col-6 col-sm-6 col-md-8 col-lg-10 col-xg-10 data\" data-th=\"Video\">Gr\u00e1ficos HD Intel 500 &#8211; Integrado<\/span><\/div>\n<div class=\"row\"><span class=\"col col-6 col-sm-6 col-md-4 col-lg-2 col-xg-2 label\">Dimensiones<\/span><span class=\"col col-6 col-sm-6 col-md-8 col-lg-10 col-xg-10 data\" data-th=\"Dimensiones\">Embalaje 300x 480x 60 mm.<\/span><\/div>\n","protected":false},"excerpt":{"rendered":"<ul class=\"a-unordered-list a-vertical a-spacing-mini\">\n<li class=\"a-spacing-mini\"><span class=\"a-list-item\">Pantalla IPS de 11,6 pulgadas (1366 x 768)<\/span><\/li>\n<li class=\"a-spacing-mini\"><span class=\"a-list-item\">Procesador Intel Celeron N4000 (doble n\u00facleo, 1.1 GHz, cach\u00e9 de 4 MB)<\/span><\/li>\n<li class=\"a-spacing-mini\"><span class=\"a-list-item\">Memoria del sistema DDR3 de 4 GB<\/span><\/li>\n<li class=\"a-spacing-mini\"><span class=\"a-list-item\">64 GB eMMC<\/span><\/li>\n<li class=\"a-spacing-mini\"><span class=\"a-list-item\">Gr\u00e1ficos integrados<\/span><\/li>\n<li class=\"a-spacing-mini\"><span class=\"a-list-item\">Tama\u00f1o de la pantalla: 11,6 pulgadas<\/span><\/li>\n<li class=\"a-spacing-mini\"><span class=\"a-list-item\">Tipo de ram del sistema: ddr3_sdram<\/span><\/li>\n<\/ul>\n<div class=\"a-row a-expander-container a-expander-inline-container\">\n<div class=\"a-expander-content a-expander-extend-content a-expander-content-expanded\" data-expanded=\"true\">\n<ul class=\"a-unordered-list a-vertical a-spacing-none\">\n<li class=\"a-spacing-mini\"><span class=\"a-list-item\">Tama\u00f1o de memoria RAM instalada: 4.0 GB<\/span><\/li>\n<li class=\"a-spacing-mini\"><span class=\"a-list-item\">Tama\u00f1o del disco duro: 64.0 GB<\/span><\/li>\n<\/ul>\n<\/div>\n<\/div>\n","protected":false},"featured_media":11181,"template":"","meta":{"om_disable_all_campaigns":false},"product_cat":[437],"product_tag":[],"class_list":{"0":"post-11180","1":"product","2":"type-product","3":"status-publish","4":"has-post-thumbnail","6":"product_cat-black-week","8":"first","9":"outofstock","10":"sale","11":"shipping-taxable","12":"purchasable","13":"product-type-simple"},"yoast_head":"<!-- This site is optimized with the Yoast SEO plugin v23.6 - https:\/\/yoast.com\/wordpress\/plugins\/seo\/ -->\n<title>Notebook Evoo EV-C-116-6PR - Intel Celeron J3355 - 3\/32GB - 11.6&quot; - ROXO - Teleclub<\/title>\n<meta name=\"robots\" content=\"index, follow, max-snippet:-1, max-image-preview:large, max-video-preview:-1\" \/>\n<link rel=\"canonical\" href=\"https:\/\/www.teleclub.com.py\/index.php\/product\/notebook-evoo-ev-c-116-6pr-intel-celeron-j3355-3-32gb-11-6-roxo\/\" \/>\n<meta property=\"og:locale\" content=\"es_ES\" \/>\n<meta property=\"og:type\" content=\"article\" \/>\n<meta property=\"og:title\" content=\"Notebook Evoo EV-C-116-6PR - Intel Celeron J3355 - 3\/32GB - 11.6&quot; - ROXO - Teleclub\" \/>\n<meta property=\"og:description\" content=\"Pantalla IPS de 11,6 pulgadas (1366 x 768)  Procesador Intel Celeron N4000 (doble n\u00facleo, 1.1 GHz, cach\u00e9 de 4 MB)  Memoria del sistema DDR3 de 4 GB  64 GB eMMC  Gr\u00e1ficos integrados  Tama\u00f1o de la pantalla: 11,6 pulgadas  Tipo de ram del sistema: ddr3_sdram      Tama\u00f1o de memoria RAM instalada: 4.0 GB  Tama\u00f1o del disco duro: 64.0 GB\" \/>\n<meta property=\"og:url\" content=\"https:\/\/www.teleclub.com.py\/index.php\/product\/notebook-evoo-ev-c-116-6pr-intel-celeron-j3355-3-32gb-11-6-roxo\/\" \/>\n<meta property=\"og:site_name\" content=\"Teleclub\" \/>\n<meta property=\"article:publisher\" content=\"https:\/\/www.facebook.com\/teleclubpy\" \/>\n<meta property=\"article:modified_time\" content=\"2025-05-22T19:16:26+00:00\" \/>\n<meta property=\"og:image\" content=\"https:\/\/www.teleclub.com.py\/wp-content\/uploads\/2024\/11\/a-266.png\" \/>\n\t<meta property=\"og:image:width\" content=\"616\" \/>\n\t<meta property=\"og:image:height\" content=\"616\" \/>\n\t<meta property=\"og:image:type\" content=\"image\/png\" \/>\n<meta name=\"twitter:card\" content=\"summary_large_image\" \/>\n<meta name=\"twitter:label1\" content=\"Tiempo de lectura\" \/>\n\t<meta name=\"twitter:data1\" content=\"1 minuto\" \/>\n<script type=\"application\/ld+json\" class=\"yoast-schema-graph\">{\"@context\":\"https:\/\/schema.org\",\"@graph\":[{\"@type\":\"WebPage\",\"@id\":\"https:\/\/www.teleclub.com.py\/index.php\/product\/notebook-evoo-ev-c-116-6pr-intel-celeron-j3355-3-32gb-11-6-roxo\/\",\"url\":\"https:\/\/www.teleclub.com.py\/index.php\/product\/notebook-evoo-ev-c-116-6pr-intel-celeron-j3355-3-32gb-11-6-roxo\/\",\"name\":\"Notebook Evoo EV-C-116-6PR - Intel Celeron J3355 - 3\/32GB - 11.6\\\" - ROXO - Teleclub\",\"isPartOf\":{\"@id\":\"https:\/\/www.teleclub.com.py\/#website\"},\"primaryImageOfPage\":{\"@id\":\"https:\/\/www.teleclub.com.py\/index.php\/product\/notebook-evoo-ev-c-116-6pr-intel-celeron-j3355-3-32gb-11-6-roxo\/#primaryimage\"},\"image\":{\"@id\":\"https:\/\/www.teleclub.com.py\/index.php\/product\/notebook-evoo-ev-c-116-6pr-intel-celeron-j3355-3-32gb-11-6-roxo\/#primaryimage\"},\"thumbnailUrl\":\"https:\/\/www.teleclub.com.py\/wp-content\/uploads\/2024\/11\/a-266.png\",\"datePublished\":\"2024-11-26T11:48:38+00:00\",\"dateModified\":\"2025-05-22T19:16:26+00:00\",\"breadcrumb\":{\"@id\":\"https:\/\/www.teleclub.com.py\/index.php\/product\/notebook-evoo-ev-c-116-6pr-intel-celeron-j3355-3-32gb-11-6-roxo\/#breadcrumb\"},\"inLanguage\":\"es\",\"potentialAction\":[{\"@type\":\"ReadAction\",\"target\":[\"https:\/\/www.teleclub.com.py\/index.php\/product\/notebook-evoo-ev-c-116-6pr-intel-celeron-j3355-3-32gb-11-6-roxo\/\"]}]},{\"@type\":\"ImageObject\",\"inLanguage\":\"es\",\"@id\":\"https:\/\/www.teleclub.com.py\/index.php\/product\/notebook-evoo-ev-c-116-6pr-intel-celeron-j3355-3-32gb-11-6-roxo\/#primaryimage\",\"url\":\"https:\/\/www.teleclub.com.py\/wp-content\/uploads\/2024\/11\/a-266.png\",\"contentUrl\":\"https:\/\/www.teleclub.com.py\/wp-content\/uploads\/2024\/11\/a-266.png\",\"width\":616,\"height\":616},{\"@type\":\"BreadcrumbList\",\"@id\":\"https:\/\/www.teleclub.com.py\/index.php\/product\/notebook-evoo-ev-c-116-6pr-intel-celeron-j3355-3-32gb-11-6-roxo\/#breadcrumb\",\"itemListElement\":[{\"@type\":\"ListItem\",\"position\":1,\"name\":\"Portada\",\"item\":\"https:\/\/www.teleclub.com.py\/\"},{\"@type\":\"ListItem\",\"position\":2,\"name\":\"Shop\",\"item\":\"https:\/\/www.teleclub.com.py\/index.php\/shop-2\/\"},{\"@type\":\"ListItem\",\"position\":3,\"name\":\"Notebook Evoo EV-C-116-6PR &#8211; Intel Celeron J3355 &#8211; 3\/32GB &#8211; 11.6&#8243; &#8211; ROXO\"}]},{\"@type\":\"WebSite\",\"@id\":\"https:\/\/www.teleclub.com.py\/#website\",\"url\":\"https:\/\/www.teleclub.com.py\/\",\"name\":\"Teleclub\",\"description\":\"Tu tienda online\",\"publisher\":{\"@id\":\"https:\/\/www.teleclub.com.py\/#organization\"},\"potentialAction\":[{\"@type\":\"SearchAction\",\"target\":{\"@type\":\"EntryPoint\",\"urlTemplate\":\"https:\/\/www.teleclub.com.py\/?s={search_term_string}\"},\"query-input\":{\"@type\":\"PropertyValueSpecification\",\"valueRequired\":true,\"valueName\":\"search_term_string\"}}],\"inLanguage\":\"es\"},{\"@type\":\"Organization\",\"@id\":\"https:\/\/www.teleclub.com.py\/#organization\",\"name\":\"Teleclub\",\"url\":\"https:\/\/www.teleclub.com.py\/\",\"logo\":{\"@type\":\"ImageObject\",\"inLanguage\":\"es\",\"@id\":\"https:\/\/www.teleclub.com.py\/#\/schema\/logo\/image\/\",\"url\":\"https:\/\/www.teleclub.com.py\/wp-content\/uploads\/2024\/09\/1611317346760_TeleClub_logo_FondoBlanco-2.jpg\",\"contentUrl\":\"https:\/\/www.teleclub.com.py\/wp-content\/uploads\/2024\/09\/1611317346760_TeleClub_logo_FondoBlanco-2.jpg\",\"width\":1600,\"height\":1600,\"caption\":\"Teleclub\"},\"image\":{\"@id\":\"https:\/\/www.teleclub.com.py\/#\/schema\/logo\/image\/\"},\"sameAs\":[\"https:\/\/www.facebook.com\/teleclubpy\",\"https:\/\/www.instagram.com\/teleclubpy\"]}]}<\/script>\n<!-- \/ Yoast SEO plugin. -->","yoast_head_json":{"title":"Notebook Evoo EV-C-116-6PR - Intel Celeron J3355 - 3\/32GB - 11.6\" - ROXO - Teleclub","robots":{"index":"index","follow":"follow","max-snippet":"max-snippet:-1","max-image-preview":"max-image-preview:large","max-video-preview":"max-video-preview:-1"},"canonical":"https:\/\/www.teleclub.com.py\/index.php\/product\/notebook-evoo-ev-c-116-6pr-intel-celeron-j3355-3-32gb-11-6-roxo\/","og_locale":"es_ES","og_type":"article","og_title":"Notebook Evoo EV-C-116-6PR - Intel Celeron J3355 - 3\/32GB - 11.6\" - ROXO - Teleclub","og_description":"Pantalla IPS de 11,6 pulgadas (1366 x 768)  Procesador Intel Celeron N4000 (doble n\u00facleo, 1.1 GHz, cach\u00e9 de 4 MB)  Memoria del sistema DDR3 de 4 GB  64 GB eMMC  Gr\u00e1ficos integrados  Tama\u00f1o de la pantalla: 11,6 pulgadas  Tipo de ram del sistema: ddr3_sdram      Tama\u00f1o de memoria RAM instalada: 4.0 GB  Tama\u00f1o del disco duro: 64.0 GB","og_url":"https:\/\/www.teleclub.com.py\/index.php\/product\/notebook-evoo-ev-c-116-6pr-intel-celeron-j3355-3-32gb-11-6-roxo\/","og_site_name":"Teleclub","article_publisher":"https:\/\/www.facebook.com\/teleclubpy","article_modified_time":"2025-05-22T19:16:26+00:00","og_image":[{"width":616,"height":616,"url":"https:\/\/www.teleclub.com.py\/wp-content\/uploads\/2024\/11\/a-266.png","type":"image\/png"}],"twitter_card":"summary_large_image","twitter_misc":{"Tiempo de lectura":"1 minuto"},"schema":{"@context":"https:\/\/schema.org","@graph":[{"@type":"WebPage","@id":"https:\/\/www.teleclub.com.py\/index.php\/product\/notebook-evoo-ev-c-116-6pr-intel-celeron-j3355-3-32gb-11-6-roxo\/","url":"https:\/\/www.teleclub.com.py\/index.php\/product\/notebook-evoo-ev-c-116-6pr-intel-celeron-j3355-3-32gb-11-6-roxo\/","name":"Notebook Evoo EV-C-116-6PR - Intel Celeron J3355 - 3\/32GB - 11.6\" - ROXO - Teleclub","isPartOf":{"@id":"https:\/\/www.teleclub.com.py\/#website"},"primaryImageOfPage":{"@id":"https:\/\/www.teleclub.com.py\/index.php\/product\/notebook-evoo-ev-c-116-6pr-intel-celeron-j3355-3-32gb-11-6-roxo\/#primaryimage"},"image":{"@id":"https:\/\/www.teleclub.com.py\/index.php\/product\/notebook-evoo-ev-c-116-6pr-intel-celeron-j3355-3-32gb-11-6-roxo\/#primaryimage"},"thumbnailUrl":"https:\/\/www.teleclub.com.py\/wp-content\/uploads\/2024\/11\/a-266.png","datePublished":"2024-11-26T11:48:38+00:00","dateModified":"2025-05-22T19:16:26+00:00","breadcrumb":{"@id":"https:\/\/www.teleclub.com.py\/index.php\/product\/notebook-evoo-ev-c-116-6pr-intel-celeron-j3355-3-32gb-11-6-roxo\/#breadcrumb"},"inLanguage":"es","potentialAction":[{"@type":"ReadAction","target":["https:\/\/www.teleclub.com.py\/index.php\/product\/notebook-evoo-ev-c-116-6pr-intel-celeron-j3355-3-32gb-11-6-roxo\/"]}]},{"@type":"ImageObject","inLanguage":"es","@id":"https:\/\/www.teleclub.com.py\/index.php\/product\/notebook-evoo-ev-c-116-6pr-intel-celeron-j3355-3-32gb-11-6-roxo\/#primaryimage","url":"https:\/\/www.teleclub.com.py\/wp-content\/uploads\/2024\/11\/a-266.png","contentUrl":"https:\/\/www.teleclub.com.py\/wp-content\/uploads\/2024\/11\/a-266.png","width":616,"height":616},{"@type":"BreadcrumbList","@id":"https:\/\/www.teleclub.com.py\/index.php\/product\/notebook-evoo-ev-c-116-6pr-intel-celeron-j3355-3-32gb-11-6-roxo\/#breadcrumb","itemListElement":[{"@type":"ListItem","position":1,"name":"Portada","item":"https:\/\/www.teleclub.com.py\/"},{"@type":"ListItem","position":2,"name":"Shop","item":"https:\/\/www.teleclub.com.py\/index.php\/shop-2\/"},{"@type":"ListItem","position":3,"name":"Notebook Evoo EV-C-116-6PR &#8211; Intel Celeron J3355 &#8211; 3\/32GB &#8211; 11.6&#8243; &#8211; ROXO"}]},{"@type":"WebSite","@id":"https:\/\/www.teleclub.com.py\/#website","url":"https:\/\/www.teleclub.com.py\/","name":"Teleclub","description":"Tu tienda online","publisher":{"@id":"https:\/\/www.teleclub.com.py\/#organization"},"potentialAction":[{"@type":"SearchAction","target":{"@type":"EntryPoint","urlTemplate":"https:\/\/www.teleclub.com.py\/?s={search_term_string}"},"query-input":{"@type":"PropertyValueSpecification","valueRequired":true,"valueName":"search_term_string"}}],"inLanguage":"es"},{"@type":"Organization","@id":"https:\/\/www.teleclub.com.py\/#organization","name":"Teleclub","url":"https:\/\/www.teleclub.com.py\/","logo":{"@type":"ImageObject","inLanguage":"es","@id":"https:\/\/www.teleclub.com.py\/#\/schema\/logo\/image\/","url":"https:\/\/www.teleclub.com.py\/wp-content\/uploads\/2024\/09\/1611317346760_TeleClub_logo_FondoBlanco-2.jpg","contentUrl":"https:\/\/www.teleclub.com.py\/wp-content\/uploads\/2024\/09\/1611317346760_TeleClub_logo_FondoBlanco-2.jpg","width":1600,"height":1600,"caption":"Teleclub"},"image":{"@id":"https:\/\/www.teleclub.com.py\/#\/schema\/logo\/image\/"},"sameAs":["https:\/\/www.facebook.com\/teleclubpy","https:\/\/www.instagram.com\/teleclubpy"]}]}},"_links":{"self":[{"href":"https:\/\/www.teleclub.com.py\/index.php\/wp-json\/wp\/v2\/product\/11180","targetHints":{"allow":["GET"]}}],"collection":[{"href":"https:\/\/www.teleclub.com.py\/index.php\/wp-json\/wp\/v2\/product"}],"about":[{"href":"https:\/\/www.teleclub.com.py\/index.php\/wp-json\/wp\/v2\/types\/product"}],"wp:featuredmedia":[{"embeddable":true,"href":"https:\/\/www.teleclub.com.py\/index.php\/wp-json\/wp\/v2\/media\/11181"}],"wp:attachment":[{"href":"https:\/\/www.teleclub.com.py\/index.php\/wp-json\/wp\/v2\/media?parent=11180"}],"wp:term":[{"taxonomy":"product_cat","embeddable":true,"href":"https:\/\/www.teleclub.com.py\/index.php\/wp-json\/wp\/v2\/product_cat?post=11180"},{"taxonomy":"product_tag","embeddable":true,"href":"https:\/\/www.teleclub.com.py\/index.php\/wp-json\/wp\/v2\/product_tag?post=11180"}],"curies":[{"name":"wp","href":"https:\/\/api.w.org\/{rel}","templated":true}]}}