{"id":11168,"date":"2024-11-23T11:12:04","date_gmt":"2024-11-23T14:12:04","guid":{"rendered":"https:\/\/www.teleclub.com.py\/?post_type=product&#038;p=11168"},"modified":"2024-12-03T11:00:01","modified_gmt":"2024-12-03T14:00:01","slug":"lamina-personalizada-para-panel-led-a1-60-x-84cm","status":"publish","type":"product","link":"https:\/\/www.teleclub.com.py\/index.php\/product\/lamina-personalizada-para-panel-led-a1-60-x-84cm\/","title":{"rendered":"L\u00e1mina personalizada para panel LED &#8211; A1 60 x 84cm"},"content":{"rendered":"","protected":false},"excerpt":{"rendered":"<p>L\u00e1mina personalizada para panel LED, dise\u00f1ada para destacar tu marca, mensaje o imagen con m\u00e1xima calidad. Ideal para publicidad o decoraci\u00f3n \u00fanica.<\/p>\n","protected":false},"featured_media":11231,"template":"","meta":{"om_disable_all_campaigns":false},"product_cat":[434,435],"product_tag":[],"class_list":{"0":"post-11168","1":"product","2":"type-product","3":"status-publish","4":"has-post-thumbnail","6":"product_cat-decoracion","7":"product_cat-paneles-led","9":"first","10":"instock","11":"shipping-taxable","12":"purchasable","13":"product-type-simple"},"yoast_head":"<!-- This site is optimized with the Yoast SEO plugin v23.6 - https:\/\/yoast.com\/wordpress\/plugins\/seo\/ -->\n<title>L\u00e1mina personalizada para panel LED - A1 60 x 84cm - Teleclub<\/title>\n<meta name=\"description\" content=\"L\u00e1mina personalizada para panel LED, dise\u00f1ada para destacar tu marca, mensaje o imagen con m\u00e1xima calidad. Ideal para publicidad o decoraci\u00f3n \u00fanica.\" \/>\n<meta name=\"robots\" content=\"index, follow, max-snippet:-1, max-image-preview:large, max-video-preview:-1\" \/>\n<link rel=\"canonical\" href=\"https:\/\/www.teleclub.com.py\/index.php\/product\/lamina-personalizada-para-panel-led-a1-60-x-84cm\/\" \/>\n<meta property=\"og:locale\" content=\"es_ES\" \/>\n<meta property=\"og:type\" content=\"article\" \/>\n<meta property=\"og:title\" content=\"L\u00e1mina personalizada para panel LED - A1 60 x 84cm - Teleclub\" \/>\n<meta property=\"og:description\" content=\"L\u00e1mina personalizada para panel LED, dise\u00f1ada para destacar tu marca, mensaje o imagen con m\u00e1xima calidad. Ideal para publicidad o decoraci\u00f3n \u00fanica.\" \/>\n<meta property=\"og:url\" content=\"https:\/\/www.teleclub.com.py\/index.php\/product\/lamina-personalizada-para-panel-led-a1-60-x-84cm\/\" \/>\n<meta property=\"og:site_name\" content=\"Teleclub\" \/>\n<meta property=\"article:publisher\" content=\"https:\/\/www.facebook.com\/teleclubpy\" \/>\n<meta property=\"article:modified_time\" content=\"2024-12-03T14:00:01+00:00\" \/>\n<meta property=\"og:image\" content=\"https:\/\/www.teleclub.com.py\/wp-content\/uploads\/2024\/11\/1l.png\" \/>\n\t<meta property=\"og:image:width\" content=\"1080\" \/>\n\t<meta property=\"og:image:height\" content=\"1080\" \/>\n\t<meta property=\"og:image:type\" content=\"image\/png\" \/>\n<meta name=\"twitter:card\" content=\"summary_large_image\" \/>\n<meta name=\"twitter:label1\" content=\"Tiempo de lectura\" \/>\n\t<meta name=\"twitter:data1\" content=\"1 minuto\" \/>\n<script type=\"application\/ld+json\" class=\"yoast-schema-graph\">{\"@context\":\"https:\/\/schema.org\",\"@graph\":[{\"@type\":\"WebPage\",\"@id\":\"https:\/\/www.teleclub.com.py\/index.php\/product\/lamina-personalizada-para-panel-led-a1-60-x-84cm\/\",\"url\":\"https:\/\/www.teleclub.com.py\/index.php\/product\/lamina-personalizada-para-panel-led-a1-60-x-84cm\/\",\"name\":\"L\u00e1mina personalizada para panel LED - A1 60 x 84cm - Teleclub\",\"isPartOf\":{\"@id\":\"https:\/\/www.teleclub.com.py\/#website\"},\"primaryImageOfPage\":{\"@id\":\"https:\/\/www.teleclub.com.py\/index.php\/product\/lamina-personalizada-para-panel-led-a1-60-x-84cm\/#primaryimage\"},\"image\":{\"@id\":\"https:\/\/www.teleclub.com.py\/index.php\/product\/lamina-personalizada-para-panel-led-a1-60-x-84cm\/#primaryimage\"},\"thumbnailUrl\":\"https:\/\/www.teleclub.com.py\/wp-content\/uploads\/2024\/11\/1l.png\",\"datePublished\":\"2024-11-23T14:12:04+00:00\",\"dateModified\":\"2024-12-03T14:00:01+00:00\",\"description\":\"L\u00e1mina personalizada para panel LED, dise\u00f1ada para destacar tu marca, mensaje o imagen con m\u00e1xima calidad. Ideal para publicidad o decoraci\u00f3n \u00fanica.\",\"breadcrumb\":{\"@id\":\"https:\/\/www.teleclub.com.py\/index.php\/product\/lamina-personalizada-para-panel-led-a1-60-x-84cm\/#breadcrumb\"},\"inLanguage\":\"es\",\"potentialAction\":[{\"@type\":\"ReadAction\",\"target\":[\"https:\/\/www.teleclub.com.py\/index.php\/product\/lamina-personalizada-para-panel-led-a1-60-x-84cm\/\"]}]},{\"@type\":\"ImageObject\",\"inLanguage\":\"es\",\"@id\":\"https:\/\/www.teleclub.com.py\/index.php\/product\/lamina-personalizada-para-panel-led-a1-60-x-84cm\/#primaryimage\",\"url\":\"https:\/\/www.teleclub.com.py\/wp-content\/uploads\/2024\/11\/1l.png\",\"contentUrl\":\"https:\/\/www.teleclub.com.py\/wp-content\/uploads\/2024\/11\/1l.png\",\"width\":1080,\"height\":1080},{\"@type\":\"BreadcrumbList\",\"@id\":\"https:\/\/www.teleclub.com.py\/index.php\/product\/lamina-personalizada-para-panel-led-a1-60-x-84cm\/#breadcrumb\",\"itemListElement\":[{\"@type\":\"ListItem\",\"position\":1,\"name\":\"Portada\",\"item\":\"https:\/\/www.teleclub.com.py\/\"},{\"@type\":\"ListItem\",\"position\":2,\"name\":\"Shop\",\"item\":\"https:\/\/www.teleclub.com.py\/index.php\/shop-2\/\"},{\"@type\":\"ListItem\",\"position\":3,\"name\":\"L\u00e1mina personalizada para panel LED &#8211; A1 60 x 84cm\"}]},{\"@type\":\"WebSite\",\"@id\":\"https:\/\/www.teleclub.com.py\/#website\",\"url\":\"https:\/\/www.teleclub.com.py\/\",\"name\":\"Teleclub\",\"description\":\"Tu tienda online\",\"publisher\":{\"@id\":\"https:\/\/www.teleclub.com.py\/#organization\"},\"potentialAction\":[{\"@type\":\"SearchAction\",\"target\":{\"@type\":\"EntryPoint\",\"urlTemplate\":\"https:\/\/www.teleclub.com.py\/?s={search_term_string}\"},\"query-input\":{\"@type\":\"PropertyValueSpecification\",\"valueRequired\":true,\"valueName\":\"search_term_string\"}}],\"inLanguage\":\"es\"},{\"@type\":\"Organization\",\"@id\":\"https:\/\/www.teleclub.com.py\/#organization\",\"name\":\"Teleclub\",\"url\":\"https:\/\/www.teleclub.com.py\/\",\"logo\":{\"@type\":\"ImageObject\",\"inLanguage\":\"es\",\"@id\":\"https:\/\/www.teleclub.com.py\/#\/schema\/logo\/image\/\",\"url\":\"https:\/\/www.teleclub.com.py\/wp-content\/uploads\/2024\/09\/1611317346760_TeleClub_logo_FondoBlanco-2.jpg\",\"contentUrl\":\"https:\/\/www.teleclub.com.py\/wp-content\/uploads\/2024\/09\/1611317346760_TeleClub_logo_FondoBlanco-2.jpg\",\"width\":1600,\"height\":1600,\"caption\":\"Teleclub\"},\"image\":{\"@id\":\"https:\/\/www.teleclub.com.py\/#\/schema\/logo\/image\/\"},\"sameAs\":[\"https:\/\/www.facebook.com\/teleclubpy\",\"https:\/\/www.instagram.com\/teleclubpy\"]}]}<\/script>\n<!-- \/ Yoast SEO plugin. -->","yoast_head_json":{"title":"L\u00e1mina personalizada para panel LED - A1 60 x 84cm - Teleclub","description":"L\u00e1mina personalizada para panel LED, dise\u00f1ada para destacar tu marca, mensaje o imagen con m\u00e1xima calidad. Ideal para publicidad o decoraci\u00f3n \u00fanica.","robots":{"index":"index","follow":"follow","max-snippet":"max-snippet:-1","max-image-preview":"max-image-preview:large","max-video-preview":"max-video-preview:-1"},"canonical":"https:\/\/www.teleclub.com.py\/index.php\/product\/lamina-personalizada-para-panel-led-a1-60-x-84cm\/","og_locale":"es_ES","og_type":"article","og_title":"L\u00e1mina personalizada para panel LED - A1 60 x 84cm - Teleclub","og_description":"L\u00e1mina personalizada para panel LED, dise\u00f1ada para destacar tu marca, mensaje o imagen con m\u00e1xima calidad. Ideal para publicidad o decoraci\u00f3n \u00fanica.","og_url":"https:\/\/www.teleclub.com.py\/index.php\/product\/lamina-personalizada-para-panel-led-a1-60-x-84cm\/","og_site_name":"Teleclub","article_publisher":"https:\/\/www.facebook.com\/teleclubpy","article_modified_time":"2024-12-03T14:00:01+00:00","og_image":[{"width":1080,"height":1080,"url":"https:\/\/www.teleclub.com.py\/wp-content\/uploads\/2024\/11\/1l.png","type":"image\/png"}],"twitter_card":"summary_large_image","twitter_misc":{"Tiempo de lectura":"1 minuto"},"schema":{"@context":"https:\/\/schema.org","@graph":[{"@type":"WebPage","@id":"https:\/\/www.teleclub.com.py\/index.php\/product\/lamina-personalizada-para-panel-led-a1-60-x-84cm\/","url":"https:\/\/www.teleclub.com.py\/index.php\/product\/lamina-personalizada-para-panel-led-a1-60-x-84cm\/","name":"L\u00e1mina personalizada para panel LED - A1 60 x 84cm - Teleclub","isPartOf":{"@id":"https:\/\/www.teleclub.com.py\/#website"},"primaryImageOfPage":{"@id":"https:\/\/www.teleclub.com.py\/index.php\/product\/lamina-personalizada-para-panel-led-a1-60-x-84cm\/#primaryimage"},"image":{"@id":"https:\/\/www.teleclub.com.py\/index.php\/product\/lamina-personalizada-para-panel-led-a1-60-x-84cm\/#primaryimage"},"thumbnailUrl":"https:\/\/www.teleclub.com.py\/wp-content\/uploads\/2024\/11\/1l.png","datePublished":"2024-11-23T14:12:04+00:00","dateModified":"2024-12-03T14:00:01+00:00","description":"L\u00e1mina personalizada para panel LED, dise\u00f1ada para destacar tu marca, mensaje o imagen con m\u00e1xima calidad. Ideal para publicidad o decoraci\u00f3n \u00fanica.","breadcrumb":{"@id":"https:\/\/www.teleclub.com.py\/index.php\/product\/lamina-personalizada-para-panel-led-a1-60-x-84cm\/#breadcrumb"},"inLanguage":"es","potentialAction":[{"@type":"ReadAction","target":["https:\/\/www.teleclub.com.py\/index.php\/product\/lamina-personalizada-para-panel-led-a1-60-x-84cm\/"]}]},{"@type":"ImageObject","inLanguage":"es","@id":"https:\/\/www.teleclub.com.py\/index.php\/product\/lamina-personalizada-para-panel-led-a1-60-x-84cm\/#primaryimage","url":"https:\/\/www.teleclub.com.py\/wp-content\/uploads\/2024\/11\/1l.png","contentUrl":"https:\/\/www.teleclub.com.py\/wp-content\/uploads\/2024\/11\/1l.png","width":1080,"height":1080},{"@type":"BreadcrumbList","@id":"https:\/\/www.teleclub.com.py\/index.php\/product\/lamina-personalizada-para-panel-led-a1-60-x-84cm\/#breadcrumb","itemListElement":[{"@type":"ListItem","position":1,"name":"Portada","item":"https:\/\/www.teleclub.com.py\/"},{"@type":"ListItem","position":2,"name":"Shop","item":"https:\/\/www.teleclub.com.py\/index.php\/shop-2\/"},{"@type":"ListItem","position":3,"name":"L\u00e1mina personalizada para panel LED &#8211; A1 60 x 84cm"}]},{"@type":"WebSite","@id":"https:\/\/www.teleclub.com.py\/#website","url":"https:\/\/www.teleclub.com.py\/","name":"Teleclub","description":"Tu tienda online","publisher":{"@id":"https:\/\/www.teleclub.com.py\/#organization"},"potentialAction":[{"@type":"SearchAction","target":{"@type":"EntryPoint","urlTemplate":"https:\/\/www.teleclub.com.py\/?s={search_term_string}"},"query-input":{"@type":"PropertyValueSpecification","valueRequired":true,"valueName":"search_term_string"}}],"inLanguage":"es"},{"@type":"Organization","@id":"https:\/\/www.teleclub.com.py\/#organization","name":"Teleclub","url":"https:\/\/www.teleclub.com.py\/","logo":{"@type":"ImageObject","inLanguage":"es","@id":"https:\/\/www.teleclub.com.py\/#\/schema\/logo\/image\/","url":"https:\/\/www.teleclub.com.py\/wp-content\/uploads\/2024\/09\/1611317346760_TeleClub_logo_FondoBlanco-2.jpg","contentUrl":"https:\/\/www.teleclub.com.py\/wp-content\/uploads\/2024\/09\/1611317346760_TeleClub_logo_FondoBlanco-2.jpg","width":1600,"height":1600,"caption":"Teleclub"},"image":{"@id":"https:\/\/www.teleclub.com.py\/#\/schema\/logo\/image\/"},"sameAs":["https:\/\/www.facebook.com\/teleclubpy","https:\/\/www.instagram.com\/teleclubpy"]}]}},"_links":{"self":[{"href":"https:\/\/www.teleclub.com.py\/index.php\/wp-json\/wp\/v2\/product\/11168","targetHints":{"allow":["GET"]}}],"collection":[{"href":"https:\/\/www.teleclub.com.py\/index.php\/wp-json\/wp\/v2\/product"}],"about":[{"href":"https:\/\/www.teleclub.com.py\/index.php\/wp-json\/wp\/v2\/types\/product"}],"wp:featuredmedia":[{"embeddable":true,"href":"https:\/\/www.teleclub.com.py\/index.php\/wp-json\/wp\/v2\/media\/11231"}],"wp:attachment":[{"href":"https:\/\/www.teleclub.com.py\/index.php\/wp-json\/wp\/v2\/media?parent=11168"}],"wp:term":[{"taxonomy":"product_cat","embeddable":true,"href":"https:\/\/www.teleclub.com.py\/index.php\/wp-json\/wp\/v2\/product_cat?post=11168"},{"taxonomy":"product_tag","embeddable":true,"href":"https:\/\/www.teleclub.com.py\/index.php\/wp-json\/wp\/v2\/product_tag?post=11168"}],"curies":[{"name":"wp","href":"https:\/\/api.w.org\/{rel}","templated":true}]}}