{"id":10918,"date":"2024-11-11T16:59:59","date_gmt":"2024-11-11T19:59:59","guid":{"rendered":"https:\/\/www.teleclub.com.py\/?post_type=product&#038;p=10918"},"modified":"2024-11-13T10:31:36","modified_gmt":"2024-11-13T13:31:36","slug":"freidora-air-fryer-arno-3-2lts-rojo-1200w-ey1225b2","status":"publish","type":"product","link":"https:\/\/www.teleclub.com.py\/index.php\/product\/freidora-air-fryer-arno-3-2lts-rojo-1200w-ey1225b2\/","title":{"rendered":"FREIDORA AIR FRYER ARNO 3.2LTS. ROJO 1200W EY1225B2"},"content":{"rendered":"","protected":false},"excerpt":{"rendered":"<table class=\"table table-striped table-bordered col-md-7 col-12\">\n<tbody>\n<tr>\n<td class=\"p-4\"><b>Marca<\/b><\/td>\n<td class=\"p-4\">Arno<\/td>\n<\/tr>\n<tr>\n<td class=\"p-4\"><b>Modelo<\/b><\/td>\n<td class=\"p-4\">Air Fry EY1225B2<\/td>\n<\/tr>\n<tr>\n<td class=\"p-4\"><b>Capacidad<\/b><\/td>\n<td class=\"p-4\">3.2 litros<\/td>\n<\/tr>\n<tr>\n<td class=\"p-4\"><b>Potencia<\/b><\/td>\n<td class=\"p-4\">1200 watts<\/td>\n<\/tr>\n<tr>\n<td class=\"p-4\"><b>Temperatura ajustable<\/b><\/td>\n<td class=\"p-4\">Hasta 200\u00b0C<\/td>\n<\/tr>\n<tr>\n<td class=\"p-4\"><b>Timer<\/b><\/td>\n<td class=\"p-4\">60 minutos<\/td>\n<\/tr>\n<tr>\n<td class=\"p-4\"><b>Tecnolog\u00eda<\/b><\/td>\n<td class=\"p-4\">Air Fry<\/td>\n<\/tr>\n<tr>\n<td class=\"p-4\"><b>Color<\/b><\/td>\n<td class=\"p-4\">Rojo<\/td>\n<\/tr>\n<tr>\n<td class=\"p-4\"><b>F\u00e1cil de limpiar<\/b><\/td>\n<td class=\"p-4\">Rejilla desmontable<\/td>\n<\/tr>\n<tr>\n<td class=\"p-4\"><b>Variedad de preparaciones<\/b><\/td>\n<td class=\"p-4\">Fre\u00edr, hornear, asar, gratinar<\/td>\n<\/tr>\n<\/tbody>\n<\/table>\n","protected":false},"featured_media":10919,"template":"","meta":{"om_disable_all_campaigns":false},"product_cat":[412],"product_tag":[],"class_list":{"0":"post-10918","1":"product","2":"type-product","3":"status-publish","4":"has-post-thumbnail","6":"product_cat-air-flyers-freidoras-sin-aceite","8":"first","9":"instock","10":"shipping-taxable","11":"purchasable","12":"product-type-simple"},"yoast_head":"<!-- This site is optimized with the Yoast SEO plugin v23.6 - https:\/\/yoast.com\/wordpress\/plugins\/seo\/ -->\n<title>FREIDORA AIR FRYER ARNO 3.2LTS. ROJO 1200W EY1225B2 - Teleclub<\/title>\n<meta name=\"robots\" content=\"index, follow, max-snippet:-1, max-image-preview:large, max-video-preview:-1\" \/>\n<link rel=\"canonical\" href=\"https:\/\/www.teleclub.com.py\/index.php\/product\/freidora-air-fryer-arno-3-2lts-rojo-1200w-ey1225b2\/\" \/>\n<meta property=\"og:locale\" content=\"es_ES\" \/>\n<meta property=\"og:type\" content=\"article\" \/>\n<meta property=\"og:title\" content=\"FREIDORA AIR FRYER ARNO 3.2LTS. ROJO 1200W EY1225B2 - Teleclub\" \/>\n<meta property=\"og:description\" content=\"Marca Arno   Modelo Air Fry EY1225B2   Capacidad 3.2 litros   Potencia 1200 watts   Temperatura ajustable Hasta 200\u00b0C   Timer 60 minutos   Tecnolog\u00eda Air Fry   Color Rojo   F\u00e1cil de limpiar Rejilla desmontable   Variedad de preparaciones Fre\u00edr, hornear, asar, gratinar\" \/>\n<meta property=\"og:url\" content=\"https:\/\/www.teleclub.com.py\/index.php\/product\/freidora-air-fryer-arno-3-2lts-rojo-1200w-ey1225b2\/\" \/>\n<meta property=\"og:site_name\" content=\"Teleclub\" \/>\n<meta property=\"article:publisher\" content=\"https:\/\/www.facebook.com\/teleclubpy\" \/>\n<meta property=\"article:modified_time\" content=\"2024-11-13T13:31:36+00:00\" \/>\n<meta property=\"og:image\" content=\"https:\/\/www.teleclub.com.py\/wp-content\/uploads\/2024\/11\/a-175.png\" \/>\n\t<meta property=\"og:image:width\" content=\"600\" \/>\n\t<meta property=\"og:image:height\" content=\"600\" \/>\n\t<meta property=\"og:image:type\" content=\"image\/png\" \/>\n<meta name=\"twitter:card\" content=\"summary_large_image\" \/>\n<script type=\"application\/ld+json\" class=\"yoast-schema-graph\">{\"@context\":\"https:\/\/schema.org\",\"@graph\":[{\"@type\":\"WebPage\",\"@id\":\"https:\/\/www.teleclub.com.py\/index.php\/product\/freidora-air-fryer-arno-3-2lts-rojo-1200w-ey1225b2\/\",\"url\":\"https:\/\/www.teleclub.com.py\/index.php\/product\/freidora-air-fryer-arno-3-2lts-rojo-1200w-ey1225b2\/\",\"name\":\"FREIDORA AIR FRYER ARNO 3.2LTS. ROJO 1200W EY1225B2 - Teleclub\",\"isPartOf\":{\"@id\":\"https:\/\/www.teleclub.com.py\/#website\"},\"primaryImageOfPage\":{\"@id\":\"https:\/\/www.teleclub.com.py\/index.php\/product\/freidora-air-fryer-arno-3-2lts-rojo-1200w-ey1225b2\/#primaryimage\"},\"image\":{\"@id\":\"https:\/\/www.teleclub.com.py\/index.php\/product\/freidora-air-fryer-arno-3-2lts-rojo-1200w-ey1225b2\/#primaryimage\"},\"thumbnailUrl\":\"https:\/\/www.teleclub.com.py\/wp-content\/uploads\/2024\/11\/a-175.png\",\"datePublished\":\"2024-11-11T19:59:59+00:00\",\"dateModified\":\"2024-11-13T13:31:36+00:00\",\"breadcrumb\":{\"@id\":\"https:\/\/www.teleclub.com.py\/index.php\/product\/freidora-air-fryer-arno-3-2lts-rojo-1200w-ey1225b2\/#breadcrumb\"},\"inLanguage\":\"es\",\"potentialAction\":[{\"@type\":\"ReadAction\",\"target\":[\"https:\/\/www.teleclub.com.py\/index.php\/product\/freidora-air-fryer-arno-3-2lts-rojo-1200w-ey1225b2\/\"]}]},{\"@type\":\"ImageObject\",\"inLanguage\":\"es\",\"@id\":\"https:\/\/www.teleclub.com.py\/index.php\/product\/freidora-air-fryer-arno-3-2lts-rojo-1200w-ey1225b2\/#primaryimage\",\"url\":\"https:\/\/www.teleclub.com.py\/wp-content\/uploads\/2024\/11\/a-175.png\",\"contentUrl\":\"https:\/\/www.teleclub.com.py\/wp-content\/uploads\/2024\/11\/a-175.png\",\"width\":600,\"height\":600},{\"@type\":\"BreadcrumbList\",\"@id\":\"https:\/\/www.teleclub.com.py\/index.php\/product\/freidora-air-fryer-arno-3-2lts-rojo-1200w-ey1225b2\/#breadcrumb\",\"itemListElement\":[{\"@type\":\"ListItem\",\"position\":1,\"name\":\"Portada\",\"item\":\"https:\/\/www.teleclub.com.py\/\"},{\"@type\":\"ListItem\",\"position\":2,\"name\":\"Shop\",\"item\":\"https:\/\/www.teleclub.com.py\/index.php\/shop-2\/\"},{\"@type\":\"ListItem\",\"position\":3,\"name\":\"FREIDORA AIR FRYER ARNO 3.2LTS. ROJO 1200W EY1225B2\"}]},{\"@type\":\"WebSite\",\"@id\":\"https:\/\/www.teleclub.com.py\/#website\",\"url\":\"https:\/\/www.teleclub.com.py\/\",\"name\":\"Teleclub\",\"description\":\"Tu tienda online\",\"publisher\":{\"@id\":\"https:\/\/www.teleclub.com.py\/#organization\"},\"potentialAction\":[{\"@type\":\"SearchAction\",\"target\":{\"@type\":\"EntryPoint\",\"urlTemplate\":\"https:\/\/www.teleclub.com.py\/?s={search_term_string}\"},\"query-input\":{\"@type\":\"PropertyValueSpecification\",\"valueRequired\":true,\"valueName\":\"search_term_string\"}}],\"inLanguage\":\"es\"},{\"@type\":\"Organization\",\"@id\":\"https:\/\/www.teleclub.com.py\/#organization\",\"name\":\"Teleclub\",\"url\":\"https:\/\/www.teleclub.com.py\/\",\"logo\":{\"@type\":\"ImageObject\",\"inLanguage\":\"es\",\"@id\":\"https:\/\/www.teleclub.com.py\/#\/schema\/logo\/image\/\",\"url\":\"https:\/\/www.teleclub.com.py\/wp-content\/uploads\/2024\/09\/1611317346760_TeleClub_logo_FondoBlanco-2.jpg\",\"contentUrl\":\"https:\/\/www.teleclub.com.py\/wp-content\/uploads\/2024\/09\/1611317346760_TeleClub_logo_FondoBlanco-2.jpg\",\"width\":1600,\"height\":1600,\"caption\":\"Teleclub\"},\"image\":{\"@id\":\"https:\/\/www.teleclub.com.py\/#\/schema\/logo\/image\/\"},\"sameAs\":[\"https:\/\/www.facebook.com\/teleclubpy\",\"https:\/\/www.instagram.com\/teleclubpy\"]}]}<\/script>\n<!-- \/ Yoast SEO plugin. -->","yoast_head_json":{"title":"FREIDORA AIR FRYER ARNO 3.2LTS. ROJO 1200W EY1225B2 - Teleclub","robots":{"index":"index","follow":"follow","max-snippet":"max-snippet:-1","max-image-preview":"max-image-preview:large","max-video-preview":"max-video-preview:-1"},"canonical":"https:\/\/www.teleclub.com.py\/index.php\/product\/freidora-air-fryer-arno-3-2lts-rojo-1200w-ey1225b2\/","og_locale":"es_ES","og_type":"article","og_title":"FREIDORA AIR FRYER ARNO 3.2LTS. ROJO 1200W EY1225B2 - Teleclub","og_description":"Marca Arno   Modelo Air Fry EY1225B2   Capacidad 3.2 litros   Potencia 1200 watts   Temperatura ajustable Hasta 200\u00b0C   Timer 60 minutos   Tecnolog\u00eda Air Fry   Color Rojo   F\u00e1cil de limpiar Rejilla desmontable   Variedad de preparaciones Fre\u00edr, hornear, asar, gratinar","og_url":"https:\/\/www.teleclub.com.py\/index.php\/product\/freidora-air-fryer-arno-3-2lts-rojo-1200w-ey1225b2\/","og_site_name":"Teleclub","article_publisher":"https:\/\/www.facebook.com\/teleclubpy","article_modified_time":"2024-11-13T13:31:36+00:00","og_image":[{"width":600,"height":600,"url":"https:\/\/www.teleclub.com.py\/wp-content\/uploads\/2024\/11\/a-175.png","type":"image\/png"}],"twitter_card":"summary_large_image","schema":{"@context":"https:\/\/schema.org","@graph":[{"@type":"WebPage","@id":"https:\/\/www.teleclub.com.py\/index.php\/product\/freidora-air-fryer-arno-3-2lts-rojo-1200w-ey1225b2\/","url":"https:\/\/www.teleclub.com.py\/index.php\/product\/freidora-air-fryer-arno-3-2lts-rojo-1200w-ey1225b2\/","name":"FREIDORA AIR FRYER ARNO 3.2LTS. ROJO 1200W EY1225B2 - Teleclub","isPartOf":{"@id":"https:\/\/www.teleclub.com.py\/#website"},"primaryImageOfPage":{"@id":"https:\/\/www.teleclub.com.py\/index.php\/product\/freidora-air-fryer-arno-3-2lts-rojo-1200w-ey1225b2\/#primaryimage"},"image":{"@id":"https:\/\/www.teleclub.com.py\/index.php\/product\/freidora-air-fryer-arno-3-2lts-rojo-1200w-ey1225b2\/#primaryimage"},"thumbnailUrl":"https:\/\/www.teleclub.com.py\/wp-content\/uploads\/2024\/11\/a-175.png","datePublished":"2024-11-11T19:59:59+00:00","dateModified":"2024-11-13T13:31:36+00:00","breadcrumb":{"@id":"https:\/\/www.teleclub.com.py\/index.php\/product\/freidora-air-fryer-arno-3-2lts-rojo-1200w-ey1225b2\/#breadcrumb"},"inLanguage":"es","potentialAction":[{"@type":"ReadAction","target":["https:\/\/www.teleclub.com.py\/index.php\/product\/freidora-air-fryer-arno-3-2lts-rojo-1200w-ey1225b2\/"]}]},{"@type":"ImageObject","inLanguage":"es","@id":"https:\/\/www.teleclub.com.py\/index.php\/product\/freidora-air-fryer-arno-3-2lts-rojo-1200w-ey1225b2\/#primaryimage","url":"https:\/\/www.teleclub.com.py\/wp-content\/uploads\/2024\/11\/a-175.png","contentUrl":"https:\/\/www.teleclub.com.py\/wp-content\/uploads\/2024\/11\/a-175.png","width":600,"height":600},{"@type":"BreadcrumbList","@id":"https:\/\/www.teleclub.com.py\/index.php\/product\/freidora-air-fryer-arno-3-2lts-rojo-1200w-ey1225b2\/#breadcrumb","itemListElement":[{"@type":"ListItem","position":1,"name":"Portada","item":"https:\/\/www.teleclub.com.py\/"},{"@type":"ListItem","position":2,"name":"Shop","item":"https:\/\/www.teleclub.com.py\/index.php\/shop-2\/"},{"@type":"ListItem","position":3,"name":"FREIDORA AIR FRYER ARNO 3.2LTS. ROJO 1200W EY1225B2"}]},{"@type":"WebSite","@id":"https:\/\/www.teleclub.com.py\/#website","url":"https:\/\/www.teleclub.com.py\/","name":"Teleclub","description":"Tu tienda online","publisher":{"@id":"https:\/\/www.teleclub.com.py\/#organization"},"potentialAction":[{"@type":"SearchAction","target":{"@type":"EntryPoint","urlTemplate":"https:\/\/www.teleclub.com.py\/?s={search_term_string}"},"query-input":{"@type":"PropertyValueSpecification","valueRequired":true,"valueName":"search_term_string"}}],"inLanguage":"es"},{"@type":"Organization","@id":"https:\/\/www.teleclub.com.py\/#organization","name":"Teleclub","url":"https:\/\/www.teleclub.com.py\/","logo":{"@type":"ImageObject","inLanguage":"es","@id":"https:\/\/www.teleclub.com.py\/#\/schema\/logo\/image\/","url":"https:\/\/www.teleclub.com.py\/wp-content\/uploads\/2024\/09\/1611317346760_TeleClub_logo_FondoBlanco-2.jpg","contentUrl":"https:\/\/www.teleclub.com.py\/wp-content\/uploads\/2024\/09\/1611317346760_TeleClub_logo_FondoBlanco-2.jpg","width":1600,"height":1600,"caption":"Teleclub"},"image":{"@id":"https:\/\/www.teleclub.com.py\/#\/schema\/logo\/image\/"},"sameAs":["https:\/\/www.facebook.com\/teleclubpy","https:\/\/www.instagram.com\/teleclubpy"]}]}},"_links":{"self":[{"href":"https:\/\/www.teleclub.com.py\/index.php\/wp-json\/wp\/v2\/product\/10918","targetHints":{"allow":["GET"]}}],"collection":[{"href":"https:\/\/www.teleclub.com.py\/index.php\/wp-json\/wp\/v2\/product"}],"about":[{"href":"https:\/\/www.teleclub.com.py\/index.php\/wp-json\/wp\/v2\/types\/product"}],"wp:featuredmedia":[{"embeddable":true,"href":"https:\/\/www.teleclub.com.py\/index.php\/wp-json\/wp\/v2\/media\/10919"}],"wp:attachment":[{"href":"https:\/\/www.teleclub.com.py\/index.php\/wp-json\/wp\/v2\/media?parent=10918"}],"wp:term":[{"taxonomy":"product_cat","embeddable":true,"href":"https:\/\/www.teleclub.com.py\/index.php\/wp-json\/wp\/v2\/product_cat?post=10918"},{"taxonomy":"product_tag","embeddable":true,"href":"https:\/\/www.teleclub.com.py\/index.php\/wp-json\/wp\/v2\/product_tag?post=10918"}],"curies":[{"name":"wp","href":"https:\/\/api.w.org\/{rel}","templated":true}]}}