{"id":10916,"date":"2024-11-11T16:58:55","date_gmt":"2024-11-11T19:58:55","guid":{"rendered":"https:\/\/www.teleclub.com.py\/?post_type=product&#038;p=10916"},"modified":"2024-11-13T10:31:38","modified_gmt":"2024-11-13T13:31:38","slug":"air-fryer-tokyo-suprema-10lts-doble-canasta-c-divisor-extraible-200ac-2400w","status":"publish","type":"product","link":"https:\/\/www.teleclub.com.py\/index.php\/product\/air-fryer-tokyo-suprema-10lts-doble-canasta-c-divisor-extraible-200ac-2400w\/","title":{"rendered":"AIR FRYER TOKYO SUPREMA 10LTS DOBLE CANASTA C\/DIVISOR EXTRAIBLE 200\u00c2\u00b0C 2400W"},"content":{"rendered":"","protected":false},"excerpt":{"rendered":"<h2 class=\"tt-collapse-content tt-collapse-text-ficha\">* Men\u00fas pr\u00e1cticos descongelar, papas fritas, alitas y mulsos de pollo, carne, langostinos, pescado y torta (Pastel).<br \/>\n* Fr\u00ede al aire hasta con un 75 % menos de grasa que los m\u00e9todos tradicionales.<br \/>\n* Piezas aptas para lavavajillas cesta y recipiente f\u00e1ciles de limpiar.<br \/>\n* 2 zonas de cocci\u00f3n con capacidad de 10 litros en total.<br \/>\n* Amplio rango de temperatura hasta 200\u00b0C.<br \/>\n* Funci\u00f3n temporizador hasta 60 min.<br \/>\n* Cuenta con separador extraible.<br \/>\n* Panel de control digital.<br \/>\n* 2.400W de potencia.<\/h2>\n","protected":false},"featured_media":10917,"template":"","meta":{"om_disable_all_campaigns":false},"product_cat":[412],"product_tag":[],"class_list":{"0":"post-10916","1":"product","2":"type-product","3":"status-publish","4":"has-post-thumbnail","6":"product_cat-air-flyers-freidoras-sin-aceite","8":"first","9":"instock","10":"shipping-taxable","11":"purchasable","12":"product-type-simple"},"yoast_head":"<!-- This site is optimized with the Yoast SEO plugin v23.6 - https:\/\/yoast.com\/wordpress\/plugins\/seo\/ -->\n<title>AIR FRYER TOKYO SUPREMA 10LTS DOBLE CANASTA C\/DIVISOR EXTRAIBLE 200\u00c2\u00b0C 2400W - Teleclub<\/title>\n<meta name=\"robots\" content=\"index, follow, max-snippet:-1, max-image-preview:large, max-video-preview:-1\" \/>\n<link rel=\"canonical\" href=\"https:\/\/www.teleclub.com.py\/index.php\/product\/air-fryer-tokyo-suprema-10lts-doble-canasta-c-divisor-extraible-200ac-2400w\/\" \/>\n<meta property=\"og:locale\" content=\"es_ES\" \/>\n<meta property=\"og:type\" content=\"article\" \/>\n<meta property=\"og:title\" content=\"AIR FRYER TOKYO SUPREMA 10LTS DOBLE CANASTA C\/DIVISOR EXTRAIBLE 200\u00c2\u00b0C 2400W - Teleclub\" \/>\n<meta property=\"og:description\" content=\"* Men\u00fas pr\u00e1cticos descongelar, papas fritas, alitas y mulsos de pollo, carne, langostinos, pescado y torta (Pastel). * Fr\u00ede al aire hasta con un 75 % menos de grasa que los m\u00e9todos tradicionales. * Piezas aptas para lavavajillas cesta y recipiente f\u00e1ciles de limpiar. * 2 zonas de cocci\u00f3n con capacidad de 10 litros en total. * Amplio rango de temperatura hasta 200\u00b0C. * Funci\u00f3n temporizador hasta 60 min. * Cuenta con separador extraible. * Panel de control digital. * 2.400W de potencia.\" \/>\n<meta property=\"og:url\" content=\"https:\/\/www.teleclub.com.py\/index.php\/product\/air-fryer-tokyo-suprema-10lts-doble-canasta-c-divisor-extraible-200ac-2400w\/\" \/>\n<meta property=\"og:site_name\" content=\"Teleclub\" \/>\n<meta property=\"article:publisher\" content=\"https:\/\/www.facebook.com\/teleclubpy\" \/>\n<meta property=\"article:modified_time\" content=\"2024-11-13T13:31:38+00:00\" \/>\n<meta property=\"og:image\" content=\"https:\/\/www.teleclub.com.py\/wp-content\/uploads\/2024\/11\/a-174.png\" \/>\n\t<meta property=\"og:image:width\" content=\"1000\" \/>\n\t<meta property=\"og:image:height\" content=\"1000\" \/>\n\t<meta property=\"og:image:type\" content=\"image\/png\" \/>\n<meta name=\"twitter:card\" content=\"summary_large_image\" \/>\n<script type=\"application\/ld+json\" class=\"yoast-schema-graph\">{\"@context\":\"https:\/\/schema.org\",\"@graph\":[{\"@type\":\"WebPage\",\"@id\":\"https:\/\/www.teleclub.com.py\/index.php\/product\/air-fryer-tokyo-suprema-10lts-doble-canasta-c-divisor-extraible-200ac-2400w\/\",\"url\":\"https:\/\/www.teleclub.com.py\/index.php\/product\/air-fryer-tokyo-suprema-10lts-doble-canasta-c-divisor-extraible-200ac-2400w\/\",\"name\":\"AIR FRYER TOKYO SUPREMA 10LTS DOBLE CANASTA C\/DIVISOR EXTRAIBLE 200\u00c2\u00b0C 2400W - Teleclub\",\"isPartOf\":{\"@id\":\"https:\/\/www.teleclub.com.py\/#website\"},\"primaryImageOfPage\":{\"@id\":\"https:\/\/www.teleclub.com.py\/index.php\/product\/air-fryer-tokyo-suprema-10lts-doble-canasta-c-divisor-extraible-200ac-2400w\/#primaryimage\"},\"image\":{\"@id\":\"https:\/\/www.teleclub.com.py\/index.php\/product\/air-fryer-tokyo-suprema-10lts-doble-canasta-c-divisor-extraible-200ac-2400w\/#primaryimage\"},\"thumbnailUrl\":\"https:\/\/www.teleclub.com.py\/wp-content\/uploads\/2024\/11\/a-174.png\",\"datePublished\":\"2024-11-11T19:58:55+00:00\",\"dateModified\":\"2024-11-13T13:31:38+00:00\",\"breadcrumb\":{\"@id\":\"https:\/\/www.teleclub.com.py\/index.php\/product\/air-fryer-tokyo-suprema-10lts-doble-canasta-c-divisor-extraible-200ac-2400w\/#breadcrumb\"},\"inLanguage\":\"es\",\"potentialAction\":[{\"@type\":\"ReadAction\",\"target\":[\"https:\/\/www.teleclub.com.py\/index.php\/product\/air-fryer-tokyo-suprema-10lts-doble-canasta-c-divisor-extraible-200ac-2400w\/\"]}]},{\"@type\":\"ImageObject\",\"inLanguage\":\"es\",\"@id\":\"https:\/\/www.teleclub.com.py\/index.php\/product\/air-fryer-tokyo-suprema-10lts-doble-canasta-c-divisor-extraible-200ac-2400w\/#primaryimage\",\"url\":\"https:\/\/www.teleclub.com.py\/wp-content\/uploads\/2024\/11\/a-174.png\",\"contentUrl\":\"https:\/\/www.teleclub.com.py\/wp-content\/uploads\/2024\/11\/a-174.png\",\"width\":1000,\"height\":1000},{\"@type\":\"BreadcrumbList\",\"@id\":\"https:\/\/www.teleclub.com.py\/index.php\/product\/air-fryer-tokyo-suprema-10lts-doble-canasta-c-divisor-extraible-200ac-2400w\/#breadcrumb\",\"itemListElement\":[{\"@type\":\"ListItem\",\"position\":1,\"name\":\"Portada\",\"item\":\"https:\/\/www.teleclub.com.py\/\"},{\"@type\":\"ListItem\",\"position\":2,\"name\":\"Shop\",\"item\":\"https:\/\/www.teleclub.com.py\/index.php\/shop-2\/\"},{\"@type\":\"ListItem\",\"position\":3,\"name\":\"AIR FRYER TOKYO SUPREMA 10LTS DOBLE CANASTA C\/DIVISOR EXTRAIBLE 200\u00c2\u00b0C 2400W\"}]},{\"@type\":\"WebSite\",\"@id\":\"https:\/\/www.teleclub.com.py\/#website\",\"url\":\"https:\/\/www.teleclub.com.py\/\",\"name\":\"Teleclub\",\"description\":\"Tu tienda online\",\"publisher\":{\"@id\":\"https:\/\/www.teleclub.com.py\/#organization\"},\"potentialAction\":[{\"@type\":\"SearchAction\",\"target\":{\"@type\":\"EntryPoint\",\"urlTemplate\":\"https:\/\/www.teleclub.com.py\/?s={search_term_string}\"},\"query-input\":{\"@type\":\"PropertyValueSpecification\",\"valueRequired\":true,\"valueName\":\"search_term_string\"}}],\"inLanguage\":\"es\"},{\"@type\":\"Organization\",\"@id\":\"https:\/\/www.teleclub.com.py\/#organization\",\"name\":\"Teleclub\",\"url\":\"https:\/\/www.teleclub.com.py\/\",\"logo\":{\"@type\":\"ImageObject\",\"inLanguage\":\"es\",\"@id\":\"https:\/\/www.teleclub.com.py\/#\/schema\/logo\/image\/\",\"url\":\"https:\/\/www.teleclub.com.py\/wp-content\/uploads\/2024\/09\/1611317346760_TeleClub_logo_FondoBlanco-2.jpg\",\"contentUrl\":\"https:\/\/www.teleclub.com.py\/wp-content\/uploads\/2024\/09\/1611317346760_TeleClub_logo_FondoBlanco-2.jpg\",\"width\":1600,\"height\":1600,\"caption\":\"Teleclub\"},\"image\":{\"@id\":\"https:\/\/www.teleclub.com.py\/#\/schema\/logo\/image\/\"},\"sameAs\":[\"https:\/\/www.facebook.com\/teleclubpy\",\"https:\/\/www.instagram.com\/teleclubpy\"]}]}<\/script>\n<!-- \/ Yoast SEO plugin. -->","yoast_head_json":{"title":"AIR FRYER TOKYO SUPREMA 10LTS DOBLE CANASTA C\/DIVISOR EXTRAIBLE 200\u00c2\u00b0C 2400W - Teleclub","robots":{"index":"index","follow":"follow","max-snippet":"max-snippet:-1","max-image-preview":"max-image-preview:large","max-video-preview":"max-video-preview:-1"},"canonical":"https:\/\/www.teleclub.com.py\/index.php\/product\/air-fryer-tokyo-suprema-10lts-doble-canasta-c-divisor-extraible-200ac-2400w\/","og_locale":"es_ES","og_type":"article","og_title":"AIR FRYER TOKYO SUPREMA 10LTS DOBLE CANASTA C\/DIVISOR EXTRAIBLE 200\u00c2\u00b0C 2400W - Teleclub","og_description":"* Men\u00fas pr\u00e1cticos descongelar, papas fritas, alitas y mulsos de pollo, carne, langostinos, pescado y torta (Pastel). * Fr\u00ede al aire hasta con un 75 % menos de grasa que los m\u00e9todos tradicionales. * Piezas aptas para lavavajillas cesta y recipiente f\u00e1ciles de limpiar. * 2 zonas de cocci\u00f3n con capacidad de 10 litros en total. * Amplio rango de temperatura hasta 200\u00b0C. * Funci\u00f3n temporizador hasta 60 min. * Cuenta con separador extraible. * Panel de control digital. * 2.400W de potencia.","og_url":"https:\/\/www.teleclub.com.py\/index.php\/product\/air-fryer-tokyo-suprema-10lts-doble-canasta-c-divisor-extraible-200ac-2400w\/","og_site_name":"Teleclub","article_publisher":"https:\/\/www.facebook.com\/teleclubpy","article_modified_time":"2024-11-13T13:31:38+00:00","og_image":[{"width":1000,"height":1000,"url":"https:\/\/www.teleclub.com.py\/wp-content\/uploads\/2024\/11\/a-174.png","type":"image\/png"}],"twitter_card":"summary_large_image","schema":{"@context":"https:\/\/schema.org","@graph":[{"@type":"WebPage","@id":"https:\/\/www.teleclub.com.py\/index.php\/product\/air-fryer-tokyo-suprema-10lts-doble-canasta-c-divisor-extraible-200ac-2400w\/","url":"https:\/\/www.teleclub.com.py\/index.php\/product\/air-fryer-tokyo-suprema-10lts-doble-canasta-c-divisor-extraible-200ac-2400w\/","name":"AIR FRYER TOKYO SUPREMA 10LTS DOBLE CANASTA C\/DIVISOR EXTRAIBLE 200\u00c2\u00b0C 2400W - Teleclub","isPartOf":{"@id":"https:\/\/www.teleclub.com.py\/#website"},"primaryImageOfPage":{"@id":"https:\/\/www.teleclub.com.py\/index.php\/product\/air-fryer-tokyo-suprema-10lts-doble-canasta-c-divisor-extraible-200ac-2400w\/#primaryimage"},"image":{"@id":"https:\/\/www.teleclub.com.py\/index.php\/product\/air-fryer-tokyo-suprema-10lts-doble-canasta-c-divisor-extraible-200ac-2400w\/#primaryimage"},"thumbnailUrl":"https:\/\/www.teleclub.com.py\/wp-content\/uploads\/2024\/11\/a-174.png","datePublished":"2024-11-11T19:58:55+00:00","dateModified":"2024-11-13T13:31:38+00:00","breadcrumb":{"@id":"https:\/\/www.teleclub.com.py\/index.php\/product\/air-fryer-tokyo-suprema-10lts-doble-canasta-c-divisor-extraible-200ac-2400w\/#breadcrumb"},"inLanguage":"es","potentialAction":[{"@type":"ReadAction","target":["https:\/\/www.teleclub.com.py\/index.php\/product\/air-fryer-tokyo-suprema-10lts-doble-canasta-c-divisor-extraible-200ac-2400w\/"]}]},{"@type":"ImageObject","inLanguage":"es","@id":"https:\/\/www.teleclub.com.py\/index.php\/product\/air-fryer-tokyo-suprema-10lts-doble-canasta-c-divisor-extraible-200ac-2400w\/#primaryimage","url":"https:\/\/www.teleclub.com.py\/wp-content\/uploads\/2024\/11\/a-174.png","contentUrl":"https:\/\/www.teleclub.com.py\/wp-content\/uploads\/2024\/11\/a-174.png","width":1000,"height":1000},{"@type":"BreadcrumbList","@id":"https:\/\/www.teleclub.com.py\/index.php\/product\/air-fryer-tokyo-suprema-10lts-doble-canasta-c-divisor-extraible-200ac-2400w\/#breadcrumb","itemListElement":[{"@type":"ListItem","position":1,"name":"Portada","item":"https:\/\/www.teleclub.com.py\/"},{"@type":"ListItem","position":2,"name":"Shop","item":"https:\/\/www.teleclub.com.py\/index.php\/shop-2\/"},{"@type":"ListItem","position":3,"name":"AIR FRYER TOKYO SUPREMA 10LTS DOBLE CANASTA C\/DIVISOR EXTRAIBLE 200\u00c2\u00b0C 2400W"}]},{"@type":"WebSite","@id":"https:\/\/www.teleclub.com.py\/#website","url":"https:\/\/www.teleclub.com.py\/","name":"Teleclub","description":"Tu tienda online","publisher":{"@id":"https:\/\/www.teleclub.com.py\/#organization"},"potentialAction":[{"@type":"SearchAction","target":{"@type":"EntryPoint","urlTemplate":"https:\/\/www.teleclub.com.py\/?s={search_term_string}"},"query-input":{"@type":"PropertyValueSpecification","valueRequired":true,"valueName":"search_term_string"}}],"inLanguage":"es"},{"@type":"Organization","@id":"https:\/\/www.teleclub.com.py\/#organization","name":"Teleclub","url":"https:\/\/www.teleclub.com.py\/","logo":{"@type":"ImageObject","inLanguage":"es","@id":"https:\/\/www.teleclub.com.py\/#\/schema\/logo\/image\/","url":"https:\/\/www.teleclub.com.py\/wp-content\/uploads\/2024\/09\/1611317346760_TeleClub_logo_FondoBlanco-2.jpg","contentUrl":"https:\/\/www.teleclub.com.py\/wp-content\/uploads\/2024\/09\/1611317346760_TeleClub_logo_FondoBlanco-2.jpg","width":1600,"height":1600,"caption":"Teleclub"},"image":{"@id":"https:\/\/www.teleclub.com.py\/#\/schema\/logo\/image\/"},"sameAs":["https:\/\/www.facebook.com\/teleclubpy","https:\/\/www.instagram.com\/teleclubpy"]}]}},"_links":{"self":[{"href":"https:\/\/www.teleclub.com.py\/index.php\/wp-json\/wp\/v2\/product\/10916","targetHints":{"allow":["GET"]}}],"collection":[{"href":"https:\/\/www.teleclub.com.py\/index.php\/wp-json\/wp\/v2\/product"}],"about":[{"href":"https:\/\/www.teleclub.com.py\/index.php\/wp-json\/wp\/v2\/types\/product"}],"wp:featuredmedia":[{"embeddable":true,"href":"https:\/\/www.teleclub.com.py\/index.php\/wp-json\/wp\/v2\/media\/10917"}],"wp:attachment":[{"href":"https:\/\/www.teleclub.com.py\/index.php\/wp-json\/wp\/v2\/media?parent=10916"}],"wp:term":[{"taxonomy":"product_cat","embeddable":true,"href":"https:\/\/www.teleclub.com.py\/index.php\/wp-json\/wp\/v2\/product_cat?post=10916"},{"taxonomy":"product_tag","embeddable":true,"href":"https:\/\/www.teleclub.com.py\/index.php\/wp-json\/wp\/v2\/product_tag?post=10916"}],"curies":[{"name":"wp","href":"https:\/\/api.w.org\/{rel}","templated":true}]}}