{"id":10662,"date":"2024-11-07T16:46:08","date_gmt":"2024-11-07T19:46:08","guid":{"rendered":"https:\/\/www.teleclub.com.py\/?post_type=product&#038;p=10662"},"modified":"2026-03-09T19:42:11","modified_gmt":"2026-03-09T22:42:11","slug":"panel-led-a3-31-5-cm-x-42-5-cm","status":"publish","type":"product","link":"https:\/\/www.teleclub.com.py\/index.php\/product\/panel-led-a3-31-5-cm-x-42-5-cm\/","title":{"rendered":"Panel LED A3 (30 cm x 42cm) c\/ l\u00e1mina"},"content":{"rendered":"<p><strong>Caracter\u00edsticas y Beneficios:<\/strong><\/p>\n<ul>\n<li><strong>Tama\u00f1o Perfecto (30 x 42cm):<\/strong> Compacto y vers\u00e1til, el tama\u00f1o A3 se adapta f\u00e1cilmente a mostradores, vitrinas, o paredes, sin ocupar mucho espacio.<\/li>\n<li><strong>Efecto de Luz de Alto Brillo:<\/strong> Dise\u00f1ado para gr\u00e1ficos en papel backlight, este panel genera un brillo uniforme y vibrante que asegura que tu mensaje destaque, incluso en lugares con poca iluminaci\u00f3n.<\/li>\n<li><strong>Materiales Premium:<\/strong> Su estructura de aluminio y vidrio templado no solo asegura una presentaci\u00f3n sofisticada, sino tambi\u00e9n una resistencia superior al desgaste.<\/li>\n<li><strong>F\u00e1cil Cambio de Gr\u00e1ficas:<\/strong> Permite cambiar r\u00e1pidamente el contenido visual, facilitando la adaptaci\u00f3n de tus promociones o mensajes.<\/li>\n<li><strong>Eficiencia Energ\u00e9tica:<\/strong> Equipado con tecnolog\u00eda LED de bajo consumo, ofrece una iluminaci\u00f3n intensa sin afectar significativamente tus costos de energ\u00eda.<\/li>\n<\/ul>\n<p><strong>Aplicaciones Ideales:<\/strong> El Panel LED A3 es perfecto para una amplia gama de negocios, como tiendas de moda, restaurantes, agencias de viajes, centros de eventos, o cualquier espacio que busque una soluci\u00f3n moderna y atractiva para mostrar informaci\u00f3n relevante.<\/p>\n<p>Invierte en una herramienta visual \u00fanica que no solo realza la imagen de tu negocio, sino que tambi\u00e9n maximiza el impacto en cada cliente potencial que pase frente a tu negocio.<\/p>\n","protected":false},"excerpt":{"rendered":"<p>Este panel de alta luminosidad es ideal para negocios y eventos. Con una estructura de aluminio y vidrio templado, permite insertar gr\u00e1ficos en papel retroiluminado, creando un efecto de luz vibrante que captura la atenci\u00f3n. Perfecto para destacar promociones, mensajes o branding, y dise\u00f1ado para resistir el uso constante en diversos entornos comerciales.<\/p>\n","protected":false},"featured_media":11225,"template":"","meta":{"om_disable_all_campaigns":false},"product_cat":[434],"product_tag":[],"class_list":{"0":"post-10662","1":"product","2":"type-product","3":"status-publish","4":"has-post-thumbnail","6":"product_cat-decoracion","8":"first","9":"instock","10":"sale","11":"shipping-taxable","12":"purchasable","13":"product-type-simple"},"yoast_head":"<!-- This site is optimized with the Yoast SEO plugin v23.6 - https:\/\/yoast.com\/wordpress\/plugins\/seo\/ -->\n<title>Panel LED A3 (30 cm x 42cm) c\/ l\u00e1mina - Teleclub<\/title>\n<meta name=\"description\" content=\"Panel LED decorativo o publicitario con l\u00e1mina reemplazable. Ideal para destacar mensajes o im\u00e1genes con alta luminosidad \u00a1Innovaci\u00f3n y estilo garantizados!\" \/>\n<meta name=\"robots\" content=\"index, follow, max-snippet:-1, max-image-preview:large, max-video-preview:-1\" \/>\n<link rel=\"canonical\" href=\"https:\/\/www.teleclub.com.py\/index.php\/product\/panel-led-a3-31-5-cm-x-42-5-cm\/\" \/>\n<meta property=\"og:locale\" content=\"es_ES\" \/>\n<meta property=\"og:type\" content=\"article\" \/>\n<meta property=\"og:title\" content=\"Panel LED A3 (30 cm x 42cm) c\/ l\u00e1mina - Teleclub\" \/>\n<meta property=\"og:description\" content=\"Panel LED decorativo o publicitario con l\u00e1mina reemplazable. Ideal para destacar mensajes o im\u00e1genes con alta luminosidad \u00a1Innovaci\u00f3n y estilo garantizados!\" \/>\n<meta property=\"og:url\" content=\"https:\/\/www.teleclub.com.py\/index.php\/product\/panel-led-a3-31-5-cm-x-42-5-cm\/\" \/>\n<meta property=\"og:site_name\" content=\"Teleclub\" \/>\n<meta property=\"article:publisher\" content=\"https:\/\/www.facebook.com\/teleclubpy\" \/>\n<meta property=\"article:modified_time\" content=\"2026-03-09T22:42:11+00:00\" \/>\n<meta property=\"og:image\" content=\"https:\/\/www.teleclub.com.py\/wp-content\/uploads\/2024\/11\/3.png\" \/>\n\t<meta property=\"og:image:width\" content=\"1080\" \/>\n\t<meta property=\"og:image:height\" content=\"1080\" \/>\n\t<meta property=\"og:image:type\" content=\"image\/png\" \/>\n<meta name=\"twitter:card\" content=\"summary_large_image\" \/>\n<meta name=\"twitter:label1\" content=\"Tiempo de lectura\" \/>\n\t<meta name=\"twitter:data1\" content=\"2 minutos\" \/>\n<script type=\"application\/ld+json\" class=\"yoast-schema-graph\">{\"@context\":\"https:\/\/schema.org\",\"@graph\":[{\"@type\":\"WebPage\",\"@id\":\"https:\/\/www.teleclub.com.py\/index.php\/product\/panel-led-a3-31-5-cm-x-42-5-cm\/\",\"url\":\"https:\/\/www.teleclub.com.py\/index.php\/product\/panel-led-a3-31-5-cm-x-42-5-cm\/\",\"name\":\"Panel LED A3 (30 cm x 42cm) c\/ l\u00e1mina - Teleclub\",\"isPartOf\":{\"@id\":\"https:\/\/www.teleclub.com.py\/#website\"},\"primaryImageOfPage\":{\"@id\":\"https:\/\/www.teleclub.com.py\/index.php\/product\/panel-led-a3-31-5-cm-x-42-5-cm\/#primaryimage\"},\"image\":{\"@id\":\"https:\/\/www.teleclub.com.py\/index.php\/product\/panel-led-a3-31-5-cm-x-42-5-cm\/#primaryimage\"},\"thumbnailUrl\":\"https:\/\/www.teleclub.com.py\/wp-content\/uploads\/2024\/11\/3.png\",\"datePublished\":\"2024-11-07T19:46:08+00:00\",\"dateModified\":\"2026-03-09T22:42:11+00:00\",\"description\":\"Panel LED decorativo o publicitario con l\u00e1mina reemplazable. Ideal para destacar mensajes o im\u00e1genes con alta luminosidad \u00a1Innovaci\u00f3n y estilo garantizados!\",\"breadcrumb\":{\"@id\":\"https:\/\/www.teleclub.com.py\/index.php\/product\/panel-led-a3-31-5-cm-x-42-5-cm\/#breadcrumb\"},\"inLanguage\":\"es\",\"potentialAction\":[{\"@type\":\"ReadAction\",\"target\":[\"https:\/\/www.teleclub.com.py\/index.php\/product\/panel-led-a3-31-5-cm-x-42-5-cm\/\"]}]},{\"@type\":\"ImageObject\",\"inLanguage\":\"es\",\"@id\":\"https:\/\/www.teleclub.com.py\/index.php\/product\/panel-led-a3-31-5-cm-x-42-5-cm\/#primaryimage\",\"url\":\"https:\/\/www.teleclub.com.py\/wp-content\/uploads\/2024\/11\/3.png\",\"contentUrl\":\"https:\/\/www.teleclub.com.py\/wp-content\/uploads\/2024\/11\/3.png\",\"width\":1080,\"height\":1080},{\"@type\":\"BreadcrumbList\",\"@id\":\"https:\/\/www.teleclub.com.py\/index.php\/product\/panel-led-a3-31-5-cm-x-42-5-cm\/#breadcrumb\",\"itemListElement\":[{\"@type\":\"ListItem\",\"position\":1,\"name\":\"Portada\",\"item\":\"https:\/\/www.teleclub.com.py\/\"},{\"@type\":\"ListItem\",\"position\":2,\"name\":\"Shop\",\"item\":\"https:\/\/www.teleclub.com.py\/index.php\/shop-2\/\"},{\"@type\":\"ListItem\",\"position\":3,\"name\":\"Panel LED A3 (30 cm x 42cm) c\/ l\u00e1mina\"}]},{\"@type\":\"WebSite\",\"@id\":\"https:\/\/www.teleclub.com.py\/#website\",\"url\":\"https:\/\/www.teleclub.com.py\/\",\"name\":\"Teleclub\",\"description\":\"Tu tienda online\",\"publisher\":{\"@id\":\"https:\/\/www.teleclub.com.py\/#organization\"},\"potentialAction\":[{\"@type\":\"SearchAction\",\"target\":{\"@type\":\"EntryPoint\",\"urlTemplate\":\"https:\/\/www.teleclub.com.py\/?s={search_term_string}\"},\"query-input\":{\"@type\":\"PropertyValueSpecification\",\"valueRequired\":true,\"valueName\":\"search_term_string\"}}],\"inLanguage\":\"es\"},{\"@type\":\"Organization\",\"@id\":\"https:\/\/www.teleclub.com.py\/#organization\",\"name\":\"Teleclub\",\"url\":\"https:\/\/www.teleclub.com.py\/\",\"logo\":{\"@type\":\"ImageObject\",\"inLanguage\":\"es\",\"@id\":\"https:\/\/www.teleclub.com.py\/#\/schema\/logo\/image\/\",\"url\":\"https:\/\/www.teleclub.com.py\/wp-content\/uploads\/2024\/09\/1611317346760_TeleClub_logo_FondoBlanco-2.jpg\",\"contentUrl\":\"https:\/\/www.teleclub.com.py\/wp-content\/uploads\/2024\/09\/1611317346760_TeleClub_logo_FondoBlanco-2.jpg\",\"width\":1600,\"height\":1600,\"caption\":\"Teleclub\"},\"image\":{\"@id\":\"https:\/\/www.teleclub.com.py\/#\/schema\/logo\/image\/\"},\"sameAs\":[\"https:\/\/www.facebook.com\/teleclubpy\",\"https:\/\/www.instagram.com\/teleclubpy\"]}]}<\/script>\n<!-- \/ Yoast SEO plugin. -->","yoast_head_json":{"title":"Panel LED A3 (30 cm x 42cm) c\/ l\u00e1mina - Teleclub","description":"Panel LED decorativo o publicitario con l\u00e1mina reemplazable. Ideal para destacar mensajes o im\u00e1genes con alta luminosidad \u00a1Innovaci\u00f3n y estilo garantizados!","robots":{"index":"index","follow":"follow","max-snippet":"max-snippet:-1","max-image-preview":"max-image-preview:large","max-video-preview":"max-video-preview:-1"},"canonical":"https:\/\/www.teleclub.com.py\/index.php\/product\/panel-led-a3-31-5-cm-x-42-5-cm\/","og_locale":"es_ES","og_type":"article","og_title":"Panel LED A3 (30 cm x 42cm) c\/ l\u00e1mina - Teleclub","og_description":"Panel LED decorativo o publicitario con l\u00e1mina reemplazable. Ideal para destacar mensajes o im\u00e1genes con alta luminosidad \u00a1Innovaci\u00f3n y estilo garantizados!","og_url":"https:\/\/www.teleclub.com.py\/index.php\/product\/panel-led-a3-31-5-cm-x-42-5-cm\/","og_site_name":"Teleclub","article_publisher":"https:\/\/www.facebook.com\/teleclubpy","article_modified_time":"2026-03-09T22:42:11+00:00","og_image":[{"width":1080,"height":1080,"url":"https:\/\/www.teleclub.com.py\/wp-content\/uploads\/2024\/11\/3.png","type":"image\/png"}],"twitter_card":"summary_large_image","twitter_misc":{"Tiempo de lectura":"2 minutos"},"schema":{"@context":"https:\/\/schema.org","@graph":[{"@type":"WebPage","@id":"https:\/\/www.teleclub.com.py\/index.php\/product\/panel-led-a3-31-5-cm-x-42-5-cm\/","url":"https:\/\/www.teleclub.com.py\/index.php\/product\/panel-led-a3-31-5-cm-x-42-5-cm\/","name":"Panel LED A3 (30 cm x 42cm) c\/ l\u00e1mina - Teleclub","isPartOf":{"@id":"https:\/\/www.teleclub.com.py\/#website"},"primaryImageOfPage":{"@id":"https:\/\/www.teleclub.com.py\/index.php\/product\/panel-led-a3-31-5-cm-x-42-5-cm\/#primaryimage"},"image":{"@id":"https:\/\/www.teleclub.com.py\/index.php\/product\/panel-led-a3-31-5-cm-x-42-5-cm\/#primaryimage"},"thumbnailUrl":"https:\/\/www.teleclub.com.py\/wp-content\/uploads\/2024\/11\/3.png","datePublished":"2024-11-07T19:46:08+00:00","dateModified":"2026-03-09T22:42:11+00:00","description":"Panel LED decorativo o publicitario con l\u00e1mina reemplazable. Ideal para destacar mensajes o im\u00e1genes con alta luminosidad \u00a1Innovaci\u00f3n y estilo garantizados!","breadcrumb":{"@id":"https:\/\/www.teleclub.com.py\/index.php\/product\/panel-led-a3-31-5-cm-x-42-5-cm\/#breadcrumb"},"inLanguage":"es","potentialAction":[{"@type":"ReadAction","target":["https:\/\/www.teleclub.com.py\/index.php\/product\/panel-led-a3-31-5-cm-x-42-5-cm\/"]}]},{"@type":"ImageObject","inLanguage":"es","@id":"https:\/\/www.teleclub.com.py\/index.php\/product\/panel-led-a3-31-5-cm-x-42-5-cm\/#primaryimage","url":"https:\/\/www.teleclub.com.py\/wp-content\/uploads\/2024\/11\/3.png","contentUrl":"https:\/\/www.teleclub.com.py\/wp-content\/uploads\/2024\/11\/3.png","width":1080,"height":1080},{"@type":"BreadcrumbList","@id":"https:\/\/www.teleclub.com.py\/index.php\/product\/panel-led-a3-31-5-cm-x-42-5-cm\/#breadcrumb","itemListElement":[{"@type":"ListItem","position":1,"name":"Portada","item":"https:\/\/www.teleclub.com.py\/"},{"@type":"ListItem","position":2,"name":"Shop","item":"https:\/\/www.teleclub.com.py\/index.php\/shop-2\/"},{"@type":"ListItem","position":3,"name":"Panel LED A3 (30 cm x 42cm) c\/ l\u00e1mina"}]},{"@type":"WebSite","@id":"https:\/\/www.teleclub.com.py\/#website","url":"https:\/\/www.teleclub.com.py\/","name":"Teleclub","description":"Tu tienda online","publisher":{"@id":"https:\/\/www.teleclub.com.py\/#organization"},"potentialAction":[{"@type":"SearchAction","target":{"@type":"EntryPoint","urlTemplate":"https:\/\/www.teleclub.com.py\/?s={search_term_string}"},"query-input":{"@type":"PropertyValueSpecification","valueRequired":true,"valueName":"search_term_string"}}],"inLanguage":"es"},{"@type":"Organization","@id":"https:\/\/www.teleclub.com.py\/#organization","name":"Teleclub","url":"https:\/\/www.teleclub.com.py\/","logo":{"@type":"ImageObject","inLanguage":"es","@id":"https:\/\/www.teleclub.com.py\/#\/schema\/logo\/image\/","url":"https:\/\/www.teleclub.com.py\/wp-content\/uploads\/2024\/09\/1611317346760_TeleClub_logo_FondoBlanco-2.jpg","contentUrl":"https:\/\/www.teleclub.com.py\/wp-content\/uploads\/2024\/09\/1611317346760_TeleClub_logo_FondoBlanco-2.jpg","width":1600,"height":1600,"caption":"Teleclub"},"image":{"@id":"https:\/\/www.teleclub.com.py\/#\/schema\/logo\/image\/"},"sameAs":["https:\/\/www.facebook.com\/teleclubpy","https:\/\/www.instagram.com\/teleclubpy"]}]}},"_links":{"self":[{"href":"https:\/\/www.teleclub.com.py\/index.php\/wp-json\/wp\/v2\/product\/10662","targetHints":{"allow":["GET"]}}],"collection":[{"href":"https:\/\/www.teleclub.com.py\/index.php\/wp-json\/wp\/v2\/product"}],"about":[{"href":"https:\/\/www.teleclub.com.py\/index.php\/wp-json\/wp\/v2\/types\/product"}],"wp:featuredmedia":[{"embeddable":true,"href":"https:\/\/www.teleclub.com.py\/index.php\/wp-json\/wp\/v2\/media\/11225"}],"wp:attachment":[{"href":"https:\/\/www.teleclub.com.py\/index.php\/wp-json\/wp\/v2\/media?parent=10662"}],"wp:term":[{"taxonomy":"product_cat","embeddable":true,"href":"https:\/\/www.teleclub.com.py\/index.php\/wp-json\/wp\/v2\/product_cat?post=10662"},{"taxonomy":"product_tag","embeddable":true,"href":"https:\/\/www.teleclub.com.py\/index.php\/wp-json\/wp\/v2\/product_tag?post=10662"}],"curies":[{"name":"wp","href":"https:\/\/api.w.org\/{rel}","templated":true}]}}