{"id":10145,"date":"2024-10-09T16:43:47","date_gmt":"2024-10-09T19:43:47","guid":{"rendered":"https:\/\/www.teleclub.com.py\/?post_type=product&#038;p=10145"},"modified":"2025-04-16T10:17:15","modified_gmt":"2025-04-16T13:17:15","slug":"celular-samsung-zflip-6-dual-256gb","status":"publish","type":"product","link":"https:\/\/www.teleclub.com.py\/index.php\/product\/celular-samsung-zflip-6-dual-256gb\/","title":{"rendered":"Celular Samsung ZFlip 6 Dual 256GB"},"content":{"rendered":"<p>\u00a1Te presentamos a tu nueva herramienta para expresarte como quieras! Galaxy Z Flip6 es m\u00e1s compacto y llamativo, tiene una c\u00e1mara de nivel profesional de 50MP e incorpora Galaxy AI1 No te separar\u00e1s de \u00e9l.<\/p>\n<p>&nbsp;<\/p>\n<ul>\n<li>Pantalla:\n<ul>\n<li>Portada 3.4\u201d Super AMOLED 60Hz<\/li>\n<li>Principal 6.7\u201d 22:9 FHD+ (2640 x 1080) Dynamic AMOLED 2X, Adaptive 1-120 Hz<\/li>\n<\/ul>\n<\/li>\n<li>Sonido: Parlantes Estereo Dolby Atmos<\/li>\n<li>C\u00e1mara Pirncipal: 50MP (1.8\u00b5m) F1.8 OIS<\/li>\n<li>Ultra Gran Angular: 10MP F2.2<\/li>\n<li>C\u00e1mara Frontal: Frontal: 10MP F2.2 FF<\/li>\n<li>Conectividad: 5G<\/li>\n<li>Procesador: Snapdragon 8 Gen 3 for Galaxy (4 nm)<\/li>\n<li>Bater\u00eda: 4.000 mAh y Super Fast Charging 2.0<\/li>\n<li>Fast Wireless Charging 2.0 Wireless PowerShare<\/li>\n<li>Resistencia al agua IP68<\/li>\n<\/ul>\n<p>\u00a1Te presentamos a tu nueva herramienta para expresarte<\/p>\n","protected":false},"excerpt":{"rendered":"<ul>\n<li><strong>Tama\u00f1o de pantalla:<\/strong>\u00a06.7&#8243;\u00a0Foldable Dynamic AMOLED 2X<\/li>\n<li><strong>Resoluci\u00f3n:\u00a0<\/strong>1080 x 2640p<\/li>\n<li><strong>C\u00e1mara principal:<\/strong><strong>\u00a0<\/strong>Dual 50Mp + 12Mp<\/li>\n<li><strong>C\u00e1mara frontal:<\/strong>\u00a010MP<\/li>\n<\/ul>\n","protected":false},"featured_media":10146,"template":"","meta":{"om_disable_all_campaigns":false},"product_cat":[267,260,308],"product_tag":[],"class_list":{"0":"post-10145","1":"product","2":"type-product","3":"status-publish","4":"has-post-thumbnail","6":"product_cat-celulares","7":"product_cat-celulares-tablets","8":"product_cat-samsung","10":"first","11":"instock","12":"shipping-taxable","13":"purchasable","14":"product-type-simple"},"yoast_head":"<!-- This site is optimized with the Yoast SEO plugin v23.6 - https:\/\/yoast.com\/wordpress\/plugins\/seo\/ -->\n<title>Celular Samsung ZFlip 6 Dual 256GB - Teleclub<\/title>\n<meta name=\"description\" content=\"Descubre el Samsung Z Flip 6 al mejor precio del mercado. Aprovecha el descuento exclusivo por lanzamiento. Tecnolog\u00eda de punta y compra segura en Teleclub.\" \/>\n<meta name=\"robots\" content=\"index, follow, max-snippet:-1, max-image-preview:large, max-video-preview:-1\" \/>\n<link rel=\"canonical\" href=\"https:\/\/www.teleclub.com.py\/index.php\/product\/celular-samsung-zflip-6-dual-256gb\/\" \/>\n<meta property=\"og:locale\" content=\"es_ES\" \/>\n<meta property=\"og:type\" content=\"article\" \/>\n<meta property=\"og:title\" content=\"Celular Samsung ZFlip 6 Dual 256GB - Teleclub\" \/>\n<meta property=\"og:description\" content=\"Descubre el Samsung Z Flip 6 al mejor precio del mercado. Aprovecha el descuento exclusivo por lanzamiento. Tecnolog\u00eda de punta y compra segura en Teleclub.\" \/>\n<meta property=\"og:url\" content=\"https:\/\/www.teleclub.com.py\/index.php\/product\/celular-samsung-zflip-6-dual-256gb\/\" \/>\n<meta property=\"og:site_name\" content=\"Teleclub\" \/>\n<meta property=\"article:publisher\" content=\"https:\/\/www.facebook.com\/teleclubpy\" \/>\n<meta property=\"article:modified_time\" content=\"2025-04-16T13:17:15+00:00\" \/>\n<meta property=\"og:image\" content=\"https:\/\/www.teleclub.com.py\/wp-content\/uploads\/2024\/10\/celular-samsung-galaxy-z-flip-6-512gb.jpg\" \/>\n\t<meta property=\"og:image:width\" content=\"561\" \/>\n\t<meta property=\"og:image:height\" content=\"600\" \/>\n\t<meta property=\"og:image:type\" content=\"image\/jpeg\" \/>\n<meta name=\"twitter:card\" content=\"summary_large_image\" \/>\n<meta name=\"twitter:label1\" content=\"Tiempo de lectura\" \/>\n\t<meta name=\"twitter:data1\" content=\"1 minuto\" \/>\n<script type=\"application\/ld+json\" class=\"yoast-schema-graph\">{\"@context\":\"https:\/\/schema.org\",\"@graph\":[{\"@type\":\"WebPage\",\"@id\":\"https:\/\/www.teleclub.com.py\/index.php\/product\/celular-samsung-zflip-6-dual-256gb\/\",\"url\":\"https:\/\/www.teleclub.com.py\/index.php\/product\/celular-samsung-zflip-6-dual-256gb\/\",\"name\":\"Celular Samsung ZFlip 6 Dual 256GB - Teleclub\",\"isPartOf\":{\"@id\":\"https:\/\/www.teleclub.com.py\/#website\"},\"primaryImageOfPage\":{\"@id\":\"https:\/\/www.teleclub.com.py\/index.php\/product\/celular-samsung-zflip-6-dual-256gb\/#primaryimage\"},\"image\":{\"@id\":\"https:\/\/www.teleclub.com.py\/index.php\/product\/celular-samsung-zflip-6-dual-256gb\/#primaryimage\"},\"thumbnailUrl\":\"https:\/\/www.teleclub.com.py\/wp-content\/uploads\/2024\/10\/celular-samsung-galaxy-z-flip-6-512gb.jpg\",\"datePublished\":\"2024-10-09T19:43:47+00:00\",\"dateModified\":\"2025-04-16T13:17:15+00:00\",\"description\":\"Descubre el Samsung Z Flip 6 al mejor precio del mercado. Aprovecha el descuento exclusivo por lanzamiento. Tecnolog\u00eda de punta y compra segura en Teleclub.\",\"breadcrumb\":{\"@id\":\"https:\/\/www.teleclub.com.py\/index.php\/product\/celular-samsung-zflip-6-dual-256gb\/#breadcrumb\"},\"inLanguage\":\"es\",\"potentialAction\":[{\"@type\":\"ReadAction\",\"target\":[\"https:\/\/www.teleclub.com.py\/index.php\/product\/celular-samsung-zflip-6-dual-256gb\/\"]}]},{\"@type\":\"ImageObject\",\"inLanguage\":\"es\",\"@id\":\"https:\/\/www.teleclub.com.py\/index.php\/product\/celular-samsung-zflip-6-dual-256gb\/#primaryimage\",\"url\":\"https:\/\/www.teleclub.com.py\/wp-content\/uploads\/2024\/10\/celular-samsung-galaxy-z-flip-6-512gb.jpg\",\"contentUrl\":\"https:\/\/www.teleclub.com.py\/wp-content\/uploads\/2024\/10\/celular-samsung-galaxy-z-flip-6-512gb.jpg\",\"width\":561,\"height\":600},{\"@type\":\"BreadcrumbList\",\"@id\":\"https:\/\/www.teleclub.com.py\/index.php\/product\/celular-samsung-zflip-6-dual-256gb\/#breadcrumb\",\"itemListElement\":[{\"@type\":\"ListItem\",\"position\":1,\"name\":\"Portada\",\"item\":\"https:\/\/www.teleclub.com.py\/\"},{\"@type\":\"ListItem\",\"position\":2,\"name\":\"Shop\",\"item\":\"https:\/\/www.teleclub.com.py\/index.php\/shop-2\/\"},{\"@type\":\"ListItem\",\"position\":3,\"name\":\"Celular Samsung ZFlip 6 Dual 256GB\"}]},{\"@type\":\"WebSite\",\"@id\":\"https:\/\/www.teleclub.com.py\/#website\",\"url\":\"https:\/\/www.teleclub.com.py\/\",\"name\":\"Teleclub\",\"description\":\"Tu tienda online\",\"publisher\":{\"@id\":\"https:\/\/www.teleclub.com.py\/#organization\"},\"potentialAction\":[{\"@type\":\"SearchAction\",\"target\":{\"@type\":\"EntryPoint\",\"urlTemplate\":\"https:\/\/www.teleclub.com.py\/?s={search_term_string}\"},\"query-input\":{\"@type\":\"PropertyValueSpecification\",\"valueRequired\":true,\"valueName\":\"search_term_string\"}}],\"inLanguage\":\"es\"},{\"@type\":\"Organization\",\"@id\":\"https:\/\/www.teleclub.com.py\/#organization\",\"name\":\"Teleclub\",\"url\":\"https:\/\/www.teleclub.com.py\/\",\"logo\":{\"@type\":\"ImageObject\",\"inLanguage\":\"es\",\"@id\":\"https:\/\/www.teleclub.com.py\/#\/schema\/logo\/image\/\",\"url\":\"https:\/\/www.teleclub.com.py\/wp-content\/uploads\/2024\/09\/1611317346760_TeleClub_logo_FondoBlanco-2.jpg\",\"contentUrl\":\"https:\/\/www.teleclub.com.py\/wp-content\/uploads\/2024\/09\/1611317346760_TeleClub_logo_FondoBlanco-2.jpg\",\"width\":1600,\"height\":1600,\"caption\":\"Teleclub\"},\"image\":{\"@id\":\"https:\/\/www.teleclub.com.py\/#\/schema\/logo\/image\/\"},\"sameAs\":[\"https:\/\/www.facebook.com\/teleclubpy\",\"https:\/\/www.instagram.com\/teleclubpy\"]}]}<\/script>\n<!-- \/ Yoast SEO plugin. -->","yoast_head_json":{"title":"Celular Samsung ZFlip 6 Dual 256GB - Teleclub","description":"Descubre el Samsung Z Flip 6 al mejor precio del mercado. Aprovecha el descuento exclusivo por lanzamiento. Tecnolog\u00eda de punta y compra segura en Teleclub.","robots":{"index":"index","follow":"follow","max-snippet":"max-snippet:-1","max-image-preview":"max-image-preview:large","max-video-preview":"max-video-preview:-1"},"canonical":"https:\/\/www.teleclub.com.py\/index.php\/product\/celular-samsung-zflip-6-dual-256gb\/","og_locale":"es_ES","og_type":"article","og_title":"Celular Samsung ZFlip 6 Dual 256GB - Teleclub","og_description":"Descubre el Samsung Z Flip 6 al mejor precio del mercado. Aprovecha el descuento exclusivo por lanzamiento. Tecnolog\u00eda de punta y compra segura en Teleclub.","og_url":"https:\/\/www.teleclub.com.py\/index.php\/product\/celular-samsung-zflip-6-dual-256gb\/","og_site_name":"Teleclub","article_publisher":"https:\/\/www.facebook.com\/teleclubpy","article_modified_time":"2025-04-16T13:17:15+00:00","og_image":[{"width":561,"height":600,"url":"https:\/\/www.teleclub.com.py\/wp-content\/uploads\/2024\/10\/celular-samsung-galaxy-z-flip-6-512gb.jpg","type":"image\/jpeg"}],"twitter_card":"summary_large_image","twitter_misc":{"Tiempo de lectura":"1 minuto"},"schema":{"@context":"https:\/\/schema.org","@graph":[{"@type":"WebPage","@id":"https:\/\/www.teleclub.com.py\/index.php\/product\/celular-samsung-zflip-6-dual-256gb\/","url":"https:\/\/www.teleclub.com.py\/index.php\/product\/celular-samsung-zflip-6-dual-256gb\/","name":"Celular Samsung ZFlip 6 Dual 256GB - Teleclub","isPartOf":{"@id":"https:\/\/www.teleclub.com.py\/#website"},"primaryImageOfPage":{"@id":"https:\/\/www.teleclub.com.py\/index.php\/product\/celular-samsung-zflip-6-dual-256gb\/#primaryimage"},"image":{"@id":"https:\/\/www.teleclub.com.py\/index.php\/product\/celular-samsung-zflip-6-dual-256gb\/#primaryimage"},"thumbnailUrl":"https:\/\/www.teleclub.com.py\/wp-content\/uploads\/2024\/10\/celular-samsung-galaxy-z-flip-6-512gb.jpg","datePublished":"2024-10-09T19:43:47+00:00","dateModified":"2025-04-16T13:17:15+00:00","description":"Descubre el Samsung Z Flip 6 al mejor precio del mercado. Aprovecha el descuento exclusivo por lanzamiento. Tecnolog\u00eda de punta y compra segura en Teleclub.","breadcrumb":{"@id":"https:\/\/www.teleclub.com.py\/index.php\/product\/celular-samsung-zflip-6-dual-256gb\/#breadcrumb"},"inLanguage":"es","potentialAction":[{"@type":"ReadAction","target":["https:\/\/www.teleclub.com.py\/index.php\/product\/celular-samsung-zflip-6-dual-256gb\/"]}]},{"@type":"ImageObject","inLanguage":"es","@id":"https:\/\/www.teleclub.com.py\/index.php\/product\/celular-samsung-zflip-6-dual-256gb\/#primaryimage","url":"https:\/\/www.teleclub.com.py\/wp-content\/uploads\/2024\/10\/celular-samsung-galaxy-z-flip-6-512gb.jpg","contentUrl":"https:\/\/www.teleclub.com.py\/wp-content\/uploads\/2024\/10\/celular-samsung-galaxy-z-flip-6-512gb.jpg","width":561,"height":600},{"@type":"BreadcrumbList","@id":"https:\/\/www.teleclub.com.py\/index.php\/product\/celular-samsung-zflip-6-dual-256gb\/#breadcrumb","itemListElement":[{"@type":"ListItem","position":1,"name":"Portada","item":"https:\/\/www.teleclub.com.py\/"},{"@type":"ListItem","position":2,"name":"Shop","item":"https:\/\/www.teleclub.com.py\/index.php\/shop-2\/"},{"@type":"ListItem","position":3,"name":"Celular Samsung ZFlip 6 Dual 256GB"}]},{"@type":"WebSite","@id":"https:\/\/www.teleclub.com.py\/#website","url":"https:\/\/www.teleclub.com.py\/","name":"Teleclub","description":"Tu tienda online","publisher":{"@id":"https:\/\/www.teleclub.com.py\/#organization"},"potentialAction":[{"@type":"SearchAction","target":{"@type":"EntryPoint","urlTemplate":"https:\/\/www.teleclub.com.py\/?s={search_term_string}"},"query-input":{"@type":"PropertyValueSpecification","valueRequired":true,"valueName":"search_term_string"}}],"inLanguage":"es"},{"@type":"Organization","@id":"https:\/\/www.teleclub.com.py\/#organization","name":"Teleclub","url":"https:\/\/www.teleclub.com.py\/","logo":{"@type":"ImageObject","inLanguage":"es","@id":"https:\/\/www.teleclub.com.py\/#\/schema\/logo\/image\/","url":"https:\/\/www.teleclub.com.py\/wp-content\/uploads\/2024\/09\/1611317346760_TeleClub_logo_FondoBlanco-2.jpg","contentUrl":"https:\/\/www.teleclub.com.py\/wp-content\/uploads\/2024\/09\/1611317346760_TeleClub_logo_FondoBlanco-2.jpg","width":1600,"height":1600,"caption":"Teleclub"},"image":{"@id":"https:\/\/www.teleclub.com.py\/#\/schema\/logo\/image\/"},"sameAs":["https:\/\/www.facebook.com\/teleclubpy","https:\/\/www.instagram.com\/teleclubpy"]}]}},"_links":{"self":[{"href":"https:\/\/www.teleclub.com.py\/index.php\/wp-json\/wp\/v2\/product\/10145","targetHints":{"allow":["GET"]}}],"collection":[{"href":"https:\/\/www.teleclub.com.py\/index.php\/wp-json\/wp\/v2\/product"}],"about":[{"href":"https:\/\/www.teleclub.com.py\/index.php\/wp-json\/wp\/v2\/types\/product"}],"wp:featuredmedia":[{"embeddable":true,"href":"https:\/\/www.teleclub.com.py\/index.php\/wp-json\/wp\/v2\/media\/10146"}],"wp:attachment":[{"href":"https:\/\/www.teleclub.com.py\/index.php\/wp-json\/wp\/v2\/media?parent=10145"}],"wp:term":[{"taxonomy":"product_cat","embeddable":true,"href":"https:\/\/www.teleclub.com.py\/index.php\/wp-json\/wp\/v2\/product_cat?post=10145"},{"taxonomy":"product_tag","embeddable":true,"href":"https:\/\/www.teleclub.com.py\/index.php\/wp-json\/wp\/v2\/product_tag?post=10145"}],"curies":[{"name":"wp","href":"https:\/\/api.w.org\/{rel}","templated":true}]}}