{"id":10142,"date":"2024-10-09T10:59:00","date_gmt":"2024-10-09T13:59:00","guid":{"rendered":"https:\/\/www.teleclub.com.py\/?post_type=product&#038;p=10142"},"modified":"2024-12-17T16:49:20","modified_gmt":"2024-12-17T19:49:20","slug":"drone-ai-de-bolsillo-con-camara-y-vuelo-autonomo-hoverair-x1-solo-drone","status":"publish","type":"product","link":"https:\/\/www.teleclub.com.py\/index.php\/product\/drone-ai-de-bolsillo-con-camara-y-vuelo-autonomo-hoverair-x1-solo-drone\/","title":{"rendered":"Drone AI de bolsillo con C\u00e1mara y Vuelo aut\u00f3nomo HOVERAir X1 (Solo Drone)"},"content":{"rendered":"<ul>\n<li><strong>Dimensiones:<\/strong>\u00a0127 mm (largo) x 145 mm (ancho) x 30 mm (alto) (desplegado), 127 mm (largo) x 86 mm (ancho) x 31 mm (alto) (plegado)<\/li>\n<li><strong>Peso:<\/strong>\u00a0125 g (incluida la bater\u00eda)<\/li>\n<li><strong>Tiempo m\u00e1ximo de vuelo<\/strong>\u00a0: 11,5 minutos (Cada bater\u00eda puede realizar aproximadamente 20 disparos inteligentes de forma continua).<\/li>\n<li><strong>Capacidad de almacenamiento:<\/strong>\u00a032 GB<\/li>\n<li><strong>Modos de vuelo:<\/strong>\u00a0vuelo estacionario, seguimiento, seguimiento lateral, seguimiento de plataforma, alejamiento, vista de p\u00e1jaro, \u00f3rbita, instant\u00e1nea, control inteligente, manual.<\/li>\n<li><strong>Rango controlable del card\u00e1n (inclinaci\u00f3n):<\/strong>\u00a0-90\u00b0 a 15\u00b0<\/li>\n<li><strong>Conectividad:<\/strong>\u00a0WIFI (2,4 GHz, 5,8 GHz)<\/li>\n<li><strong>Velocidad m\u00e1xima:<\/strong>\u00a07 m\/s horizontalmente, 1,5 m\/s ascendente, 1,5 m\/s descendente<\/li>\n<li><strong>Velocidad m\u00e1xima de resistencia al viento:<\/strong>\u00a07,9 m\/s (nivel 4)<\/li>\n<li><strong>Temperatura de funcionamiento:<\/strong>\u00a00 \u00b0C a 40 \u00b0C (32 \u00b0F a 104 \u00b0F)<\/li>\n<li><strong>Altura m\u00e1xima de vuelo:<\/strong>\u00a015m<\/li>\n<li><strong>Altitud m\u00e1xima de despegue:<\/strong>\u00a02000 m, m\u00e1ximo 5000 m (volar con cuidado)<\/li>\n<li><strong>Distancia de transmisi\u00f3n de im\u00e1genes en tiempo real:<\/strong>\u00a0hasta 30 m<\/li>\n<li><strong>Entorno de trabajo eficaz para el sistema de posicionamiento:<\/strong>\u00a0Altura del suelo de 0,5 m a 15 m, con superficie reflectante difusa, textura perceptible, reflectividad superior al 20 % y condiciones de iluminaci\u00f3n suficientes (superior a 15 lux, condiciones normales de luz fluorescente en interiores)<\/li>\n<\/ul>\n<h4>C\u00e1mara<\/h4>\n<ul>\n<li><strong>Modos de fotograf\u00eda:<\/strong>\u00a0modo est\u00e1ndar, modo r\u00e1faga<\/li>\n<li><strong>Modos de v\u00eddeo:<\/strong>\u00a02704*\u00a0<em>1520 a 30 fps, 1920*<\/em>\u00a01080 a 60 fps, 1920*1080 a 30 fps (HDR)<\/li>\n<li><strong>HDR:<\/strong>\u00a0compatible<\/li>\n<li><strong>Modo vertical<\/strong>\u00a0: compatible<\/li>\n<li><strong>Resoluci\u00f3n de la foto:<\/strong>\u00a04000*3000 (12MP)<\/li>\n<li><strong>Formato de imagen:<\/strong>\u00a0JPEG<\/li>\n<li><strong>Formato de v\u00eddeo:<\/strong>\u00a0MP4<\/li>\n<li><strong>Estabilizaci\u00f3n de imagen:<\/strong>\u00a0Tecnolog\u00eda h\u00edbrida de estabilizaci\u00f3n mec\u00e1nica (eje de inclinaci\u00f3n) + electr\u00f3nica (EIS)<\/li>\n<li><strong>Campo de visi\u00f3n (FOV):<\/strong>\u00a090\u00b0<\/li>\n<li><strong>Sistema de posicionamiento: VIO<\/strong><\/li>\n<li><strong>Longitud focal equivalente a 35 mm:<\/strong>\u00a019 mm<\/li>\n<li><strong>Apertura:<\/strong>\u00a0f\/2.4<\/li>\n<li><strong>Modo de enfoque:<\/strong>\u00a0FF<\/li>\n<li><strong>Rango de enfoque:<\/strong>\u00a00,75 m hasta el infinito<\/li>\n<li><strong>Modo de exposici\u00f3n de v\u00eddeo:<\/strong>\u00a0autom\u00e1tico<\/li>\n<li><strong>Modo de exposici\u00f3n de fotograf\u00edas:<\/strong>\u00a0autom\u00e1tico<\/li>\n<li><strong>Codificaci\u00f3n de v\u00eddeo:<\/strong>\u00a0H.264<\/li>\n<li><strong>Velocidad de bits m\u00e1xima de v\u00eddeo:<\/strong>\u00a032 Mbps<\/li>\n<li><strong>Balance de blancos:<\/strong>\u00a0autom\u00e1tico<\/li>\n<\/ul>\n<h4>Card\u00e1n<\/h4>\n<ul>\n<li><strong>Rango controlable: -90\u00b0 a 15\u00b0<\/strong><\/li>\n<\/ul>\n<h4>Bater\u00eda<\/h4>\n<ul>\n<li><strong>Capacidad:<\/strong>\u00a01050mAh<\/li>\n<li><strong>Voltaje est\u00e1ndar:<\/strong>\u00a07,7 V<\/li>\n<li><strong>Peso:<\/strong>\u00a042g<\/li>\n<li><strong>Voltaje l\u00edmite de carga:<\/strong>\u00a08,8 V<\/li>\n<li><strong>Temperatura de carga:<\/strong>\u00a00 \u00b0C a 40 \u00b0C<\/li>\n<li><strong>Velocidad de carga:<\/strong>\u00a035 minutos al 100 % (usando el centro de carga), 55 minutos al 100 % (cargando X1 mientras est\u00e1 en el interior)<\/li>\n<li><strong>Adaptador de carga recomendado:<\/strong>\u00a0adaptador PD de 18 W<\/li>\n<\/ul>\n<h4>Aplicaci\u00f3n<\/h4>\n<ul>\n<li><strong>Nombre de la aplicaci\u00f3n:<\/strong>\u00a0Hover X1<\/li>\n<li><strong>Requisitos del sistema m\u00f3vil:<\/strong>\u00a0iOS 12.1 o superior, Android 9.0 o superior<\/li>\n<\/ul>\n","protected":false},"excerpt":{"rendered":"<div class=\"product__description rte quick-add-hidden\">\n<h2 class=\"rich-text__heading rte inline-richtext h1\">Posibilidades ilimitadas con HOVERAir X1<\/h2>\n<h2 class=\"rich-text__heading rte inline-richtext h1\">M\u00faltiples rutas de vuelo inteligentes<\/h2>\n<div class=\"rich-text__text rte\">\n<p>Al seleccionar un modo y presionar un bot\u00f3n, X1 despegar\u00e1 y volar\u00e1 solo. Puedes capturar el momento sin perderte en \u00e9l. \u00a1Divi\u00e9rtete interpretando el papel principal en tu propio video!<\/p>\n<\/div>\n<h4><span style=\"font-weight: 300;\">\u25cf\u00a0<\/span><span style=\"font-weight: 300;\">Portabilidad y simplicidad redefinidas<\/span><\/h4>\n<h4><span style=\"font-weight: 300;\">\u25cf\u00a0Rutas de vuelo autom\u00e1ticas e inteligentes<\/span><\/h4>\n<h4><span style=\"font-weight: 300;\">\u25cf\u00a0Graba y comparte con la APP<\/span><\/h4>\n<h4><span style=\"font-weight: 300;\">\u25cf\u00a0Algoritmos de seguimiento robustos y video ultra fluido<\/span><\/h4>\n<\/div>\n<div id=\"Quantity-Form-template--23278454178077__main\" class=\"product-form__input product-form__quantity\"><\/div>\n<div class=\"image-with-text__text rte body\">\n<p>&nbsp;<\/p>\n<p>&nbsp;<\/p>\n<\/div>\n","protected":false},"featured_media":7354,"template":"","meta":{"om_disable_all_campaigns":false},"product_cat":[339,336],"product_tag":[],"class_list":{"0":"post-10142","1":"product","2":"type-product","3":"status-publish","4":"has-post-thumbnail","6":"product_cat-drones","7":"product_cat-fotografia-y-filmacion","9":"first","10":"instock","11":"sale","12":"shipping-taxable","13":"purchasable","14":"product-type-simple"},"yoast_head":"<!-- This site is optimized with the Yoast SEO plugin v23.6 - https:\/\/yoast.com\/wordpress\/plugins\/seo\/ -->\n<title>Drone AI de bolsillo con C\u00e1mara y Vuelo aut\u00f3nomo HOVERAir X1 (Solo Drone) - Teleclub<\/title>\n<meta name=\"description\" content=\"Conoce el Drone Hover Air X1, compacto y f\u00e1cil de usar. Autonom\u00eda de vuelo con IA. Compra online con garant\u00eda y env\u00edo r\u00e1pido.\" \/>\n<meta name=\"robots\" content=\"index, follow, max-snippet:-1, max-image-preview:large, max-video-preview:-1\" \/>\n<link rel=\"canonical\" href=\"https:\/\/www.teleclub.com.py\/index.php\/product\/drone-ai-de-bolsillo-con-camara-y-vuelo-autonomo-hoverair-x1-solo-drone\/\" \/>\n<meta property=\"og:locale\" content=\"es_ES\" \/>\n<meta property=\"og:type\" content=\"article\" \/>\n<meta property=\"og:title\" content=\"Drone AI de bolsillo con C\u00e1mara y Vuelo aut\u00f3nomo HOVERAir X1 (Solo Drone) - Teleclub\" \/>\n<meta property=\"og:description\" content=\"Conoce el Drone Hover Air X1, compacto y f\u00e1cil de usar. Autonom\u00eda de vuelo con IA. Compra online con garant\u00eda y env\u00edo r\u00e1pido.\" \/>\n<meta property=\"og:url\" content=\"https:\/\/www.teleclub.com.py\/index.php\/product\/drone-ai-de-bolsillo-con-camara-y-vuelo-autonomo-hoverair-x1-solo-drone\/\" \/>\n<meta property=\"og:site_name\" content=\"Teleclub\" \/>\n<meta property=\"article:publisher\" content=\"https:\/\/www.facebook.com\/teleclubpy\" \/>\n<meta property=\"article:modified_time\" content=\"2024-12-17T19:49:20+00:00\" \/>\n<meta property=\"og:image\" content=\"https:\/\/www.teleclub.com.py\/wp-content\/uploads\/2024\/08\/Sin-titulo8.png\" \/>\n\t<meta property=\"og:image:width\" content=\"1500\" \/>\n\t<meta property=\"og:image:height\" content=\"1500\" \/>\n\t<meta property=\"og:image:type\" content=\"image\/png\" \/>\n<meta name=\"twitter:card\" content=\"summary_large_image\" \/>\n<meta name=\"twitter:label1\" content=\"Tiempo de lectura\" \/>\n\t<meta name=\"twitter:data1\" content=\"3 minutos\" \/>\n<script type=\"application\/ld+json\" class=\"yoast-schema-graph\">{\"@context\":\"https:\/\/schema.org\",\"@graph\":[{\"@type\":\"WebPage\",\"@id\":\"https:\/\/www.teleclub.com.py\/index.php\/product\/drone-ai-de-bolsillo-con-camara-y-vuelo-autonomo-hoverair-x1-solo-drone\/\",\"url\":\"https:\/\/www.teleclub.com.py\/index.php\/product\/drone-ai-de-bolsillo-con-camara-y-vuelo-autonomo-hoverair-x1-solo-drone\/\",\"name\":\"Drone AI de bolsillo con C\u00e1mara y Vuelo aut\u00f3nomo HOVERAir X1 (Solo Drone) - Teleclub\",\"isPartOf\":{\"@id\":\"https:\/\/www.teleclub.com.py\/#website\"},\"primaryImageOfPage\":{\"@id\":\"https:\/\/www.teleclub.com.py\/index.php\/product\/drone-ai-de-bolsillo-con-camara-y-vuelo-autonomo-hoverair-x1-solo-drone\/#primaryimage\"},\"image\":{\"@id\":\"https:\/\/www.teleclub.com.py\/index.php\/product\/drone-ai-de-bolsillo-con-camara-y-vuelo-autonomo-hoverair-x1-solo-drone\/#primaryimage\"},\"thumbnailUrl\":\"https:\/\/www.teleclub.com.py\/wp-content\/uploads\/2024\/08\/Sin-titulo8.png\",\"datePublished\":\"2024-10-09T13:59:00+00:00\",\"dateModified\":\"2024-12-17T19:49:20+00:00\",\"description\":\"Conoce el Drone Hover Air X1, compacto y f\u00e1cil de usar. Autonom\u00eda de vuelo con IA. Compra online con garant\u00eda y env\u00edo r\u00e1pido.\",\"breadcrumb\":{\"@id\":\"https:\/\/www.teleclub.com.py\/index.php\/product\/drone-ai-de-bolsillo-con-camara-y-vuelo-autonomo-hoverair-x1-solo-drone\/#breadcrumb\"},\"inLanguage\":\"es\",\"potentialAction\":[{\"@type\":\"ReadAction\",\"target\":[\"https:\/\/www.teleclub.com.py\/index.php\/product\/drone-ai-de-bolsillo-con-camara-y-vuelo-autonomo-hoverair-x1-solo-drone\/\"]}]},{\"@type\":\"ImageObject\",\"inLanguage\":\"es\",\"@id\":\"https:\/\/www.teleclub.com.py\/index.php\/product\/drone-ai-de-bolsillo-con-camara-y-vuelo-autonomo-hoverair-x1-solo-drone\/#primaryimage\",\"url\":\"https:\/\/www.teleclub.com.py\/wp-content\/uploads\/2024\/08\/Sin-titulo8.png\",\"contentUrl\":\"https:\/\/www.teleclub.com.py\/wp-content\/uploads\/2024\/08\/Sin-titulo8.png\",\"width\":1500,\"height\":1500},{\"@type\":\"BreadcrumbList\",\"@id\":\"https:\/\/www.teleclub.com.py\/index.php\/product\/drone-ai-de-bolsillo-con-camara-y-vuelo-autonomo-hoverair-x1-solo-drone\/#breadcrumb\",\"itemListElement\":[{\"@type\":\"ListItem\",\"position\":1,\"name\":\"Portada\",\"item\":\"https:\/\/www.teleclub.com.py\/\"},{\"@type\":\"ListItem\",\"position\":2,\"name\":\"Shop\",\"item\":\"https:\/\/www.teleclub.com.py\/index.php\/shop-2\/\"},{\"@type\":\"ListItem\",\"position\":3,\"name\":\"Drone AI de bolsillo con C\u00e1mara y Vuelo aut\u00f3nomo HOVERAir X1 (Solo Drone)\"}]},{\"@type\":\"WebSite\",\"@id\":\"https:\/\/www.teleclub.com.py\/#website\",\"url\":\"https:\/\/www.teleclub.com.py\/\",\"name\":\"Teleclub\",\"description\":\"Tu tienda online\",\"publisher\":{\"@id\":\"https:\/\/www.teleclub.com.py\/#organization\"},\"potentialAction\":[{\"@type\":\"SearchAction\",\"target\":{\"@type\":\"EntryPoint\",\"urlTemplate\":\"https:\/\/www.teleclub.com.py\/?s={search_term_string}\"},\"query-input\":{\"@type\":\"PropertyValueSpecification\",\"valueRequired\":true,\"valueName\":\"search_term_string\"}}],\"inLanguage\":\"es\"},{\"@type\":\"Organization\",\"@id\":\"https:\/\/www.teleclub.com.py\/#organization\",\"name\":\"Teleclub\",\"url\":\"https:\/\/www.teleclub.com.py\/\",\"logo\":{\"@type\":\"ImageObject\",\"inLanguage\":\"es\",\"@id\":\"https:\/\/www.teleclub.com.py\/#\/schema\/logo\/image\/\",\"url\":\"https:\/\/www.teleclub.com.py\/wp-content\/uploads\/2024\/09\/1611317346760_TeleClub_logo_FondoBlanco-2.jpg\",\"contentUrl\":\"https:\/\/www.teleclub.com.py\/wp-content\/uploads\/2024\/09\/1611317346760_TeleClub_logo_FondoBlanco-2.jpg\",\"width\":1600,\"height\":1600,\"caption\":\"Teleclub\"},\"image\":{\"@id\":\"https:\/\/www.teleclub.com.py\/#\/schema\/logo\/image\/\"},\"sameAs\":[\"https:\/\/www.facebook.com\/teleclubpy\",\"https:\/\/www.instagram.com\/teleclubpy\"]}]}<\/script>\n<!-- \/ Yoast SEO plugin. -->","yoast_head_json":{"title":"Drone AI de bolsillo con C\u00e1mara y Vuelo aut\u00f3nomo HOVERAir X1 (Solo Drone) - Teleclub","description":"Conoce el Drone Hover Air X1, compacto y f\u00e1cil de usar. Autonom\u00eda de vuelo con IA. Compra online con garant\u00eda y env\u00edo r\u00e1pido.","robots":{"index":"index","follow":"follow","max-snippet":"max-snippet:-1","max-image-preview":"max-image-preview:large","max-video-preview":"max-video-preview:-1"},"canonical":"https:\/\/www.teleclub.com.py\/index.php\/product\/drone-ai-de-bolsillo-con-camara-y-vuelo-autonomo-hoverair-x1-solo-drone\/","og_locale":"es_ES","og_type":"article","og_title":"Drone AI de bolsillo con C\u00e1mara y Vuelo aut\u00f3nomo HOVERAir X1 (Solo Drone) - Teleclub","og_description":"Conoce el Drone Hover Air X1, compacto y f\u00e1cil de usar. Autonom\u00eda de vuelo con IA. Compra online con garant\u00eda y env\u00edo r\u00e1pido.","og_url":"https:\/\/www.teleclub.com.py\/index.php\/product\/drone-ai-de-bolsillo-con-camara-y-vuelo-autonomo-hoverair-x1-solo-drone\/","og_site_name":"Teleclub","article_publisher":"https:\/\/www.facebook.com\/teleclubpy","article_modified_time":"2024-12-17T19:49:20+00:00","og_image":[{"width":1500,"height":1500,"url":"https:\/\/www.teleclub.com.py\/wp-content\/uploads\/2024\/08\/Sin-titulo8.png","type":"image\/png"}],"twitter_card":"summary_large_image","twitter_misc":{"Tiempo de lectura":"3 minutos"},"schema":{"@context":"https:\/\/schema.org","@graph":[{"@type":"WebPage","@id":"https:\/\/www.teleclub.com.py\/index.php\/product\/drone-ai-de-bolsillo-con-camara-y-vuelo-autonomo-hoverair-x1-solo-drone\/","url":"https:\/\/www.teleclub.com.py\/index.php\/product\/drone-ai-de-bolsillo-con-camara-y-vuelo-autonomo-hoverair-x1-solo-drone\/","name":"Drone AI de bolsillo con C\u00e1mara y Vuelo aut\u00f3nomo HOVERAir X1 (Solo Drone) - Teleclub","isPartOf":{"@id":"https:\/\/www.teleclub.com.py\/#website"},"primaryImageOfPage":{"@id":"https:\/\/www.teleclub.com.py\/index.php\/product\/drone-ai-de-bolsillo-con-camara-y-vuelo-autonomo-hoverair-x1-solo-drone\/#primaryimage"},"image":{"@id":"https:\/\/www.teleclub.com.py\/index.php\/product\/drone-ai-de-bolsillo-con-camara-y-vuelo-autonomo-hoverair-x1-solo-drone\/#primaryimage"},"thumbnailUrl":"https:\/\/www.teleclub.com.py\/wp-content\/uploads\/2024\/08\/Sin-titulo8.png","datePublished":"2024-10-09T13:59:00+00:00","dateModified":"2024-12-17T19:49:20+00:00","description":"Conoce el Drone Hover Air X1, compacto y f\u00e1cil de usar. Autonom\u00eda de vuelo con IA. Compra online con garant\u00eda y env\u00edo r\u00e1pido.","breadcrumb":{"@id":"https:\/\/www.teleclub.com.py\/index.php\/product\/drone-ai-de-bolsillo-con-camara-y-vuelo-autonomo-hoverair-x1-solo-drone\/#breadcrumb"},"inLanguage":"es","potentialAction":[{"@type":"ReadAction","target":["https:\/\/www.teleclub.com.py\/index.php\/product\/drone-ai-de-bolsillo-con-camara-y-vuelo-autonomo-hoverair-x1-solo-drone\/"]}]},{"@type":"ImageObject","inLanguage":"es","@id":"https:\/\/www.teleclub.com.py\/index.php\/product\/drone-ai-de-bolsillo-con-camara-y-vuelo-autonomo-hoverair-x1-solo-drone\/#primaryimage","url":"https:\/\/www.teleclub.com.py\/wp-content\/uploads\/2024\/08\/Sin-titulo8.png","contentUrl":"https:\/\/www.teleclub.com.py\/wp-content\/uploads\/2024\/08\/Sin-titulo8.png","width":1500,"height":1500},{"@type":"BreadcrumbList","@id":"https:\/\/www.teleclub.com.py\/index.php\/product\/drone-ai-de-bolsillo-con-camara-y-vuelo-autonomo-hoverair-x1-solo-drone\/#breadcrumb","itemListElement":[{"@type":"ListItem","position":1,"name":"Portada","item":"https:\/\/www.teleclub.com.py\/"},{"@type":"ListItem","position":2,"name":"Shop","item":"https:\/\/www.teleclub.com.py\/index.php\/shop-2\/"},{"@type":"ListItem","position":3,"name":"Drone AI de bolsillo con C\u00e1mara y Vuelo aut\u00f3nomo HOVERAir X1 (Solo Drone)"}]},{"@type":"WebSite","@id":"https:\/\/www.teleclub.com.py\/#website","url":"https:\/\/www.teleclub.com.py\/","name":"Teleclub","description":"Tu tienda online","publisher":{"@id":"https:\/\/www.teleclub.com.py\/#organization"},"potentialAction":[{"@type":"SearchAction","target":{"@type":"EntryPoint","urlTemplate":"https:\/\/www.teleclub.com.py\/?s={search_term_string}"},"query-input":{"@type":"PropertyValueSpecification","valueRequired":true,"valueName":"search_term_string"}}],"inLanguage":"es"},{"@type":"Organization","@id":"https:\/\/www.teleclub.com.py\/#organization","name":"Teleclub","url":"https:\/\/www.teleclub.com.py\/","logo":{"@type":"ImageObject","inLanguage":"es","@id":"https:\/\/www.teleclub.com.py\/#\/schema\/logo\/image\/","url":"https:\/\/www.teleclub.com.py\/wp-content\/uploads\/2024\/09\/1611317346760_TeleClub_logo_FondoBlanco-2.jpg","contentUrl":"https:\/\/www.teleclub.com.py\/wp-content\/uploads\/2024\/09\/1611317346760_TeleClub_logo_FondoBlanco-2.jpg","width":1600,"height":1600,"caption":"Teleclub"},"image":{"@id":"https:\/\/www.teleclub.com.py\/#\/schema\/logo\/image\/"},"sameAs":["https:\/\/www.facebook.com\/teleclubpy","https:\/\/www.instagram.com\/teleclubpy"]}]}},"_links":{"self":[{"href":"https:\/\/www.teleclub.com.py\/index.php\/wp-json\/wp\/v2\/product\/10142","targetHints":{"allow":["GET"]}}],"collection":[{"href":"https:\/\/www.teleclub.com.py\/index.php\/wp-json\/wp\/v2\/product"}],"about":[{"href":"https:\/\/www.teleclub.com.py\/index.php\/wp-json\/wp\/v2\/types\/product"}],"wp:featuredmedia":[{"embeddable":true,"href":"https:\/\/www.teleclub.com.py\/index.php\/wp-json\/wp\/v2\/media\/7354"}],"wp:attachment":[{"href":"https:\/\/www.teleclub.com.py\/index.php\/wp-json\/wp\/v2\/media?parent=10142"}],"wp:term":[{"taxonomy":"product_cat","embeddable":true,"href":"https:\/\/www.teleclub.com.py\/index.php\/wp-json\/wp\/v2\/product_cat?post=10142"},{"taxonomy":"product_tag","embeddable":true,"href":"https:\/\/www.teleclub.com.py\/index.php\/wp-json\/wp\/v2\/product_tag?post=10142"}],"curies":[{"name":"wp","href":"https:\/\/api.w.org\/{rel}","templated":true}]}}