{"id":10105,"date":"2024-09-27T15:47:55","date_gmt":"2024-09-27T19:47:55","guid":{"rendered":"https:\/\/www.teleclub.com.py\/?post_type=product&#038;p=10105"},"modified":"2025-09-10T16:52:27","modified_gmt":"2025-09-10T19:52:27","slug":"apple-iphone-16-256gb","status":"publish","type":"product","link":"https:\/\/www.teleclub.com.py\/index.php\/product\/apple-iphone-16-256gb\/","title":{"rendered":"Apple iPhone 16 256GB"},"content":{"rendered":"<div class=\"tout\" data-grid-row-2=\"\">\n<div class=\"tout-copy\">\n<ul>\n<li>Chip A18 GPU de 5 n\u00facleos<\/li>\n<\/ul>\n<\/div>\n<\/div>\n<div class=\"tout\" data-grid-row-1=\"\">\n<div class=\"tout-copy\">\n<ul>\n<li>Dise\u00f1ado para Apple\u00a0Intelligence<\/li>\n<\/ul>\n<\/div>\n<\/div>\n<div class=\"tout\" data-grid-row-3=\"\">\n<div class=\"tout-copy\">\n<ul>\n<li>Control de la C\u00e1mara<\/li>\n<\/ul>\n<\/div>\n<\/div>\n<div class=\"tout\" data-grid-row-4=\"\">\n<ul class=\"tout-list\" role=\"list\">\n<li role=\"listitem\">Sistema avanzado de dos c\u00e1maras<\/li>\n<li role=\"listitem\">C\u00e1mara Fusion de 48\u00a0MP m\u00e1s avanzada<\/li>\n<li role=\"listitem\">Teleobjetivo de 2x<\/li>\n<li role=\"listitem\">C\u00e1mara ultra gran angular de 12\u00a0MP<\/li>\n<\/ul>\n<\/div>\n<div class=\"tout\" data-grid-row-5=\"\">\n<div class=\"tout-copy\">\n<ul>\n<li>Hasta 27 horas de reproducci\u00f3n de video<\/li>\n<\/ul>\n<\/div>\n<\/div>\n","protected":false},"excerpt":{"rendered":"<p>Con el Control de la C\u00e1mara no habr\u00e1 momento que se te escape. Esta funcionalidad te permite\u00a0<strong>acceder f\u00e1cilmente a las herramientas de la c\u00e1mara<\/strong>\u00a0para hacer fotos y videos impresionantes en tiempo r\u00e9cord. S\u00f3lo desliza el dedo para ajustar la exposici\u00f3n o la profundidad de campo, pasar de un lente a otro o usar el zoom digital hasta encontrar el encuadre\u00a0ideal.<\/p>\n<p>El\u00a0<strong>sistema de c\u00e1maras del iPhone\u00a016<\/strong>\u00a0es sumamente vers\u00e1til y hace capturas sorprendentes sin importar la distancia. La c\u00e1mara Fusion de 48\u00a0MP 2 en 1 permite tomar fotos incre\u00edbles de alta resoluci\u00f3n o hacer zoom con la c\u00e1mara teleobjetivo de calidad \u00f3ptica de 2x. Y la ultra gran angular toma fotos macro en primer plano o escenas m\u00e1s amplias. Es\u00a0como tener\u00a0<strong>cuatro lentes en tu bolsillo.<\/strong>\u00a0Y con las capturas espaciales, podr\u00e1s ver tus fotos y videos en 3D con el Apple\u00a0Vision\u00a0Pro.<\/p>\n<h4 class=\"ps-eyebrow typography-ps-section-header ric-medium-8 ric-small-10 ric-xsmall-12\">C\u00e1mara ultra gran angular.<\/h4>\n<h5 class=\"ps-headline typography-ps-section-header ric-medium-9 ric-small-10 ric-xsmall-12\">Hasta el infinito y m\u00e1s\u00a0ac\u00e1.<\/h5>\n<p class=\"ric-xlarge-5 ric-large-6 ric-medium-8 ric-small-10 ric-xsmall-12 ps-swatch-secondary ps-spacing-large-40 ps-spacing-small-32 typography-ps-intro-semibold\">La nueva c\u00e1mara ultra gran angular con autoenfoque te permite capturar\u00a0<strong>videos y fotos macro con un asombroso nivel de detalle y nitidez.<\/strong>\u00a0Tambi\u00e9n puedes\u00a0<strong>encuadrar escenas m\u00e1s amplias<\/strong>\u00a0sin retroceder un solo paso. Y como tiene una apertura mayor y pixeles m\u00e1s grandes, deja pasar hasta\u00a0<strong>2.6 veces m\u00e1s luz<\/strong>\u00a0para lograr una imagen con m\u00e1s calidad incluso cuando hay poca iluminaci\u00f3n.<\/p>\n","protected":false},"featured_media":10093,"template":"","meta":{"om_disable_all_campaigns":false},"product_cat":[408],"product_tag":[],"class_list":{"0":"post-10105","1":"product","2":"type-product","3":"status-publish","4":"has-post-thumbnail","6":"product_cat-iphones","8":"first","9":"instock","10":"sale","11":"shipping-taxable","12":"purchasable","13":"product-type-simple"},"yoast_head":"<!-- This site is optimized with the Yoast SEO plugin v23.6 - https:\/\/yoast.com\/wordpress\/plugins\/seo\/ -->\n<title>Apple iPhone 16 256GB - Teleclub<\/title>\n<meta name=\"description\" content=\"Descubre el nuevo Apple iPhone 16 en Teleclub. Con tecnolog\u00eda de vanguardia, dise\u00f1o elegante y el mejor precio del mercado. Compra online, con financiamiento disponible y 1 a\u00f1o de garant\u00eda. \u00a1Actualiza tu smartphone hoy!\" \/>\n<meta name=\"robots\" content=\"index, follow, max-snippet:-1, max-image-preview:large, max-video-preview:-1\" \/>\n<link rel=\"canonical\" href=\"https:\/\/www.teleclub.com.py\/index.php\/product\/apple-iphone-16-256gb\/\" \/>\n<meta property=\"og:locale\" content=\"es_ES\" \/>\n<meta property=\"og:type\" content=\"article\" \/>\n<meta property=\"og:title\" content=\"Apple iPhone 16 256GB - Teleclub\" \/>\n<meta property=\"og:description\" content=\"Descubre el nuevo Apple iPhone 16 en Teleclub. Con tecnolog\u00eda de vanguardia, dise\u00f1o elegante y el mejor precio del mercado. Compra online, con financiamiento disponible y 1 a\u00f1o de garant\u00eda. \u00a1Actualiza tu smartphone hoy!\" \/>\n<meta property=\"og:url\" content=\"https:\/\/www.teleclub.com.py\/index.php\/product\/apple-iphone-16-256gb\/\" \/>\n<meta property=\"og:site_name\" content=\"Teleclub\" \/>\n<meta property=\"article:publisher\" content=\"https:\/\/www.facebook.com\/teleclubpy\" \/>\n<meta property=\"article:modified_time\" content=\"2025-09-10T19:52:27+00:00\" \/>\n<meta property=\"og:image\" content=\"https:\/\/www.teleclub.com.py\/wp-content\/uploads\/2024\/09\/celer_image_18_31__3_1.jpg\" \/>\n\t<meta property=\"og:image:width\" content=\"600\" \/>\n\t<meta property=\"og:image:height\" content=\"600\" \/>\n\t<meta property=\"og:image:type\" content=\"image\/jpeg\" \/>\n<meta name=\"twitter:card\" content=\"summary_large_image\" \/>\n<meta name=\"twitter:label1\" content=\"Tiempo de lectura\" \/>\n\t<meta name=\"twitter:data1\" content=\"1 minuto\" \/>\n<script type=\"application\/ld+json\" class=\"yoast-schema-graph\">{\"@context\":\"https:\/\/schema.org\",\"@graph\":[{\"@type\":\"WebPage\",\"@id\":\"https:\/\/www.teleclub.com.py\/index.php\/product\/apple-iphone-16-256gb\/\",\"url\":\"https:\/\/www.teleclub.com.py\/index.php\/product\/apple-iphone-16-256gb\/\",\"name\":\"Apple iPhone 16 256GB - Teleclub\",\"isPartOf\":{\"@id\":\"https:\/\/www.teleclub.com.py\/#website\"},\"primaryImageOfPage\":{\"@id\":\"https:\/\/www.teleclub.com.py\/index.php\/product\/apple-iphone-16-256gb\/#primaryimage\"},\"image\":{\"@id\":\"https:\/\/www.teleclub.com.py\/index.php\/product\/apple-iphone-16-256gb\/#primaryimage\"},\"thumbnailUrl\":\"https:\/\/www.teleclub.com.py\/wp-content\/uploads\/2024\/09\/celer_image_18_31__3_1.jpg\",\"datePublished\":\"2024-09-27T19:47:55+00:00\",\"dateModified\":\"2025-09-10T19:52:27+00:00\",\"description\":\"Descubre el nuevo Apple iPhone 16 en Teleclub. Con tecnolog\u00eda de vanguardia, dise\u00f1o elegante y el mejor precio del mercado. Compra online, con financiamiento disponible y 1 a\u00f1o de garant\u00eda. \u00a1Actualiza tu smartphone hoy!\",\"breadcrumb\":{\"@id\":\"https:\/\/www.teleclub.com.py\/index.php\/product\/apple-iphone-16-256gb\/#breadcrumb\"},\"inLanguage\":\"es\",\"potentialAction\":[{\"@type\":\"ReadAction\",\"target\":[\"https:\/\/www.teleclub.com.py\/index.php\/product\/apple-iphone-16-256gb\/\"]}]},{\"@type\":\"ImageObject\",\"inLanguage\":\"es\",\"@id\":\"https:\/\/www.teleclub.com.py\/index.php\/product\/apple-iphone-16-256gb\/#primaryimage\",\"url\":\"https:\/\/www.teleclub.com.py\/wp-content\/uploads\/2024\/09\/celer_image_18_31__3_1.jpg\",\"contentUrl\":\"https:\/\/www.teleclub.com.py\/wp-content\/uploads\/2024\/09\/celer_image_18_31__3_1.jpg\",\"width\":600,\"height\":600},{\"@type\":\"BreadcrumbList\",\"@id\":\"https:\/\/www.teleclub.com.py\/index.php\/product\/apple-iphone-16-256gb\/#breadcrumb\",\"itemListElement\":[{\"@type\":\"ListItem\",\"position\":1,\"name\":\"Portada\",\"item\":\"https:\/\/www.teleclub.com.py\/\"},{\"@type\":\"ListItem\",\"position\":2,\"name\":\"Shop\",\"item\":\"https:\/\/www.teleclub.com.py\/index.php\/shop-2\/\"},{\"@type\":\"ListItem\",\"position\":3,\"name\":\"Apple iPhone 16 256GB\"}]},{\"@type\":\"WebSite\",\"@id\":\"https:\/\/www.teleclub.com.py\/#website\",\"url\":\"https:\/\/www.teleclub.com.py\/\",\"name\":\"Teleclub\",\"description\":\"Tu tienda online\",\"publisher\":{\"@id\":\"https:\/\/www.teleclub.com.py\/#organization\"},\"potentialAction\":[{\"@type\":\"SearchAction\",\"target\":{\"@type\":\"EntryPoint\",\"urlTemplate\":\"https:\/\/www.teleclub.com.py\/?s={search_term_string}\"},\"query-input\":{\"@type\":\"PropertyValueSpecification\",\"valueRequired\":true,\"valueName\":\"search_term_string\"}}],\"inLanguage\":\"es\"},{\"@type\":\"Organization\",\"@id\":\"https:\/\/www.teleclub.com.py\/#organization\",\"name\":\"Teleclub\",\"url\":\"https:\/\/www.teleclub.com.py\/\",\"logo\":{\"@type\":\"ImageObject\",\"inLanguage\":\"es\",\"@id\":\"https:\/\/www.teleclub.com.py\/#\/schema\/logo\/image\/\",\"url\":\"https:\/\/www.teleclub.com.py\/wp-content\/uploads\/2024\/09\/1611317346760_TeleClub_logo_FondoBlanco-2.jpg\",\"contentUrl\":\"https:\/\/www.teleclub.com.py\/wp-content\/uploads\/2024\/09\/1611317346760_TeleClub_logo_FondoBlanco-2.jpg\",\"width\":1600,\"height\":1600,\"caption\":\"Teleclub\"},\"image\":{\"@id\":\"https:\/\/www.teleclub.com.py\/#\/schema\/logo\/image\/\"},\"sameAs\":[\"https:\/\/www.facebook.com\/teleclubpy\",\"https:\/\/www.instagram.com\/teleclubpy\"]}]}<\/script>\n<!-- \/ Yoast SEO plugin. -->","yoast_head_json":{"title":"Apple iPhone 16 256GB - Teleclub","description":"Descubre el nuevo Apple iPhone 16 en Teleclub. Con tecnolog\u00eda de vanguardia, dise\u00f1o elegante y el mejor precio del mercado. Compra online, con financiamiento disponible y 1 a\u00f1o de garant\u00eda. \u00a1Actualiza tu smartphone hoy!","robots":{"index":"index","follow":"follow","max-snippet":"max-snippet:-1","max-image-preview":"max-image-preview:large","max-video-preview":"max-video-preview:-1"},"canonical":"https:\/\/www.teleclub.com.py\/index.php\/product\/apple-iphone-16-256gb\/","og_locale":"es_ES","og_type":"article","og_title":"Apple iPhone 16 256GB - Teleclub","og_description":"Descubre el nuevo Apple iPhone 16 en Teleclub. Con tecnolog\u00eda de vanguardia, dise\u00f1o elegante y el mejor precio del mercado. Compra online, con financiamiento disponible y 1 a\u00f1o de garant\u00eda. \u00a1Actualiza tu smartphone hoy!","og_url":"https:\/\/www.teleclub.com.py\/index.php\/product\/apple-iphone-16-256gb\/","og_site_name":"Teleclub","article_publisher":"https:\/\/www.facebook.com\/teleclubpy","article_modified_time":"2025-09-10T19:52:27+00:00","og_image":[{"width":600,"height":600,"url":"https:\/\/www.teleclub.com.py\/wp-content\/uploads\/2024\/09\/celer_image_18_31__3_1.jpg","type":"image\/jpeg"}],"twitter_card":"summary_large_image","twitter_misc":{"Tiempo de lectura":"1 minuto"},"schema":{"@context":"https:\/\/schema.org","@graph":[{"@type":"WebPage","@id":"https:\/\/www.teleclub.com.py\/index.php\/product\/apple-iphone-16-256gb\/","url":"https:\/\/www.teleclub.com.py\/index.php\/product\/apple-iphone-16-256gb\/","name":"Apple iPhone 16 256GB - Teleclub","isPartOf":{"@id":"https:\/\/www.teleclub.com.py\/#website"},"primaryImageOfPage":{"@id":"https:\/\/www.teleclub.com.py\/index.php\/product\/apple-iphone-16-256gb\/#primaryimage"},"image":{"@id":"https:\/\/www.teleclub.com.py\/index.php\/product\/apple-iphone-16-256gb\/#primaryimage"},"thumbnailUrl":"https:\/\/www.teleclub.com.py\/wp-content\/uploads\/2024\/09\/celer_image_18_31__3_1.jpg","datePublished":"2024-09-27T19:47:55+00:00","dateModified":"2025-09-10T19:52:27+00:00","description":"Descubre el nuevo Apple iPhone 16 en Teleclub. Con tecnolog\u00eda de vanguardia, dise\u00f1o elegante y el mejor precio del mercado. Compra online, con financiamiento disponible y 1 a\u00f1o de garant\u00eda. \u00a1Actualiza tu smartphone hoy!","breadcrumb":{"@id":"https:\/\/www.teleclub.com.py\/index.php\/product\/apple-iphone-16-256gb\/#breadcrumb"},"inLanguage":"es","potentialAction":[{"@type":"ReadAction","target":["https:\/\/www.teleclub.com.py\/index.php\/product\/apple-iphone-16-256gb\/"]}]},{"@type":"ImageObject","inLanguage":"es","@id":"https:\/\/www.teleclub.com.py\/index.php\/product\/apple-iphone-16-256gb\/#primaryimage","url":"https:\/\/www.teleclub.com.py\/wp-content\/uploads\/2024\/09\/celer_image_18_31__3_1.jpg","contentUrl":"https:\/\/www.teleclub.com.py\/wp-content\/uploads\/2024\/09\/celer_image_18_31__3_1.jpg","width":600,"height":600},{"@type":"BreadcrumbList","@id":"https:\/\/www.teleclub.com.py\/index.php\/product\/apple-iphone-16-256gb\/#breadcrumb","itemListElement":[{"@type":"ListItem","position":1,"name":"Portada","item":"https:\/\/www.teleclub.com.py\/"},{"@type":"ListItem","position":2,"name":"Shop","item":"https:\/\/www.teleclub.com.py\/index.php\/shop-2\/"},{"@type":"ListItem","position":3,"name":"Apple iPhone 16 256GB"}]},{"@type":"WebSite","@id":"https:\/\/www.teleclub.com.py\/#website","url":"https:\/\/www.teleclub.com.py\/","name":"Teleclub","description":"Tu tienda online","publisher":{"@id":"https:\/\/www.teleclub.com.py\/#organization"},"potentialAction":[{"@type":"SearchAction","target":{"@type":"EntryPoint","urlTemplate":"https:\/\/www.teleclub.com.py\/?s={search_term_string}"},"query-input":{"@type":"PropertyValueSpecification","valueRequired":true,"valueName":"search_term_string"}}],"inLanguage":"es"},{"@type":"Organization","@id":"https:\/\/www.teleclub.com.py\/#organization","name":"Teleclub","url":"https:\/\/www.teleclub.com.py\/","logo":{"@type":"ImageObject","inLanguage":"es","@id":"https:\/\/www.teleclub.com.py\/#\/schema\/logo\/image\/","url":"https:\/\/www.teleclub.com.py\/wp-content\/uploads\/2024\/09\/1611317346760_TeleClub_logo_FondoBlanco-2.jpg","contentUrl":"https:\/\/www.teleclub.com.py\/wp-content\/uploads\/2024\/09\/1611317346760_TeleClub_logo_FondoBlanco-2.jpg","width":1600,"height":1600,"caption":"Teleclub"},"image":{"@id":"https:\/\/www.teleclub.com.py\/#\/schema\/logo\/image\/"},"sameAs":["https:\/\/www.facebook.com\/teleclubpy","https:\/\/www.instagram.com\/teleclubpy"]}]}},"_links":{"self":[{"href":"https:\/\/www.teleclub.com.py\/index.php\/wp-json\/wp\/v2\/product\/10105","targetHints":{"allow":["GET"]}}],"collection":[{"href":"https:\/\/www.teleclub.com.py\/index.php\/wp-json\/wp\/v2\/product"}],"about":[{"href":"https:\/\/www.teleclub.com.py\/index.php\/wp-json\/wp\/v2\/types\/product"}],"wp:featuredmedia":[{"embeddable":true,"href":"https:\/\/www.teleclub.com.py\/index.php\/wp-json\/wp\/v2\/media\/10093"}],"wp:attachment":[{"href":"https:\/\/www.teleclub.com.py\/index.php\/wp-json\/wp\/v2\/media?parent=10105"}],"wp:term":[{"taxonomy":"product_cat","embeddable":true,"href":"https:\/\/www.teleclub.com.py\/index.php\/wp-json\/wp\/v2\/product_cat?post=10105"},{"taxonomy":"product_tag","embeddable":true,"href":"https:\/\/www.teleclub.com.py\/index.php\/wp-json\/wp\/v2\/product_tag?post=10105"}],"curies":[{"name":"wp","href":"https:\/\/api.w.org\/{rel}","templated":true}]}}