{"id":6886,"date":"2024-08-15T02:38:22","date_gmt":"2024-08-15T00:38:22","guid":{"rendered":"https:\/\/www.teleclub.com.py\/?page_id=6886"},"modified":"2024-08-15T02:38:22","modified_gmt":"2024-08-15T00:38:22","slug":"como-comprar","status":"publish","type":"page","link":"https:\/\/www.teleclub.com.py\/index.php\/como-comprar\/","title":{"rendered":"Como comprar"},"content":{"rendered":"<p><strong>C\u00f3mo realizar tu compra en tres simples pasos<\/strong><br \/>\n<strong>1. Elige el producto o a\u00f1\u00e1delo al carrito<\/strong>: Navega por nuestra tienda online y selecciona los productos que deseas comprar. Puedes a\u00f1adirlos al carrito de compras con un solo clic.<\/p>\n<p><strong>2. Elige la forma de pago:<\/strong> Una vez que hayas seleccionado todos tus productos, procede a la secci\u00f3n de pago. Ofrecemos diversas opciones de pago, incluyendo tarjetas de cr\u00e9dito, d\u00e9bito, pagos en efectivo o transferencia bancaria.<\/p>\n<p><strong>3. Rec\u00edbelo:<\/strong> Despu\u00e9s de completar tu compra, solo queda esperar. Nos encargaremos de que recibas tus productos de manera r\u00e1pida y segura en la direcci\u00f3n que hayas indicado.<br \/>\n\u00a1As\u00ed de f\u00e1cil es comprar en nuestra web!<\/p>\n","protected":false},"excerpt":{"rendered":"<p>C\u00f3mo realizar tu compra en tres simples pasos 1. Elige el producto o a\u00f1\u00e1delo al carrito: Navega por nuestra tienda online y selecciona los productos que deseas comprar. Puedes a\u00f1adirlos<\/p>\n","protected":false},"author":1,"featured_media":0,"parent":0,"menu_order":0,"comment_status":"closed","ping_status":"closed","template":"","meta":{"om_disable_all_campaigns":false,"footnotes":""},"class_list":["post-6886","page","type-page","status-publish","hentry"],"yoast_head":"<!-- This site is optimized with the Yoast SEO plugin v23.6 - https:\/\/yoast.com\/wordpress\/plugins\/seo\/ -->\n<title>Como comprar - Teleclub<\/title>\n<meta name=\"robots\" content=\"index, follow, max-snippet:-1, max-image-preview:large, max-video-preview:-1\" \/>\n<link rel=\"canonical\" href=\"https:\/\/www.teleclub.com.py\/index.php\/como-comprar\/\" \/>\n<meta property=\"og:locale\" content=\"es_ES\" \/>\n<meta property=\"og:type\" content=\"article\" \/>\n<meta property=\"og:title\" content=\"Como comprar - Teleclub\" \/>\n<meta property=\"og:description\" content=\"C\u00f3mo realizar tu compra en tres simples pasos 1. Elige el producto o a\u00f1\u00e1delo al carrito: Navega por nuestra tienda online y selecciona los productos que deseas comprar. Puedes a\u00f1adirlos\" \/>\n<meta property=\"og:url\" content=\"https:\/\/www.teleclub.com.py\/index.php\/como-comprar\/\" \/>\n<meta property=\"og:site_name\" content=\"Teleclub\" \/>\n<meta property=\"article:publisher\" content=\"https:\/\/www.facebook.com\/teleclubpy\" \/>\n<meta name=\"twitter:card\" content=\"summary_large_image\" \/>\n<meta name=\"twitter:label1\" content=\"Tiempo de lectura\" \/>\n\t<meta name=\"twitter:data1\" content=\"1 minuto\" \/>\n<script type=\"application\/ld+json\" class=\"yoast-schema-graph\">{\"@context\":\"https:\/\/schema.org\",\"@graph\":[{\"@type\":\"WebPage\",\"@id\":\"https:\/\/www.teleclub.com.py\/index.php\/como-comprar\/\",\"url\":\"https:\/\/www.teleclub.com.py\/index.php\/como-comprar\/\",\"name\":\"Como comprar - Teleclub\",\"isPartOf\":{\"@id\":\"https:\/\/www.teleclub.com.py\/#website\"},\"datePublished\":\"2024-08-15T00:38:22+00:00\",\"dateModified\":\"2024-08-15T00:38:22+00:00\",\"breadcrumb\":{\"@id\":\"https:\/\/www.teleclub.com.py\/index.php\/como-comprar\/#breadcrumb\"},\"inLanguage\":\"es\",\"potentialAction\":[{\"@type\":\"ReadAction\",\"target\":[\"https:\/\/www.teleclub.com.py\/index.php\/como-comprar\/\"]}]},{\"@type\":\"BreadcrumbList\",\"@id\":\"https:\/\/www.teleclub.com.py\/index.php\/como-comprar\/#breadcrumb\",\"itemListElement\":[{\"@type\":\"ListItem\",\"position\":1,\"name\":\"Portada\",\"item\":\"https:\/\/www.teleclub.com.py\/\"},{\"@type\":\"ListItem\",\"position\":2,\"name\":\"Como comprar\"}]},{\"@type\":\"WebSite\",\"@id\":\"https:\/\/www.teleclub.com.py\/#website\",\"url\":\"https:\/\/www.teleclub.com.py\/\",\"name\":\"Teleclub\",\"description\":\"Tu tienda online\",\"publisher\":{\"@id\":\"https:\/\/www.teleclub.com.py\/#organization\"},\"potentialAction\":[{\"@type\":\"SearchAction\",\"target\":{\"@type\":\"EntryPoint\",\"urlTemplate\":\"https:\/\/www.teleclub.com.py\/?s={search_term_string}\"},\"query-input\":{\"@type\":\"PropertyValueSpecification\",\"valueRequired\":true,\"valueName\":\"search_term_string\"}}],\"inLanguage\":\"es\"},{\"@type\":\"Organization\",\"@id\":\"https:\/\/www.teleclub.com.py\/#organization\",\"name\":\"Teleclub\",\"url\":\"https:\/\/www.teleclub.com.py\/\",\"logo\":{\"@type\":\"ImageObject\",\"inLanguage\":\"es\",\"@id\":\"https:\/\/www.teleclub.com.py\/#\/schema\/logo\/image\/\",\"url\":\"https:\/\/www.teleclub.com.py\/wp-content\/uploads\/2024\/09\/1611317346760_TeleClub_logo_FondoBlanco-2.jpg\",\"contentUrl\":\"https:\/\/www.teleclub.com.py\/wp-content\/uploads\/2024\/09\/1611317346760_TeleClub_logo_FondoBlanco-2.jpg\",\"width\":1600,\"height\":1600,\"caption\":\"Teleclub\"},\"image\":{\"@id\":\"https:\/\/www.teleclub.com.py\/#\/schema\/logo\/image\/\"},\"sameAs\":[\"https:\/\/www.facebook.com\/teleclubpy\",\"https:\/\/www.instagram.com\/teleclubpy\"]}]}<\/script>\n<!-- \/ Yoast SEO plugin. -->","yoast_head_json":{"title":"Como comprar - Teleclub","robots":{"index":"index","follow":"follow","max-snippet":"max-snippet:-1","max-image-preview":"max-image-preview:large","max-video-preview":"max-video-preview:-1"},"canonical":"https:\/\/www.teleclub.com.py\/index.php\/como-comprar\/","og_locale":"es_ES","og_type":"article","og_title":"Como comprar - Teleclub","og_description":"C\u00f3mo realizar tu compra en tres simples pasos 1. Elige el producto o a\u00f1\u00e1delo al carrito: Navega por nuestra tienda online y selecciona los productos que deseas comprar. Puedes a\u00f1adirlos","og_url":"https:\/\/www.teleclub.com.py\/index.php\/como-comprar\/","og_site_name":"Teleclub","article_publisher":"https:\/\/www.facebook.com\/teleclubpy","twitter_card":"summary_large_image","twitter_misc":{"Tiempo de lectura":"1 minuto"},"schema":{"@context":"https:\/\/schema.org","@graph":[{"@type":"WebPage","@id":"https:\/\/www.teleclub.com.py\/index.php\/como-comprar\/","url":"https:\/\/www.teleclub.com.py\/index.php\/como-comprar\/","name":"Como comprar - Teleclub","isPartOf":{"@id":"https:\/\/www.teleclub.com.py\/#website"},"datePublished":"2024-08-15T00:38:22+00:00","dateModified":"2024-08-15T00:38:22+00:00","breadcrumb":{"@id":"https:\/\/www.teleclub.com.py\/index.php\/como-comprar\/#breadcrumb"},"inLanguage":"es","potentialAction":[{"@type":"ReadAction","target":["https:\/\/www.teleclub.com.py\/index.php\/como-comprar\/"]}]},{"@type":"BreadcrumbList","@id":"https:\/\/www.teleclub.com.py\/index.php\/como-comprar\/#breadcrumb","itemListElement":[{"@type":"ListItem","position":1,"name":"Portada","item":"https:\/\/www.teleclub.com.py\/"},{"@type":"ListItem","position":2,"name":"Como comprar"}]},{"@type":"WebSite","@id":"https:\/\/www.teleclub.com.py\/#website","url":"https:\/\/www.teleclub.com.py\/","name":"Teleclub","description":"Tu tienda online","publisher":{"@id":"https:\/\/www.teleclub.com.py\/#organization"},"potentialAction":[{"@type":"SearchAction","target":{"@type":"EntryPoint","urlTemplate":"https:\/\/www.teleclub.com.py\/?s={search_term_string}"},"query-input":{"@type":"PropertyValueSpecification","valueRequired":true,"valueName":"search_term_string"}}],"inLanguage":"es"},{"@type":"Organization","@id":"https:\/\/www.teleclub.com.py\/#organization","name":"Teleclub","url":"https:\/\/www.teleclub.com.py\/","logo":{"@type":"ImageObject","inLanguage":"es","@id":"https:\/\/www.teleclub.com.py\/#\/schema\/logo\/image\/","url":"https:\/\/www.teleclub.com.py\/wp-content\/uploads\/2024\/09\/1611317346760_TeleClub_logo_FondoBlanco-2.jpg","contentUrl":"https:\/\/www.teleclub.com.py\/wp-content\/uploads\/2024\/09\/1611317346760_TeleClub_logo_FondoBlanco-2.jpg","width":1600,"height":1600,"caption":"Teleclub"},"image":{"@id":"https:\/\/www.teleclub.com.py\/#\/schema\/logo\/image\/"},"sameAs":["https:\/\/www.facebook.com\/teleclubpy","https:\/\/www.instagram.com\/teleclubpy"]}]}},"_links":{"self":[{"href":"https:\/\/www.teleclub.com.py\/index.php\/wp-json\/wp\/v2\/pages\/6886","targetHints":{"allow":["GET"]}}],"collection":[{"href":"https:\/\/www.teleclub.com.py\/index.php\/wp-json\/wp\/v2\/pages"}],"about":[{"href":"https:\/\/www.teleclub.com.py\/index.php\/wp-json\/wp\/v2\/types\/page"}],"author":[{"embeddable":true,"href":"https:\/\/www.teleclub.com.py\/index.php\/wp-json\/wp\/v2\/users\/1"}],"replies":[{"embeddable":true,"href":"https:\/\/www.teleclub.com.py\/index.php\/wp-json\/wp\/v2\/comments?post=6886"}],"version-history":[{"count":1,"href":"https:\/\/www.teleclub.com.py\/index.php\/wp-json\/wp\/v2\/pages\/6886\/revisions"}],"predecessor-version":[{"id":6887,"href":"https:\/\/www.teleclub.com.py\/index.php\/wp-json\/wp\/v2\/pages\/6886\/revisions\/6887"}],"wp:attachment":[{"href":"https:\/\/www.teleclub.com.py\/index.php\/wp-json\/wp\/v2\/media?parent=6886"}],"curies":[{"name":"wp","href":"https:\/\/api.w.org\/{rel}","templated":true}]}}