{"id":6675,"date":"2024-06-20T13:53:38","date_gmt":"2024-06-20T11:53:38","guid":{"rendered":"https:\/\/www.teleclub.com.py\/index.php\/store-listing\/"},"modified":"2024-06-20T13:53:38","modified_gmt":"2024-06-20T11:53:38","slug":"store-listing","status":"publish","type":"page","link":"https:\/\/www.teleclub.com.py\/index.php\/store-listing\/","title":{"rendered":"Listado de tiendas"},"content":{"rendered":"\n\n<div id=\"dokan-store-listing-filter-wrap\">\n        <div class=\"left\">\n        <p class=\"item store-count\">\n            Total stores showing: 5        <\/p>\n    <\/div>\n\n        <div class=\"right\">\n        <div class=\"item\">\n            <div class=\"dokan-icons\">\n                <div class=\"dokan-icon-div\"><\/div>\n                <div class=\"dokan-icon-div\"><\/div>\n                <div class=\"dokan-icon-div\"><\/div>\n            <\/div>\n\n            <button class=\"dokan-store-list-filter-button dokan-btn dokan-btn-theme\">\n                Filtro            <\/button>\n        <\/div>\n\n        <form name=\"stores_sorting\" class=\"sort-by item\" method=\"get\">\n            <label>Ordenar por:<\/label>\n\n            <select name=\"stores_orderby\" id=\"stores_orderby\" aria-label=\"Ordenar por\">\n                                    <option value=\"most_recent\"  selected='selected' >M\u00e1s reciente<\/option>\n                                    <option value=\"total_orders\"  >M\u00e1s popular<\/option>\n                                    <option value=\"random\"  >Aleatorio<\/option>\n                            <\/select>\n        <\/form>\n\n        <div class=\"toggle-view item\">\n            <span class=\"dashicons dashicons-screenoptions\" data-view=\"grid-view\"><\/span>\n            <span class=\"dashicons dashicons-menu-alt\" data-view=\"list-view\"><\/span>\n        <\/div>\n    <\/div>\n<\/div>\n\n\n<form role=\"store-list-filter\" method=\"get\" name=\"dokan_store_lists_filter_form\" id=\"dokan-store-listing-filter-form-wrap\" style=\"display: none\">\n\n            <div class=\"store-search grid-item\">\n            <input type=\"search\" class=\"store-search-input\" name=\"dokan_seller_search\" placeholder=\"Buscar vendedores\">\n        <\/div>\n        \n    <div class=\"apply-filter\">\n        <button id=\"cancel-filter-btn\" class=\"dokan-btn dokan-btn-theme\">Cancelar<\/button>\n        <button id=\"apply-filter-btn\" class=\"dokan-btn dokan-btn-theme\" type=\"submit\">Aplicar<\/button>\n    <\/div>\n\n        <input type=\"hidden\" id=\"_store_filter_nonce\" name=\"_store_filter_nonce\" value=\"6aaf59bb79\" \/><\/form>\n<div id=\"dokan-seller-listing-wrap\">\n    <div class=\"seller-listing-content\">\n                    <ul class=\"dokan-seller-wrap\">\n                \n                    <li class=\"dokan-single-seller woocommerce coloum-3\">\n                                                    <div class=\"store-wrapper\">\n                                <div class=\"store-content\">\n                                    <div class=\"store-info\" style=\"background-image: url( 'https:\/\/www.teleclub.com.py\/wp-content\/plugins\/dokan-lite\/assets\/images\/default-store-banner.png');\">\n                                        <div class=\"store-data-container\">\n                                            <div class=\"featured-favourite\">\n                                                \n                                                                                            <\/div>\n\n                                            <div class=\"store-data\">\n                                                <h2><a href=\"https:\/\/www.teleclub.com.py\/store\/pits\/\">Pits<\/a><\/h2>\n\n                                                \n                                                                                                                                                        <p class=\"store-address\"><span class='state'> Lambar\u00e9,<\/span><span class='country'> Paraguay <\/span><\/p>\n                                                \n                                                \n                                                \n                                            <\/div>\n                                        <\/div>\n                                    <\/div>\n                                <\/div>\n                                <div class=\"store-footer\">\n                                    <div class=\"seller-avatar\">\n                                        <img alt='' src='https:\/\/www.teleclub.com.py\/wp-content\/uploads\/2024\/11\/cropped-PITS--150x150.png' srcset='https:\/\/www.teleclub.com.py\/wp-content\/uploads\/2024\/11\/cropped-PITS--150x150.png 2x' class='avatar avatar-150 photo' height='150' width='150' \/>                                    <\/div>\n                                    <a href=\"https:\/\/www.teleclub.com.py\/store\/pits\/\" class=\"dokan-btn dokan-btn-theme\">Visit Store<\/a>\n\n                                                                    <\/div>\n                            <\/div>\n                                            <\/li>\n\n                \n                    <li class=\"dokan-single-seller woocommerce coloum-3\">\n                                                    <div class=\"store-wrapper\">\n                                <div class=\"store-content\">\n                                    <div class=\"store-info\" style=\"background-image: url( 'https:\/\/www.teleclub.com.py\/wp-content\/plugins\/dokan-lite\/assets\/images\/default-store-banner.png');\">\n                                        <div class=\"store-data-container\">\n                                            <div class=\"featured-favourite\">\n                                                \n                                                                                            <\/div>\n\n                                            <div class=\"store-data\">\n                                                <h2><a href=\"https:\/\/www.teleclub.com.py\/store\/la-scuderia-py\/\">La Scuderia<\/a><\/h2>\n\n                                                \n                                                                                                                                                        <p class=\"store-address\"><span class='state'> Asunci\u00f3n,<\/span><span class='country'> Paraguay <\/span><\/p>\n                                                \n                                                \n                                                \n                                            <\/div>\n                                        <\/div>\n                                    <\/div>\n                                <\/div>\n                                <div class=\"store-footer\">\n                                    <div class=\"seller-avatar\">\n                                        <img alt='' src='https:\/\/www.teleclub.com.py\/wp-content\/uploads\/2024\/11\/cropped-WhatsApp-Image-2024-11-08-at-18.45.49-150x150.jpeg' srcset='https:\/\/www.teleclub.com.py\/wp-content\/uploads\/2024\/11\/cropped-WhatsApp-Image-2024-11-08-at-18.45.49-150x150.jpeg 2x' class='avatar avatar-150 photo' height='150' width='150' \/>                                    <\/div>\n                                    <a href=\"https:\/\/www.teleclub.com.py\/store\/la-scuderia-py\/\" class=\"dokan-btn dokan-btn-theme\">Visit Store<\/a>\n\n                                                                    <\/div>\n                            <\/div>\n                                            <\/li>\n\n                \n                    <li class=\"dokan-single-seller woocommerce coloum-3\">\n                                                    <div class=\"store-wrapper\">\n                                <div class=\"store-content\">\n                                    <div class=\"store-info\" style=\"background-image: url( 'https:\/\/www.teleclub.com.py\/wp-content\/plugins\/dokan-lite\/assets\/images\/default-store-banner.png');\">\n                                        <div class=\"store-data-container\">\n                                            <div class=\"featured-favourite\">\n                                                \n                                                                                            <\/div>\n\n                                            <div class=\"store-data\">\n                                                <h2><a href=\"https:\/\/www.teleclub.com.py\/store\/patinarias\/\">Patinarias<\/a><\/h2>\n\n                                                \n                                                                                                                                                        <p class=\"store-address\"><span class='street_1 street_2'> Mauricio Cardozo Ocampo 1063, San Alfonso<\/span><br><span class='city'> Asuncion,<\/span><br><span class='state'> Asunci\u00f3n,<\/span><span class='country'> Paraguay <\/span><\/p>\n                                                \n                                                                                                    <p class=\"store-phone\">\n                                                        <i class=\"fa fa-phone\" aria-hidden=\"true\"><\/i> +595972295115                                                    <\/p>\n                                                \n                                                \n                                            <\/div>\n                                        <\/div>\n                                    <\/div>\n                                <\/div>\n                                <div class=\"store-footer\">\n                                    <div class=\"seller-avatar\">\n                                        <img alt='' src='https:\/\/www.teleclub.com.py\/wp-content\/uploads\/2024\/10\/cropped-Isotipo-Rosado-1-150x150.png' srcset='https:\/\/www.teleclub.com.py\/wp-content\/uploads\/2024\/10\/cropped-Isotipo-Rosado-1-150x150.png 2x' class='avatar avatar-150 photo' height='150' width='150' \/>                                    <\/div>\n                                    <a href=\"https:\/\/www.teleclub.com.py\/store\/patinarias\/\" class=\"dokan-btn dokan-btn-theme\">Visit Store<\/a>\n\n                                                                    <\/div>\n                            <\/div>\n                                            <\/li>\n\n                \n                    <li class=\"dokan-single-seller woocommerce coloum-3\">\n                                                    <div class=\"store-wrapper\">\n                                <div class=\"store-content\">\n                                    <div class=\"store-info\" style=\"background-image: url( 'https:\/\/www.teleclub.com.py\/wp-content\/plugins\/dokan-lite\/assets\/images\/default-store-banner.png');\">\n                                        <div class=\"store-data-container\">\n                                            <div class=\"featured-favourite\">\n                                                \n                                                                                            <\/div>\n\n                                            <div class=\"store-data\">\n                                                <h2><a href=\"https:\/\/www.teleclub.com.py\/store\/vill-distribuidores-s-r-l\/\">Vill Distribuidores S.R.L.<\/a><\/h2>\n\n                                                \n                                                                                                                                                        <p class=\"store-address\"><span class='state'> Asunci\u00f3n,<\/span><span class='country'> Paraguay <\/span><\/p>\n                                                \n                                                                                                    <p class=\"store-phone\">\n                                                        <i class=\"fa fa-phone\" aria-hidden=\"true\"><\/i> 0981537703                                                    <\/p>\n                                                \n                                                \n                                            <\/div>\n                                        <\/div>\n                                    <\/div>\n                                <\/div>\n                                <div class=\"store-footer\">\n                                    <div class=\"seller-avatar\">\n                                        <img alt='' src='https:\/\/www.teleclub.com.py\/wp-content\/uploads\/2024\/09\/cropped-VILL-600x200-1-150x150.png' srcset='https:\/\/www.teleclub.com.py\/wp-content\/uploads\/2024\/09\/cropped-VILL-600x200-1-150x150.png 2x' class='avatar avatar-150 photo' height='150' width='150' \/>                                    <\/div>\n                                    <a href=\"https:\/\/www.teleclub.com.py\/store\/vill-distribuidores-s-r-l\/\" class=\"dokan-btn dokan-btn-theme\">Visit Store<\/a>\n\n                                                                    <\/div>\n                            <\/div>\n                                            <\/li>\n\n                \n                    <li class=\"dokan-single-seller woocommerce coloum-3\">\n                                                    <div class=\"store-wrapper\">\n                                <div class=\"store-content\">\n                                    <div class=\"store-info\" style=\"background-image: url( 'https:\/\/www.teleclub.com.py\/wp-content\/uploads\/2024\/04\/cropped-mt-sample-background.jpg');\">\n                                        <div class=\"store-data-container\">\n                                            <div class=\"featured-favourite\">\n                                                \n                                                                                            <\/div>\n\n                                            <div class=\"store-data\">\n                                                <h2><a href=\"https:\/\/www.teleclub.com.py\/store\/clubtechpy\/\">Club Tech Py<\/a><\/h2>\n\n                                                \n                                                                                                                                                        <p class=\"store-address\"><span class='state'> Asunci\u00f3n,<\/span><span class='country'> Paraguay <\/span><\/p>\n                                                \n                                                \n                                                \n                                            <\/div>\n                                        <\/div>\n                                    <\/div>\n                                <\/div>\n                                <div class=\"store-footer\">\n                                    <div class=\"seller-avatar\">\n                                        <img alt='' src='https:\/\/www.teleclub.com.py\/wp-content\/uploads\/2024\/10\/cropped-CLUB-TECHNOLOGY-LOGO-2020-2_page-0001-150x150.jpg' srcset='https:\/\/www.teleclub.com.py\/wp-content\/uploads\/2024\/10\/cropped-CLUB-TECHNOLOGY-LOGO-2020-2_page-0001-150x150.jpg 2x' class='avatar avatar-150 photo' height='150' width='150' \/>                                    <\/div>\n                                    <a href=\"https:\/\/www.teleclub.com.py\/store\/clubtechpy\/\" class=\"dokan-btn dokan-btn-theme\">Visit Store<\/a>\n\n                                                                    <\/div>\n                            <\/div>\n                                            <\/li>\n\n                                <div class=\"dokan-clearfix\"><\/div>\n            <\/ul> <!-- .dokan-seller-wrap -->\n\n            \n            <\/div>\n    <\/div>\n","protected":false},"excerpt":{"rendered":"Total stores showing: 5 Filtro Ordenar por: M\u00e1s reciente M\u00e1s popular Aleatorio Cancelar Aplicar Pits Lambar\u00e9, Paraguay Visit Store La Scuderia Asunci\u00f3n, Paraguay Visit Store Patinarias Mauricio Cardozo Ocampo 1063,","protected":false},"author":1,"featured_media":0,"parent":0,"menu_order":0,"comment_status":"closed","ping_status":"closed","template":"","meta":{"om_disable_all_campaigns":false,"footnotes":""},"class_list":["post-6675","page","type-page","status-publish","hentry"],"yoast_head":"<!-- This site is optimized with the Yoast SEO plugin v23.6 - https:\/\/yoast.com\/wordpress\/plugins\/seo\/ -->\n<title>Listado de tiendas - Teleclub<\/title>\n<meta name=\"robots\" content=\"index, follow, max-snippet:-1, max-image-preview:large, max-video-preview:-1\" \/>\n<link rel=\"canonical\" href=\"https:\/\/www.teleclub.com.py\/index.php\/store-listing\/\" \/>\n<meta property=\"og:locale\" content=\"es_ES\" \/>\n<meta property=\"og:type\" content=\"article\" \/>\n<meta property=\"og:title\" content=\"Listado de tiendas - Teleclub\" \/>\n<meta property=\"og:url\" content=\"https:\/\/www.teleclub.com.py\/index.php\/store-listing\/\" \/>\n<meta property=\"og:site_name\" content=\"Teleclub\" \/>\n<meta property=\"article:publisher\" content=\"https:\/\/www.facebook.com\/teleclubpy\" \/>\n<meta name=\"twitter:card\" content=\"summary_large_image\" \/>\n<script type=\"application\/ld+json\" class=\"yoast-schema-graph\">{\"@context\":\"https:\/\/schema.org\",\"@graph\":[{\"@type\":\"WebPage\",\"@id\":\"https:\/\/www.teleclub.com.py\/index.php\/store-listing\/\",\"url\":\"https:\/\/www.teleclub.com.py\/index.php\/store-listing\/\",\"name\":\"Listado de tiendas - Teleclub\",\"isPartOf\":{\"@id\":\"https:\/\/www.teleclub.com.py\/#website\"},\"datePublished\":\"2024-06-20T11:53:38+00:00\",\"dateModified\":\"2024-06-20T11:53:38+00:00\",\"breadcrumb\":{\"@id\":\"https:\/\/www.teleclub.com.py\/index.php\/store-listing\/#breadcrumb\"},\"inLanguage\":\"es\",\"potentialAction\":[{\"@type\":\"ReadAction\",\"target\":[\"https:\/\/www.teleclub.com.py\/index.php\/store-listing\/\"]}]},{\"@type\":\"BreadcrumbList\",\"@id\":\"https:\/\/www.teleclub.com.py\/index.php\/store-listing\/#breadcrumb\",\"itemListElement\":[{\"@type\":\"ListItem\",\"position\":1,\"name\":\"Portada\",\"item\":\"https:\/\/www.teleclub.com.py\/\"},{\"@type\":\"ListItem\",\"position\":2,\"name\":\"Listado de tiendas\"}]},{\"@type\":\"WebSite\",\"@id\":\"https:\/\/www.teleclub.com.py\/#website\",\"url\":\"https:\/\/www.teleclub.com.py\/\",\"name\":\"Teleclub\",\"description\":\"Tu tienda online\",\"publisher\":{\"@id\":\"https:\/\/www.teleclub.com.py\/#organization\"},\"potentialAction\":[{\"@type\":\"SearchAction\",\"target\":{\"@type\":\"EntryPoint\",\"urlTemplate\":\"https:\/\/www.teleclub.com.py\/?s={search_term_string}\"},\"query-input\":{\"@type\":\"PropertyValueSpecification\",\"valueRequired\":true,\"valueName\":\"search_term_string\"}}],\"inLanguage\":\"es\"},{\"@type\":\"Organization\",\"@id\":\"https:\/\/www.teleclub.com.py\/#organization\",\"name\":\"Teleclub\",\"url\":\"https:\/\/www.teleclub.com.py\/\",\"logo\":{\"@type\":\"ImageObject\",\"inLanguage\":\"es\",\"@id\":\"https:\/\/www.teleclub.com.py\/#\/schema\/logo\/image\/\",\"url\":\"https:\/\/www.teleclub.com.py\/wp-content\/uploads\/2024\/09\/1611317346760_TeleClub_logo_FondoBlanco-2.jpg\",\"contentUrl\":\"https:\/\/www.teleclub.com.py\/wp-content\/uploads\/2024\/09\/1611317346760_TeleClub_logo_FondoBlanco-2.jpg\",\"width\":1600,\"height\":1600,\"caption\":\"Teleclub\"},\"image\":{\"@id\":\"https:\/\/www.teleclub.com.py\/#\/schema\/logo\/image\/\"},\"sameAs\":[\"https:\/\/www.facebook.com\/teleclubpy\",\"https:\/\/www.instagram.com\/teleclubpy\"]}]}<\/script>\n<!-- \/ Yoast SEO plugin. -->","yoast_head_json":{"title":"Listado de tiendas - Teleclub","robots":{"index":"index","follow":"follow","max-snippet":"max-snippet:-1","max-image-preview":"max-image-preview:large","max-video-preview":"max-video-preview:-1"},"canonical":"https:\/\/www.teleclub.com.py\/index.php\/store-listing\/","og_locale":"es_ES","og_type":"article","og_title":"Listado de tiendas - Teleclub","og_url":"https:\/\/www.teleclub.com.py\/index.php\/store-listing\/","og_site_name":"Teleclub","article_publisher":"https:\/\/www.facebook.com\/teleclubpy","twitter_card":"summary_large_image","schema":{"@context":"https:\/\/schema.org","@graph":[{"@type":"WebPage","@id":"https:\/\/www.teleclub.com.py\/index.php\/store-listing\/","url":"https:\/\/www.teleclub.com.py\/index.php\/store-listing\/","name":"Listado de tiendas - Teleclub","isPartOf":{"@id":"https:\/\/www.teleclub.com.py\/#website"},"datePublished":"2024-06-20T11:53:38+00:00","dateModified":"2024-06-20T11:53:38+00:00","breadcrumb":{"@id":"https:\/\/www.teleclub.com.py\/index.php\/store-listing\/#breadcrumb"},"inLanguage":"es","potentialAction":[{"@type":"ReadAction","target":["https:\/\/www.teleclub.com.py\/index.php\/store-listing\/"]}]},{"@type":"BreadcrumbList","@id":"https:\/\/www.teleclub.com.py\/index.php\/store-listing\/#breadcrumb","itemListElement":[{"@type":"ListItem","position":1,"name":"Portada","item":"https:\/\/www.teleclub.com.py\/"},{"@type":"ListItem","position":2,"name":"Listado de tiendas"}]},{"@type":"WebSite","@id":"https:\/\/www.teleclub.com.py\/#website","url":"https:\/\/www.teleclub.com.py\/","name":"Teleclub","description":"Tu tienda online","publisher":{"@id":"https:\/\/www.teleclub.com.py\/#organization"},"potentialAction":[{"@type":"SearchAction","target":{"@type":"EntryPoint","urlTemplate":"https:\/\/www.teleclub.com.py\/?s={search_term_string}"},"query-input":{"@type":"PropertyValueSpecification","valueRequired":true,"valueName":"search_term_string"}}],"inLanguage":"es"},{"@type":"Organization","@id":"https:\/\/www.teleclub.com.py\/#organization","name":"Teleclub","url":"https:\/\/www.teleclub.com.py\/","logo":{"@type":"ImageObject","inLanguage":"es","@id":"https:\/\/www.teleclub.com.py\/#\/schema\/logo\/image\/","url":"https:\/\/www.teleclub.com.py\/wp-content\/uploads\/2024\/09\/1611317346760_TeleClub_logo_FondoBlanco-2.jpg","contentUrl":"https:\/\/www.teleclub.com.py\/wp-content\/uploads\/2024\/09\/1611317346760_TeleClub_logo_FondoBlanco-2.jpg","width":1600,"height":1600,"caption":"Teleclub"},"image":{"@id":"https:\/\/www.teleclub.com.py\/#\/schema\/logo\/image\/"},"sameAs":["https:\/\/www.facebook.com\/teleclubpy","https:\/\/www.instagram.com\/teleclubpy"]}]}},"_links":{"self":[{"href":"https:\/\/www.teleclub.com.py\/index.php\/wp-json\/wp\/v2\/pages\/6675","targetHints":{"allow":["GET"]}}],"collection":[{"href":"https:\/\/www.teleclub.com.py\/index.php\/wp-json\/wp\/v2\/pages"}],"about":[{"href":"https:\/\/www.teleclub.com.py\/index.php\/wp-json\/wp\/v2\/types\/page"}],"author":[{"embeddable":true,"href":"https:\/\/www.teleclub.com.py\/index.php\/wp-json\/wp\/v2\/users\/1"}],"replies":[{"embeddable":true,"href":"https:\/\/www.teleclub.com.py\/index.php\/wp-json\/wp\/v2\/comments?post=6675"}],"version-history":[{"count":0,"href":"https:\/\/www.teleclub.com.py\/index.php\/wp-json\/wp\/v2\/pages\/6675\/revisions"}],"wp:attachment":[{"href":"https:\/\/www.teleclub.com.py\/index.php\/wp-json\/wp\/v2\/media?parent=6675"}],"curies":[{"name":"wp","href":"https:\/\/api.w.org\/{rel}","templated":true}]}}